{"id":25450,"date":"2021-08-27T15:29:33","date_gmt":"2021-08-27T13:29:33","guid":{"rendered":"https:\/\/kentis.com\/negozio\/marginatocereus-crestato\/"},"modified":"2025-01-24T11:03:50","modified_gmt":"2025-01-24T10:03:50","slug":"marginatocereus-crestato","status":"publish","type":"product","link":"https:\/\/kentis.com\/de\/shop\/marginatocereus-crestato\/","title":{"rendered":"Marginatocereus Crestato"},"content":{"rendered":"<div class=\"fusion-fullwidth fullwidth-box fusion-builder-row-1 fusion-flex-container nonhundred-percent-fullwidth non-hundred-percent-height-scrolling\" style=\"--awb-border-radius-top-left:0px;--awb-border-radius-top-right:0px;--awb-border-radius-bottom-right:0px;--awb-border-radius-bottom-left:0px;--awb-flex-wrap:wrap;\" ><div class=\"fusion-builder-row fusion-row fusion-flex-align-items-flex-start fusion-flex-content-wrap\" style=\"max-width:1248px;margin-left: calc(-4% \/ 2 );margin-right: calc(-4% \/ 2 );\"><div class=\"fusion-layout-column fusion_builder_column fusion-builder-column-0 fusion_builder_column_1_1 1_1 fusion-flex-column\" style=\"--awb-bg-size:cover;--awb-width-large:100%;--awb-margin-top-large:0px;--awb-spacing-right-large:1.92%;--awb-margin-bottom-large:0px;--awb-spacing-left-large:1.92%;--awb-width-medium:100%;--awb-spacing-right-medium:1.92%;--awb-spacing-left-medium:1.92%;--awb-width-small:100%;--awb-spacing-right-small:1.92%;--awb-spacing-left-small:1.92%;\"><div class=\"fusion-column-wrapper fusion-flex-justify-content-flex-start fusion-content-layout-column\"><div class=\"fusion-text fusion-text-1\"><p>Diese Pflanzen sind in der Lage, eine gro\u00dfe Menge Wasser in sich zu speichern und eignen sich daher perfekt f\u00fcr alle, die eine Pflanze suchen, die Vitalit\u00e4t in ihre Wohnung bringt und nur wenig Aufmerksamkeit erfordert.<\/p>\n<p>Die H\u00f6he der Pflanze mit einem 14-cm-Topfdurchmesser liegt zwischen 20 und 30 cm, w\u00e4hrend die H\u00f6he der Pflanze mit einem 18-cm-Topf zwischen 30 und 40 cm liegt. In der H\u00f6he ist auch der Topf enthalten.<\/p>\n<\/div><\/div><\/div><\/div><\/div>\n","protected":false},"excerpt":{"rendered":"","protected":false},"featured_media":16725,"template":"","meta":{"_acf_changed":false},"product_cat":[541,485],"product_tag":[],"class_list":{"0":"post-25450","1":"product","2":"type-product","3":"status-publish","4":"has-post-thumbnail","6":"product_cat-kaktus-sukkulenten","7":"product_cat-pflanzen-mit-wenig-pflege","8":"pa_ambienti-buero-intelligentes-arbeiten","9":"pa_ambienti-kueche","10":"pa_ambienti-wohnzimmer","12":"first","13":"outofstock","14":"taxable","15":"shipping-taxable","16":"purchasable","17":"product-type-variable","18":"has-default-attributes"},"acf":[],"yoast_head":"<!-- This site is optimized with the Yoast SEO plugin v23.4 - https:\/\/yoast.com\/wordpress\/plugins\/seo\/ -->\n<title>Marginatocereus Crestato - Sukkulente Wohnungspflanzen | Kentis<\/title>\n<meta name=\"description\" content=\"Der Crested Marginatocereus ist perfekt f\u00fcr alle, die einen Kaktus suchen, der Vitalit\u00e4t in ihr Heim bringt und nur wenig Pflege ben\u00f6tigt.\" \/>\n<meta name=\"robots\" content=\"index, follow, max-snippet:-1, max-image-preview:large, max-video-preview:-1\" \/>\n<link rel=\"canonical\" href=\"https:\/\/kentis.com\/de\/shop\/marginatocereus-crestato\/\" \/>\n<meta property=\"og:locale\" content=\"de_DE\" \/>\n<meta property=\"og:type\" content=\"article\" \/>\n<meta property=\"og:title\" content=\"Marginatocereus Crestato - Sukkulente Wohnungspflanzen | Kentis\" \/>\n<meta property=\"og:description\" content=\"Der Crested Marginatocereus ist perfekt f\u00fcr alle, die einen Kaktus suchen, der Vitalit\u00e4t in ihr Heim bringt und nur wenig Pflege ben\u00f6tigt.\" \/>\n<meta property=\"og:url\" content=\"https:\/\/kentis.com\/de\/shop\/marginatocereus-crestato\/\" \/>\n<meta property=\"og:site_name\" content=\"Kentis\" \/>\n<meta property=\"article:publisher\" content=\"https:\/\/www.facebook.com\/kentisgarden\" \/>\n<meta property=\"article:modified_time\" content=\"2025-01-24T10:03:50+00:00\" \/>\n<meta property=\"og:image\" content=\"https:\/\/kentis.com\/wp-content\/uploads\/2021\/08\/PTG-Grasse-terracotta-Marginoceratus-Crestatus-v14-h30-frontale.jpg\" \/>\n\t<meta property=\"og:image:width\" content=\"1181\" \/>\n\t<meta property=\"og:image:height\" content=\"1181\" \/>\n\t<meta property=\"og:image:type\" content=\"image\/jpeg\" \/>\n<meta name=\"twitter:card\" content=\"summary_large_image\" \/>\n<meta name=\"twitter:label1\" content=\"Gesch\u00e4tzte Lesezeit\" \/>\n\t<meta name=\"twitter:data1\" content=\"1\u00a0Minute\" \/>\n<script type=\"application\/ld+json\" class=\"yoast-schema-graph\">{\"@context\":\"https:\/\/schema.org\",\"@graph\":[{\"@type\":\"WebPage\",\"@id\":\"https:\/\/kentis.com\/de\/shop\/marginatocereus-crestato\/\",\"url\":\"https:\/\/kentis.com\/de\/shop\/marginatocereus-crestato\/\",\"name\":\"Marginatocereus Crestato - Sukkulente Wohnungspflanzen | Kentis\",\"isPartOf\":{\"@id\":\"https:\/\/kentis.com\/de\/#website\"},\"primaryImageOfPage\":{\"@id\":\"https:\/\/kentis.com\/de\/shop\/marginatocereus-crestato\/#primaryimage\"},\"image\":{\"@id\":\"https:\/\/kentis.com\/de\/shop\/marginatocereus-crestato\/#primaryimage\"},\"thumbnailUrl\":\"https:\/\/kentis.com\/wp-content\/uploads\/2021\/08\/PTG-Grasse-terracotta-Marginoceratus-Crestatus-v14-h30-frontale.jpg\",\"datePublished\":\"2021-08-27T13:29:33+00:00\",\"dateModified\":\"2025-01-24T10:03:50+00:00\",\"description\":\"Der Crested Marginatocereus ist perfekt f\u00fcr alle, die einen Kaktus suchen, der Vitalit\u00e4t in ihr Heim bringt und nur wenig Pflege ben\u00f6tigt.\",\"breadcrumb\":{\"@id\":\"https:\/\/kentis.com\/de\/shop\/marginatocereus-crestato\/#breadcrumb\"},\"inLanguage\":\"de\",\"potentialAction\":[{\"@type\":\"ReadAction\",\"target\":[\"https:\/\/kentis.com\/de\/shop\/marginatocereus-crestato\/\"]}]},{\"@type\":\"ImageObject\",\"inLanguage\":\"de\",\"@id\":\"https:\/\/kentis.com\/de\/shop\/marginatocereus-crestato\/#primaryimage\",\"url\":\"https:\/\/kentis.com\/wp-content\/uploads\/2021\/08\/PTG-Grasse-terracotta-Marginoceratus-Crestatus-v14-h30-frontale.jpg\",\"contentUrl\":\"https:\/\/kentis.com\/wp-content\/uploads\/2021\/08\/PTG-Grasse-terracotta-Marginoceratus-Crestatus-v14-h30-frontale.jpg\",\"width\":1181,\"height\":1181},{\"@type\":\"BreadcrumbList\",\"@id\":\"https:\/\/kentis.com\/de\/shop\/marginatocereus-crestato\/#breadcrumb\",\"itemListElement\":[{\"@type\":\"ListItem\",\"position\":1,\"name\":\"Home\",\"item\":\"https:\/\/kentis.com\/de\/\"},{\"@type\":\"ListItem\",\"position\":2,\"name\":\"Gesch\u00e4ft\",\"item\":\"https:\/\/kentis.com\/de\/shop\/\"},{\"@type\":\"ListItem\",\"position\":3,\"name\":\"Pflanzen\",\"item\":\"https:\/\/kentis.com\/de\/produkt-kategorie\/pflanzen\/\"},{\"@type\":\"ListItem\",\"position\":4,\"name\":\"Zimmerpflanzen\",\"item\":\"https:\/\/kentis.com\/de\/produkt-kategorie\/pflanzen\/zimmerpflanzen\/\"},{\"@type\":\"ListItem\",\"position\":5,\"name\":\"Pflanzen die wenig Pflege ben\u00f6tigen\",\"item\":\"https:\/\/kentis.com\/de\/produkt-kategorie\/pflanzen\/zimmerpflanzen\/pflanzen-mit-wenig-pflege\/\"},{\"@type\":\"ListItem\",\"position\":6,\"name\":\"Marginatocereus Crestato\"}]},{\"@type\":\"WebSite\",\"@id\":\"https:\/\/kentis.com\/de\/#website\",\"url\":\"https:\/\/kentis.com\/de\/\",\"name\":\"Kentis\",\"description\":\"Atelier del verde\",\"publisher\":{\"@id\":\"https:\/\/kentis.com\/de\/#organization\"},\"potentialAction\":[{\"@type\":\"SearchAction\",\"target\":{\"@type\":\"EntryPoint\",\"urlTemplate\":\"https:\/\/kentis.com\/de\/?s={search_term_string}\"},\"query-input\":{\"@type\":\"PropertyValueSpecification\",\"valueRequired\":true,\"valueName\":\"search_term_string\"}}],\"inLanguage\":\"de\"},{\"@type\":\"Organization\",\"@id\":\"https:\/\/kentis.com\/de\/#organization\",\"name\":\"Kentis\",\"url\":\"https:\/\/kentis.com\/de\/\",\"logo\":{\"@type\":\"ImageObject\",\"inLanguage\":\"de\",\"@id\":\"https:\/\/kentis.com\/de\/#\/schema\/logo\/image\/\",\"url\":\"https:\/\/kentis.com\/wp-content\/uploads\/2021\/08\/logo-main.png\",\"contentUrl\":\"https:\/\/kentis.com\/wp-content\/uploads\/2021\/08\/logo-main.png\",\"width\":800,\"height\":204,\"caption\":\"Kentis\"},\"image\":{\"@id\":\"https:\/\/kentis.com\/de\/#\/schema\/logo\/image\/\"},\"sameAs\":[\"https:\/\/www.facebook.com\/kentisgarden\",\"https:\/\/www.instagram.com\/kentisgarden\/\",\"https:\/\/it.pinterest.com\/kentisgarden\",\"https:\/\/www.tiktok.com\/@kentis.com\"]}]}<\/script>\n<!-- \/ Yoast SEO plugin. -->","yoast_head_json":{"title":"Marginatocereus Crestato - Sukkulente Wohnungspflanzen | Kentis","description":"Der Crested Marginatocereus ist perfekt f\u00fcr alle, die einen Kaktus suchen, der Vitalit\u00e4t in ihr Heim bringt und nur wenig Pflege ben\u00f6tigt.","robots":{"index":"index","follow":"follow","max-snippet":"max-snippet:-1","max-image-preview":"max-image-preview:large","max-video-preview":"max-video-preview:-1"},"canonical":"https:\/\/kentis.com\/de\/shop\/marginatocereus-crestato\/","og_locale":"de_DE","og_type":"article","og_title":"Marginatocereus Crestato - Sukkulente Wohnungspflanzen | Kentis","og_description":"Der Crested Marginatocereus ist perfekt f\u00fcr alle, die einen Kaktus suchen, der Vitalit\u00e4t in ihr Heim bringt und nur wenig Pflege ben\u00f6tigt.","og_url":"https:\/\/kentis.com\/de\/shop\/marginatocereus-crestato\/","og_site_name":"Kentis","article_publisher":"https:\/\/www.facebook.com\/kentisgarden","article_modified_time":"2025-01-24T10:03:50+00:00","og_image":[{"width":1181,"height":1181,"url":"https:\/\/kentis.com\/wp-content\/uploads\/2021\/08\/PTG-Grasse-terracotta-Marginoceratus-Crestatus-v14-h30-frontale.jpg","type":"image\/jpeg"}],"twitter_card":"summary_large_image","twitter_misc":{"Gesch\u00e4tzte Lesezeit":"1\u00a0Minute"},"schema":{"@context":"https:\/\/schema.org","@graph":[{"@type":"WebPage","@id":"https:\/\/kentis.com\/de\/shop\/marginatocereus-crestato\/","url":"https:\/\/kentis.com\/de\/shop\/marginatocereus-crestato\/","name":"Marginatocereus Crestato - Sukkulente Wohnungspflanzen | Kentis","isPartOf":{"@id":"https:\/\/kentis.com\/de\/#website"},"primaryImageOfPage":{"@id":"https:\/\/kentis.com\/de\/shop\/marginatocereus-crestato\/#primaryimage"},"image":{"@id":"https:\/\/kentis.com\/de\/shop\/marginatocereus-crestato\/#primaryimage"},"thumbnailUrl":"https:\/\/kentis.com\/wp-content\/uploads\/2021\/08\/PTG-Grasse-terracotta-Marginoceratus-Crestatus-v14-h30-frontale.jpg","datePublished":"2021-08-27T13:29:33+00:00","dateModified":"2025-01-24T10:03:50+00:00","description":"Der Crested Marginatocereus ist perfekt f\u00fcr alle, die einen Kaktus suchen, der Vitalit\u00e4t in ihr Heim bringt und nur wenig Pflege ben\u00f6tigt.","breadcrumb":{"@id":"https:\/\/kentis.com\/de\/shop\/marginatocereus-crestato\/#breadcrumb"},"inLanguage":"de","potentialAction":[{"@type":"ReadAction","target":["https:\/\/kentis.com\/de\/shop\/marginatocereus-crestato\/"]}]},{"@type":"ImageObject","inLanguage":"de","@id":"https:\/\/kentis.com\/de\/shop\/marginatocereus-crestato\/#primaryimage","url":"https:\/\/kentis.com\/wp-content\/uploads\/2021\/08\/PTG-Grasse-terracotta-Marginoceratus-Crestatus-v14-h30-frontale.jpg","contentUrl":"https:\/\/kentis.com\/wp-content\/uploads\/2021\/08\/PTG-Grasse-terracotta-Marginoceratus-Crestatus-v14-h30-frontale.jpg","width":1181,"height":1181},{"@type":"BreadcrumbList","@id":"https:\/\/kentis.com\/de\/shop\/marginatocereus-crestato\/#breadcrumb","itemListElement":[{"@type":"ListItem","position":1,"name":"Home","item":"https:\/\/kentis.com\/de\/"},{"@type":"ListItem","position":2,"name":"Gesch\u00e4ft","item":"https:\/\/kentis.com\/de\/shop\/"},{"@type":"ListItem","position":3,"name":"Pflanzen","item":"https:\/\/kentis.com\/de\/produkt-kategorie\/pflanzen\/"},{"@type":"ListItem","position":4,"name":"Zimmerpflanzen","item":"https:\/\/kentis.com\/de\/produkt-kategorie\/pflanzen\/zimmerpflanzen\/"},{"@type":"ListItem","position":5,"name":"Pflanzen die wenig Pflege ben\u00f6tigen","item":"https:\/\/kentis.com\/de\/produkt-kategorie\/pflanzen\/zimmerpflanzen\/pflanzen-mit-wenig-pflege\/"},{"@type":"ListItem","position":6,"name":"Marginatocereus Crestato"}]},{"@type":"WebSite","@id":"https:\/\/kentis.com\/de\/#website","url":"https:\/\/kentis.com\/de\/","name":"Kentis","description":"Atelier del verde","publisher":{"@id":"https:\/\/kentis.com\/de\/#organization"},"potentialAction":[{"@type":"SearchAction","target":{"@type":"EntryPoint","urlTemplate":"https:\/\/kentis.com\/de\/?s={search_term_string}"},"query-input":{"@type":"PropertyValueSpecification","valueRequired":true,"valueName":"search_term_string"}}],"inLanguage":"de"},{"@type":"Organization","@id":"https:\/\/kentis.com\/de\/#organization","name":"Kentis","url":"https:\/\/kentis.com\/de\/","logo":{"@type":"ImageObject","inLanguage":"de","@id":"https:\/\/kentis.com\/de\/#\/schema\/logo\/image\/","url":"https:\/\/kentis.com\/wp-content\/uploads\/2021\/08\/logo-main.png","contentUrl":"https:\/\/kentis.com\/wp-content\/uploads\/2021\/08\/logo-main.png","width":800,"height":204,"caption":"Kentis"},"image":{"@id":"https:\/\/kentis.com\/de\/#\/schema\/logo\/image\/"},"sameAs":["https:\/\/www.facebook.com\/kentisgarden","https:\/\/www.instagram.com\/kentisgarden\/","https:\/\/it.pinterest.com\/kentisgarden","https:\/\/www.tiktok.com\/@kentis.com"]}]}},"_links":{"self":[{"href":"https:\/\/kentis.com\/de\/wp-json\/wp\/v2\/product\/25450","targetHints":{"allow":["GET"]}}],"collection":[{"href":"https:\/\/kentis.com\/de\/wp-json\/wp\/v2\/product"}],"about":[{"href":"https:\/\/kentis.com\/de\/wp-json\/wp\/v2\/types\/product"}],"wp:featuredmedia":[{"embeddable":true,"href":"https:\/\/kentis.com\/de\/wp-json\/wp\/v2\/media\/16725"}],"wp:attachment":[{"href":"https:\/\/kentis.com\/de\/wp-json\/wp\/v2\/media?parent=25450"}],"wp:term":[{"taxonomy":"product_cat","embeddable":true,"href":"https:\/\/kentis.com\/de\/wp-json\/wp\/v2\/product_cat?post=25450"},{"taxonomy":"product_tag","embeddable":true,"href":"https:\/\/kentis.com\/de\/wp-json\/wp\/v2\/product_tag?post=25450"}],"curies":[{"name":"wp","href":"https:\/\/api.w.org\/{rel}","templated":true}]}}