{"id":25440,"date":"2021-08-27T16:04:46","date_gmt":"2021-08-27T14:04:46","guid":{"rendered":"https:\/\/kentis.com\/negozio\/strelitzia-nicolai\/"},"modified":"2025-01-24T11:11:20","modified_gmt":"2025-01-24T10:11:20","slug":"strelitzia-nicolai","status":"publish","type":"product","link":"https:\/\/kentis.com\/de\/shop\/strelitzia-nicolai\/","title":{"rendered":"Strelitzia Nicolai"},"content":{"rendered":"<div class=\"fusion-fullwidth fullwidth-box fusion-builder-row-1 fusion-flex-container nonhundred-percent-fullwidth non-hundred-percent-height-scrolling\" style=\"--awb-border-radius-top-left:0px;--awb-border-radius-top-right:0px;--awb-border-radius-bottom-right:0px;--awb-border-radius-bottom-left:0px;--awb-flex-wrap:wrap;\" ><div class=\"fusion-builder-row fusion-row fusion-flex-align-items-flex-start fusion-flex-content-wrap\" style=\"max-width:1248px;margin-left: calc(-4% \/ 2 );margin-right: calc(-4% \/ 2 );\"><div class=\"fusion-layout-column fusion_builder_column fusion-builder-column-0 fusion_builder_column_1_1 1_1 fusion-flex-column\" style=\"--awb-bg-size:cover;--awb-width-large:100%;--awb-margin-top-large:0px;--awb-spacing-right-large:1.92%;--awb-margin-bottom-large:0px;--awb-spacing-left-large:1.92%;--awb-width-medium:100%;--awb-spacing-right-medium:1.92%;--awb-spacing-left-medium:1.92%;--awb-width-small:100%;--awb-spacing-right-small:1.92%;--awb-spacing-left-small:1.92%;\"><div class=\"fusion-column-wrapper fusion-flex-justify-content-flex-start fusion-content-layout-column\"><div class=\"fusion-text fusion-text-1\"><p>Sie stammt aus S\u00fcdafrika und hat sich perfekt an das Leben in unseren Wohnungen angepasst. Sie hat einen m\u00e4\u00dfigen Wuchs und sieht in der Zeit, in der sie nicht bl\u00fcht, mit ihren gro\u00dfen gr\u00fcnen Bl\u00e4ttern der Bananenpflanze sehr \u00e4hnlich.<\/p>\n<p>Die H\u00f6he der Pflanze mit einem Topfdurchmesser von 13 cm liegt zwischen 40 und 50 cm, w\u00e4hrend die H\u00f6he der Pflanze mit einem Topfdurchmesser von 19 cm zwischen 75 und 90 cm liegt. Die H\u00f6he umfasst auch den Topf<\/p>\n<\/div><\/div><\/div><\/div><\/div>\n","protected":false},"excerpt":{"rendered":"","protected":false},"featured_media":16731,"template":"","meta":{"_acf_changed":false},"product_cat":[723,485],"product_tag":[],"class_list":{"0":"post-25440","1":"product","2":"type-product","3":"status-publish","4":"has-post-thumbnail","6":"product_cat-hohe-pflanzen","7":"product_cat-pflanzen-mit-wenig-pflege","8":"product_shipping_class-flora-de","9":"pa_ambienti-balkon","10":"pa_ambienti-buero-intelligentes-arbeiten","11":"pa_ambienti-wohnzimmer","13":"first","14":"instock","15":"taxable","16":"shipping-taxable","17":"purchasable","18":"product-type-variable","19":"has-default-attributes"},"acf":[],"yoast_head":"<!-- This site is optimized with the Yoast SEO plugin v23.4 - https:\/\/yoast.com\/wordpress\/plugins\/seo\/ -->\n<title>Strelitzia Nicolai - Zimmerpflanzen | Kentis<\/title>\n<meta name=\"description\" content=\"Wenn Strelitzia Nicolai zwischen Oktober und M\u00e4rz bl\u00fcht, bildet sie wundersch\u00f6ne Bl\u00fcten, deren Farben an den Paradiesvogel erinnern.\" \/>\n<meta name=\"robots\" content=\"index, follow, max-snippet:-1, max-image-preview:large, max-video-preview:-1\" \/>\n<link rel=\"canonical\" href=\"https:\/\/kentis.com\/de\/shop\/strelitzia-nicolai\/\" \/>\n<meta property=\"og:locale\" content=\"de_DE\" \/>\n<meta property=\"og:type\" content=\"article\" \/>\n<meta property=\"og:title\" content=\"Strelitzia Nicolai - Zimmerpflanzen | Kentis\" \/>\n<meta property=\"og:description\" content=\"Wenn Strelitzia Nicolai zwischen Oktober und M\u00e4rz bl\u00fcht, bildet sie wundersch\u00f6ne Bl\u00fcten, deren Farben an den Paradiesvogel erinnern.\" \/>\n<meta property=\"og:url\" content=\"https:\/\/kentis.com\/de\/shop\/strelitzia-nicolai\/\" \/>\n<meta property=\"og:site_name\" content=\"Kentis\" \/>\n<meta property=\"article:publisher\" content=\"https:\/\/www.facebook.com\/kentisgarden\" \/>\n<meta property=\"article:modified_time\" content=\"2025-01-24T10:11:20+00:00\" \/>\n<meta property=\"og:image\" content=\"https:\/\/kentis.com\/wp-content\/uploads\/2021\/08\/PTG-Strelitzia-Nicolai-v19-h90-920-22-Earth.jpg\" \/>\n\t<meta property=\"og:image:width\" content=\"709\" \/>\n\t<meta property=\"og:image:height\" content=\"709\" \/>\n\t<meta property=\"og:image:type\" content=\"image\/jpeg\" \/>\n<meta name=\"twitter:card\" content=\"summary_large_image\" \/>\n<meta name=\"twitter:label1\" content=\"Gesch\u00e4tzte Lesezeit\" \/>\n\t<meta name=\"twitter:data1\" content=\"1\u00a0Minute\" \/>\n<script type=\"application\/ld+json\" class=\"yoast-schema-graph\">{\"@context\":\"https:\/\/schema.org\",\"@graph\":[{\"@type\":\"WebPage\",\"@id\":\"https:\/\/kentis.com\/de\/shop\/strelitzia-nicolai\/\",\"url\":\"https:\/\/kentis.com\/de\/shop\/strelitzia-nicolai\/\",\"name\":\"Strelitzia Nicolai - Zimmerpflanzen | Kentis\",\"isPartOf\":{\"@id\":\"https:\/\/kentis.com\/de\/#website\"},\"primaryImageOfPage\":{\"@id\":\"https:\/\/kentis.com\/de\/shop\/strelitzia-nicolai\/#primaryimage\"},\"image\":{\"@id\":\"https:\/\/kentis.com\/de\/shop\/strelitzia-nicolai\/#primaryimage\"},\"thumbnailUrl\":\"https:\/\/kentis.com\/wp-content\/uploads\/2021\/08\/PTG-Strelitzia-Nicolai-v19-h90-920-22-Earth.jpg\",\"datePublished\":\"2021-08-27T14:04:46+00:00\",\"dateModified\":\"2025-01-24T10:11:20+00:00\",\"description\":\"Wenn Strelitzia Nicolai zwischen Oktober und M\u00e4rz bl\u00fcht, bildet sie wundersch\u00f6ne Bl\u00fcten, deren Farben an den Paradiesvogel erinnern.\",\"breadcrumb\":{\"@id\":\"https:\/\/kentis.com\/de\/shop\/strelitzia-nicolai\/#breadcrumb\"},\"inLanguage\":\"de\",\"potentialAction\":[{\"@type\":\"ReadAction\",\"target\":[\"https:\/\/kentis.com\/de\/shop\/strelitzia-nicolai\/\"]}]},{\"@type\":\"ImageObject\",\"inLanguage\":\"de\",\"@id\":\"https:\/\/kentis.com\/de\/shop\/strelitzia-nicolai\/#primaryimage\",\"url\":\"https:\/\/kentis.com\/wp-content\/uploads\/2021\/08\/PTG-Strelitzia-Nicolai-v19-h90-920-22-Earth.jpg\",\"contentUrl\":\"https:\/\/kentis.com\/wp-content\/uploads\/2021\/08\/PTG-Strelitzia-Nicolai-v19-h90-920-22-Earth.jpg\",\"width\":709,\"height\":709},{\"@type\":\"BreadcrumbList\",\"@id\":\"https:\/\/kentis.com\/de\/shop\/strelitzia-nicolai\/#breadcrumb\",\"itemListElement\":[{\"@type\":\"ListItem\",\"position\":1,\"name\":\"Home\",\"item\":\"https:\/\/kentis.com\/de\/\"},{\"@type\":\"ListItem\",\"position\":2,\"name\":\"Gesch\u00e4ft\",\"item\":\"https:\/\/kentis.com\/de\/shop\/\"},{\"@type\":\"ListItem\",\"position\":3,\"name\":\"Pflanzen\",\"item\":\"https:\/\/kentis.com\/de\/produkt-kategorie\/pflanzen\/\"},{\"@type\":\"ListItem\",\"position\":4,\"name\":\"Zimmerpflanzen\",\"item\":\"https:\/\/kentis.com\/de\/produkt-kategorie\/pflanzen\/zimmerpflanzen\/\"},{\"@type\":\"ListItem\",\"position\":5,\"name\":\"Hohe Pflanzen\",\"item\":\"https:\/\/kentis.com\/de\/produkt-kategorie\/pflanzen\/zimmerpflanzen\/hohe-pflanzen\/\"},{\"@type\":\"ListItem\",\"position\":6,\"name\":\"Strelitzia Nicolai\"}]},{\"@type\":\"WebSite\",\"@id\":\"https:\/\/kentis.com\/de\/#website\",\"url\":\"https:\/\/kentis.com\/de\/\",\"name\":\"Kentis\",\"description\":\"Atelier del verde\",\"publisher\":{\"@id\":\"https:\/\/kentis.com\/de\/#organization\"},\"potentialAction\":[{\"@type\":\"SearchAction\",\"target\":{\"@type\":\"EntryPoint\",\"urlTemplate\":\"https:\/\/kentis.com\/de\/?s={search_term_string}\"},\"query-input\":{\"@type\":\"PropertyValueSpecification\",\"valueRequired\":true,\"valueName\":\"search_term_string\"}}],\"inLanguage\":\"de\"},{\"@type\":\"Organization\",\"@id\":\"https:\/\/kentis.com\/de\/#organization\",\"name\":\"Kentis\",\"url\":\"https:\/\/kentis.com\/de\/\",\"logo\":{\"@type\":\"ImageObject\",\"inLanguage\":\"de\",\"@id\":\"https:\/\/kentis.com\/de\/#\/schema\/logo\/image\/\",\"url\":\"https:\/\/kentis.com\/wp-content\/uploads\/2021\/08\/logo-main.png\",\"contentUrl\":\"https:\/\/kentis.com\/wp-content\/uploads\/2021\/08\/logo-main.png\",\"width\":800,\"height\":204,\"caption\":\"Kentis\"},\"image\":{\"@id\":\"https:\/\/kentis.com\/de\/#\/schema\/logo\/image\/\"},\"sameAs\":[\"https:\/\/www.facebook.com\/kentisgarden\",\"https:\/\/www.instagram.com\/kentisgarden\/\",\"https:\/\/it.pinterest.com\/kentisgarden\",\"https:\/\/www.tiktok.com\/@kentis.com\"]}]}<\/script>\n<!-- \/ Yoast SEO plugin. -->","yoast_head_json":{"title":"Strelitzia Nicolai - Zimmerpflanzen | Kentis","description":"Wenn Strelitzia Nicolai zwischen Oktober und M\u00e4rz bl\u00fcht, bildet sie wundersch\u00f6ne Bl\u00fcten, deren Farben an den Paradiesvogel erinnern.","robots":{"index":"index","follow":"follow","max-snippet":"max-snippet:-1","max-image-preview":"max-image-preview:large","max-video-preview":"max-video-preview:-1"},"canonical":"https:\/\/kentis.com\/de\/shop\/strelitzia-nicolai\/","og_locale":"de_DE","og_type":"article","og_title":"Strelitzia Nicolai - Zimmerpflanzen | Kentis","og_description":"Wenn Strelitzia Nicolai zwischen Oktober und M\u00e4rz bl\u00fcht, bildet sie wundersch\u00f6ne Bl\u00fcten, deren Farben an den Paradiesvogel erinnern.","og_url":"https:\/\/kentis.com\/de\/shop\/strelitzia-nicolai\/","og_site_name":"Kentis","article_publisher":"https:\/\/www.facebook.com\/kentisgarden","article_modified_time":"2025-01-24T10:11:20+00:00","og_image":[{"width":709,"height":709,"url":"https:\/\/kentis.com\/wp-content\/uploads\/2021\/08\/PTG-Strelitzia-Nicolai-v19-h90-920-22-Earth.jpg","type":"image\/jpeg"}],"twitter_card":"summary_large_image","twitter_misc":{"Gesch\u00e4tzte Lesezeit":"1\u00a0Minute"},"schema":{"@context":"https:\/\/schema.org","@graph":[{"@type":"WebPage","@id":"https:\/\/kentis.com\/de\/shop\/strelitzia-nicolai\/","url":"https:\/\/kentis.com\/de\/shop\/strelitzia-nicolai\/","name":"Strelitzia Nicolai - Zimmerpflanzen | Kentis","isPartOf":{"@id":"https:\/\/kentis.com\/de\/#website"},"primaryImageOfPage":{"@id":"https:\/\/kentis.com\/de\/shop\/strelitzia-nicolai\/#primaryimage"},"image":{"@id":"https:\/\/kentis.com\/de\/shop\/strelitzia-nicolai\/#primaryimage"},"thumbnailUrl":"https:\/\/kentis.com\/wp-content\/uploads\/2021\/08\/PTG-Strelitzia-Nicolai-v19-h90-920-22-Earth.jpg","datePublished":"2021-08-27T14:04:46+00:00","dateModified":"2025-01-24T10:11:20+00:00","description":"Wenn Strelitzia Nicolai zwischen Oktober und M\u00e4rz bl\u00fcht, bildet sie wundersch\u00f6ne Bl\u00fcten, deren Farben an den Paradiesvogel erinnern.","breadcrumb":{"@id":"https:\/\/kentis.com\/de\/shop\/strelitzia-nicolai\/#breadcrumb"},"inLanguage":"de","potentialAction":[{"@type":"ReadAction","target":["https:\/\/kentis.com\/de\/shop\/strelitzia-nicolai\/"]}]},{"@type":"ImageObject","inLanguage":"de","@id":"https:\/\/kentis.com\/de\/shop\/strelitzia-nicolai\/#primaryimage","url":"https:\/\/kentis.com\/wp-content\/uploads\/2021\/08\/PTG-Strelitzia-Nicolai-v19-h90-920-22-Earth.jpg","contentUrl":"https:\/\/kentis.com\/wp-content\/uploads\/2021\/08\/PTG-Strelitzia-Nicolai-v19-h90-920-22-Earth.jpg","width":709,"height":709},{"@type":"BreadcrumbList","@id":"https:\/\/kentis.com\/de\/shop\/strelitzia-nicolai\/#breadcrumb","itemListElement":[{"@type":"ListItem","position":1,"name":"Home","item":"https:\/\/kentis.com\/de\/"},{"@type":"ListItem","position":2,"name":"Gesch\u00e4ft","item":"https:\/\/kentis.com\/de\/shop\/"},{"@type":"ListItem","position":3,"name":"Pflanzen","item":"https:\/\/kentis.com\/de\/produkt-kategorie\/pflanzen\/"},{"@type":"ListItem","position":4,"name":"Zimmerpflanzen","item":"https:\/\/kentis.com\/de\/produkt-kategorie\/pflanzen\/zimmerpflanzen\/"},{"@type":"ListItem","position":5,"name":"Hohe Pflanzen","item":"https:\/\/kentis.com\/de\/produkt-kategorie\/pflanzen\/zimmerpflanzen\/hohe-pflanzen\/"},{"@type":"ListItem","position":6,"name":"Strelitzia Nicolai"}]},{"@type":"WebSite","@id":"https:\/\/kentis.com\/de\/#website","url":"https:\/\/kentis.com\/de\/","name":"Kentis","description":"Atelier del verde","publisher":{"@id":"https:\/\/kentis.com\/de\/#organization"},"potentialAction":[{"@type":"SearchAction","target":{"@type":"EntryPoint","urlTemplate":"https:\/\/kentis.com\/de\/?s={search_term_string}"},"query-input":{"@type":"PropertyValueSpecification","valueRequired":true,"valueName":"search_term_string"}}],"inLanguage":"de"},{"@type":"Organization","@id":"https:\/\/kentis.com\/de\/#organization","name":"Kentis","url":"https:\/\/kentis.com\/de\/","logo":{"@type":"ImageObject","inLanguage":"de","@id":"https:\/\/kentis.com\/de\/#\/schema\/logo\/image\/","url":"https:\/\/kentis.com\/wp-content\/uploads\/2021\/08\/logo-main.png","contentUrl":"https:\/\/kentis.com\/wp-content\/uploads\/2021\/08\/logo-main.png","width":800,"height":204,"caption":"Kentis"},"image":{"@id":"https:\/\/kentis.com\/de\/#\/schema\/logo\/image\/"},"sameAs":["https:\/\/www.facebook.com\/kentisgarden","https:\/\/www.instagram.com\/kentisgarden\/","https:\/\/it.pinterest.com\/kentisgarden","https:\/\/www.tiktok.com\/@kentis.com"]}]}},"_links":{"self":[{"href":"https:\/\/kentis.com\/de\/wp-json\/wp\/v2\/product\/25440","targetHints":{"allow":["GET"]}}],"collection":[{"href":"https:\/\/kentis.com\/de\/wp-json\/wp\/v2\/product"}],"about":[{"href":"https:\/\/kentis.com\/de\/wp-json\/wp\/v2\/types\/product"}],"wp:featuredmedia":[{"embeddable":true,"href":"https:\/\/kentis.com\/de\/wp-json\/wp\/v2\/media\/16731"}],"wp:attachment":[{"href":"https:\/\/kentis.com\/de\/wp-json\/wp\/v2\/media?parent=25440"}],"wp:term":[{"taxonomy":"product_cat","embeddable":true,"href":"https:\/\/kentis.com\/de\/wp-json\/wp\/v2\/product_cat?post=25440"},{"taxonomy":"product_tag","embeddable":true,"href":"https:\/\/kentis.com\/de\/wp-json\/wp\/v2\/product_tag?post=25440"}],"curies":[{"name":"wp","href":"https:\/\/api.w.org\/{rel}","templated":true}]}}