{"id":25380,"date":"2021-09-17T16:24:31","date_gmt":"2021-09-17T14:24:31","guid":{"rendered":"https:\/\/kentis.com\/negozio\/cortaderia-selloana\/"},"modified":"2025-02-14T10:38:05","modified_gmt":"2025-02-14T09:38:05","slug":"cortaderia-selloana","status":"publish","type":"product","link":"https:\/\/kentis.com\/de\/shop\/cortaderia-selloana\/","title":{"rendered":"Cortaderia Selloana"},"content":{"rendered":"<div class=\"fusion-fullwidth fullwidth-box fusion-builder-row-1 fusion-flex-container nonhundred-percent-fullwidth non-hundred-percent-height-scrolling\" style=\"--awb-border-radius-top-left:0px;--awb-border-radius-top-right:0px;--awb-border-radius-bottom-right:0px;--awb-border-radius-bottom-left:0px;--awb-flex-wrap:wrap;\" ><div class=\"fusion-builder-row fusion-row fusion-flex-align-items-flex-start fusion-flex-content-wrap\" style=\"max-width:1248px;margin-left: calc(-4% \/ 2 );margin-right: calc(-4% \/ 2 );\"><div class=\"fusion-layout-column fusion_builder_column fusion-builder-column-0 fusion_builder_column_1_1 1_1 fusion-flex-column\" style=\"--awb-bg-size:cover;--awb-width-large:100%;--awb-margin-top-large:0px;--awb-spacing-right-large:1.92%;--awb-margin-bottom-large:0px;--awb-spacing-left-large:1.92%;--awb-width-medium:100%;--awb-spacing-right-medium:1.92%;--awb-spacing-left-medium:1.92%;--awb-width-small:100%;--awb-spacing-right-small:1.92%;--awb-spacing-left-small:1.92%;\"><div class=\"fusion-column-wrapper fusion-flex-justify-content-flex-start fusion-content-layout-column\"><div class=\"fusion-text fusion-text-1\"><p>&#8220;Seinen Namen verdankt es seinen Urspr\u00fcngen, denn diese krautige Pflanze mit buschartigem Wuchs stammt aus Argentinien. Neben ihrer Sch\u00f6nheit ist sie die perfekte Pflanze, um n\u00fctzliche Hecken f\u00fcr die Privatsph\u00e4re zu schaffen.<\/p>\n<p><em>La hauteur est \u00e0 consid\u00e9rer \u00e0 partir de la base du vase: 80\/100 cm.<\/em><\/p>\n<\/div><\/div><\/div><\/div><\/div>\n","protected":false},"excerpt":{"rendered":"","protected":false},"featured_media":16525,"template":"","meta":{"_acf_changed":false},"product_cat":[531],"product_tag":[],"class_list":{"0":"post-25380","1":"product","2":"type-product","3":"status-publish","4":"has-post-thumbnail","6":"product_cat-pflanzen-im-freien","7":"product_shipping_class-evergreen-de","9":"first","10":"instock","11":"taxable","12":"shipping-taxable","13":"purchasable","14":"product-type-simple"},"acf":[],"yoast_head":"<!-- This site is optimized with the Yoast SEO plugin v23.4 - https:\/\/yoast.com\/wordpress\/plugins\/seo\/ -->\n<title>Cortaderia Selloana - Terrassenpflanzen im Freien | Kentis<\/title>\n<meta name=\"description\" content=\"Cortaderia Selloana \u00fcber den perfekten Boden, um auf dem Balkon oder Balkon eine n\u00fctzliche Abgrenzung f\u00fcr die Privatsph\u00e4re des Besitzers zu schaffen.\" \/>\n<meta name=\"robots\" content=\"index, follow, max-snippet:-1, max-image-preview:large, max-video-preview:-1\" \/>\n<link rel=\"canonical\" href=\"https:\/\/kentis.com\/de\/shop\/cortaderia-selloana\/\" \/>\n<meta property=\"og:locale\" content=\"de_DE\" \/>\n<meta property=\"og:type\" content=\"article\" \/>\n<meta property=\"og:title\" content=\"Cortaderia Selloana - Terrassenpflanzen im Freien | Kentis\" \/>\n<meta property=\"og:description\" content=\"Cortaderia Selloana \u00fcber den perfekten Boden, um auf dem Balkon oder Balkon eine n\u00fctzliche Abgrenzung f\u00fcr die Privatsph\u00e4re des Besitzers zu schaffen.\" \/>\n<meta property=\"og:url\" content=\"https:\/\/kentis.com\/de\/shop\/cortaderia-selloana\/\" \/>\n<meta property=\"og:site_name\" content=\"Kentis\" \/>\n<meta property=\"article:publisher\" content=\"https:\/\/www.facebook.com\/kentisgarden\" \/>\n<meta property=\"article:modified_time\" content=\"2025-02-14T09:38:05+00:00\" \/>\n<meta property=\"og:image\" content=\"https:\/\/kentis.com\/wp-content\/uploads\/2021\/09\/Cortaderia-Selloana-con-logo-prova.png\" \/>\n\t<meta property=\"og:image:width\" content=\"1000\" \/>\n\t<meta property=\"og:image:height\" content=\"1000\" \/>\n\t<meta property=\"og:image:type\" content=\"image\/png\" \/>\n<meta name=\"twitter:card\" content=\"summary_large_image\" \/>\n<meta name=\"twitter:label1\" content=\"Gesch\u00e4tzte Lesezeit\" \/>\n\t<meta name=\"twitter:data1\" content=\"1\u00a0Minute\" \/>\n<script type=\"application\/ld+json\" class=\"yoast-schema-graph\">{\"@context\":\"https:\/\/schema.org\",\"@graph\":[{\"@type\":\"WebPage\",\"@id\":\"https:\/\/kentis.com\/de\/shop\/cortaderia-selloana\/\",\"url\":\"https:\/\/kentis.com\/de\/shop\/cortaderia-selloana\/\",\"name\":\"Cortaderia Selloana - Terrassenpflanzen im Freien | Kentis\",\"isPartOf\":{\"@id\":\"https:\/\/kentis.com\/de\/#website\"},\"primaryImageOfPage\":{\"@id\":\"https:\/\/kentis.com\/de\/shop\/cortaderia-selloana\/#primaryimage\"},\"image\":{\"@id\":\"https:\/\/kentis.com\/de\/shop\/cortaderia-selloana\/#primaryimage\"},\"thumbnailUrl\":\"https:\/\/kentis.com\/wp-content\/uploads\/2021\/09\/Cortaderia-Selloana-con-logo-prova.png\",\"datePublished\":\"2021-09-17T14:24:31+00:00\",\"dateModified\":\"2025-02-14T09:38:05+00:00\",\"description\":\"Cortaderia Selloana \u00fcber den perfekten Boden, um auf dem Balkon oder Balkon eine n\u00fctzliche Abgrenzung f\u00fcr die Privatsph\u00e4re des Besitzers zu schaffen.\",\"breadcrumb\":{\"@id\":\"https:\/\/kentis.com\/de\/shop\/cortaderia-selloana\/#breadcrumb\"},\"inLanguage\":\"de\",\"potentialAction\":[{\"@type\":\"ReadAction\",\"target\":[\"https:\/\/kentis.com\/de\/shop\/cortaderia-selloana\/\"]}]},{\"@type\":\"ImageObject\",\"inLanguage\":\"de\",\"@id\":\"https:\/\/kentis.com\/de\/shop\/cortaderia-selloana\/#primaryimage\",\"url\":\"https:\/\/kentis.com\/wp-content\/uploads\/2021\/09\/Cortaderia-Selloana-con-logo-prova.png\",\"contentUrl\":\"https:\/\/kentis.com\/wp-content\/uploads\/2021\/09\/Cortaderia-Selloana-con-logo-prova.png\",\"width\":1000,\"height\":1000},{\"@type\":\"BreadcrumbList\",\"@id\":\"https:\/\/kentis.com\/de\/shop\/cortaderia-selloana\/#breadcrumb\",\"itemListElement\":[{\"@type\":\"ListItem\",\"position\":1,\"name\":\"Home\",\"item\":\"https:\/\/kentis.com\/de\/\"},{\"@type\":\"ListItem\",\"position\":2,\"name\":\"Gesch\u00e4ft\",\"item\":\"https:\/\/kentis.com\/de\/shop\/\"},{\"@type\":\"ListItem\",\"position\":3,\"name\":\"Pflanzen\",\"item\":\"https:\/\/kentis.com\/de\/produkt-kategorie\/pflanzen\/\"},{\"@type\":\"ListItem\",\"position\":4,\"name\":\"Pflanzen im Freien\",\"item\":\"https:\/\/kentis.com\/de\/produkt-kategorie\/pflanzen\/pflanzen-im-freien\/\"},{\"@type\":\"ListItem\",\"position\":5,\"name\":\"Cortaderia Selloana\"}]},{\"@type\":\"WebSite\",\"@id\":\"https:\/\/kentis.com\/de\/#website\",\"url\":\"https:\/\/kentis.com\/de\/\",\"name\":\"Kentis\",\"description\":\"Atelier del verde\",\"publisher\":{\"@id\":\"https:\/\/kentis.com\/de\/#organization\"},\"potentialAction\":[{\"@type\":\"SearchAction\",\"target\":{\"@type\":\"EntryPoint\",\"urlTemplate\":\"https:\/\/kentis.com\/de\/?s={search_term_string}\"},\"query-input\":{\"@type\":\"PropertyValueSpecification\",\"valueRequired\":true,\"valueName\":\"search_term_string\"}}],\"inLanguage\":\"de\"},{\"@type\":\"Organization\",\"@id\":\"https:\/\/kentis.com\/de\/#organization\",\"name\":\"Kentis\",\"url\":\"https:\/\/kentis.com\/de\/\",\"logo\":{\"@type\":\"ImageObject\",\"inLanguage\":\"de\",\"@id\":\"https:\/\/kentis.com\/de\/#\/schema\/logo\/image\/\",\"url\":\"https:\/\/kentis.com\/wp-content\/uploads\/2021\/08\/logo-main.png\",\"contentUrl\":\"https:\/\/kentis.com\/wp-content\/uploads\/2021\/08\/logo-main.png\",\"width\":800,\"height\":204,\"caption\":\"Kentis\"},\"image\":{\"@id\":\"https:\/\/kentis.com\/de\/#\/schema\/logo\/image\/\"},\"sameAs\":[\"https:\/\/www.facebook.com\/kentisgarden\",\"https:\/\/www.instagram.com\/kentisgarden\/\",\"https:\/\/it.pinterest.com\/kentisgarden\",\"https:\/\/www.tiktok.com\/@kentis.com\"]}]}<\/script>\n<!-- \/ Yoast SEO plugin. -->","yoast_head_json":{"title":"Cortaderia Selloana - Terrassenpflanzen im Freien | Kentis","description":"Cortaderia Selloana \u00fcber den perfekten Boden, um auf dem Balkon oder Balkon eine n\u00fctzliche Abgrenzung f\u00fcr die Privatsph\u00e4re des Besitzers zu schaffen.","robots":{"index":"index","follow":"follow","max-snippet":"max-snippet:-1","max-image-preview":"max-image-preview:large","max-video-preview":"max-video-preview:-1"},"canonical":"https:\/\/kentis.com\/de\/shop\/cortaderia-selloana\/","og_locale":"de_DE","og_type":"article","og_title":"Cortaderia Selloana - Terrassenpflanzen im Freien | Kentis","og_description":"Cortaderia Selloana \u00fcber den perfekten Boden, um auf dem Balkon oder Balkon eine n\u00fctzliche Abgrenzung f\u00fcr die Privatsph\u00e4re des Besitzers zu schaffen.","og_url":"https:\/\/kentis.com\/de\/shop\/cortaderia-selloana\/","og_site_name":"Kentis","article_publisher":"https:\/\/www.facebook.com\/kentisgarden","article_modified_time":"2025-02-14T09:38:05+00:00","og_image":[{"width":1000,"height":1000,"url":"https:\/\/kentis.com\/wp-content\/uploads\/2021\/09\/Cortaderia-Selloana-con-logo-prova.png","type":"image\/png"}],"twitter_card":"summary_large_image","twitter_misc":{"Gesch\u00e4tzte Lesezeit":"1\u00a0Minute"},"schema":{"@context":"https:\/\/schema.org","@graph":[{"@type":"WebPage","@id":"https:\/\/kentis.com\/de\/shop\/cortaderia-selloana\/","url":"https:\/\/kentis.com\/de\/shop\/cortaderia-selloana\/","name":"Cortaderia Selloana - Terrassenpflanzen im Freien | Kentis","isPartOf":{"@id":"https:\/\/kentis.com\/de\/#website"},"primaryImageOfPage":{"@id":"https:\/\/kentis.com\/de\/shop\/cortaderia-selloana\/#primaryimage"},"image":{"@id":"https:\/\/kentis.com\/de\/shop\/cortaderia-selloana\/#primaryimage"},"thumbnailUrl":"https:\/\/kentis.com\/wp-content\/uploads\/2021\/09\/Cortaderia-Selloana-con-logo-prova.png","datePublished":"2021-09-17T14:24:31+00:00","dateModified":"2025-02-14T09:38:05+00:00","description":"Cortaderia Selloana \u00fcber den perfekten Boden, um auf dem Balkon oder Balkon eine n\u00fctzliche Abgrenzung f\u00fcr die Privatsph\u00e4re des Besitzers zu schaffen.","breadcrumb":{"@id":"https:\/\/kentis.com\/de\/shop\/cortaderia-selloana\/#breadcrumb"},"inLanguage":"de","potentialAction":[{"@type":"ReadAction","target":["https:\/\/kentis.com\/de\/shop\/cortaderia-selloana\/"]}]},{"@type":"ImageObject","inLanguage":"de","@id":"https:\/\/kentis.com\/de\/shop\/cortaderia-selloana\/#primaryimage","url":"https:\/\/kentis.com\/wp-content\/uploads\/2021\/09\/Cortaderia-Selloana-con-logo-prova.png","contentUrl":"https:\/\/kentis.com\/wp-content\/uploads\/2021\/09\/Cortaderia-Selloana-con-logo-prova.png","width":1000,"height":1000},{"@type":"BreadcrumbList","@id":"https:\/\/kentis.com\/de\/shop\/cortaderia-selloana\/#breadcrumb","itemListElement":[{"@type":"ListItem","position":1,"name":"Home","item":"https:\/\/kentis.com\/de\/"},{"@type":"ListItem","position":2,"name":"Gesch\u00e4ft","item":"https:\/\/kentis.com\/de\/shop\/"},{"@type":"ListItem","position":3,"name":"Pflanzen","item":"https:\/\/kentis.com\/de\/produkt-kategorie\/pflanzen\/"},{"@type":"ListItem","position":4,"name":"Pflanzen im Freien","item":"https:\/\/kentis.com\/de\/produkt-kategorie\/pflanzen\/pflanzen-im-freien\/"},{"@type":"ListItem","position":5,"name":"Cortaderia Selloana"}]},{"@type":"WebSite","@id":"https:\/\/kentis.com\/de\/#website","url":"https:\/\/kentis.com\/de\/","name":"Kentis","description":"Atelier del verde","publisher":{"@id":"https:\/\/kentis.com\/de\/#organization"},"potentialAction":[{"@type":"SearchAction","target":{"@type":"EntryPoint","urlTemplate":"https:\/\/kentis.com\/de\/?s={search_term_string}"},"query-input":{"@type":"PropertyValueSpecification","valueRequired":true,"valueName":"search_term_string"}}],"inLanguage":"de"},{"@type":"Organization","@id":"https:\/\/kentis.com\/de\/#organization","name":"Kentis","url":"https:\/\/kentis.com\/de\/","logo":{"@type":"ImageObject","inLanguage":"de","@id":"https:\/\/kentis.com\/de\/#\/schema\/logo\/image\/","url":"https:\/\/kentis.com\/wp-content\/uploads\/2021\/08\/logo-main.png","contentUrl":"https:\/\/kentis.com\/wp-content\/uploads\/2021\/08\/logo-main.png","width":800,"height":204,"caption":"Kentis"},"image":{"@id":"https:\/\/kentis.com\/de\/#\/schema\/logo\/image\/"},"sameAs":["https:\/\/www.facebook.com\/kentisgarden","https:\/\/www.instagram.com\/kentisgarden\/","https:\/\/it.pinterest.com\/kentisgarden","https:\/\/www.tiktok.com\/@kentis.com"]}]}},"_links":{"self":[{"href":"https:\/\/kentis.com\/de\/wp-json\/wp\/v2\/product\/25380","targetHints":{"allow":["GET"]}}],"collection":[{"href":"https:\/\/kentis.com\/de\/wp-json\/wp\/v2\/product"}],"about":[{"href":"https:\/\/kentis.com\/de\/wp-json\/wp\/v2\/types\/product"}],"wp:featuredmedia":[{"embeddable":true,"href":"https:\/\/kentis.com\/de\/wp-json\/wp\/v2\/media\/16525"}],"wp:attachment":[{"href":"https:\/\/kentis.com\/de\/wp-json\/wp\/v2\/media?parent=25380"}],"wp:term":[{"taxonomy":"product_cat","embeddable":true,"href":"https:\/\/kentis.com\/de\/wp-json\/wp\/v2\/product_cat?post=25380"},{"taxonomy":"product_tag","embeddable":true,"href":"https:\/\/kentis.com\/de\/wp-json\/wp\/v2\/product_tag?post=25380"}],"curies":[{"name":"wp","href":"https:\/\/api.w.org\/{rel}","templated":true}]}}