{"id":25292,"date":"2021-10-07T16:33:01","date_gmt":"2021-10-07T14:33:01","guid":{"rendered":"https:\/\/kentis.com\/negozio\/orchidea-phalaenopsis-bicolore\/"},"modified":"2024-11-21T17:48:01","modified_gmt":"2024-11-21T16:48:01","slug":"orchidea-phalaenopsis-bicolore","status":"publish","type":"product","link":"https:\/\/kentis.com\/de\/shop\/orchidea-phalaenopsis-bicolore\/","title":{"rendered":"Orchidea Phalaenopsis Bicolore"},"content":{"rendered":"<div class=\"fusion-fullwidth fullwidth-box fusion-builder-row-1 fusion-flex-container nonhundred-percent-fullwidth non-hundred-percent-height-scrolling\" style=\"--awb-border-radius-top-left:0px;--awb-border-radius-top-right:0px;--awb-border-radius-bottom-right:0px;--awb-border-radius-bottom-left:0px;--awb-flex-wrap:wrap;\" ><div class=\"fusion-builder-row fusion-row fusion-flex-align-items-flex-start fusion-flex-content-wrap\" style=\"max-width:1248px;margin-left: calc(-4% \/ 2 );margin-right: calc(-4% \/ 2 );\"><div class=\"fusion-layout-column fusion_builder_column fusion-builder-column-0 fusion_builder_column_1_1 1_1 fusion-flex-column\" style=\"--awb-bg-size:cover;--awb-width-large:100%;--awb-margin-top-large:0px;--awb-spacing-right-large:1.92%;--awb-margin-bottom-large:0px;--awb-spacing-left-large:1.92%;--awb-width-medium:100%;--awb-spacing-right-medium:1.92%;--awb-spacing-left-medium:1.92%;--awb-width-small:100%;--awb-spacing-right-small:1.92%;--awb-spacing-left-small:1.92%;\"><div class=\"fusion-column-wrapper fusion-flex-justify-content-flex-start fusion-content-layout-column\"><div class=\"fusion-text fusion-text-1\"><p>Diese in den tropischen W\u00e4ldern des Ostens beheimatete Zimmerpflanze verdankt ihren Ruhm ihren eindrucksvollen Farbt\u00f6nen, der Form ihrer Bl\u00fcten und ihrer exotischen Sch\u00f6nheit. Die Orchidee schafft es mit ihrer Eleganz und Perfektion, jede Umgebung auf raffiniertere Weise zu versch\u00f6nern.<\/p>\n<p>Die H\u00f6he der Pflanze vom Topfboden betr\u00e4gt 60 bis 70 cm.<\/p>\n<\/div><\/div><\/div><\/div><\/div>\n","protected":false},"excerpt":{"rendered":"","protected":false},"featured_media":16261,"template":"","meta":{"_acf_changed":false},"product_cat":[466,517,574,515,513,514,685,485],"product_tag":[],"class_list":{"0":"post-25292","1":"product","2":"type-product","3":"status-publish","4":"has-post-thumbnail","6":"product_cat-bluehende-plfanzen","7":"product_cat-danke","8":"product_cat-frauentag","9":"product_cat-fuer-sie","10":"product_cat-geburtstag","11":"product_cat-grad","12":"product_cat-haustierfreundlich","13":"product_cat-pflanzen-mit-wenig-pflege","14":"product_shipping_class-flora-de","15":"pa_ambienti-bad","16":"pa_ambienti-buero-intelligentes-arbeiten","17":"pa_ambienti-kinderzimmer","18":"pa_ambienti-schlafzimmer","20":"first","21":"instock","22":"taxable","23":"shipping-taxable","24":"purchasable","25":"product-type-variable","26":"has-default-attributes"},"acf":[],"yoast_head":"<!-- This site is optimized with the Yoast SEO plugin v23.4 - https:\/\/yoast.com\/wordpress\/plugins\/seo\/ -->\n<title>Orchidea Phalaenopsis Bicolore - Zimmerpflanzen | Kentis<\/title>\n<meta name=\"description\" content=\"Die zweifarbige Phalaenopsis-Orchidee stammt urspr\u00fcnglich aus dem Osten und versch\u00f6nert mit ihrer Eleganz und Perfektion jede Umgebung.\" \/>\n<meta name=\"robots\" content=\"index, follow, max-snippet:-1, max-image-preview:large, max-video-preview:-1\" \/>\n<link rel=\"canonical\" href=\"https:\/\/kentis.com\/de\/shop\/orchidea-phalaenopsis-bicolore\/\" \/>\n<meta property=\"og:locale\" content=\"de_DE\" \/>\n<meta property=\"og:type\" content=\"article\" \/>\n<meta property=\"og:title\" content=\"Orchidea Phalaenopsis Bicolore - Zimmerpflanzen | Kentis\" \/>\n<meta property=\"og:description\" content=\"Die zweifarbige Phalaenopsis-Orchidee stammt urspr\u00fcnglich aus dem Osten und versch\u00f6nert mit ihrer Eleganz und Perfektion jede Umgebung.\" \/>\n<meta property=\"og:url\" content=\"https:\/\/kentis.com\/de\/shop\/orchidea-phalaenopsis-bicolore\/\" \/>\n<meta property=\"og:site_name\" content=\"Kentis\" \/>\n<meta property=\"article:publisher\" content=\"https:\/\/www.facebook.com\/kentisgarden\" \/>\n<meta property=\"article:modified_time\" content=\"2024-11-21T16:48:01+00:00\" \/>\n<meta property=\"og:image\" content=\"https:\/\/kentis.com\/wp-content\/uploads\/2021\/10\/PTG-Phalenopsis-bicolore-v12-h70_669-14-glassmalva-scaled.jpg\" \/>\n\t<meta property=\"og:image:width\" content=\"2560\" \/>\n\t<meta property=\"og:image:height\" content=\"2560\" \/>\n\t<meta property=\"og:image:type\" content=\"image\/jpeg\" \/>\n<meta name=\"twitter:card\" content=\"summary_large_image\" \/>\n<meta name=\"twitter:label1\" content=\"Gesch\u00e4tzte Lesezeit\" \/>\n\t<meta name=\"twitter:data1\" content=\"1\u00a0Minute\" \/>\n<script type=\"application\/ld+json\" class=\"yoast-schema-graph\">{\"@context\":\"https:\/\/schema.org\",\"@graph\":[{\"@type\":\"WebPage\",\"@id\":\"https:\/\/kentis.com\/de\/shop\/orchidea-phalaenopsis-bicolore\/\",\"url\":\"https:\/\/kentis.com\/de\/shop\/orchidea-phalaenopsis-bicolore\/\",\"name\":\"Orchidea Phalaenopsis Bicolore - Zimmerpflanzen | Kentis\",\"isPartOf\":{\"@id\":\"https:\/\/kentis.com\/de\/#website\"},\"primaryImageOfPage\":{\"@id\":\"https:\/\/kentis.com\/de\/shop\/orchidea-phalaenopsis-bicolore\/#primaryimage\"},\"image\":{\"@id\":\"https:\/\/kentis.com\/de\/shop\/orchidea-phalaenopsis-bicolore\/#primaryimage\"},\"thumbnailUrl\":\"https:\/\/kentis.com\/wp-content\/uploads\/2021\/10\/PTG-Phalenopsis-bicolore-v12-h70_669-14-glassmalva-scaled.jpg\",\"datePublished\":\"2021-10-07T14:33:01+00:00\",\"dateModified\":\"2024-11-21T16:48:01+00:00\",\"description\":\"Die zweifarbige Phalaenopsis-Orchidee stammt urspr\u00fcnglich aus dem Osten und versch\u00f6nert mit ihrer Eleganz und Perfektion jede Umgebung.\",\"breadcrumb\":{\"@id\":\"https:\/\/kentis.com\/de\/shop\/orchidea-phalaenopsis-bicolore\/#breadcrumb\"},\"inLanguage\":\"de\",\"potentialAction\":[{\"@type\":\"ReadAction\",\"target\":[\"https:\/\/kentis.com\/de\/shop\/orchidea-phalaenopsis-bicolore\/\"]}]},{\"@type\":\"ImageObject\",\"inLanguage\":\"de\",\"@id\":\"https:\/\/kentis.com\/de\/shop\/orchidea-phalaenopsis-bicolore\/#primaryimage\",\"url\":\"https:\/\/kentis.com\/wp-content\/uploads\/2021\/10\/PTG-Phalenopsis-bicolore-v12-h70_669-14-glassmalva-scaled.jpg\",\"contentUrl\":\"https:\/\/kentis.com\/wp-content\/uploads\/2021\/10\/PTG-Phalenopsis-bicolore-v12-h70_669-14-glassmalva-scaled.jpg\",\"width\":2560,\"height\":2560},{\"@type\":\"BreadcrumbList\",\"@id\":\"https:\/\/kentis.com\/de\/shop\/orchidea-phalaenopsis-bicolore\/#breadcrumb\",\"itemListElement\":[{\"@type\":\"ListItem\",\"position\":1,\"name\":\"Home\",\"item\":\"https:\/\/kentis.com\/de\/\"},{\"@type\":\"ListItem\",\"position\":2,\"name\":\"Gesch\u00e4ft\",\"item\":\"https:\/\/kentis.com\/de\/shop\/\"},{\"@type\":\"ListItem\",\"position\":3,\"name\":\"Pflanzen\",\"item\":\"https:\/\/kentis.com\/de\/produkt-kategorie\/pflanzen\/\"},{\"@type\":\"ListItem\",\"position\":4,\"name\":\"Zimmerpflanzen\",\"item\":\"https:\/\/kentis.com\/de\/produkt-kategorie\/pflanzen\/zimmerpflanzen\/\"},{\"@type\":\"ListItem\",\"position\":5,\"name\":\"Bl\u00fchende Plfanzen\",\"item\":\"https:\/\/kentis.com\/de\/produkt-kategorie\/pflanzen\/zimmerpflanzen\/bluehende-plfanzen\/\"},{\"@type\":\"ListItem\",\"position\":6,\"name\":\"Orchidea Phalaenopsis Bicolore\"}]},{\"@type\":\"WebSite\",\"@id\":\"https:\/\/kentis.com\/de\/#website\",\"url\":\"https:\/\/kentis.com\/de\/\",\"name\":\"Kentis\",\"description\":\"Atelier del verde\",\"publisher\":{\"@id\":\"https:\/\/kentis.com\/de\/#organization\"},\"potentialAction\":[{\"@type\":\"SearchAction\",\"target\":{\"@type\":\"EntryPoint\",\"urlTemplate\":\"https:\/\/kentis.com\/de\/?s={search_term_string}\"},\"query-input\":{\"@type\":\"PropertyValueSpecification\",\"valueRequired\":true,\"valueName\":\"search_term_string\"}}],\"inLanguage\":\"de\"},{\"@type\":\"Organization\",\"@id\":\"https:\/\/kentis.com\/de\/#organization\",\"name\":\"Kentis\",\"url\":\"https:\/\/kentis.com\/de\/\",\"logo\":{\"@type\":\"ImageObject\",\"inLanguage\":\"de\",\"@id\":\"https:\/\/kentis.com\/de\/#\/schema\/logo\/image\/\",\"url\":\"https:\/\/kentis.com\/wp-content\/uploads\/2021\/08\/logo-main.png\",\"contentUrl\":\"https:\/\/kentis.com\/wp-content\/uploads\/2021\/08\/logo-main.png\",\"width\":800,\"height\":204,\"caption\":\"Kentis\"},\"image\":{\"@id\":\"https:\/\/kentis.com\/de\/#\/schema\/logo\/image\/\"},\"sameAs\":[\"https:\/\/www.facebook.com\/kentisgarden\",\"https:\/\/www.instagram.com\/kentisgarden\/\",\"https:\/\/it.pinterest.com\/kentisgarden\",\"https:\/\/www.tiktok.com\/@kentis.com\"]}]}<\/script>\n<!-- \/ Yoast SEO plugin. -->","yoast_head_json":{"title":"Orchidea Phalaenopsis Bicolore - Zimmerpflanzen | Kentis","description":"Die zweifarbige Phalaenopsis-Orchidee stammt urspr\u00fcnglich aus dem Osten und versch\u00f6nert mit ihrer Eleganz und Perfektion jede Umgebung.","robots":{"index":"index","follow":"follow","max-snippet":"max-snippet:-1","max-image-preview":"max-image-preview:large","max-video-preview":"max-video-preview:-1"},"canonical":"https:\/\/kentis.com\/de\/shop\/orchidea-phalaenopsis-bicolore\/","og_locale":"de_DE","og_type":"article","og_title":"Orchidea Phalaenopsis Bicolore - Zimmerpflanzen | Kentis","og_description":"Die zweifarbige Phalaenopsis-Orchidee stammt urspr\u00fcnglich aus dem Osten und versch\u00f6nert mit ihrer Eleganz und Perfektion jede Umgebung.","og_url":"https:\/\/kentis.com\/de\/shop\/orchidea-phalaenopsis-bicolore\/","og_site_name":"Kentis","article_publisher":"https:\/\/www.facebook.com\/kentisgarden","article_modified_time":"2024-11-21T16:48:01+00:00","og_image":[{"width":2560,"height":2560,"url":"https:\/\/kentis.com\/wp-content\/uploads\/2021\/10\/PTG-Phalenopsis-bicolore-v12-h70_669-14-glassmalva-scaled.jpg","type":"image\/jpeg"}],"twitter_card":"summary_large_image","twitter_misc":{"Gesch\u00e4tzte Lesezeit":"1\u00a0Minute"},"schema":{"@context":"https:\/\/schema.org","@graph":[{"@type":"WebPage","@id":"https:\/\/kentis.com\/de\/shop\/orchidea-phalaenopsis-bicolore\/","url":"https:\/\/kentis.com\/de\/shop\/orchidea-phalaenopsis-bicolore\/","name":"Orchidea Phalaenopsis Bicolore - Zimmerpflanzen | Kentis","isPartOf":{"@id":"https:\/\/kentis.com\/de\/#website"},"primaryImageOfPage":{"@id":"https:\/\/kentis.com\/de\/shop\/orchidea-phalaenopsis-bicolore\/#primaryimage"},"image":{"@id":"https:\/\/kentis.com\/de\/shop\/orchidea-phalaenopsis-bicolore\/#primaryimage"},"thumbnailUrl":"https:\/\/kentis.com\/wp-content\/uploads\/2021\/10\/PTG-Phalenopsis-bicolore-v12-h70_669-14-glassmalva-scaled.jpg","datePublished":"2021-10-07T14:33:01+00:00","dateModified":"2024-11-21T16:48:01+00:00","description":"Die zweifarbige Phalaenopsis-Orchidee stammt urspr\u00fcnglich aus dem Osten und versch\u00f6nert mit ihrer Eleganz und Perfektion jede Umgebung.","breadcrumb":{"@id":"https:\/\/kentis.com\/de\/shop\/orchidea-phalaenopsis-bicolore\/#breadcrumb"},"inLanguage":"de","potentialAction":[{"@type":"ReadAction","target":["https:\/\/kentis.com\/de\/shop\/orchidea-phalaenopsis-bicolore\/"]}]},{"@type":"ImageObject","inLanguage":"de","@id":"https:\/\/kentis.com\/de\/shop\/orchidea-phalaenopsis-bicolore\/#primaryimage","url":"https:\/\/kentis.com\/wp-content\/uploads\/2021\/10\/PTG-Phalenopsis-bicolore-v12-h70_669-14-glassmalva-scaled.jpg","contentUrl":"https:\/\/kentis.com\/wp-content\/uploads\/2021\/10\/PTG-Phalenopsis-bicolore-v12-h70_669-14-glassmalva-scaled.jpg","width":2560,"height":2560},{"@type":"BreadcrumbList","@id":"https:\/\/kentis.com\/de\/shop\/orchidea-phalaenopsis-bicolore\/#breadcrumb","itemListElement":[{"@type":"ListItem","position":1,"name":"Home","item":"https:\/\/kentis.com\/de\/"},{"@type":"ListItem","position":2,"name":"Gesch\u00e4ft","item":"https:\/\/kentis.com\/de\/shop\/"},{"@type":"ListItem","position":3,"name":"Pflanzen","item":"https:\/\/kentis.com\/de\/produkt-kategorie\/pflanzen\/"},{"@type":"ListItem","position":4,"name":"Zimmerpflanzen","item":"https:\/\/kentis.com\/de\/produkt-kategorie\/pflanzen\/zimmerpflanzen\/"},{"@type":"ListItem","position":5,"name":"Bl\u00fchende Plfanzen","item":"https:\/\/kentis.com\/de\/produkt-kategorie\/pflanzen\/zimmerpflanzen\/bluehende-plfanzen\/"},{"@type":"ListItem","position":6,"name":"Orchidea Phalaenopsis Bicolore"}]},{"@type":"WebSite","@id":"https:\/\/kentis.com\/de\/#website","url":"https:\/\/kentis.com\/de\/","name":"Kentis","description":"Atelier del verde","publisher":{"@id":"https:\/\/kentis.com\/de\/#organization"},"potentialAction":[{"@type":"SearchAction","target":{"@type":"EntryPoint","urlTemplate":"https:\/\/kentis.com\/de\/?s={search_term_string}"},"query-input":{"@type":"PropertyValueSpecification","valueRequired":true,"valueName":"search_term_string"}}],"inLanguage":"de"},{"@type":"Organization","@id":"https:\/\/kentis.com\/de\/#organization","name":"Kentis","url":"https:\/\/kentis.com\/de\/","logo":{"@type":"ImageObject","inLanguage":"de","@id":"https:\/\/kentis.com\/de\/#\/schema\/logo\/image\/","url":"https:\/\/kentis.com\/wp-content\/uploads\/2021\/08\/logo-main.png","contentUrl":"https:\/\/kentis.com\/wp-content\/uploads\/2021\/08\/logo-main.png","width":800,"height":204,"caption":"Kentis"},"image":{"@id":"https:\/\/kentis.com\/de\/#\/schema\/logo\/image\/"},"sameAs":["https:\/\/www.facebook.com\/kentisgarden","https:\/\/www.instagram.com\/kentisgarden\/","https:\/\/it.pinterest.com\/kentisgarden","https:\/\/www.tiktok.com\/@kentis.com"]}]}},"_links":{"self":[{"href":"https:\/\/kentis.com\/de\/wp-json\/wp\/v2\/product\/25292","targetHints":{"allow":["GET"]}}],"collection":[{"href":"https:\/\/kentis.com\/de\/wp-json\/wp\/v2\/product"}],"about":[{"href":"https:\/\/kentis.com\/de\/wp-json\/wp\/v2\/types\/product"}],"wp:featuredmedia":[{"embeddable":true,"href":"https:\/\/kentis.com\/de\/wp-json\/wp\/v2\/media\/16261"}],"wp:attachment":[{"href":"https:\/\/kentis.com\/de\/wp-json\/wp\/v2\/media?parent=25292"}],"wp:term":[{"taxonomy":"product_cat","embeddable":true,"href":"https:\/\/kentis.com\/de\/wp-json\/wp\/v2\/product_cat?post=25292"},{"taxonomy":"product_tag","embeddable":true,"href":"https:\/\/kentis.com\/de\/wp-json\/wp\/v2\/product_tag?post=25292"}],"curies":[{"name":"wp","href":"https:\/\/api.w.org\/{rel}","templated":true}]}}