{"id":25256,"date":"2021-10-12T15:16:30","date_gmt":"2021-10-12T13:16:30","guid":{"rendered":"https:\/\/kentis.com\/negozio\/euphorbia-mayurnathanii\/"},"modified":"2024-05-13T17:31:51","modified_gmt":"2024-05-13T15:31:51","slug":"euphorbia-mayurnathanii","status":"publish","type":"product","link":"https:\/\/kentis.com\/de\/shop\/euphorbia-mayurnathanii\/","title":{"rendered":"Euphorbia Mayurnathanii"},"content":{"rendered":"<p>Dieser Bonsai zeigt eine kontinuierliche vegetative Aktivit\u00e4t, au\u00dfer im Winter, ist langlebig und w\u00e4chst sehr langsam. Seine Krone ist dicht und kompakt, mit nach oben wachsenden Zweigen.<\/p>\n","protected":false},"excerpt":{"rendered":"<p>Dieser Bonsai zeigt eine kontinuierliche vegetative Aktivit\u00e4t, au\u00dfer im Winter, [&hellip;]<\/p>\n","protected":false},"featured_media":16203,"template":"","meta":{"_acf_changed":false},"product_cat":[516,541,485],"product_tag":[],"class_list":{"0":"post-25256","1":"product","2":"type-product","3":"status-publish","4":"has-post-thumbnail","6":"product_cat-fuer-ihn","7":"product_cat-kaktus-sukkulenten","8":"product_cat-pflanzen-mit-wenig-pflege","9":"pa_ambienti-balkon","10":"pa_ambienti-buero-intelligentes-arbeiten","11":"pa_ambienti-kueche","13":"first","14":"outofstock","15":"taxable","16":"shipping-taxable","17":"purchasable","18":"product-type-variable","19":"has-default-attributes"},"acf":[],"yoast_head":"<!-- This site is optimized with the Yoast SEO plugin v23.4 - https:\/\/yoast.com\/wordpress\/plugins\/seo\/ -->\n<title>Euphorbia Mayurnathanii - Piante Grasse da Appartamento | Kentis<\/title>\n<meta name=\"description\" content=\"L&#039;Euphorbia Mayurnathanii deve la sua particolarit\u00e0 ai suoi fusti colonnari color verde brillante ricco di piccole spine.\" \/>\n<meta name=\"robots\" content=\"index, follow, max-snippet:-1, max-image-preview:large, max-video-preview:-1\" \/>\n<link rel=\"canonical\" href=\"https:\/\/kentis.com\/de\/shop\/euphorbia-mayurnathanii\/\" \/>\n<meta property=\"og:locale\" content=\"de_DE\" \/>\n<meta property=\"og:type\" content=\"article\" \/>\n<meta property=\"og:title\" content=\"Euphorbia Mayurnathanii - Piante Grasse da Appartamento | Kentis\" \/>\n<meta property=\"og:description\" content=\"L&#039;Euphorbia Mayurnathanii deve la sua particolarit\u00e0 ai suoi fusti colonnari color verde brillante ricco di piccole spine.\" \/>\n<meta property=\"og:url\" content=\"https:\/\/kentis.com\/de\/shop\/euphorbia-mayurnathanii\/\" \/>\n<meta property=\"og:site_name\" content=\"Kentis\" \/>\n<meta property=\"article:publisher\" content=\"https:\/\/www.facebook.com\/kentisgarden\" \/>\n<meta property=\"article:modified_time\" content=\"2024-05-13T15:31:51+00:00\" \/>\n<meta property=\"og:image\" content=\"https:\/\/kentis.com\/wp-content\/uploads\/2021\/10\/PTG-Euphorbia-mayurnathanii-v20-h50-frontale-scaled.jpg\" \/>\n\t<meta property=\"og:image:width\" content=\"2560\" \/>\n\t<meta property=\"og:image:height\" content=\"2560\" \/>\n\t<meta property=\"og:image:type\" content=\"image\/jpeg\" \/>\n<meta name=\"twitter:card\" content=\"summary_large_image\" \/>\n<script type=\"application\/ld+json\" class=\"yoast-schema-graph\">{\"@context\":\"https:\/\/schema.org\",\"@graph\":[{\"@type\":\"WebPage\",\"@id\":\"https:\/\/kentis.com\/de\/shop\/euphorbia-mayurnathanii\/\",\"url\":\"https:\/\/kentis.com\/de\/shop\/euphorbia-mayurnathanii\/\",\"name\":\"Euphorbia Mayurnathanii - Piante Grasse da Appartamento | Kentis\",\"isPartOf\":{\"@id\":\"https:\/\/kentis.com\/de\/#website\"},\"primaryImageOfPage\":{\"@id\":\"https:\/\/kentis.com\/de\/shop\/euphorbia-mayurnathanii\/#primaryimage\"},\"image\":{\"@id\":\"https:\/\/kentis.com\/de\/shop\/euphorbia-mayurnathanii\/#primaryimage\"},\"thumbnailUrl\":\"https:\/\/kentis.com\/wp-content\/uploads\/2021\/10\/PTG-Euphorbia-mayurnathanii-v20-h50-frontale-scaled.jpg\",\"datePublished\":\"2021-10-12T13:16:30+00:00\",\"dateModified\":\"2024-05-13T15:31:51+00:00\",\"description\":\"L'Euphorbia Mayurnathanii deve la sua particolarit\u00e0 ai suoi fusti colonnari color verde brillante ricco di piccole spine.\",\"breadcrumb\":{\"@id\":\"https:\/\/kentis.com\/de\/shop\/euphorbia-mayurnathanii\/#breadcrumb\"},\"inLanguage\":\"de\",\"potentialAction\":[{\"@type\":\"ReadAction\",\"target\":[\"https:\/\/kentis.com\/de\/shop\/euphorbia-mayurnathanii\/\"]}]},{\"@type\":\"ImageObject\",\"inLanguage\":\"de\",\"@id\":\"https:\/\/kentis.com\/de\/shop\/euphorbia-mayurnathanii\/#primaryimage\",\"url\":\"https:\/\/kentis.com\/wp-content\/uploads\/2021\/10\/PTG-Euphorbia-mayurnathanii-v20-h50-frontale-scaled.jpg\",\"contentUrl\":\"https:\/\/kentis.com\/wp-content\/uploads\/2021\/10\/PTG-Euphorbia-mayurnathanii-v20-h50-frontale-scaled.jpg\",\"width\":2560,\"height\":2560},{\"@type\":\"BreadcrumbList\",\"@id\":\"https:\/\/kentis.com\/de\/shop\/euphorbia-mayurnathanii\/#breadcrumb\",\"itemListElement\":[{\"@type\":\"ListItem\",\"position\":1,\"name\":\"Home\",\"item\":\"https:\/\/kentis.com\/de\/\"},{\"@type\":\"ListItem\",\"position\":2,\"name\":\"Gesch\u00e4ft\",\"item\":\"https:\/\/kentis.com\/de\/shop\/\"},{\"@type\":\"ListItem\",\"position\":3,\"name\":\"Pflanzen\",\"item\":\"https:\/\/kentis.com\/de\/produkt-kategorie\/pflanzen\/\"},{\"@type\":\"ListItem\",\"position\":4,\"name\":\"Zimmerpflanzen\",\"item\":\"https:\/\/kentis.com\/de\/produkt-kategorie\/pflanzen\/zimmerpflanzen\/\"},{\"@type\":\"ListItem\",\"position\":5,\"name\":\"Kaktus \/ Sukkulenten\",\"item\":\"https:\/\/kentis.com\/de\/produkt-kategorie\/pflanzen\/zimmerpflanzen\/kaktus-sukkulenten\/\"},{\"@type\":\"ListItem\",\"position\":6,\"name\":\"Euphorbia Mayurnathanii\"}]},{\"@type\":\"WebSite\",\"@id\":\"https:\/\/kentis.com\/de\/#website\",\"url\":\"https:\/\/kentis.com\/de\/\",\"name\":\"Kentis\",\"description\":\"Atelier del verde\",\"publisher\":{\"@id\":\"https:\/\/kentis.com\/de\/#organization\"},\"potentialAction\":[{\"@type\":\"SearchAction\",\"target\":{\"@type\":\"EntryPoint\",\"urlTemplate\":\"https:\/\/kentis.com\/de\/?s={search_term_string}\"},\"query-input\":{\"@type\":\"PropertyValueSpecification\",\"valueRequired\":true,\"valueName\":\"search_term_string\"}}],\"inLanguage\":\"de\"},{\"@type\":\"Organization\",\"@id\":\"https:\/\/kentis.com\/de\/#organization\",\"name\":\"Kentis\",\"url\":\"https:\/\/kentis.com\/de\/\",\"logo\":{\"@type\":\"ImageObject\",\"inLanguage\":\"de\",\"@id\":\"https:\/\/kentis.com\/de\/#\/schema\/logo\/image\/\",\"url\":\"https:\/\/kentis.com\/wp-content\/uploads\/2021\/08\/logo-main.png\",\"contentUrl\":\"https:\/\/kentis.com\/wp-content\/uploads\/2021\/08\/logo-main.png\",\"width\":800,\"height\":204,\"caption\":\"Kentis\"},\"image\":{\"@id\":\"https:\/\/kentis.com\/de\/#\/schema\/logo\/image\/\"},\"sameAs\":[\"https:\/\/www.facebook.com\/kentisgarden\",\"https:\/\/www.instagram.com\/kentisgarden\/\",\"https:\/\/it.pinterest.com\/kentisgarden\",\"https:\/\/www.tiktok.com\/@kentis.com\"]}]}<\/script>\n<!-- \/ Yoast SEO plugin. -->","yoast_head_json":{"title":"Euphorbia Mayurnathanii - Piante Grasse da Appartamento | Kentis","description":"L'Euphorbia Mayurnathanii deve la sua particolarit\u00e0 ai suoi fusti colonnari color verde brillante ricco di piccole spine.","robots":{"index":"index","follow":"follow","max-snippet":"max-snippet:-1","max-image-preview":"max-image-preview:large","max-video-preview":"max-video-preview:-1"},"canonical":"https:\/\/kentis.com\/de\/shop\/euphorbia-mayurnathanii\/","og_locale":"de_DE","og_type":"article","og_title":"Euphorbia Mayurnathanii - Piante Grasse da Appartamento | Kentis","og_description":"L'Euphorbia Mayurnathanii deve la sua particolarit\u00e0 ai suoi fusti colonnari color verde brillante ricco di piccole spine.","og_url":"https:\/\/kentis.com\/de\/shop\/euphorbia-mayurnathanii\/","og_site_name":"Kentis","article_publisher":"https:\/\/www.facebook.com\/kentisgarden","article_modified_time":"2024-05-13T15:31:51+00:00","og_image":[{"width":2560,"height":2560,"url":"https:\/\/kentis.com\/wp-content\/uploads\/2021\/10\/PTG-Euphorbia-mayurnathanii-v20-h50-frontale-scaled.jpg","type":"image\/jpeg"}],"twitter_card":"summary_large_image","schema":{"@context":"https:\/\/schema.org","@graph":[{"@type":"WebPage","@id":"https:\/\/kentis.com\/de\/shop\/euphorbia-mayurnathanii\/","url":"https:\/\/kentis.com\/de\/shop\/euphorbia-mayurnathanii\/","name":"Euphorbia Mayurnathanii - Piante Grasse da Appartamento | Kentis","isPartOf":{"@id":"https:\/\/kentis.com\/de\/#website"},"primaryImageOfPage":{"@id":"https:\/\/kentis.com\/de\/shop\/euphorbia-mayurnathanii\/#primaryimage"},"image":{"@id":"https:\/\/kentis.com\/de\/shop\/euphorbia-mayurnathanii\/#primaryimage"},"thumbnailUrl":"https:\/\/kentis.com\/wp-content\/uploads\/2021\/10\/PTG-Euphorbia-mayurnathanii-v20-h50-frontale-scaled.jpg","datePublished":"2021-10-12T13:16:30+00:00","dateModified":"2024-05-13T15:31:51+00:00","description":"L'Euphorbia Mayurnathanii deve la sua particolarit\u00e0 ai suoi fusti colonnari color verde brillante ricco di piccole spine.","breadcrumb":{"@id":"https:\/\/kentis.com\/de\/shop\/euphorbia-mayurnathanii\/#breadcrumb"},"inLanguage":"de","potentialAction":[{"@type":"ReadAction","target":["https:\/\/kentis.com\/de\/shop\/euphorbia-mayurnathanii\/"]}]},{"@type":"ImageObject","inLanguage":"de","@id":"https:\/\/kentis.com\/de\/shop\/euphorbia-mayurnathanii\/#primaryimage","url":"https:\/\/kentis.com\/wp-content\/uploads\/2021\/10\/PTG-Euphorbia-mayurnathanii-v20-h50-frontale-scaled.jpg","contentUrl":"https:\/\/kentis.com\/wp-content\/uploads\/2021\/10\/PTG-Euphorbia-mayurnathanii-v20-h50-frontale-scaled.jpg","width":2560,"height":2560},{"@type":"BreadcrumbList","@id":"https:\/\/kentis.com\/de\/shop\/euphorbia-mayurnathanii\/#breadcrumb","itemListElement":[{"@type":"ListItem","position":1,"name":"Home","item":"https:\/\/kentis.com\/de\/"},{"@type":"ListItem","position":2,"name":"Gesch\u00e4ft","item":"https:\/\/kentis.com\/de\/shop\/"},{"@type":"ListItem","position":3,"name":"Pflanzen","item":"https:\/\/kentis.com\/de\/produkt-kategorie\/pflanzen\/"},{"@type":"ListItem","position":4,"name":"Zimmerpflanzen","item":"https:\/\/kentis.com\/de\/produkt-kategorie\/pflanzen\/zimmerpflanzen\/"},{"@type":"ListItem","position":5,"name":"Kaktus \/ Sukkulenten","item":"https:\/\/kentis.com\/de\/produkt-kategorie\/pflanzen\/zimmerpflanzen\/kaktus-sukkulenten\/"},{"@type":"ListItem","position":6,"name":"Euphorbia Mayurnathanii"}]},{"@type":"WebSite","@id":"https:\/\/kentis.com\/de\/#website","url":"https:\/\/kentis.com\/de\/","name":"Kentis","description":"Atelier del verde","publisher":{"@id":"https:\/\/kentis.com\/de\/#organization"},"potentialAction":[{"@type":"SearchAction","target":{"@type":"EntryPoint","urlTemplate":"https:\/\/kentis.com\/de\/?s={search_term_string}"},"query-input":{"@type":"PropertyValueSpecification","valueRequired":true,"valueName":"search_term_string"}}],"inLanguage":"de"},{"@type":"Organization","@id":"https:\/\/kentis.com\/de\/#organization","name":"Kentis","url":"https:\/\/kentis.com\/de\/","logo":{"@type":"ImageObject","inLanguage":"de","@id":"https:\/\/kentis.com\/de\/#\/schema\/logo\/image\/","url":"https:\/\/kentis.com\/wp-content\/uploads\/2021\/08\/logo-main.png","contentUrl":"https:\/\/kentis.com\/wp-content\/uploads\/2021\/08\/logo-main.png","width":800,"height":204,"caption":"Kentis"},"image":{"@id":"https:\/\/kentis.com\/de\/#\/schema\/logo\/image\/"},"sameAs":["https:\/\/www.facebook.com\/kentisgarden","https:\/\/www.instagram.com\/kentisgarden\/","https:\/\/it.pinterest.com\/kentisgarden","https:\/\/www.tiktok.com\/@kentis.com"]}]}},"_links":{"self":[{"href":"https:\/\/kentis.com\/de\/wp-json\/wp\/v2\/product\/25256","targetHints":{"allow":["GET"]}}],"collection":[{"href":"https:\/\/kentis.com\/de\/wp-json\/wp\/v2\/product"}],"about":[{"href":"https:\/\/kentis.com\/de\/wp-json\/wp\/v2\/types\/product"}],"wp:featuredmedia":[{"embeddable":true,"href":"https:\/\/kentis.com\/de\/wp-json\/wp\/v2\/media\/16203"}],"wp:attachment":[{"href":"https:\/\/kentis.com\/de\/wp-json\/wp\/v2\/media?parent=25256"}],"wp:term":[{"taxonomy":"product_cat","embeddable":true,"href":"https:\/\/kentis.com\/de\/wp-json\/wp\/v2\/product_cat?post=25256"},{"taxonomy":"product_tag","embeddable":true,"href":"https:\/\/kentis.com\/de\/wp-json\/wp\/v2\/product_tag?post=25256"}],"curies":[{"name":"wp","href":"https:\/\/api.w.org\/{rel}","templated":true}]}}