{"id":25145,"date":"2021-10-28T12:13:52","date_gmt":"2021-10-28T10:13:52","guid":{"rendered":"https:\/\/kentis.com\/negozio\/vaso-classic-matte-high-pot\/"},"modified":"2024-11-22T17:10:22","modified_gmt":"2024-11-22T16:10:22","slug":"klassischer-mattierter-hoher-topf","status":"publish","type":"product","link":"https:\/\/kentis.com\/de\/shop\/klassischer-mattierter-hoher-topf\/","title":{"rendered":"Klassischer Mattierter Hoher Topf"},"content":{"rendered":"<div class=\"fusion-fullwidth fullwidth-box fusion-builder-row-1 fusion-flex-container nonhundred-percent-fullwidth non-hundred-percent-height-scrolling\" style=\"--awb-border-radius-top-left:0px;--awb-border-radius-top-right:0px;--awb-border-radius-bottom-right:0px;--awb-border-radius-bottom-left:0px;--awb-flex-wrap:wrap;\" ><div class=\"fusion-builder-row fusion-row fusion-flex-align-items-flex-start fusion-flex-content-wrap\" style=\"max-width:1248px;margin-left: calc(-4% \/ 2 );margin-right: calc(-4% \/ 2 );\"><div class=\"fusion-layout-column fusion_builder_column fusion-builder-column-0 fusion_builder_column_1_1 1_1 fusion-flex-column\" style=\"--awb-bg-size:cover;--awb-width-large:100%;--awb-margin-top-large:0px;--awb-spacing-right-large:1.92%;--awb-margin-bottom-large:0px;--awb-spacing-left-large:1.92%;--awb-width-medium:100%;--awb-spacing-right-medium:1.92%;--awb-spacing-left-medium:1.92%;--awb-width-small:100%;--awb-spacing-right-small:1.92%;--awb-spacing-left-small:1.92%;\"><div class=\"fusion-column-wrapper fusion-flex-justify-content-flex-start fusion-content-layout-column\"><div class=\"fusion-text fusion-text-1\"><ul>\n<li>DESIGN &#8211; Der perfekte gr\u00fcne Raumteiler, um Ihren Innen- und Au\u00dfenbereich abzugrenzen. Dieser Topf zeichnet sich durch sein einfaches, aber tadelloses Design aus. Er wurde als Topfdeckel mit Wasserreservoir entworfen, aber wenn Sie m\u00f6chten, k\u00f6nnen Sie an den angegebenen Stellen L\u00f6cher in den Boden bohren, um ihn in einen echten Topf zu verwandeln.<\/li>\n<li>ABMESSUNGEN &#8211; Durchmesser \u00d8 27 cm, H\u00f6he 29 cm | Durchmesser \u00d8 32 cm, H\u00f6he 35,2 cm | Durchmesser \u00d8 45 cm, H\u00f6he 53 cm.<\/li>\n<li>QUALIT\u00c4T &#8211; Alle unsere Vasen sind nicht nur Made in Italy, sondern werden auch aus ausgew\u00e4hlten Materialien hergestellt, um die bestm\u00f6gliche Qualit\u00e4t zu garantieren.<\/li>\n<li>CUSTOMISATION &#8211; Ben\u00f6tigen Sie andere Gr\u00f6\u00dfen, Farben oder Mengen als die aufgef\u00fchrten? Keine Sorge, wir von Kentis helfen Ihnen gerne bei allen Zweifeln oder Anpassungen vor Ihrem Kauf.<\/li>\n<\/ul>\n<\/div><\/div><\/div><\/div><\/div>\n","protected":false},"excerpt":{"rendered":"","protected":false},"featured_media":16006,"template":"","meta":{"_acf_changed":false},"product_cat":[595,727],"product_tag":[],"class_list":{"0":"post-25145","1":"product","2":"type-product","3":"status-publish","4":"has-post-thumbnail","6":"product_cat-topfs","7":"product_cat-zubehoer","8":"product_shipping_class-evergreen-de","10":"first","11":"instock","12":"taxable","13":"shipping-taxable","14":"purchasable","15":"product-type-variable","16":"has-default-attributes"},"acf":[],"yoast_head":"<!-- This site is optimized with the Yoast SEO plugin v23.4 - https:\/\/yoast.com\/wordpress\/plugins\/seo\/ -->\n<title>Klassischer Mattierter Hoher Topf - Pflanzentopf | Kentis<\/title>\n<meta name=\"description\" content=\"Der Classic Matte High Pot ist der perfekte gr\u00fcne Raumteiler, um Ihre Innen- und Au\u00dfenbereiche abzugrenzen, mit einem einfachen, aber tadellosen Design.\" \/>\n<meta name=\"robots\" content=\"index, follow, max-snippet:-1, max-image-preview:large, max-video-preview:-1\" \/>\n<link rel=\"canonical\" href=\"https:\/\/kentis.com\/de\/shop\/klassischer-mattierter-hoher-topf\/\" \/>\n<meta property=\"og:locale\" content=\"de_DE\" \/>\n<meta property=\"og:type\" content=\"article\" \/>\n<meta property=\"og:title\" content=\"Klassischer Mattierter Hoher Topf - Pflanzentopf | Kentis\" \/>\n<meta property=\"og:description\" content=\"Der Classic Matte High Pot ist der perfekte gr\u00fcne Raumteiler, um Ihre Innen- und Au\u00dfenbereiche abzugrenzen, mit einem einfachen, aber tadellosen Design.\" \/>\n<meta property=\"og:url\" content=\"https:\/\/kentis.com\/de\/shop\/klassischer-mattierter-hoher-topf\/\" \/>\n<meta property=\"og:site_name\" content=\"Kentis\" \/>\n<meta property=\"article:publisher\" content=\"https:\/\/www.facebook.com\/kentisgarden\" \/>\n<meta property=\"article:modified_time\" content=\"2024-11-22T16:10:22+00:00\" \/>\n<meta property=\"og:image\" content=\"https:\/\/kentis.com\/wp-content\/uploads\/2021\/10\/Classic-Matte-HIGH-POT-_110-1024x1024.png\" \/>\n\t<meta property=\"og:image:width\" content=\"1024\" \/>\n\t<meta property=\"og:image:height\" content=\"1024\" \/>\n\t<meta property=\"og:image:type\" content=\"image\/png\" \/>\n<meta name=\"twitter:card\" content=\"summary_large_image\" \/>\n<meta name=\"twitter:label1\" content=\"Gesch\u00e4tzte Lesezeit\" \/>\n\t<meta name=\"twitter:data1\" content=\"1\u00a0Minute\" \/>\n<script type=\"application\/ld+json\" class=\"yoast-schema-graph\">{\"@context\":\"https:\/\/schema.org\",\"@graph\":[{\"@type\":\"WebPage\",\"@id\":\"https:\/\/kentis.com\/de\/shop\/klassischer-mattierter-hoher-topf\/\",\"url\":\"https:\/\/kentis.com\/de\/shop\/klassischer-mattierter-hoher-topf\/\",\"name\":\"Klassischer Mattierter Hoher Topf - Pflanzentopf | Kentis\",\"isPartOf\":{\"@id\":\"https:\/\/kentis.com\/de\/#website\"},\"primaryImageOfPage\":{\"@id\":\"https:\/\/kentis.com\/de\/shop\/klassischer-mattierter-hoher-topf\/#primaryimage\"},\"image\":{\"@id\":\"https:\/\/kentis.com\/de\/shop\/klassischer-mattierter-hoher-topf\/#primaryimage\"},\"thumbnailUrl\":\"https:\/\/kentis.com\/wp-content\/uploads\/2021\/10\/Classic-Matte-HIGH-POT-_110.png\",\"datePublished\":\"2021-10-28T10:13:52+00:00\",\"dateModified\":\"2024-11-22T16:10:22+00:00\",\"description\":\"Der Classic Matte High Pot ist der perfekte gr\u00fcne Raumteiler, um Ihre Innen- und Au\u00dfenbereiche abzugrenzen, mit einem einfachen, aber tadellosen Design.\",\"breadcrumb\":{\"@id\":\"https:\/\/kentis.com\/de\/shop\/klassischer-mattierter-hoher-topf\/#breadcrumb\"},\"inLanguage\":\"de\",\"potentialAction\":[{\"@type\":\"ReadAction\",\"target\":[\"https:\/\/kentis.com\/de\/shop\/klassischer-mattierter-hoher-topf\/\"]}]},{\"@type\":\"ImageObject\",\"inLanguage\":\"de\",\"@id\":\"https:\/\/kentis.com\/de\/shop\/klassischer-mattierter-hoher-topf\/#primaryimage\",\"url\":\"https:\/\/kentis.com\/wp-content\/uploads\/2021\/10\/Classic-Matte-HIGH-POT-_110.png\",\"contentUrl\":\"https:\/\/kentis.com\/wp-content\/uploads\/2021\/10\/Classic-Matte-HIGH-POT-_110.png\",\"width\":4912,\"height\":4912},{\"@type\":\"BreadcrumbList\",\"@id\":\"https:\/\/kentis.com\/de\/shop\/klassischer-mattierter-hoher-topf\/#breadcrumb\",\"itemListElement\":[{\"@type\":\"ListItem\",\"position\":1,\"name\":\"Home\",\"item\":\"https:\/\/kentis.com\/de\/\"},{\"@type\":\"ListItem\",\"position\":2,\"name\":\"Gesch\u00e4ft\",\"item\":\"https:\/\/kentis.com\/de\/shop\/\"},{\"@type\":\"ListItem\",\"position\":3,\"name\":\"Zubeh\u00f6r\",\"item\":\"https:\/\/kentis.com\/de\/produkt-kategorie\/zubehoer\/\"},{\"@type\":\"ListItem\",\"position\":4,\"name\":\"Topfs\",\"item\":\"https:\/\/kentis.com\/de\/produkt-kategorie\/zubehoer\/topfs\/\"},{\"@type\":\"ListItem\",\"position\":5,\"name\":\"Klassischer Mattierter Hoher Topf\"}]},{\"@type\":\"WebSite\",\"@id\":\"https:\/\/kentis.com\/de\/#website\",\"url\":\"https:\/\/kentis.com\/de\/\",\"name\":\"Kentis\",\"description\":\"Atelier del verde\",\"publisher\":{\"@id\":\"https:\/\/kentis.com\/de\/#organization\"},\"potentialAction\":[{\"@type\":\"SearchAction\",\"target\":{\"@type\":\"EntryPoint\",\"urlTemplate\":\"https:\/\/kentis.com\/de\/?s={search_term_string}\"},\"query-input\":{\"@type\":\"PropertyValueSpecification\",\"valueRequired\":true,\"valueName\":\"search_term_string\"}}],\"inLanguage\":\"de\"},{\"@type\":\"Organization\",\"@id\":\"https:\/\/kentis.com\/de\/#organization\",\"name\":\"Kentis\",\"url\":\"https:\/\/kentis.com\/de\/\",\"logo\":{\"@type\":\"ImageObject\",\"inLanguage\":\"de\",\"@id\":\"https:\/\/kentis.com\/de\/#\/schema\/logo\/image\/\",\"url\":\"https:\/\/kentis.com\/wp-content\/uploads\/2021\/08\/logo-main.png\",\"contentUrl\":\"https:\/\/kentis.com\/wp-content\/uploads\/2021\/08\/logo-main.png\",\"width\":800,\"height\":204,\"caption\":\"Kentis\"},\"image\":{\"@id\":\"https:\/\/kentis.com\/de\/#\/schema\/logo\/image\/\"},\"sameAs\":[\"https:\/\/www.facebook.com\/kentisgarden\",\"https:\/\/www.instagram.com\/kentisgarden\/\",\"https:\/\/it.pinterest.com\/kentisgarden\",\"https:\/\/www.tiktok.com\/@kentis.com\"]}]}<\/script>\n<!-- \/ Yoast SEO plugin. -->","yoast_head_json":{"title":"Klassischer Mattierter Hoher Topf - Pflanzentopf | Kentis","description":"Der Classic Matte High Pot ist der perfekte gr\u00fcne Raumteiler, um Ihre Innen- und Au\u00dfenbereiche abzugrenzen, mit einem einfachen, aber tadellosen Design.","robots":{"index":"index","follow":"follow","max-snippet":"max-snippet:-1","max-image-preview":"max-image-preview:large","max-video-preview":"max-video-preview:-1"},"canonical":"https:\/\/kentis.com\/de\/shop\/klassischer-mattierter-hoher-topf\/","og_locale":"de_DE","og_type":"article","og_title":"Klassischer Mattierter Hoher Topf - Pflanzentopf | Kentis","og_description":"Der Classic Matte High Pot ist der perfekte gr\u00fcne Raumteiler, um Ihre Innen- und Au\u00dfenbereiche abzugrenzen, mit einem einfachen, aber tadellosen Design.","og_url":"https:\/\/kentis.com\/de\/shop\/klassischer-mattierter-hoher-topf\/","og_site_name":"Kentis","article_publisher":"https:\/\/www.facebook.com\/kentisgarden","article_modified_time":"2024-11-22T16:10:22+00:00","og_image":[{"width":1024,"height":1024,"url":"https:\/\/kentis.com\/wp-content\/uploads\/2021\/10\/Classic-Matte-HIGH-POT-_110-1024x1024.png","type":"image\/png"}],"twitter_card":"summary_large_image","twitter_misc":{"Gesch\u00e4tzte Lesezeit":"1\u00a0Minute"},"schema":{"@context":"https:\/\/schema.org","@graph":[{"@type":"WebPage","@id":"https:\/\/kentis.com\/de\/shop\/klassischer-mattierter-hoher-topf\/","url":"https:\/\/kentis.com\/de\/shop\/klassischer-mattierter-hoher-topf\/","name":"Klassischer Mattierter Hoher Topf - Pflanzentopf | Kentis","isPartOf":{"@id":"https:\/\/kentis.com\/de\/#website"},"primaryImageOfPage":{"@id":"https:\/\/kentis.com\/de\/shop\/klassischer-mattierter-hoher-topf\/#primaryimage"},"image":{"@id":"https:\/\/kentis.com\/de\/shop\/klassischer-mattierter-hoher-topf\/#primaryimage"},"thumbnailUrl":"https:\/\/kentis.com\/wp-content\/uploads\/2021\/10\/Classic-Matte-HIGH-POT-_110.png","datePublished":"2021-10-28T10:13:52+00:00","dateModified":"2024-11-22T16:10:22+00:00","description":"Der Classic Matte High Pot ist der perfekte gr\u00fcne Raumteiler, um Ihre Innen- und Au\u00dfenbereiche abzugrenzen, mit einem einfachen, aber tadellosen Design.","breadcrumb":{"@id":"https:\/\/kentis.com\/de\/shop\/klassischer-mattierter-hoher-topf\/#breadcrumb"},"inLanguage":"de","potentialAction":[{"@type":"ReadAction","target":["https:\/\/kentis.com\/de\/shop\/klassischer-mattierter-hoher-topf\/"]}]},{"@type":"ImageObject","inLanguage":"de","@id":"https:\/\/kentis.com\/de\/shop\/klassischer-mattierter-hoher-topf\/#primaryimage","url":"https:\/\/kentis.com\/wp-content\/uploads\/2021\/10\/Classic-Matte-HIGH-POT-_110.png","contentUrl":"https:\/\/kentis.com\/wp-content\/uploads\/2021\/10\/Classic-Matte-HIGH-POT-_110.png","width":4912,"height":4912},{"@type":"BreadcrumbList","@id":"https:\/\/kentis.com\/de\/shop\/klassischer-mattierter-hoher-topf\/#breadcrumb","itemListElement":[{"@type":"ListItem","position":1,"name":"Home","item":"https:\/\/kentis.com\/de\/"},{"@type":"ListItem","position":2,"name":"Gesch\u00e4ft","item":"https:\/\/kentis.com\/de\/shop\/"},{"@type":"ListItem","position":3,"name":"Zubeh\u00f6r","item":"https:\/\/kentis.com\/de\/produkt-kategorie\/zubehoer\/"},{"@type":"ListItem","position":4,"name":"Topfs","item":"https:\/\/kentis.com\/de\/produkt-kategorie\/zubehoer\/topfs\/"},{"@type":"ListItem","position":5,"name":"Klassischer Mattierter Hoher Topf"}]},{"@type":"WebSite","@id":"https:\/\/kentis.com\/de\/#website","url":"https:\/\/kentis.com\/de\/","name":"Kentis","description":"Atelier del verde","publisher":{"@id":"https:\/\/kentis.com\/de\/#organization"},"potentialAction":[{"@type":"SearchAction","target":{"@type":"EntryPoint","urlTemplate":"https:\/\/kentis.com\/de\/?s={search_term_string}"},"query-input":{"@type":"PropertyValueSpecification","valueRequired":true,"valueName":"search_term_string"}}],"inLanguage":"de"},{"@type":"Organization","@id":"https:\/\/kentis.com\/de\/#organization","name":"Kentis","url":"https:\/\/kentis.com\/de\/","logo":{"@type":"ImageObject","inLanguage":"de","@id":"https:\/\/kentis.com\/de\/#\/schema\/logo\/image\/","url":"https:\/\/kentis.com\/wp-content\/uploads\/2021\/08\/logo-main.png","contentUrl":"https:\/\/kentis.com\/wp-content\/uploads\/2021\/08\/logo-main.png","width":800,"height":204,"caption":"Kentis"},"image":{"@id":"https:\/\/kentis.com\/de\/#\/schema\/logo\/image\/"},"sameAs":["https:\/\/www.facebook.com\/kentisgarden","https:\/\/www.instagram.com\/kentisgarden\/","https:\/\/it.pinterest.com\/kentisgarden","https:\/\/www.tiktok.com\/@kentis.com"]}]}},"_links":{"self":[{"href":"https:\/\/kentis.com\/de\/wp-json\/wp\/v2\/product\/25145","targetHints":{"allow":["GET"]}}],"collection":[{"href":"https:\/\/kentis.com\/de\/wp-json\/wp\/v2\/product"}],"about":[{"href":"https:\/\/kentis.com\/de\/wp-json\/wp\/v2\/types\/product"}],"wp:featuredmedia":[{"embeddable":true,"href":"https:\/\/kentis.com\/de\/wp-json\/wp\/v2\/media\/16006"}],"wp:attachment":[{"href":"https:\/\/kentis.com\/de\/wp-json\/wp\/v2\/media?parent=25145"}],"wp:term":[{"taxonomy":"product_cat","embeddable":true,"href":"https:\/\/kentis.com\/de\/wp-json\/wp\/v2\/product_cat?post=25145"},{"taxonomy":"product_tag","embeddable":true,"href":"https:\/\/kentis.com\/de\/wp-json\/wp\/v2\/product_tag?post=25145"}],"curies":[{"name":"wp","href":"https:\/\/api.w.org\/{rel}","templated":true}]}}