{"id":25125,"date":"2021-10-28T12:54:48","date_gmt":"2021-10-28T10:54:48","guid":{"rendered":"https:\/\/kentis.com\/negozio\/vaso-classic-matte-square-high\/"},"modified":"2024-11-22T17:28:05","modified_gmt":"2024-11-22T16:28:05","slug":"vase-classic-matte-quadratisch-hoch","status":"publish","type":"product","link":"https:\/\/kentis.com\/de\/shop\/vase-classic-matte-quadratisch-hoch\/","title":{"rendered":"Vase Classic Matte Quadratisch Hoch"},"content":{"rendered":"<div class=\"fusion-fullwidth fullwidth-box fusion-builder-row-1 fusion-flex-container nonhundred-percent-fullwidth non-hundred-percent-height-scrolling\" style=\"--awb-border-radius-top-left:0px;--awb-border-radius-top-right:0px;--awb-border-radius-bottom-right:0px;--awb-border-radius-bottom-left:0px;--awb-flex-wrap:wrap;\" ><div class=\"fusion-builder-row fusion-row fusion-flex-align-items-flex-start fusion-flex-content-wrap\" style=\"max-width:1248px;margin-left: calc(-4% \/ 2 );margin-right: calc(-4% \/ 2 );\"><div class=\"fusion-layout-column fusion_builder_column fusion-builder-column-0 fusion_builder_column_1_1 1_1 fusion-flex-column\" style=\"--awb-bg-size:cover;--awb-width-large:100%;--awb-margin-top-large:0px;--awb-spacing-right-large:1.92%;--awb-margin-bottom-large:0px;--awb-spacing-left-large:1.92%;--awb-width-medium:100%;--awb-spacing-right-medium:1.92%;--awb-spacing-left-medium:1.92%;--awb-width-small:100%;--awb-spacing-right-small:1.92%;--awb-spacing-left-small:1.92%;\"><div class=\"fusion-column-wrapper fusion-flex-justify-content-flex-start fusion-content-layout-column\"><div class=\"fusion-text fusion-text-1\"><ul>\n<li>WASSERSPEICHER &#8211; Der selbstbew\u00e4ssernde Topf Classic Matte SMART! Square High 30 SWS zeichnet sich durch eine quadratische Form und ein Wasserspeichersystem von ca. 2,5 cm am Boden des Topfes aus, das den richtigen Prozentsatz an Feuchtigkeit f\u00fcr die Pflanzenwurzeln garantiert; sehr n\u00fctzlich f\u00fcr diejenigen, die weniger Zeit f\u00fcr ihre Pflanzen haben und ein \u201eHilfsmittel\u201c w\u00fcnschen, um sie gesund zu halten! Er kann auch mit dem \u00dcbertopf aus derselben Serie kombiniert werden.<\/li>\n<li>FUNKTIONAL &#8211; Ein weiteres wichtiges Merkmal ist der mitgelieferte schwarze Topf, der nicht nur eine Wasserreserve bietet, sondern auch das Auswechseln von abgestorbenen oder besch\u00e4digten Pflanzen sehr einfach macht.<br \/>\nABMESSUNGEN &#8211; Durchmesser \u00d8 30&#215;30 cm, H\u00f6he 34 cm.<\/li>\n<li>QUALIT\u00c4T &#8211; Alle unsere T\u00f6pfe sind nicht nur Made in Italy, sondern werden auch aus ausgew\u00e4hlten Materialien hergestellt, um die bestm\u00f6gliche Qualit\u00e4t zu garantieren.<\/li>\n<li>PERSONALISIERUNG &#8211; Ben\u00f6tigen Sie andere Gr\u00f6\u00dfen, Farben oder Mengen als die abgebildeten? Keine Sorge, wir von Kentis helfen Ihnen gerne bei allen Fragen oder Anpassungen vor dem Kauf.<\/li>\n<\/ul>\n<\/div><\/div><\/div><\/div><\/div>\n","protected":false},"excerpt":{"rendered":"","protected":false},"featured_media":15976,"template":"","meta":{"_acf_changed":false},"product_cat":[595,727],"product_tag":[],"class_list":{"0":"post-25125","1":"product","2":"type-product","3":"status-publish","4":"has-post-thumbnail","6":"product_cat-topfs","7":"product_cat-zubehoer","8":"product_shipping_class-evergreen-de","10":"first","11":"instock","12":"taxable","13":"shipping-taxable","14":"purchasable","15":"product-type-variable","16":"has-default-attributes"},"acf":[],"yoast_head":"<!-- This site is optimized with the Yoast SEO plugin v23.4 - https:\/\/yoast.com\/wordpress\/plugins\/seo\/ -->\n<title>Vase Classic Matte Quadratisch Hoch | Kentis<\/title>\n<meta name=\"description\" content=\"Das Pflanzgef\u00e4\u00df Classic Matte Square High ist das perfekte Pflanzgef\u00e4\u00df f\u00fcr Ihren Innen- und Au\u00dfenbereich, mit einem schlichten, aber tadellosen Design.\" \/>\n<meta name=\"robots\" content=\"index, follow, max-snippet:-1, max-image-preview:large, max-video-preview:-1\" \/>\n<link rel=\"canonical\" href=\"https:\/\/kentis.com\/de\/shop\/vase-classic-matte-quadratisch-hoch\/\" \/>\n<meta property=\"og:locale\" content=\"de_DE\" \/>\n<meta property=\"og:type\" content=\"article\" \/>\n<meta property=\"og:title\" content=\"Vase Classic Matte Quadratisch Hoch | Kentis\" \/>\n<meta property=\"og:description\" content=\"Das Pflanzgef\u00e4\u00df Classic Matte Square High ist das perfekte Pflanzgef\u00e4\u00df f\u00fcr Ihren Innen- und Au\u00dfenbereich, mit einem schlichten, aber tadellosen Design.\" \/>\n<meta property=\"og:url\" content=\"https:\/\/kentis.com\/de\/shop\/vase-classic-matte-quadratisch-hoch\/\" \/>\n<meta property=\"og:site_name\" content=\"Kentis\" \/>\n<meta property=\"article:publisher\" content=\"https:\/\/www.facebook.com\/kentisgarden\" \/>\n<meta property=\"article:modified_time\" content=\"2024-11-22T16:28:05+00:00\" \/>\n<meta property=\"og:image\" content=\"https:\/\/kentis.com\/wp-content\/uploads\/2021\/10\/SMART-SQUARE-HIGH-30-SWS-120.png\" \/>\n\t<meta property=\"og:image:width\" content=\"2670\" \/>\n\t<meta property=\"og:image:height\" content=\"2670\" \/>\n\t<meta property=\"og:image:type\" content=\"image\/png\" \/>\n<meta name=\"twitter:card\" content=\"summary_large_image\" \/>\n<meta name=\"twitter:label1\" content=\"Gesch\u00e4tzte Lesezeit\" \/>\n\t<meta name=\"twitter:data1\" content=\"2\u00a0Minuten\" \/>\n<script type=\"application\/ld+json\" class=\"yoast-schema-graph\">{\"@context\":\"https:\/\/schema.org\",\"@graph\":[{\"@type\":\"WebPage\",\"@id\":\"https:\/\/kentis.com\/de\/shop\/vase-classic-matte-quadratisch-hoch\/\",\"url\":\"https:\/\/kentis.com\/de\/shop\/vase-classic-matte-quadratisch-hoch\/\",\"name\":\"Vase Classic Matte Quadratisch Hoch | Kentis\",\"isPartOf\":{\"@id\":\"https:\/\/kentis.com\/de\/#website\"},\"primaryImageOfPage\":{\"@id\":\"https:\/\/kentis.com\/de\/shop\/vase-classic-matte-quadratisch-hoch\/#primaryimage\"},\"image\":{\"@id\":\"https:\/\/kentis.com\/de\/shop\/vase-classic-matte-quadratisch-hoch\/#primaryimage\"},\"thumbnailUrl\":\"https:\/\/kentis.com\/wp-content\/uploads\/2021\/10\/SMART-SQUARE-HIGH-30-SWS-120.png\",\"datePublished\":\"2021-10-28T10:54:48+00:00\",\"dateModified\":\"2024-11-22T16:28:05+00:00\",\"description\":\"Das Pflanzgef\u00e4\u00df Classic Matte Square High ist das perfekte Pflanzgef\u00e4\u00df f\u00fcr Ihren Innen- und Au\u00dfenbereich, mit einem schlichten, aber tadellosen Design.\",\"breadcrumb\":{\"@id\":\"https:\/\/kentis.com\/de\/shop\/vase-classic-matte-quadratisch-hoch\/#breadcrumb\"},\"inLanguage\":\"de\",\"potentialAction\":[{\"@type\":\"ReadAction\",\"target\":[\"https:\/\/kentis.com\/de\/shop\/vase-classic-matte-quadratisch-hoch\/\"]}]},{\"@type\":\"ImageObject\",\"inLanguage\":\"de\",\"@id\":\"https:\/\/kentis.com\/de\/shop\/vase-classic-matte-quadratisch-hoch\/#primaryimage\",\"url\":\"https:\/\/kentis.com\/wp-content\/uploads\/2021\/10\/SMART-SQUARE-HIGH-30-SWS-120.png\",\"contentUrl\":\"https:\/\/kentis.com\/wp-content\/uploads\/2021\/10\/SMART-SQUARE-HIGH-30-SWS-120.png\",\"width\":2670,\"height\":2670},{\"@type\":\"BreadcrumbList\",\"@id\":\"https:\/\/kentis.com\/de\/shop\/vase-classic-matte-quadratisch-hoch\/#breadcrumb\",\"itemListElement\":[{\"@type\":\"ListItem\",\"position\":1,\"name\":\"Home\",\"item\":\"https:\/\/kentis.com\/de\/\"},{\"@type\":\"ListItem\",\"position\":2,\"name\":\"Gesch\u00e4ft\",\"item\":\"https:\/\/kentis.com\/de\/shop\/\"},{\"@type\":\"ListItem\",\"position\":3,\"name\":\"Zubeh\u00f6r\",\"item\":\"https:\/\/kentis.com\/de\/produkt-kategorie\/zubehoer\/\"},{\"@type\":\"ListItem\",\"position\":4,\"name\":\"Topfs\",\"item\":\"https:\/\/kentis.com\/de\/produkt-kategorie\/zubehoer\/topfs\/\"},{\"@type\":\"ListItem\",\"position\":5,\"name\":\"Vase Classic Matte Quadratisch Hoch\"}]},{\"@type\":\"WebSite\",\"@id\":\"https:\/\/kentis.com\/de\/#website\",\"url\":\"https:\/\/kentis.com\/de\/\",\"name\":\"Kentis\",\"description\":\"Atelier del verde\",\"publisher\":{\"@id\":\"https:\/\/kentis.com\/de\/#organization\"},\"potentialAction\":[{\"@type\":\"SearchAction\",\"target\":{\"@type\":\"EntryPoint\",\"urlTemplate\":\"https:\/\/kentis.com\/de\/?s={search_term_string}\"},\"query-input\":{\"@type\":\"PropertyValueSpecification\",\"valueRequired\":true,\"valueName\":\"search_term_string\"}}],\"inLanguage\":\"de\"},{\"@type\":\"Organization\",\"@id\":\"https:\/\/kentis.com\/de\/#organization\",\"name\":\"Kentis\",\"url\":\"https:\/\/kentis.com\/de\/\",\"logo\":{\"@type\":\"ImageObject\",\"inLanguage\":\"de\",\"@id\":\"https:\/\/kentis.com\/de\/#\/schema\/logo\/image\/\",\"url\":\"https:\/\/kentis.com\/wp-content\/uploads\/2021\/08\/logo-main.png\",\"contentUrl\":\"https:\/\/kentis.com\/wp-content\/uploads\/2021\/08\/logo-main.png\",\"width\":800,\"height\":204,\"caption\":\"Kentis\"},\"image\":{\"@id\":\"https:\/\/kentis.com\/de\/#\/schema\/logo\/image\/\"},\"sameAs\":[\"https:\/\/www.facebook.com\/kentisgarden\",\"https:\/\/www.instagram.com\/kentisgarden\/\",\"https:\/\/it.pinterest.com\/kentisgarden\",\"https:\/\/www.tiktok.com\/@kentis.com\"]}]}<\/script>\n<!-- \/ Yoast SEO plugin. -->","yoast_head_json":{"title":"Vase Classic Matte Quadratisch Hoch | Kentis","description":"Das Pflanzgef\u00e4\u00df Classic Matte Square High ist das perfekte Pflanzgef\u00e4\u00df f\u00fcr Ihren Innen- und Au\u00dfenbereich, mit einem schlichten, aber tadellosen Design.","robots":{"index":"index","follow":"follow","max-snippet":"max-snippet:-1","max-image-preview":"max-image-preview:large","max-video-preview":"max-video-preview:-1"},"canonical":"https:\/\/kentis.com\/de\/shop\/vase-classic-matte-quadratisch-hoch\/","og_locale":"de_DE","og_type":"article","og_title":"Vase Classic Matte Quadratisch Hoch | Kentis","og_description":"Das Pflanzgef\u00e4\u00df Classic Matte Square High ist das perfekte Pflanzgef\u00e4\u00df f\u00fcr Ihren Innen- und Au\u00dfenbereich, mit einem schlichten, aber tadellosen Design.","og_url":"https:\/\/kentis.com\/de\/shop\/vase-classic-matte-quadratisch-hoch\/","og_site_name":"Kentis","article_publisher":"https:\/\/www.facebook.com\/kentisgarden","article_modified_time":"2024-11-22T16:28:05+00:00","og_image":[{"width":2670,"height":2670,"url":"https:\/\/kentis.com\/wp-content\/uploads\/2021\/10\/SMART-SQUARE-HIGH-30-SWS-120.png","type":"image\/png"}],"twitter_card":"summary_large_image","twitter_misc":{"Gesch\u00e4tzte Lesezeit":"2\u00a0Minuten"},"schema":{"@context":"https:\/\/schema.org","@graph":[{"@type":"WebPage","@id":"https:\/\/kentis.com\/de\/shop\/vase-classic-matte-quadratisch-hoch\/","url":"https:\/\/kentis.com\/de\/shop\/vase-classic-matte-quadratisch-hoch\/","name":"Vase Classic Matte Quadratisch Hoch | Kentis","isPartOf":{"@id":"https:\/\/kentis.com\/de\/#website"},"primaryImageOfPage":{"@id":"https:\/\/kentis.com\/de\/shop\/vase-classic-matte-quadratisch-hoch\/#primaryimage"},"image":{"@id":"https:\/\/kentis.com\/de\/shop\/vase-classic-matte-quadratisch-hoch\/#primaryimage"},"thumbnailUrl":"https:\/\/kentis.com\/wp-content\/uploads\/2021\/10\/SMART-SQUARE-HIGH-30-SWS-120.png","datePublished":"2021-10-28T10:54:48+00:00","dateModified":"2024-11-22T16:28:05+00:00","description":"Das Pflanzgef\u00e4\u00df Classic Matte Square High ist das perfekte Pflanzgef\u00e4\u00df f\u00fcr Ihren Innen- und Au\u00dfenbereich, mit einem schlichten, aber tadellosen Design.","breadcrumb":{"@id":"https:\/\/kentis.com\/de\/shop\/vase-classic-matte-quadratisch-hoch\/#breadcrumb"},"inLanguage":"de","potentialAction":[{"@type":"ReadAction","target":["https:\/\/kentis.com\/de\/shop\/vase-classic-matte-quadratisch-hoch\/"]}]},{"@type":"ImageObject","inLanguage":"de","@id":"https:\/\/kentis.com\/de\/shop\/vase-classic-matte-quadratisch-hoch\/#primaryimage","url":"https:\/\/kentis.com\/wp-content\/uploads\/2021\/10\/SMART-SQUARE-HIGH-30-SWS-120.png","contentUrl":"https:\/\/kentis.com\/wp-content\/uploads\/2021\/10\/SMART-SQUARE-HIGH-30-SWS-120.png","width":2670,"height":2670},{"@type":"BreadcrumbList","@id":"https:\/\/kentis.com\/de\/shop\/vase-classic-matte-quadratisch-hoch\/#breadcrumb","itemListElement":[{"@type":"ListItem","position":1,"name":"Home","item":"https:\/\/kentis.com\/de\/"},{"@type":"ListItem","position":2,"name":"Gesch\u00e4ft","item":"https:\/\/kentis.com\/de\/shop\/"},{"@type":"ListItem","position":3,"name":"Zubeh\u00f6r","item":"https:\/\/kentis.com\/de\/produkt-kategorie\/zubehoer\/"},{"@type":"ListItem","position":4,"name":"Topfs","item":"https:\/\/kentis.com\/de\/produkt-kategorie\/zubehoer\/topfs\/"},{"@type":"ListItem","position":5,"name":"Vase Classic Matte Quadratisch Hoch"}]},{"@type":"WebSite","@id":"https:\/\/kentis.com\/de\/#website","url":"https:\/\/kentis.com\/de\/","name":"Kentis","description":"Atelier del verde","publisher":{"@id":"https:\/\/kentis.com\/de\/#organization"},"potentialAction":[{"@type":"SearchAction","target":{"@type":"EntryPoint","urlTemplate":"https:\/\/kentis.com\/de\/?s={search_term_string}"},"query-input":{"@type":"PropertyValueSpecification","valueRequired":true,"valueName":"search_term_string"}}],"inLanguage":"de"},{"@type":"Organization","@id":"https:\/\/kentis.com\/de\/#organization","name":"Kentis","url":"https:\/\/kentis.com\/de\/","logo":{"@type":"ImageObject","inLanguage":"de","@id":"https:\/\/kentis.com\/de\/#\/schema\/logo\/image\/","url":"https:\/\/kentis.com\/wp-content\/uploads\/2021\/08\/logo-main.png","contentUrl":"https:\/\/kentis.com\/wp-content\/uploads\/2021\/08\/logo-main.png","width":800,"height":204,"caption":"Kentis"},"image":{"@id":"https:\/\/kentis.com\/de\/#\/schema\/logo\/image\/"},"sameAs":["https:\/\/www.facebook.com\/kentisgarden","https:\/\/www.instagram.com\/kentisgarden\/","https:\/\/it.pinterest.com\/kentisgarden","https:\/\/www.tiktok.com\/@kentis.com"]}]}},"_links":{"self":[{"href":"https:\/\/kentis.com\/de\/wp-json\/wp\/v2\/product\/25125","targetHints":{"allow":["GET"]}}],"collection":[{"href":"https:\/\/kentis.com\/de\/wp-json\/wp\/v2\/product"}],"about":[{"href":"https:\/\/kentis.com\/de\/wp-json\/wp\/v2\/types\/product"}],"wp:featuredmedia":[{"embeddable":true,"href":"https:\/\/kentis.com\/de\/wp-json\/wp\/v2\/media\/15976"}],"wp:attachment":[{"href":"https:\/\/kentis.com\/de\/wp-json\/wp\/v2\/media?parent=25125"}],"wp:term":[{"taxonomy":"product_cat","embeddable":true,"href":"https:\/\/kentis.com\/de\/wp-json\/wp\/v2\/product_cat?post=25125"},{"taxonomy":"product_tag","embeddable":true,"href":"https:\/\/kentis.com\/de\/wp-json\/wp\/v2\/product_tag?post=25125"}],"curies":[{"name":"wp","href":"https:\/\/api.w.org\/{rel}","templated":true}]}}