{"id":25087,"date":"2021-10-28T15:34:00","date_gmt":"2021-10-28T13:34:00","guid":{"rendered":"https:\/\/kentis.com\/negozio\/vaso-hydrus\/"},"modified":"2024-11-25T16:03:54","modified_gmt":"2024-11-25T15:03:54","slug":"vase-hydrus","status":"publish","type":"product","link":"https:\/\/kentis.com\/de\/shop\/vase-hydrus\/","title":{"rendered":"Vase Hydrus"},"content":{"rendered":"<div class=\"fusion-fullwidth fullwidth-box fusion-builder-row-1 fusion-flex-container nonhundred-percent-fullwidth non-hundred-percent-height-scrolling\" style=\"--awb-border-radius-top-left:0px;--awb-border-radius-top-right:0px;--awb-border-radius-bottom-right:0px;--awb-border-radius-bottom-left:0px;--awb-flex-wrap:wrap;\" ><div class=\"fusion-builder-row fusion-row fusion-flex-align-items-flex-start fusion-flex-content-wrap\" style=\"max-width:1248px;margin-left: calc(-4% \/ 2 );margin-right: calc(-4% \/ 2 );\"><div class=\"fusion-layout-column fusion_builder_column fusion-builder-column-0 fusion_builder_column_1_1 1_1 fusion-flex-column\" style=\"--awb-bg-size:cover;--awb-width-large:100%;--awb-margin-top-large:0px;--awb-spacing-right-large:1.92%;--awb-margin-bottom-large:0px;--awb-spacing-left-large:1.92%;--awb-width-medium:100%;--awb-spacing-right-medium:1.92%;--awb-spacing-left-medium:1.92%;--awb-width-small:100%;--awb-spacing-right-small:1.92%;--awb-spacing-left-small:1.92%;\"><div class=\"fusion-column-wrapper fusion-flex-justify-content-flex-start fusion-content-layout-column\"><div class=\"fusion-text fusion-text-1\"><ul>\n<li>DESIGN &#8211; Diese Vase aus Harz eignet sich perfekt zur Dekoration von Innen- und Au\u00dfenbereichen und ist auch eine hervorragende L\u00f6sung f\u00fcr Clubs, Hotels und Restaurants. Um der Vase mehr Stabilit\u00e4t zu verleihen, kann man Kies oder Sand von unten einf\u00fcllen, indem man den Deckel am Boden abschraubt.<\/li>\n<li>ABMESSUNGEN &#8211; Durchmesser \u00d8 39\u00d739 cm, H\u00f6he 85 cm.<\/li>\n<li>QUALIT\u00c4T &#8211; Alle unsere T\u00f6pfe sind nicht nur Made in Italy, sondern werden auch aus ausgew\u00e4hlten Materialien hergestellt, um die bestm\u00f6gliche Qualit\u00e4t zu garantieren.<\/li>\n<li>PERSONALISIERUNG &#8211; Ben\u00f6tigen Sie andere Gr\u00f6\u00dfen, Mengen oder Farben als die abgebildeten? Keine Sorge, wir von Kentis helfen Ihnen gerne bei allen Fragen oder Anpassungen vor Ihrem Kauf.<\/li>\n<\/ul>\n<\/div><\/div><\/div><\/div><\/div>\n","protected":false},"excerpt":{"rendered":"","protected":false},"featured_media":15918,"template":"","meta":{"_acf_changed":false},"product_cat":[595,727],"product_tag":[],"class_list":{"0":"post-25087","1":"product","2":"type-product","3":"status-publish","4":"has-post-thumbnail","6":"product_cat-topfs","7":"product_cat-zubehoer","9":"first","10":"instock","11":"taxable","12":"shipping-taxable","13":"purchasable","14":"product-type-variable","15":"has-default-attributes"},"acf":[],"yoast_head":"<!-- This site is optimized with the Yoast SEO plugin v23.4 - https:\/\/yoast.com\/wordpress\/plugins\/seo\/ -->\n<title>Vase Hydrus - Moderne Pflanzenvasen | Kentis<\/title>\n<meta name=\"description\" content=\"Die Hydrus-Vase mit ihrem modernen und eleganten Stil ist perfekt f\u00fcr die Dekoration Ihrer Innen- und Au\u00dfenbereiche.\" \/>\n<meta name=\"robots\" content=\"index, follow, max-snippet:-1, max-image-preview:large, max-video-preview:-1\" \/>\n<link rel=\"canonical\" href=\"https:\/\/kentis.com\/de\/shop\/vase-hydrus\/\" \/>\n<meta property=\"og:locale\" content=\"de_DE\" \/>\n<meta property=\"og:type\" content=\"article\" \/>\n<meta property=\"og:title\" content=\"Vase Hydrus - Moderne Pflanzenvasen | Kentis\" \/>\n<meta property=\"og:description\" content=\"Die Hydrus-Vase mit ihrem modernen und eleganten Stil ist perfekt f\u00fcr die Dekoration Ihrer Innen- und Au\u00dfenbereiche.\" \/>\n<meta property=\"og:url\" content=\"https:\/\/kentis.com\/de\/shop\/vase-hydrus\/\" \/>\n<meta property=\"og:site_name\" content=\"Kentis\" \/>\n<meta property=\"article:publisher\" content=\"https:\/\/www.facebook.com\/kentisgarden\" \/>\n<meta property=\"article:modified_time\" content=\"2024-11-25T15:03:54+00:00\" \/>\n<meta property=\"og:image\" content=\"https:\/\/kentis.com\/wp-content\/uploads\/2021\/10\/Hydrus-T352-_HYDRUS_580-1.png\" \/>\n\t<meta property=\"og:image:width\" content=\"1500\" \/>\n\t<meta property=\"og:image:height\" content=\"1500\" \/>\n\t<meta property=\"og:image:type\" content=\"image\/png\" \/>\n<meta name=\"twitter:card\" content=\"summary_large_image\" \/>\n<meta name=\"twitter:label1\" content=\"Gesch\u00e4tzte Lesezeit\" \/>\n\t<meta name=\"twitter:data1\" content=\"1\u00a0Minute\" \/>\n<script type=\"application\/ld+json\" class=\"yoast-schema-graph\">{\"@context\":\"https:\/\/schema.org\",\"@graph\":[{\"@type\":\"WebPage\",\"@id\":\"https:\/\/kentis.com\/de\/shop\/vase-hydrus\/\",\"url\":\"https:\/\/kentis.com\/de\/shop\/vase-hydrus\/\",\"name\":\"Vase Hydrus - Moderne Pflanzenvasen | Kentis\",\"isPartOf\":{\"@id\":\"https:\/\/kentis.com\/de\/#website\"},\"primaryImageOfPage\":{\"@id\":\"https:\/\/kentis.com\/de\/shop\/vase-hydrus\/#primaryimage\"},\"image\":{\"@id\":\"https:\/\/kentis.com\/de\/shop\/vase-hydrus\/#primaryimage\"},\"thumbnailUrl\":\"https:\/\/kentis.com\/wp-content\/uploads\/2021\/10\/Hydrus-T352-_HYDRUS_580-1.png\",\"datePublished\":\"2021-10-28T13:34:00+00:00\",\"dateModified\":\"2024-11-25T15:03:54+00:00\",\"description\":\"Die Hydrus-Vase mit ihrem modernen und eleganten Stil ist perfekt f\u00fcr die Dekoration Ihrer Innen- und Au\u00dfenbereiche.\",\"breadcrumb\":{\"@id\":\"https:\/\/kentis.com\/de\/shop\/vase-hydrus\/#breadcrumb\"},\"inLanguage\":\"de\",\"potentialAction\":[{\"@type\":\"ReadAction\",\"target\":[\"https:\/\/kentis.com\/de\/shop\/vase-hydrus\/\"]}]},{\"@type\":\"ImageObject\",\"inLanguage\":\"de\",\"@id\":\"https:\/\/kentis.com\/de\/shop\/vase-hydrus\/#primaryimage\",\"url\":\"https:\/\/kentis.com\/wp-content\/uploads\/2021\/10\/Hydrus-T352-_HYDRUS_580-1.png\",\"contentUrl\":\"https:\/\/kentis.com\/wp-content\/uploads\/2021\/10\/Hydrus-T352-_HYDRUS_580-1.png\",\"width\":1500,\"height\":1500},{\"@type\":\"BreadcrumbList\",\"@id\":\"https:\/\/kentis.com\/de\/shop\/vase-hydrus\/#breadcrumb\",\"itemListElement\":[{\"@type\":\"ListItem\",\"position\":1,\"name\":\"Home\",\"item\":\"https:\/\/kentis.com\/de\/\"},{\"@type\":\"ListItem\",\"position\":2,\"name\":\"Gesch\u00e4ft\",\"item\":\"https:\/\/kentis.com\/de\/shop\/\"},{\"@type\":\"ListItem\",\"position\":3,\"name\":\"Zubeh\u00f6r\",\"item\":\"https:\/\/kentis.com\/de\/produkt-kategorie\/zubehoer\/\"},{\"@type\":\"ListItem\",\"position\":4,\"name\":\"Topfs\",\"item\":\"https:\/\/kentis.com\/de\/produkt-kategorie\/zubehoer\/topfs\/\"},{\"@type\":\"ListItem\",\"position\":5,\"name\":\"Vase Hydrus\"}]},{\"@type\":\"WebSite\",\"@id\":\"https:\/\/kentis.com\/de\/#website\",\"url\":\"https:\/\/kentis.com\/de\/\",\"name\":\"Kentis\",\"description\":\"Atelier del verde\",\"publisher\":{\"@id\":\"https:\/\/kentis.com\/de\/#organization\"},\"potentialAction\":[{\"@type\":\"SearchAction\",\"target\":{\"@type\":\"EntryPoint\",\"urlTemplate\":\"https:\/\/kentis.com\/de\/?s={search_term_string}\"},\"query-input\":{\"@type\":\"PropertyValueSpecification\",\"valueRequired\":true,\"valueName\":\"search_term_string\"}}],\"inLanguage\":\"de\"},{\"@type\":\"Organization\",\"@id\":\"https:\/\/kentis.com\/de\/#organization\",\"name\":\"Kentis\",\"url\":\"https:\/\/kentis.com\/de\/\",\"logo\":{\"@type\":\"ImageObject\",\"inLanguage\":\"de\",\"@id\":\"https:\/\/kentis.com\/de\/#\/schema\/logo\/image\/\",\"url\":\"https:\/\/kentis.com\/wp-content\/uploads\/2021\/08\/logo-main.png\",\"contentUrl\":\"https:\/\/kentis.com\/wp-content\/uploads\/2021\/08\/logo-main.png\",\"width\":800,\"height\":204,\"caption\":\"Kentis\"},\"image\":{\"@id\":\"https:\/\/kentis.com\/de\/#\/schema\/logo\/image\/\"},\"sameAs\":[\"https:\/\/www.facebook.com\/kentisgarden\",\"https:\/\/www.instagram.com\/kentisgarden\/\",\"https:\/\/it.pinterest.com\/kentisgarden\",\"https:\/\/www.tiktok.com\/@kentis.com\"]}]}<\/script>\n<!-- \/ Yoast SEO plugin. -->","yoast_head_json":{"title":"Vase Hydrus - Moderne Pflanzenvasen | Kentis","description":"Die Hydrus-Vase mit ihrem modernen und eleganten Stil ist perfekt f\u00fcr die Dekoration Ihrer Innen- und Au\u00dfenbereiche.","robots":{"index":"index","follow":"follow","max-snippet":"max-snippet:-1","max-image-preview":"max-image-preview:large","max-video-preview":"max-video-preview:-1"},"canonical":"https:\/\/kentis.com\/de\/shop\/vase-hydrus\/","og_locale":"de_DE","og_type":"article","og_title":"Vase Hydrus - Moderne Pflanzenvasen | Kentis","og_description":"Die Hydrus-Vase mit ihrem modernen und eleganten Stil ist perfekt f\u00fcr die Dekoration Ihrer Innen- und Au\u00dfenbereiche.","og_url":"https:\/\/kentis.com\/de\/shop\/vase-hydrus\/","og_site_name":"Kentis","article_publisher":"https:\/\/www.facebook.com\/kentisgarden","article_modified_time":"2024-11-25T15:03:54+00:00","og_image":[{"width":1500,"height":1500,"url":"https:\/\/kentis.com\/wp-content\/uploads\/2021\/10\/Hydrus-T352-_HYDRUS_580-1.png","type":"image\/png"}],"twitter_card":"summary_large_image","twitter_misc":{"Gesch\u00e4tzte Lesezeit":"1\u00a0Minute"},"schema":{"@context":"https:\/\/schema.org","@graph":[{"@type":"WebPage","@id":"https:\/\/kentis.com\/de\/shop\/vase-hydrus\/","url":"https:\/\/kentis.com\/de\/shop\/vase-hydrus\/","name":"Vase Hydrus - Moderne Pflanzenvasen | Kentis","isPartOf":{"@id":"https:\/\/kentis.com\/de\/#website"},"primaryImageOfPage":{"@id":"https:\/\/kentis.com\/de\/shop\/vase-hydrus\/#primaryimage"},"image":{"@id":"https:\/\/kentis.com\/de\/shop\/vase-hydrus\/#primaryimage"},"thumbnailUrl":"https:\/\/kentis.com\/wp-content\/uploads\/2021\/10\/Hydrus-T352-_HYDRUS_580-1.png","datePublished":"2021-10-28T13:34:00+00:00","dateModified":"2024-11-25T15:03:54+00:00","description":"Die Hydrus-Vase mit ihrem modernen und eleganten Stil ist perfekt f\u00fcr die Dekoration Ihrer Innen- und Au\u00dfenbereiche.","breadcrumb":{"@id":"https:\/\/kentis.com\/de\/shop\/vase-hydrus\/#breadcrumb"},"inLanguage":"de","potentialAction":[{"@type":"ReadAction","target":["https:\/\/kentis.com\/de\/shop\/vase-hydrus\/"]}]},{"@type":"ImageObject","inLanguage":"de","@id":"https:\/\/kentis.com\/de\/shop\/vase-hydrus\/#primaryimage","url":"https:\/\/kentis.com\/wp-content\/uploads\/2021\/10\/Hydrus-T352-_HYDRUS_580-1.png","contentUrl":"https:\/\/kentis.com\/wp-content\/uploads\/2021\/10\/Hydrus-T352-_HYDRUS_580-1.png","width":1500,"height":1500},{"@type":"BreadcrumbList","@id":"https:\/\/kentis.com\/de\/shop\/vase-hydrus\/#breadcrumb","itemListElement":[{"@type":"ListItem","position":1,"name":"Home","item":"https:\/\/kentis.com\/de\/"},{"@type":"ListItem","position":2,"name":"Gesch\u00e4ft","item":"https:\/\/kentis.com\/de\/shop\/"},{"@type":"ListItem","position":3,"name":"Zubeh\u00f6r","item":"https:\/\/kentis.com\/de\/produkt-kategorie\/zubehoer\/"},{"@type":"ListItem","position":4,"name":"Topfs","item":"https:\/\/kentis.com\/de\/produkt-kategorie\/zubehoer\/topfs\/"},{"@type":"ListItem","position":5,"name":"Vase Hydrus"}]},{"@type":"WebSite","@id":"https:\/\/kentis.com\/de\/#website","url":"https:\/\/kentis.com\/de\/","name":"Kentis","description":"Atelier del verde","publisher":{"@id":"https:\/\/kentis.com\/de\/#organization"},"potentialAction":[{"@type":"SearchAction","target":{"@type":"EntryPoint","urlTemplate":"https:\/\/kentis.com\/de\/?s={search_term_string}"},"query-input":{"@type":"PropertyValueSpecification","valueRequired":true,"valueName":"search_term_string"}}],"inLanguage":"de"},{"@type":"Organization","@id":"https:\/\/kentis.com\/de\/#organization","name":"Kentis","url":"https:\/\/kentis.com\/de\/","logo":{"@type":"ImageObject","inLanguage":"de","@id":"https:\/\/kentis.com\/de\/#\/schema\/logo\/image\/","url":"https:\/\/kentis.com\/wp-content\/uploads\/2021\/08\/logo-main.png","contentUrl":"https:\/\/kentis.com\/wp-content\/uploads\/2021\/08\/logo-main.png","width":800,"height":204,"caption":"Kentis"},"image":{"@id":"https:\/\/kentis.com\/de\/#\/schema\/logo\/image\/"},"sameAs":["https:\/\/www.facebook.com\/kentisgarden","https:\/\/www.instagram.com\/kentisgarden\/","https:\/\/it.pinterest.com\/kentisgarden","https:\/\/www.tiktok.com\/@kentis.com"]}]}},"_links":{"self":[{"href":"https:\/\/kentis.com\/de\/wp-json\/wp\/v2\/product\/25087","targetHints":{"allow":["GET"]}}],"collection":[{"href":"https:\/\/kentis.com\/de\/wp-json\/wp\/v2\/product"}],"about":[{"href":"https:\/\/kentis.com\/de\/wp-json\/wp\/v2\/types\/product"}],"wp:featuredmedia":[{"embeddable":true,"href":"https:\/\/kentis.com\/de\/wp-json\/wp\/v2\/media\/15918"}],"wp:attachment":[{"href":"https:\/\/kentis.com\/de\/wp-json\/wp\/v2\/media?parent=25087"}],"wp:term":[{"taxonomy":"product_cat","embeddable":true,"href":"https:\/\/kentis.com\/de\/wp-json\/wp\/v2\/product_cat?post=25087"},{"taxonomy":"product_tag","embeddable":true,"href":"https:\/\/kentis.com\/de\/wp-json\/wp\/v2\/product_tag?post=25087"}],"curies":[{"name":"wp","href":"https:\/\/api.w.org\/{rel}","templated":true}]}}