{"id":25046,"date":"2021-12-21T17:16:33","date_gmt":"2021-12-21T16:16:33","guid":{"rendered":"https:\/\/kentis.com\/negozio\/citrus-australasica\/"},"modified":"2024-05-13T17:31:46","modified_gmt":"2024-05-13T15:31:46","slug":"citrus-australasica-pflanze-der-fingerlimette","status":"publish","type":"product","link":"https:\/\/kentis.com\/de\/shop\/citrus-australasica-pflanze-der-fingerlimette\/","title":{"rendered":"Citrus Australasica &#8211; Pflanze der Fingerlimette"},"content":{"rendered":"<p>&#8220;Genannt auch &#8216;Fingerlimette&#8217;, ist die Citrus Australasica eine Zitrusfrucht aus Australien, die sich sowohl im Topf als auch im Garten sehr leicht anbauen l\u00e4sst. Im Gegensatz zu Zitronen w\u00e4chst diese Art wie ein Strauch und wird daher nicht zur Citrus-Familie gez\u00e4hlt.<\/p>\n<p>Anbau im Topf, \u00d8 20 cm.&#8221;<\/p>\n","protected":false},"excerpt":{"rendered":"<p>&#8220;Genannt auch &#8216;Fingerlimette&#8217;, ist die Citrus Australasica eine Zitrusfrucht aus [&hellip;]<\/p>\n","protected":false},"featured_media":15842,"template":"","meta":{"_acf_changed":false},"product_cat":[614,531],"product_tag":[],"class_list":{"0":"post-25046","1":"product","2":"type-product","3":"status-publish","4":"has-post-thumbnail","6":"product_cat-obstpflanzen","7":"product_cat-pflanzen-im-freien","8":"product_shipping_class-flora-de","10":"first","11":"outofstock","12":"taxable","13":"shipping-taxable","14":"purchasable","15":"product-type-variable","16":"has-default-attributes"},"acf":[],"yoast_head":"<!-- This site is optimized with the Yoast SEO plugin v23.4 - https:\/\/yoast.com\/wordpress\/plugins\/seo\/ -->\n<title>Citrus Australasica - Pianta di Limone Caviale da Frutto da Esterno | Kentis<\/title>\n<meta name=\"description\" content=\"Il Citrus Australasica \u00e8 un agrume originario dell\u2019Australia molto facile da coltivare sia in vaso che in giardino.\" \/>\n<meta name=\"robots\" content=\"index, follow, max-snippet:-1, max-image-preview:large, max-video-preview:-1\" \/>\n<link rel=\"canonical\" href=\"https:\/\/kentis.com\/de\/shop\/citrus-australasica-pflanze-der-fingerlimette\/\" \/>\n<meta property=\"og:locale\" content=\"de_DE\" \/>\n<meta property=\"og:type\" content=\"article\" \/>\n<meta property=\"og:title\" content=\"Citrus Australasica - Pianta di Limone Caviale da Frutto da Esterno | Kentis\" \/>\n<meta property=\"og:description\" content=\"Il Citrus Australasica \u00e8 un agrume originario dell\u2019Australia molto facile da coltivare sia in vaso che in giardino.\" \/>\n<meta property=\"og:url\" content=\"https:\/\/kentis.com\/de\/shop\/citrus-australasica-pflanze-der-fingerlimette\/\" \/>\n<meta property=\"og:site_name\" content=\"Kentis\" \/>\n<meta property=\"article:publisher\" content=\"https:\/\/www.facebook.com\/kentisgarden\" \/>\n<meta property=\"article:modified_time\" content=\"2024-05-13T15:31:46+00:00\" \/>\n<meta property=\"og:image\" content=\"https:\/\/kentis.com\/wp-content\/uploads\/2021\/12\/PTG-Citrus-Australasica-v20-h-70-80-b-for-soft-25-leaf-green-scaled.jpg\" \/>\n\t<meta property=\"og:image:width\" content=\"2560\" \/>\n\t<meta property=\"og:image:height\" content=\"2560\" \/>\n\t<meta property=\"og:image:type\" content=\"image\/jpeg\" \/>\n<meta name=\"twitter:card\" content=\"summary_large_image\" \/>\n<script type=\"application\/ld+json\" class=\"yoast-schema-graph\">{\"@context\":\"https:\/\/schema.org\",\"@graph\":[{\"@type\":\"WebPage\",\"@id\":\"https:\/\/kentis.com\/de\/shop\/citrus-australasica-pflanze-der-fingerlimette\/\",\"url\":\"https:\/\/kentis.com\/de\/shop\/citrus-australasica-pflanze-der-fingerlimette\/\",\"name\":\"Citrus Australasica - Pianta di Limone Caviale da Frutto da Esterno | Kentis\",\"isPartOf\":{\"@id\":\"https:\/\/kentis.com\/de\/#website\"},\"primaryImageOfPage\":{\"@id\":\"https:\/\/kentis.com\/de\/shop\/citrus-australasica-pflanze-der-fingerlimette\/#primaryimage\"},\"image\":{\"@id\":\"https:\/\/kentis.com\/de\/shop\/citrus-australasica-pflanze-der-fingerlimette\/#primaryimage\"},\"thumbnailUrl\":\"https:\/\/kentis.com\/wp-content\/uploads\/2021\/12\/PTG-Citrus-Australasica-v20-h-70-80-b-for-soft-25-leaf-green-scaled.jpg\",\"datePublished\":\"2021-12-21T16:16:33+00:00\",\"dateModified\":\"2024-05-13T15:31:46+00:00\",\"description\":\"Il Citrus Australasica \u00e8 un agrume originario dell\u2019Australia molto facile da coltivare sia in vaso che in giardino.\",\"breadcrumb\":{\"@id\":\"https:\/\/kentis.com\/de\/shop\/citrus-australasica-pflanze-der-fingerlimette\/#breadcrumb\"},\"inLanguage\":\"de\",\"potentialAction\":[{\"@type\":\"ReadAction\",\"target\":[\"https:\/\/kentis.com\/de\/shop\/citrus-australasica-pflanze-der-fingerlimette\/\"]}]},{\"@type\":\"ImageObject\",\"inLanguage\":\"de\",\"@id\":\"https:\/\/kentis.com\/de\/shop\/citrus-australasica-pflanze-der-fingerlimette\/#primaryimage\",\"url\":\"https:\/\/kentis.com\/wp-content\/uploads\/2021\/12\/PTG-Citrus-Australasica-v20-h-70-80-b-for-soft-25-leaf-green-scaled.jpg\",\"contentUrl\":\"https:\/\/kentis.com\/wp-content\/uploads\/2021\/12\/PTG-Citrus-Australasica-v20-h-70-80-b-for-soft-25-leaf-green-scaled.jpg\",\"width\":2560,\"height\":2560},{\"@type\":\"BreadcrumbList\",\"@id\":\"https:\/\/kentis.com\/de\/shop\/citrus-australasica-pflanze-der-fingerlimette\/#breadcrumb\",\"itemListElement\":[{\"@type\":\"ListItem\",\"position\":1,\"name\":\"Home\",\"item\":\"https:\/\/kentis.com\/de\/\"},{\"@type\":\"ListItem\",\"position\":2,\"name\":\"Gesch\u00e4ft\",\"item\":\"https:\/\/kentis.com\/de\/shop\/\"},{\"@type\":\"ListItem\",\"position\":3,\"name\":\"Pflanzen\",\"item\":\"https:\/\/kentis.com\/de\/produkt-kategorie\/pflanzen\/\"},{\"@type\":\"ListItem\",\"position\":4,\"name\":\"Pflanzen im Freien\",\"item\":\"https:\/\/kentis.com\/de\/produkt-kategorie\/pflanzen\/pflanzen-im-freien\/\"},{\"@type\":\"ListItem\",\"position\":5,\"name\":\"Obstpflanzen\",\"item\":\"https:\/\/kentis.com\/de\/produkt-kategorie\/pflanzen\/pflanzen-im-freien\/obstpflanzen\/\"},{\"@type\":\"ListItem\",\"position\":6,\"name\":\"Citrus Australasica &#8211; Pflanze der Fingerlimette\"}]},{\"@type\":\"WebSite\",\"@id\":\"https:\/\/kentis.com\/de\/#website\",\"url\":\"https:\/\/kentis.com\/de\/\",\"name\":\"Kentis\",\"description\":\"Atelier del verde\",\"publisher\":{\"@id\":\"https:\/\/kentis.com\/de\/#organization\"},\"potentialAction\":[{\"@type\":\"SearchAction\",\"target\":{\"@type\":\"EntryPoint\",\"urlTemplate\":\"https:\/\/kentis.com\/de\/?s={search_term_string}\"},\"query-input\":{\"@type\":\"PropertyValueSpecification\",\"valueRequired\":true,\"valueName\":\"search_term_string\"}}],\"inLanguage\":\"de\"},{\"@type\":\"Organization\",\"@id\":\"https:\/\/kentis.com\/de\/#organization\",\"name\":\"Kentis\",\"url\":\"https:\/\/kentis.com\/de\/\",\"logo\":{\"@type\":\"ImageObject\",\"inLanguage\":\"de\",\"@id\":\"https:\/\/kentis.com\/de\/#\/schema\/logo\/image\/\",\"url\":\"https:\/\/kentis.com\/wp-content\/uploads\/2021\/08\/logo-main.png\",\"contentUrl\":\"https:\/\/kentis.com\/wp-content\/uploads\/2021\/08\/logo-main.png\",\"width\":800,\"height\":204,\"caption\":\"Kentis\"},\"image\":{\"@id\":\"https:\/\/kentis.com\/de\/#\/schema\/logo\/image\/\"},\"sameAs\":[\"https:\/\/www.facebook.com\/kentisgarden\",\"https:\/\/www.instagram.com\/kentisgarden\/\",\"https:\/\/it.pinterest.com\/kentisgarden\",\"https:\/\/www.tiktok.com\/@kentis.com\"]}]}<\/script>\n<!-- \/ Yoast SEO plugin. -->","yoast_head_json":{"title":"Citrus Australasica - Pianta di Limone Caviale da Frutto da Esterno | Kentis","description":"Il Citrus Australasica \u00e8 un agrume originario dell\u2019Australia molto facile da coltivare sia in vaso che in giardino.","robots":{"index":"index","follow":"follow","max-snippet":"max-snippet:-1","max-image-preview":"max-image-preview:large","max-video-preview":"max-video-preview:-1"},"canonical":"https:\/\/kentis.com\/de\/shop\/citrus-australasica-pflanze-der-fingerlimette\/","og_locale":"de_DE","og_type":"article","og_title":"Citrus Australasica - Pianta di Limone Caviale da Frutto da Esterno | Kentis","og_description":"Il Citrus Australasica \u00e8 un agrume originario dell\u2019Australia molto facile da coltivare sia in vaso che in giardino.","og_url":"https:\/\/kentis.com\/de\/shop\/citrus-australasica-pflanze-der-fingerlimette\/","og_site_name":"Kentis","article_publisher":"https:\/\/www.facebook.com\/kentisgarden","article_modified_time":"2024-05-13T15:31:46+00:00","og_image":[{"width":2560,"height":2560,"url":"https:\/\/kentis.com\/wp-content\/uploads\/2021\/12\/PTG-Citrus-Australasica-v20-h-70-80-b-for-soft-25-leaf-green-scaled.jpg","type":"image\/jpeg"}],"twitter_card":"summary_large_image","schema":{"@context":"https:\/\/schema.org","@graph":[{"@type":"WebPage","@id":"https:\/\/kentis.com\/de\/shop\/citrus-australasica-pflanze-der-fingerlimette\/","url":"https:\/\/kentis.com\/de\/shop\/citrus-australasica-pflanze-der-fingerlimette\/","name":"Citrus Australasica - Pianta di Limone Caviale da Frutto da Esterno | Kentis","isPartOf":{"@id":"https:\/\/kentis.com\/de\/#website"},"primaryImageOfPage":{"@id":"https:\/\/kentis.com\/de\/shop\/citrus-australasica-pflanze-der-fingerlimette\/#primaryimage"},"image":{"@id":"https:\/\/kentis.com\/de\/shop\/citrus-australasica-pflanze-der-fingerlimette\/#primaryimage"},"thumbnailUrl":"https:\/\/kentis.com\/wp-content\/uploads\/2021\/12\/PTG-Citrus-Australasica-v20-h-70-80-b-for-soft-25-leaf-green-scaled.jpg","datePublished":"2021-12-21T16:16:33+00:00","dateModified":"2024-05-13T15:31:46+00:00","description":"Il Citrus Australasica \u00e8 un agrume originario dell\u2019Australia molto facile da coltivare sia in vaso che in giardino.","breadcrumb":{"@id":"https:\/\/kentis.com\/de\/shop\/citrus-australasica-pflanze-der-fingerlimette\/#breadcrumb"},"inLanguage":"de","potentialAction":[{"@type":"ReadAction","target":["https:\/\/kentis.com\/de\/shop\/citrus-australasica-pflanze-der-fingerlimette\/"]}]},{"@type":"ImageObject","inLanguage":"de","@id":"https:\/\/kentis.com\/de\/shop\/citrus-australasica-pflanze-der-fingerlimette\/#primaryimage","url":"https:\/\/kentis.com\/wp-content\/uploads\/2021\/12\/PTG-Citrus-Australasica-v20-h-70-80-b-for-soft-25-leaf-green-scaled.jpg","contentUrl":"https:\/\/kentis.com\/wp-content\/uploads\/2021\/12\/PTG-Citrus-Australasica-v20-h-70-80-b-for-soft-25-leaf-green-scaled.jpg","width":2560,"height":2560},{"@type":"BreadcrumbList","@id":"https:\/\/kentis.com\/de\/shop\/citrus-australasica-pflanze-der-fingerlimette\/#breadcrumb","itemListElement":[{"@type":"ListItem","position":1,"name":"Home","item":"https:\/\/kentis.com\/de\/"},{"@type":"ListItem","position":2,"name":"Gesch\u00e4ft","item":"https:\/\/kentis.com\/de\/shop\/"},{"@type":"ListItem","position":3,"name":"Pflanzen","item":"https:\/\/kentis.com\/de\/produkt-kategorie\/pflanzen\/"},{"@type":"ListItem","position":4,"name":"Pflanzen im Freien","item":"https:\/\/kentis.com\/de\/produkt-kategorie\/pflanzen\/pflanzen-im-freien\/"},{"@type":"ListItem","position":5,"name":"Obstpflanzen","item":"https:\/\/kentis.com\/de\/produkt-kategorie\/pflanzen\/pflanzen-im-freien\/obstpflanzen\/"},{"@type":"ListItem","position":6,"name":"Citrus Australasica &#8211; Pflanze der Fingerlimette"}]},{"@type":"WebSite","@id":"https:\/\/kentis.com\/de\/#website","url":"https:\/\/kentis.com\/de\/","name":"Kentis","description":"Atelier del verde","publisher":{"@id":"https:\/\/kentis.com\/de\/#organization"},"potentialAction":[{"@type":"SearchAction","target":{"@type":"EntryPoint","urlTemplate":"https:\/\/kentis.com\/de\/?s={search_term_string}"},"query-input":{"@type":"PropertyValueSpecification","valueRequired":true,"valueName":"search_term_string"}}],"inLanguage":"de"},{"@type":"Organization","@id":"https:\/\/kentis.com\/de\/#organization","name":"Kentis","url":"https:\/\/kentis.com\/de\/","logo":{"@type":"ImageObject","inLanguage":"de","@id":"https:\/\/kentis.com\/de\/#\/schema\/logo\/image\/","url":"https:\/\/kentis.com\/wp-content\/uploads\/2021\/08\/logo-main.png","contentUrl":"https:\/\/kentis.com\/wp-content\/uploads\/2021\/08\/logo-main.png","width":800,"height":204,"caption":"Kentis"},"image":{"@id":"https:\/\/kentis.com\/de\/#\/schema\/logo\/image\/"},"sameAs":["https:\/\/www.facebook.com\/kentisgarden","https:\/\/www.instagram.com\/kentisgarden\/","https:\/\/it.pinterest.com\/kentisgarden","https:\/\/www.tiktok.com\/@kentis.com"]}]}},"_links":{"self":[{"href":"https:\/\/kentis.com\/de\/wp-json\/wp\/v2\/product\/25046","targetHints":{"allow":["GET"]}}],"collection":[{"href":"https:\/\/kentis.com\/de\/wp-json\/wp\/v2\/product"}],"about":[{"href":"https:\/\/kentis.com\/de\/wp-json\/wp\/v2\/types\/product"}],"wp:featuredmedia":[{"embeddable":true,"href":"https:\/\/kentis.com\/de\/wp-json\/wp\/v2\/media\/15842"}],"wp:attachment":[{"href":"https:\/\/kentis.com\/de\/wp-json\/wp\/v2\/media?parent=25046"}],"wp:term":[{"taxonomy":"product_cat","embeddable":true,"href":"https:\/\/kentis.com\/de\/wp-json\/wp\/v2\/product_cat?post=25046"},{"taxonomy":"product_tag","embeddable":true,"href":"https:\/\/kentis.com\/de\/wp-json\/wp\/v2\/product_tag?post=25046"}],"curies":[{"name":"wp","href":"https:\/\/api.w.org\/{rel}","templated":true}]}}