{"id":24865,"date":"2022-02-22T15:20:05","date_gmt":"2022-02-22T14:20:05","guid":{"rendered":"https:\/\/kentis.com\/negozio\/kokedama-zamioculcas-zamiifolia\/"},"modified":"2024-11-27T16:02:59","modified_gmt":"2024-11-27T15:02:59","slug":"kokedama-zamioculcas-zamiifolia","status":"publish","type":"product","link":"https:\/\/kentis.com\/de\/shop\/kokedama-zamioculcas-zamiifolia\/","title":{"rendered":"Kokedama Zamioculcas Zamiifolia"},"content":{"rendered":"<div class=\"fusion-fullwidth fullwidth-box fusion-builder-row-1 fusion-flex-container nonhundred-percent-fullwidth non-hundred-percent-height-scrolling\" style=\"--awb-border-radius-top-left:0px;--awb-border-radius-top-right:0px;--awb-border-radius-bottom-right:0px;--awb-border-radius-bottom-left:0px;--awb-flex-wrap:wrap;\" ><div class=\"fusion-builder-row fusion-row fusion-flex-align-items-flex-start fusion-flex-content-wrap\" style=\"max-width:1248px;margin-left: calc(-4% \/ 2 );margin-right: calc(-4% \/ 2 );\"><div class=\"fusion-layout-column fusion_builder_column fusion-builder-column-0 fusion_builder_column_1_1 1_1 fusion-flex-column\" style=\"--awb-bg-size:cover;--awb-width-large:100%;--awb-margin-top-large:0px;--awb-spacing-right-large:1.92%;--awb-margin-bottom-large:0px;--awb-spacing-left-large:1.92%;--awb-width-medium:100%;--awb-spacing-right-medium:1.92%;--awb-spacing-left-medium:1.92%;--awb-width-small:100%;--awb-spacing-right-small:1.92%;--awb-spacing-left-small:1.92%;\"><div class=\"fusion-column-wrapper fusion-flex-justify-content-flex-start fusion-content-layout-column\"><div class=\"fusion-text fusion-text-1\"><p>Die Zamioculcas ist nicht nur eine der dekorativsten Pflanzen f\u00fcr Ihr Zuhause, sondern auch sehr gesundheitsf\u00f6rdernd. Sie setzt nicht nur Sauerstoff frei, sondern verbessert auch die Luftqualit\u00e4t, indem sie die Luftverschmutzung in Innenr\u00e4umen deutlich verringert.<\/p>\n<p>Die H\u00f6he der Pflanze vom Boden des Topfes aus betr\u00e4gt 50 bis 60 cm.<\/p>\n<\/div><\/div><\/div><\/div><\/div>\n","protected":false},"excerpt":{"rendered":"","protected":false},"featured_media":15013,"template":"","meta":{"_acf_changed":false},"product_cat":[485,495,486,465],"product_tag":[],"class_list":{"0":"post-24865","1":"product","2":"type-product","3":"status-publish","4":"has-post-thumbnail","6":"product_cat-pflanzen-mit-wenig-pflege","7":"product_cat-pflanzen-fuer-wenig-licht","8":"product_cat-reinigt-die-luft","9":"product_cat-zimmerpflanzen","10":"product_shipping_class-evergreen-de","12":"first","13":"outofstock","14":"taxable","15":"shipping-taxable","16":"purchasable","17":"product-type-simple"},"acf":[],"yoast_head":"<!-- This site is optimized with the Yoast SEO plugin v23.4 - https:\/\/yoast.com\/wordpress\/plugins\/seo\/ -->\n<title>Kokedama Zamioculcas Zamiifolia - Flache Pflanzen | Kentis<\/title>\n<meta name=\"description\" content=\"Kokedama Zamioculcas Zamiifolia ist nicht nur eine dekorative Pflanze f\u00fcr Ihr Zuhause, sie reinigt auch die Luft, die Sie atmen.\" \/>\n<meta name=\"robots\" content=\"index, follow, max-snippet:-1, max-image-preview:large, max-video-preview:-1\" \/>\n<link rel=\"canonical\" href=\"https:\/\/kentis.com\/de\/shop\/kokedama-zamioculcas-zamiifolia\/\" \/>\n<meta property=\"og:locale\" content=\"de_DE\" \/>\n<meta property=\"og:type\" content=\"article\" \/>\n<meta property=\"og:title\" content=\"Kokedama Zamioculcas Zamiifolia - Flache Pflanzen | Kentis\" \/>\n<meta property=\"og:description\" content=\"Kokedama Zamioculcas Zamiifolia ist nicht nur eine dekorative Pflanze f\u00fcr Ihr Zuhause, sie reinigt auch die Luft, die Sie atmen.\" \/>\n<meta property=\"og:url\" content=\"https:\/\/kentis.com\/de\/shop\/kokedama-zamioculcas-zamiifolia\/\" \/>\n<meta property=\"og:site_name\" content=\"Kentis\" \/>\n<meta property=\"article:publisher\" content=\"https:\/\/www.facebook.com\/kentisgarden\" \/>\n<meta property=\"article:modified_time\" content=\"2024-11-27T15:02:59+00:00\" \/>\n<meta property=\"og:image\" content=\"https:\/\/kentis.com\/wp-content\/uploads\/2022\/02\/IMG_5487.png\" \/>\n\t<meta property=\"og:image:width\" content=\"1500\" \/>\n\t<meta property=\"og:image:height\" content=\"1500\" \/>\n\t<meta property=\"og:image:type\" content=\"image\/png\" \/>\n<meta name=\"twitter:card\" content=\"summary_large_image\" \/>\n<meta name=\"twitter:label1\" content=\"Gesch\u00e4tzte Lesezeit\" \/>\n\t<meta name=\"twitter:data1\" content=\"1\u00a0Minute\" \/>\n<script type=\"application\/ld+json\" class=\"yoast-schema-graph\">{\"@context\":\"https:\/\/schema.org\",\"@graph\":[{\"@type\":\"WebPage\",\"@id\":\"https:\/\/kentis.com\/de\/shop\/kokedama-zamioculcas-zamiifolia\/\",\"url\":\"https:\/\/kentis.com\/de\/shop\/kokedama-zamioculcas-zamiifolia\/\",\"name\":\"Kokedama Zamioculcas Zamiifolia - Flache Pflanzen | Kentis\",\"isPartOf\":{\"@id\":\"https:\/\/kentis.com\/de\/#website\"},\"primaryImageOfPage\":{\"@id\":\"https:\/\/kentis.com\/de\/shop\/kokedama-zamioculcas-zamiifolia\/#primaryimage\"},\"image\":{\"@id\":\"https:\/\/kentis.com\/de\/shop\/kokedama-zamioculcas-zamiifolia\/#primaryimage\"},\"thumbnailUrl\":\"https:\/\/kentis.com\/wp-content\/uploads\/2022\/02\/IMG_5487.png\",\"datePublished\":\"2022-02-22T14:20:05+00:00\",\"dateModified\":\"2024-11-27T15:02:59+00:00\",\"description\":\"Kokedama Zamioculcas Zamiifolia ist nicht nur eine dekorative Pflanze f\u00fcr Ihr Zuhause, sie reinigt auch die Luft, die Sie atmen.\",\"breadcrumb\":{\"@id\":\"https:\/\/kentis.com\/de\/shop\/kokedama-zamioculcas-zamiifolia\/#breadcrumb\"},\"inLanguage\":\"de\",\"potentialAction\":[{\"@type\":\"ReadAction\",\"target\":[\"https:\/\/kentis.com\/de\/shop\/kokedama-zamioculcas-zamiifolia\/\"]}]},{\"@type\":\"ImageObject\",\"inLanguage\":\"de\",\"@id\":\"https:\/\/kentis.com\/de\/shop\/kokedama-zamioculcas-zamiifolia\/#primaryimage\",\"url\":\"https:\/\/kentis.com\/wp-content\/uploads\/2022\/02\/IMG_5487.png\",\"contentUrl\":\"https:\/\/kentis.com\/wp-content\/uploads\/2022\/02\/IMG_5487.png\",\"width\":1500,\"height\":1500},{\"@type\":\"BreadcrumbList\",\"@id\":\"https:\/\/kentis.com\/de\/shop\/kokedama-zamioculcas-zamiifolia\/#breadcrumb\",\"itemListElement\":[{\"@type\":\"ListItem\",\"position\":1,\"name\":\"Home\",\"item\":\"https:\/\/kentis.com\/de\/\"},{\"@type\":\"ListItem\",\"position\":2,\"name\":\"Gesch\u00e4ft\",\"item\":\"https:\/\/kentis.com\/de\/shop\/\"},{\"@type\":\"ListItem\",\"position\":3,\"name\":\"Pflanzen\",\"item\":\"https:\/\/kentis.com\/de\/produkt-kategorie\/pflanzen\/\"},{\"@type\":\"ListItem\",\"position\":4,\"name\":\"Zimmerpflanzen\",\"item\":\"https:\/\/kentis.com\/de\/produkt-kategorie\/pflanzen\/zimmerpflanzen\/\"},{\"@type\":\"ListItem\",\"position\":5,\"name\":\"Reinigt die Luft\",\"item\":\"https:\/\/kentis.com\/de\/produkt-kategorie\/pflanzen\/zimmerpflanzen\/reinigt-die-luft\/\"},{\"@type\":\"ListItem\",\"position\":6,\"name\":\"Kokedama Zamioculcas Zamiifolia\"}]},{\"@type\":\"WebSite\",\"@id\":\"https:\/\/kentis.com\/de\/#website\",\"url\":\"https:\/\/kentis.com\/de\/\",\"name\":\"Kentis\",\"description\":\"Atelier del verde\",\"publisher\":{\"@id\":\"https:\/\/kentis.com\/de\/#organization\"},\"potentialAction\":[{\"@type\":\"SearchAction\",\"target\":{\"@type\":\"EntryPoint\",\"urlTemplate\":\"https:\/\/kentis.com\/de\/?s={search_term_string}\"},\"query-input\":{\"@type\":\"PropertyValueSpecification\",\"valueRequired\":true,\"valueName\":\"search_term_string\"}}],\"inLanguage\":\"de\"},{\"@type\":\"Organization\",\"@id\":\"https:\/\/kentis.com\/de\/#organization\",\"name\":\"Kentis\",\"url\":\"https:\/\/kentis.com\/de\/\",\"logo\":{\"@type\":\"ImageObject\",\"inLanguage\":\"de\",\"@id\":\"https:\/\/kentis.com\/de\/#\/schema\/logo\/image\/\",\"url\":\"https:\/\/kentis.com\/wp-content\/uploads\/2021\/08\/logo-main.png\",\"contentUrl\":\"https:\/\/kentis.com\/wp-content\/uploads\/2021\/08\/logo-main.png\",\"width\":800,\"height\":204,\"caption\":\"Kentis\"},\"image\":{\"@id\":\"https:\/\/kentis.com\/de\/#\/schema\/logo\/image\/\"},\"sameAs\":[\"https:\/\/www.facebook.com\/kentisgarden\",\"https:\/\/www.instagram.com\/kentisgarden\/\",\"https:\/\/it.pinterest.com\/kentisgarden\",\"https:\/\/www.tiktok.com\/@kentis.com\"]}]}<\/script>\n<!-- \/ Yoast SEO plugin. -->","yoast_head_json":{"title":"Kokedama Zamioculcas Zamiifolia - Flache Pflanzen | Kentis","description":"Kokedama Zamioculcas Zamiifolia ist nicht nur eine dekorative Pflanze f\u00fcr Ihr Zuhause, sie reinigt auch die Luft, die Sie atmen.","robots":{"index":"index","follow":"follow","max-snippet":"max-snippet:-1","max-image-preview":"max-image-preview:large","max-video-preview":"max-video-preview:-1"},"canonical":"https:\/\/kentis.com\/de\/shop\/kokedama-zamioculcas-zamiifolia\/","og_locale":"de_DE","og_type":"article","og_title":"Kokedama Zamioculcas Zamiifolia - Flache Pflanzen | Kentis","og_description":"Kokedama Zamioculcas Zamiifolia ist nicht nur eine dekorative Pflanze f\u00fcr Ihr Zuhause, sie reinigt auch die Luft, die Sie atmen.","og_url":"https:\/\/kentis.com\/de\/shop\/kokedama-zamioculcas-zamiifolia\/","og_site_name":"Kentis","article_publisher":"https:\/\/www.facebook.com\/kentisgarden","article_modified_time":"2024-11-27T15:02:59+00:00","og_image":[{"width":1500,"height":1500,"url":"https:\/\/kentis.com\/wp-content\/uploads\/2022\/02\/IMG_5487.png","type":"image\/png"}],"twitter_card":"summary_large_image","twitter_misc":{"Gesch\u00e4tzte Lesezeit":"1\u00a0Minute"},"schema":{"@context":"https:\/\/schema.org","@graph":[{"@type":"WebPage","@id":"https:\/\/kentis.com\/de\/shop\/kokedama-zamioculcas-zamiifolia\/","url":"https:\/\/kentis.com\/de\/shop\/kokedama-zamioculcas-zamiifolia\/","name":"Kokedama Zamioculcas Zamiifolia - Flache Pflanzen | Kentis","isPartOf":{"@id":"https:\/\/kentis.com\/de\/#website"},"primaryImageOfPage":{"@id":"https:\/\/kentis.com\/de\/shop\/kokedama-zamioculcas-zamiifolia\/#primaryimage"},"image":{"@id":"https:\/\/kentis.com\/de\/shop\/kokedama-zamioculcas-zamiifolia\/#primaryimage"},"thumbnailUrl":"https:\/\/kentis.com\/wp-content\/uploads\/2022\/02\/IMG_5487.png","datePublished":"2022-02-22T14:20:05+00:00","dateModified":"2024-11-27T15:02:59+00:00","description":"Kokedama Zamioculcas Zamiifolia ist nicht nur eine dekorative Pflanze f\u00fcr Ihr Zuhause, sie reinigt auch die Luft, die Sie atmen.","breadcrumb":{"@id":"https:\/\/kentis.com\/de\/shop\/kokedama-zamioculcas-zamiifolia\/#breadcrumb"},"inLanguage":"de","potentialAction":[{"@type":"ReadAction","target":["https:\/\/kentis.com\/de\/shop\/kokedama-zamioculcas-zamiifolia\/"]}]},{"@type":"ImageObject","inLanguage":"de","@id":"https:\/\/kentis.com\/de\/shop\/kokedama-zamioculcas-zamiifolia\/#primaryimage","url":"https:\/\/kentis.com\/wp-content\/uploads\/2022\/02\/IMG_5487.png","contentUrl":"https:\/\/kentis.com\/wp-content\/uploads\/2022\/02\/IMG_5487.png","width":1500,"height":1500},{"@type":"BreadcrumbList","@id":"https:\/\/kentis.com\/de\/shop\/kokedama-zamioculcas-zamiifolia\/#breadcrumb","itemListElement":[{"@type":"ListItem","position":1,"name":"Home","item":"https:\/\/kentis.com\/de\/"},{"@type":"ListItem","position":2,"name":"Gesch\u00e4ft","item":"https:\/\/kentis.com\/de\/shop\/"},{"@type":"ListItem","position":3,"name":"Pflanzen","item":"https:\/\/kentis.com\/de\/produkt-kategorie\/pflanzen\/"},{"@type":"ListItem","position":4,"name":"Zimmerpflanzen","item":"https:\/\/kentis.com\/de\/produkt-kategorie\/pflanzen\/zimmerpflanzen\/"},{"@type":"ListItem","position":5,"name":"Reinigt die Luft","item":"https:\/\/kentis.com\/de\/produkt-kategorie\/pflanzen\/zimmerpflanzen\/reinigt-die-luft\/"},{"@type":"ListItem","position":6,"name":"Kokedama Zamioculcas Zamiifolia"}]},{"@type":"WebSite","@id":"https:\/\/kentis.com\/de\/#website","url":"https:\/\/kentis.com\/de\/","name":"Kentis","description":"Atelier del verde","publisher":{"@id":"https:\/\/kentis.com\/de\/#organization"},"potentialAction":[{"@type":"SearchAction","target":{"@type":"EntryPoint","urlTemplate":"https:\/\/kentis.com\/de\/?s={search_term_string}"},"query-input":{"@type":"PropertyValueSpecification","valueRequired":true,"valueName":"search_term_string"}}],"inLanguage":"de"},{"@type":"Organization","@id":"https:\/\/kentis.com\/de\/#organization","name":"Kentis","url":"https:\/\/kentis.com\/de\/","logo":{"@type":"ImageObject","inLanguage":"de","@id":"https:\/\/kentis.com\/de\/#\/schema\/logo\/image\/","url":"https:\/\/kentis.com\/wp-content\/uploads\/2021\/08\/logo-main.png","contentUrl":"https:\/\/kentis.com\/wp-content\/uploads\/2021\/08\/logo-main.png","width":800,"height":204,"caption":"Kentis"},"image":{"@id":"https:\/\/kentis.com\/de\/#\/schema\/logo\/image\/"},"sameAs":["https:\/\/www.facebook.com\/kentisgarden","https:\/\/www.instagram.com\/kentisgarden\/","https:\/\/it.pinterest.com\/kentisgarden","https:\/\/www.tiktok.com\/@kentis.com"]}]}},"_links":{"self":[{"href":"https:\/\/kentis.com\/de\/wp-json\/wp\/v2\/product\/24865","targetHints":{"allow":["GET"]}}],"collection":[{"href":"https:\/\/kentis.com\/de\/wp-json\/wp\/v2\/product"}],"about":[{"href":"https:\/\/kentis.com\/de\/wp-json\/wp\/v2\/types\/product"}],"wp:featuredmedia":[{"embeddable":true,"href":"https:\/\/kentis.com\/de\/wp-json\/wp\/v2\/media\/15013"}],"wp:attachment":[{"href":"https:\/\/kentis.com\/de\/wp-json\/wp\/v2\/media?parent=24865"}],"wp:term":[{"taxonomy":"product_cat","embeddable":true,"href":"https:\/\/kentis.com\/de\/wp-json\/wp\/v2\/product_cat?post=24865"},{"taxonomy":"product_tag","embeddable":true,"href":"https:\/\/kentis.com\/de\/wp-json\/wp\/v2\/product_tag?post=24865"}],"curies":[{"name":"wp","href":"https:\/\/api.w.org\/{rel}","templated":true}]}}