{"id":24465,"date":"2022-08-05T10:35:30","date_gmt":"2022-08-05T08:35:30","guid":{"rendered":"https:\/\/kentis.com\/negozio\/azzeruolo\/"},"modified":"2024-11-29T16:06:20","modified_gmt":"2024-11-29T15:06:20","slug":"azaroldorn","status":"publish","type":"product","link":"https:\/\/kentis.com\/de\/shop\/azaroldorn\/","title":{"rendered":"Azaroldorn"},"content":{"rendered":"<div class=\"fusion-fullwidth fullwidth-box fusion-builder-row-1 fusion-flex-container nonhundred-percent-fullwidth non-hundred-percent-height-scrolling\" style=\"--awb-border-radius-top-left:0px;--awb-border-radius-top-right:0px;--awb-border-radius-bottom-right:0px;--awb-border-radius-bottom-left:0px;--awb-flex-wrap:wrap;\" ><div class=\"fusion-builder-row fusion-row fusion-flex-align-items-flex-start fusion-flex-content-wrap\" style=\"max-width:1248px;margin-left: calc(-4% \/ 2 );margin-right: calc(-4% \/ 2 );\"><div class=\"fusion-layout-column fusion_builder_column fusion-builder-column-0 fusion_builder_column_1_1 1_1 fusion-flex-column\" style=\"--awb-bg-size:cover;--awb-width-large:100%;--awb-margin-top-large:0px;--awb-spacing-right-large:1.92%;--awb-margin-bottom-large:0px;--awb-spacing-left-large:1.92%;--awb-width-medium:100%;--awb-spacing-right-medium:1.92%;--awb-spacing-left-medium:1.92%;--awb-width-small:100%;--awb-spacing-right-small:1.92%;--awb-spacing-left-small:1.92%;\"><div class=\"fusion-column-wrapper fusion-flex-justify-content-flex-start fusion-content-layout-column\"><div class=\"fusion-text fusion-text-1\"><p>&#8220;Lazzeruolo&#8221; oder auch als Vogelbeere bekannt, ist ein Obstbaum, der eng mit unserer l\u00e4ndlichen Tradition verbunden ist und Fr\u00fcchte hervorbringt, die \u00c4pfeln sehr \u00e4hnlich sind. Neben seiner guten Anpassungsf\u00e4higkeit zeichnet er sich durch ein langsames Wachstum und eine reiche Fruchtproduktion aus.<\/p>\n<\/div><\/div><\/div><\/div><\/div>\n","protected":false},"excerpt":{"rendered":"","protected":false},"featured_media":13967,"template":"","meta":{"_acf_changed":false},"product_cat":[705],"product_tag":[],"class_list":{"0":"post-24465","1":"product","2":"type-product","3":"status-publish","4":"has-post-thumbnail","6":"product_cat-nicht-kategorisiert","7":"product_shipping_class-evergreen-de","9":"first","10":"instock","11":"taxable","12":"shipping-taxable","13":"purchasable","14":"product-type-simple"},"acf":[],"yoast_head":"<!-- This site is optimized with the Yoast SEO plugin v23.4 - https:\/\/yoast.com\/wordpress\/plugins\/seo\/ -->\n<title>Azaroldorn - Echte Obstpflanzen f\u00fcr den Au\u00dfenbereich | Kentis<\/title>\n<meta name=\"description\" content=\"Die Azzeruolo-Pflanze, die dem Apfelbaum sehr \u00e4hnlich ist, ist die perfekte Obstpflanze f\u00fcr den Au\u00dfenbereich f\u00fcr Liebhaber ihrer Fr\u00fcchte!\" \/>\n<meta name=\"robots\" content=\"index, follow, max-snippet:-1, max-image-preview:large, max-video-preview:-1\" \/>\n<link rel=\"canonical\" href=\"https:\/\/kentis.com\/de\/shop\/azaroldorn\/\" \/>\n<meta property=\"og:locale\" content=\"de_DE\" \/>\n<meta property=\"og:type\" content=\"article\" \/>\n<meta property=\"og:title\" content=\"Azaroldorn - Echte Obstpflanzen f\u00fcr den Au\u00dfenbereich | Kentis\" \/>\n<meta property=\"og:description\" content=\"Die Azzeruolo-Pflanze, die dem Apfelbaum sehr \u00e4hnlich ist, ist die perfekte Obstpflanze f\u00fcr den Au\u00dfenbereich f\u00fcr Liebhaber ihrer Fr\u00fcchte!\" \/>\n<meta property=\"og:url\" content=\"https:\/\/kentis.com\/de\/shop\/azaroldorn\/\" \/>\n<meta property=\"og:site_name\" content=\"Kentis\" \/>\n<meta property=\"article:publisher\" content=\"https:\/\/www.facebook.com\/kentisgarden\" \/>\n<meta property=\"article:modified_time\" content=\"2024-11-29T15:06:20+00:00\" \/>\n<meta property=\"og:image\" content=\"https:\/\/kentis.com\/wp-content\/uploads\/2022\/08\/Azzeruolo-6-1024x1024.jpg\" \/>\n\t<meta property=\"og:image:width\" content=\"1024\" \/>\n\t<meta property=\"og:image:height\" content=\"1024\" \/>\n\t<meta property=\"og:image:type\" content=\"image\/jpeg\" \/>\n<meta name=\"twitter:card\" content=\"summary_large_image\" \/>\n<meta name=\"twitter:label1\" content=\"Gesch\u00e4tzte Lesezeit\" \/>\n\t<meta name=\"twitter:data1\" content=\"1\u00a0Minute\" \/>\n<script type=\"application\/ld+json\" class=\"yoast-schema-graph\">{\"@context\":\"https:\/\/schema.org\",\"@graph\":[{\"@type\":\"WebPage\",\"@id\":\"https:\/\/kentis.com\/de\/shop\/azaroldorn\/\",\"url\":\"https:\/\/kentis.com\/de\/shop\/azaroldorn\/\",\"name\":\"Azaroldorn - Echte Obstpflanzen f\u00fcr den Au\u00dfenbereich | Kentis\",\"isPartOf\":{\"@id\":\"https:\/\/kentis.com\/de\/#website\"},\"primaryImageOfPage\":{\"@id\":\"https:\/\/kentis.com\/de\/shop\/azaroldorn\/#primaryimage\"},\"image\":{\"@id\":\"https:\/\/kentis.com\/de\/shop\/azaroldorn\/#primaryimage\"},\"thumbnailUrl\":\"https:\/\/kentis.com\/wp-content\/uploads\/2022\/08\/Azzeruolo-6.jpg\",\"datePublished\":\"2022-08-05T08:35:30+00:00\",\"dateModified\":\"2024-11-29T15:06:20+00:00\",\"description\":\"Die Azzeruolo-Pflanze, die dem Apfelbaum sehr \u00e4hnlich ist, ist die perfekte Obstpflanze f\u00fcr den Au\u00dfenbereich f\u00fcr Liebhaber ihrer Fr\u00fcchte!\",\"breadcrumb\":{\"@id\":\"https:\/\/kentis.com\/de\/shop\/azaroldorn\/#breadcrumb\"},\"inLanguage\":\"de\",\"potentialAction\":[{\"@type\":\"ReadAction\",\"target\":[\"https:\/\/kentis.com\/de\/shop\/azaroldorn\/\"]}]},{\"@type\":\"ImageObject\",\"inLanguage\":\"de\",\"@id\":\"https:\/\/kentis.com\/de\/shop\/azaroldorn\/#primaryimage\",\"url\":\"https:\/\/kentis.com\/wp-content\/uploads\/2022\/08\/Azzeruolo-6.jpg\",\"contentUrl\":\"https:\/\/kentis.com\/wp-content\/uploads\/2022\/08\/Azzeruolo-6.jpg\",\"width\":1500,\"height\":1500},{\"@type\":\"BreadcrumbList\",\"@id\":\"https:\/\/kentis.com\/de\/shop\/azaroldorn\/#breadcrumb\",\"itemListElement\":[{\"@type\":\"ListItem\",\"position\":1,\"name\":\"Home\",\"item\":\"https:\/\/kentis.com\/de\/\"},{\"@type\":\"ListItem\",\"position\":2,\"name\":\"Gesch\u00e4ft\",\"item\":\"https:\/\/kentis.com\/de\/shop\/\"},{\"@type\":\"ListItem\",\"position\":3,\"name\":\"nicht kategorisiert\",\"item\":\"https:\/\/kentis.com\/de\/produkt-kategorie\/nicht-kategorisiert\/\"},{\"@type\":\"ListItem\",\"position\":4,\"name\":\"Azaroldorn\"}]},{\"@type\":\"WebSite\",\"@id\":\"https:\/\/kentis.com\/de\/#website\",\"url\":\"https:\/\/kentis.com\/de\/\",\"name\":\"Kentis\",\"description\":\"Atelier del verde\",\"publisher\":{\"@id\":\"https:\/\/kentis.com\/de\/#organization\"},\"potentialAction\":[{\"@type\":\"SearchAction\",\"target\":{\"@type\":\"EntryPoint\",\"urlTemplate\":\"https:\/\/kentis.com\/de\/?s={search_term_string}\"},\"query-input\":{\"@type\":\"PropertyValueSpecification\",\"valueRequired\":true,\"valueName\":\"search_term_string\"}}],\"inLanguage\":\"de\"},{\"@type\":\"Organization\",\"@id\":\"https:\/\/kentis.com\/de\/#organization\",\"name\":\"Kentis\",\"url\":\"https:\/\/kentis.com\/de\/\",\"logo\":{\"@type\":\"ImageObject\",\"inLanguage\":\"de\",\"@id\":\"https:\/\/kentis.com\/de\/#\/schema\/logo\/image\/\",\"url\":\"https:\/\/kentis.com\/wp-content\/uploads\/2021\/08\/logo-main.png\",\"contentUrl\":\"https:\/\/kentis.com\/wp-content\/uploads\/2021\/08\/logo-main.png\",\"width\":800,\"height\":204,\"caption\":\"Kentis\"},\"image\":{\"@id\":\"https:\/\/kentis.com\/de\/#\/schema\/logo\/image\/\"},\"sameAs\":[\"https:\/\/www.facebook.com\/kentisgarden\",\"https:\/\/www.instagram.com\/kentisgarden\/\",\"https:\/\/it.pinterest.com\/kentisgarden\",\"https:\/\/www.tiktok.com\/@kentis.com\"]}]}<\/script>\n<!-- \/ Yoast SEO plugin. -->","yoast_head_json":{"title":"Azaroldorn - Echte Obstpflanzen f\u00fcr den Au\u00dfenbereich | Kentis","description":"Die Azzeruolo-Pflanze, die dem Apfelbaum sehr \u00e4hnlich ist, ist die perfekte Obstpflanze f\u00fcr den Au\u00dfenbereich f\u00fcr Liebhaber ihrer Fr\u00fcchte!","robots":{"index":"index","follow":"follow","max-snippet":"max-snippet:-1","max-image-preview":"max-image-preview:large","max-video-preview":"max-video-preview:-1"},"canonical":"https:\/\/kentis.com\/de\/shop\/azaroldorn\/","og_locale":"de_DE","og_type":"article","og_title":"Azaroldorn - Echte Obstpflanzen f\u00fcr den Au\u00dfenbereich | Kentis","og_description":"Die Azzeruolo-Pflanze, die dem Apfelbaum sehr \u00e4hnlich ist, ist die perfekte Obstpflanze f\u00fcr den Au\u00dfenbereich f\u00fcr Liebhaber ihrer Fr\u00fcchte!","og_url":"https:\/\/kentis.com\/de\/shop\/azaroldorn\/","og_site_name":"Kentis","article_publisher":"https:\/\/www.facebook.com\/kentisgarden","article_modified_time":"2024-11-29T15:06:20+00:00","og_image":[{"width":1024,"height":1024,"url":"https:\/\/kentis.com\/wp-content\/uploads\/2022\/08\/Azzeruolo-6-1024x1024.jpg","type":"image\/jpeg"}],"twitter_card":"summary_large_image","twitter_misc":{"Gesch\u00e4tzte Lesezeit":"1\u00a0Minute"},"schema":{"@context":"https:\/\/schema.org","@graph":[{"@type":"WebPage","@id":"https:\/\/kentis.com\/de\/shop\/azaroldorn\/","url":"https:\/\/kentis.com\/de\/shop\/azaroldorn\/","name":"Azaroldorn - Echte Obstpflanzen f\u00fcr den Au\u00dfenbereich | Kentis","isPartOf":{"@id":"https:\/\/kentis.com\/de\/#website"},"primaryImageOfPage":{"@id":"https:\/\/kentis.com\/de\/shop\/azaroldorn\/#primaryimage"},"image":{"@id":"https:\/\/kentis.com\/de\/shop\/azaroldorn\/#primaryimage"},"thumbnailUrl":"https:\/\/kentis.com\/wp-content\/uploads\/2022\/08\/Azzeruolo-6.jpg","datePublished":"2022-08-05T08:35:30+00:00","dateModified":"2024-11-29T15:06:20+00:00","description":"Die Azzeruolo-Pflanze, die dem Apfelbaum sehr \u00e4hnlich ist, ist die perfekte Obstpflanze f\u00fcr den Au\u00dfenbereich f\u00fcr Liebhaber ihrer Fr\u00fcchte!","breadcrumb":{"@id":"https:\/\/kentis.com\/de\/shop\/azaroldorn\/#breadcrumb"},"inLanguage":"de","potentialAction":[{"@type":"ReadAction","target":["https:\/\/kentis.com\/de\/shop\/azaroldorn\/"]}]},{"@type":"ImageObject","inLanguage":"de","@id":"https:\/\/kentis.com\/de\/shop\/azaroldorn\/#primaryimage","url":"https:\/\/kentis.com\/wp-content\/uploads\/2022\/08\/Azzeruolo-6.jpg","contentUrl":"https:\/\/kentis.com\/wp-content\/uploads\/2022\/08\/Azzeruolo-6.jpg","width":1500,"height":1500},{"@type":"BreadcrumbList","@id":"https:\/\/kentis.com\/de\/shop\/azaroldorn\/#breadcrumb","itemListElement":[{"@type":"ListItem","position":1,"name":"Home","item":"https:\/\/kentis.com\/de\/"},{"@type":"ListItem","position":2,"name":"Gesch\u00e4ft","item":"https:\/\/kentis.com\/de\/shop\/"},{"@type":"ListItem","position":3,"name":"nicht kategorisiert","item":"https:\/\/kentis.com\/de\/produkt-kategorie\/nicht-kategorisiert\/"},{"@type":"ListItem","position":4,"name":"Azaroldorn"}]},{"@type":"WebSite","@id":"https:\/\/kentis.com\/de\/#website","url":"https:\/\/kentis.com\/de\/","name":"Kentis","description":"Atelier del verde","publisher":{"@id":"https:\/\/kentis.com\/de\/#organization"},"potentialAction":[{"@type":"SearchAction","target":{"@type":"EntryPoint","urlTemplate":"https:\/\/kentis.com\/de\/?s={search_term_string}"},"query-input":{"@type":"PropertyValueSpecification","valueRequired":true,"valueName":"search_term_string"}}],"inLanguage":"de"},{"@type":"Organization","@id":"https:\/\/kentis.com\/de\/#organization","name":"Kentis","url":"https:\/\/kentis.com\/de\/","logo":{"@type":"ImageObject","inLanguage":"de","@id":"https:\/\/kentis.com\/de\/#\/schema\/logo\/image\/","url":"https:\/\/kentis.com\/wp-content\/uploads\/2021\/08\/logo-main.png","contentUrl":"https:\/\/kentis.com\/wp-content\/uploads\/2021\/08\/logo-main.png","width":800,"height":204,"caption":"Kentis"},"image":{"@id":"https:\/\/kentis.com\/de\/#\/schema\/logo\/image\/"},"sameAs":["https:\/\/www.facebook.com\/kentisgarden","https:\/\/www.instagram.com\/kentisgarden\/","https:\/\/it.pinterest.com\/kentisgarden","https:\/\/www.tiktok.com\/@kentis.com"]}]}},"_links":{"self":[{"href":"https:\/\/kentis.com\/de\/wp-json\/wp\/v2\/product\/24465","targetHints":{"allow":["GET"]}}],"collection":[{"href":"https:\/\/kentis.com\/de\/wp-json\/wp\/v2\/product"}],"about":[{"href":"https:\/\/kentis.com\/de\/wp-json\/wp\/v2\/types\/product"}],"wp:featuredmedia":[{"embeddable":true,"href":"https:\/\/kentis.com\/de\/wp-json\/wp\/v2\/media\/13967"}],"wp:attachment":[{"href":"https:\/\/kentis.com\/de\/wp-json\/wp\/v2\/media?parent=24465"}],"wp:term":[{"taxonomy":"product_cat","embeddable":true,"href":"https:\/\/kentis.com\/de\/wp-json\/wp\/v2\/product_cat?post=24465"},{"taxonomy":"product_tag","embeddable":true,"href":"https:\/\/kentis.com\/de\/wp-json\/wp\/v2\/product_tag?post=24465"}],"curies":[{"name":"wp","href":"https:\/\/api.w.org\/{rel}","templated":true}]}}