{"id":24407,"date":"2022-08-10T15:44:18","date_gmt":"2022-08-10T13:44:18","guid":{"rendered":"https:\/\/kentis.com\/negozio\/caco-mela-hana-fuyu\/"},"modified":"2024-12-04T14:49:41","modified_gmt":"2024-12-04T13:49:41","slug":"kaki-apfel-hana-fuyu","status":"publish","type":"product","link":"https:\/\/kentis.com\/de\/shop\/kaki-apfel-hana-fuyu\/","title":{"rendered":"Kaki-Apfel Hana Fuyu"},"content":{"rendered":"<div class=\"fusion-fullwidth fullwidth-box fusion-builder-row-1 fusion-flex-container nonhundred-percent-fullwidth non-hundred-percent-height-scrolling\" style=\"--awb-border-radius-top-left:0px;--awb-border-radius-top-right:0px;--awb-border-radius-bottom-right:0px;--awb-border-radius-bottom-left:0px;--awb-flex-wrap:wrap;\" ><div class=\"fusion-builder-row fusion-row fusion-flex-align-items-flex-start fusion-flex-content-wrap\" style=\"max-width:1248px;margin-left: calc(-4% \/ 2 );margin-right: calc(-4% \/ 2 );\"><div class=\"fusion-layout-column fusion_builder_column fusion-builder-column-0 fusion_builder_column_1_1 1_1 fusion-flex-column\" style=\"--awb-bg-size:cover;--awb-width-large:100%;--awb-margin-top-large:0px;--awb-spacing-right-large:1.92%;--awb-margin-bottom-large:0px;--awb-spacing-left-large:1.92%;--awb-width-medium:100%;--awb-spacing-right-medium:1.92%;--awb-spacing-left-medium:1.92%;--awb-width-small:100%;--awb-spacing-right-small:1.92%;--awb-spacing-left-small:1.92%;\"><div class=\"fusion-column-wrapper fusion-flex-justify-content-flex-start fusion-content-layout-column\"><div class=\"fusion-text fusion-text-1\"><p>Urspr\u00fcnglich aus Japan stammend, ist dieser ber\u00fchmte Obstbaum nicht nur f\u00fcr seine Fr\u00fcchte bekannt, sondern auch f\u00fcr seinen dekorativen Wert, seine Sch\u00f6nheit und seine Farben. Im Osten wird er auch als &#8216;Baum der sieben Tugenden&#8217; bezeichnet, die durch jedes seiner Elemente dargestellt werden, wie die Krone, die Bl\u00e4tter und insbesondere seine Widerstandsf\u00e4higkeit.<\/p>\n<p>Anbau-Topf, \u00d8 24 cm<\/p>\n<\/div><\/div><\/div><\/div><\/div>\n","protected":false},"excerpt":{"rendered":"","protected":false},"featured_media":13839,"template":"","meta":{"_acf_changed":false},"product_cat":[614,531],"product_tag":[],"class_list":{"0":"post-24407","1":"product","2":"type-product","3":"status-publish","4":"has-post-thumbnail","6":"product_cat-obstpflanzen","7":"product_cat-pflanzen-im-freien","9":"first","10":"outofstock","11":"taxable","12":"shipping-taxable","13":"purchasable","14":"product-type-simple"},"acf":[],"yoast_head":"<!-- This site is optimized with the Yoast SEO plugin v23.4 - https:\/\/yoast.com\/wordpress\/plugins\/seo\/ -->\n<title>Kaki-Apfel Hana Fuyu - Obstpflanzen im Freien | Kentis<\/title>\n<meta name=\"description\" content=\"Die Hana Fuyu Apple Persimmon ist die perfekte Outdoor-Obstpflanze f\u00fcr Liebhaber ihrer Fr\u00fcchte, um ihren Garten zu schm\u00fccken!\" \/>\n<meta name=\"robots\" content=\"index, follow, max-snippet:-1, max-image-preview:large, max-video-preview:-1\" \/>\n<link rel=\"canonical\" href=\"https:\/\/kentis.com\/de\/shop\/kaki-apfel-hana-fuyu\/\" \/>\n<meta property=\"og:locale\" content=\"de_DE\" \/>\n<meta property=\"og:type\" content=\"article\" \/>\n<meta property=\"og:title\" content=\"Kaki-Apfel Hana Fuyu - Obstpflanzen im Freien | Kentis\" \/>\n<meta property=\"og:description\" content=\"Die Hana Fuyu Apple Persimmon ist die perfekte Outdoor-Obstpflanze f\u00fcr Liebhaber ihrer Fr\u00fcchte, um ihren Garten zu schm\u00fccken!\" \/>\n<meta property=\"og:url\" content=\"https:\/\/kentis.com\/de\/shop\/kaki-apfel-hana-fuyu\/\" \/>\n<meta property=\"og:site_name\" content=\"Kentis\" \/>\n<meta property=\"article:publisher\" content=\"https:\/\/www.facebook.com\/kentisgarden\" \/>\n<meta property=\"article:modified_time\" content=\"2024-12-04T13:49:41+00:00\" \/>\n<meta property=\"og:image\" content=\"https:\/\/kentis.com\/wp-content\/uploads\/2022\/08\/Caco-hana-fuyu-3-1024x1024.jpg\" \/>\n\t<meta property=\"og:image:width\" content=\"1024\" \/>\n\t<meta property=\"og:image:height\" content=\"1024\" \/>\n\t<meta property=\"og:image:type\" content=\"image\/jpeg\" \/>\n<meta name=\"twitter:card\" content=\"summary_large_image\" \/>\n<meta name=\"twitter:label1\" content=\"Gesch\u00e4tzte Lesezeit\" \/>\n\t<meta name=\"twitter:data1\" content=\"1\u00a0Minute\" \/>\n<script type=\"application\/ld+json\" class=\"yoast-schema-graph\">{\"@context\":\"https:\/\/schema.org\",\"@graph\":[{\"@type\":\"WebPage\",\"@id\":\"https:\/\/kentis.com\/de\/shop\/kaki-apfel-hana-fuyu\/\",\"url\":\"https:\/\/kentis.com\/de\/shop\/kaki-apfel-hana-fuyu\/\",\"name\":\"Kaki-Apfel Hana Fuyu - Obstpflanzen im Freien | Kentis\",\"isPartOf\":{\"@id\":\"https:\/\/kentis.com\/de\/#website\"},\"primaryImageOfPage\":{\"@id\":\"https:\/\/kentis.com\/de\/shop\/kaki-apfel-hana-fuyu\/#primaryimage\"},\"image\":{\"@id\":\"https:\/\/kentis.com\/de\/shop\/kaki-apfel-hana-fuyu\/#primaryimage\"},\"thumbnailUrl\":\"https:\/\/kentis.com\/wp-content\/uploads\/2022\/08\/Caco-hana-fuyu-3.jpg\",\"datePublished\":\"2022-08-10T13:44:18+00:00\",\"dateModified\":\"2024-12-04T13:49:41+00:00\",\"description\":\"Die Hana Fuyu Apple Persimmon ist die perfekte Outdoor-Obstpflanze f\u00fcr Liebhaber ihrer Fr\u00fcchte, um ihren Garten zu schm\u00fccken!\",\"breadcrumb\":{\"@id\":\"https:\/\/kentis.com\/de\/shop\/kaki-apfel-hana-fuyu\/#breadcrumb\"},\"inLanguage\":\"de\",\"potentialAction\":[{\"@type\":\"ReadAction\",\"target\":[\"https:\/\/kentis.com\/de\/shop\/kaki-apfel-hana-fuyu\/\"]}]},{\"@type\":\"ImageObject\",\"inLanguage\":\"de\",\"@id\":\"https:\/\/kentis.com\/de\/shop\/kaki-apfel-hana-fuyu\/#primaryimage\",\"url\":\"https:\/\/kentis.com\/wp-content\/uploads\/2022\/08\/Caco-hana-fuyu-3.jpg\",\"contentUrl\":\"https:\/\/kentis.com\/wp-content\/uploads\/2022\/08\/Caco-hana-fuyu-3.jpg\",\"width\":1500,\"height\":1500},{\"@type\":\"BreadcrumbList\",\"@id\":\"https:\/\/kentis.com\/de\/shop\/kaki-apfel-hana-fuyu\/#breadcrumb\",\"itemListElement\":[{\"@type\":\"ListItem\",\"position\":1,\"name\":\"Home\",\"item\":\"https:\/\/kentis.com\/de\/\"},{\"@type\":\"ListItem\",\"position\":2,\"name\":\"Gesch\u00e4ft\",\"item\":\"https:\/\/kentis.com\/de\/shop\/\"},{\"@type\":\"ListItem\",\"position\":3,\"name\":\"Pflanzen\",\"item\":\"https:\/\/kentis.com\/de\/produkt-kategorie\/pflanzen\/\"},{\"@type\":\"ListItem\",\"position\":4,\"name\":\"Pflanzen im Freien\",\"item\":\"https:\/\/kentis.com\/de\/produkt-kategorie\/pflanzen\/pflanzen-im-freien\/\"},{\"@type\":\"ListItem\",\"position\":5,\"name\":\"Obstpflanzen\",\"item\":\"https:\/\/kentis.com\/de\/produkt-kategorie\/pflanzen\/pflanzen-im-freien\/obstpflanzen\/\"},{\"@type\":\"ListItem\",\"position\":6,\"name\":\"Kaki-Apfel Hana Fuyu\"}]},{\"@type\":\"WebSite\",\"@id\":\"https:\/\/kentis.com\/de\/#website\",\"url\":\"https:\/\/kentis.com\/de\/\",\"name\":\"Kentis\",\"description\":\"Atelier del verde\",\"publisher\":{\"@id\":\"https:\/\/kentis.com\/de\/#organization\"},\"potentialAction\":[{\"@type\":\"SearchAction\",\"target\":{\"@type\":\"EntryPoint\",\"urlTemplate\":\"https:\/\/kentis.com\/de\/?s={search_term_string}\"},\"query-input\":{\"@type\":\"PropertyValueSpecification\",\"valueRequired\":true,\"valueName\":\"search_term_string\"}}],\"inLanguage\":\"de\"},{\"@type\":\"Organization\",\"@id\":\"https:\/\/kentis.com\/de\/#organization\",\"name\":\"Kentis\",\"url\":\"https:\/\/kentis.com\/de\/\",\"logo\":{\"@type\":\"ImageObject\",\"inLanguage\":\"de\",\"@id\":\"https:\/\/kentis.com\/de\/#\/schema\/logo\/image\/\",\"url\":\"https:\/\/kentis.com\/wp-content\/uploads\/2021\/08\/logo-main.png\",\"contentUrl\":\"https:\/\/kentis.com\/wp-content\/uploads\/2021\/08\/logo-main.png\",\"width\":800,\"height\":204,\"caption\":\"Kentis\"},\"image\":{\"@id\":\"https:\/\/kentis.com\/de\/#\/schema\/logo\/image\/\"},\"sameAs\":[\"https:\/\/www.facebook.com\/kentisgarden\",\"https:\/\/www.instagram.com\/kentisgarden\/\",\"https:\/\/it.pinterest.com\/kentisgarden\",\"https:\/\/www.tiktok.com\/@kentis.com\"]}]}<\/script>\n<!-- \/ Yoast SEO plugin. -->","yoast_head_json":{"title":"Kaki-Apfel Hana Fuyu - Obstpflanzen im Freien | Kentis","description":"Die Hana Fuyu Apple Persimmon ist die perfekte Outdoor-Obstpflanze f\u00fcr Liebhaber ihrer Fr\u00fcchte, um ihren Garten zu schm\u00fccken!","robots":{"index":"index","follow":"follow","max-snippet":"max-snippet:-1","max-image-preview":"max-image-preview:large","max-video-preview":"max-video-preview:-1"},"canonical":"https:\/\/kentis.com\/de\/shop\/kaki-apfel-hana-fuyu\/","og_locale":"de_DE","og_type":"article","og_title":"Kaki-Apfel Hana Fuyu - Obstpflanzen im Freien | Kentis","og_description":"Die Hana Fuyu Apple Persimmon ist die perfekte Outdoor-Obstpflanze f\u00fcr Liebhaber ihrer Fr\u00fcchte, um ihren Garten zu schm\u00fccken!","og_url":"https:\/\/kentis.com\/de\/shop\/kaki-apfel-hana-fuyu\/","og_site_name":"Kentis","article_publisher":"https:\/\/www.facebook.com\/kentisgarden","article_modified_time":"2024-12-04T13:49:41+00:00","og_image":[{"width":1024,"height":1024,"url":"https:\/\/kentis.com\/wp-content\/uploads\/2022\/08\/Caco-hana-fuyu-3-1024x1024.jpg","type":"image\/jpeg"}],"twitter_card":"summary_large_image","twitter_misc":{"Gesch\u00e4tzte Lesezeit":"1\u00a0Minute"},"schema":{"@context":"https:\/\/schema.org","@graph":[{"@type":"WebPage","@id":"https:\/\/kentis.com\/de\/shop\/kaki-apfel-hana-fuyu\/","url":"https:\/\/kentis.com\/de\/shop\/kaki-apfel-hana-fuyu\/","name":"Kaki-Apfel Hana Fuyu - Obstpflanzen im Freien | Kentis","isPartOf":{"@id":"https:\/\/kentis.com\/de\/#website"},"primaryImageOfPage":{"@id":"https:\/\/kentis.com\/de\/shop\/kaki-apfel-hana-fuyu\/#primaryimage"},"image":{"@id":"https:\/\/kentis.com\/de\/shop\/kaki-apfel-hana-fuyu\/#primaryimage"},"thumbnailUrl":"https:\/\/kentis.com\/wp-content\/uploads\/2022\/08\/Caco-hana-fuyu-3.jpg","datePublished":"2022-08-10T13:44:18+00:00","dateModified":"2024-12-04T13:49:41+00:00","description":"Die Hana Fuyu Apple Persimmon ist die perfekte Outdoor-Obstpflanze f\u00fcr Liebhaber ihrer Fr\u00fcchte, um ihren Garten zu schm\u00fccken!","breadcrumb":{"@id":"https:\/\/kentis.com\/de\/shop\/kaki-apfel-hana-fuyu\/#breadcrumb"},"inLanguage":"de","potentialAction":[{"@type":"ReadAction","target":["https:\/\/kentis.com\/de\/shop\/kaki-apfel-hana-fuyu\/"]}]},{"@type":"ImageObject","inLanguage":"de","@id":"https:\/\/kentis.com\/de\/shop\/kaki-apfel-hana-fuyu\/#primaryimage","url":"https:\/\/kentis.com\/wp-content\/uploads\/2022\/08\/Caco-hana-fuyu-3.jpg","contentUrl":"https:\/\/kentis.com\/wp-content\/uploads\/2022\/08\/Caco-hana-fuyu-3.jpg","width":1500,"height":1500},{"@type":"BreadcrumbList","@id":"https:\/\/kentis.com\/de\/shop\/kaki-apfel-hana-fuyu\/#breadcrumb","itemListElement":[{"@type":"ListItem","position":1,"name":"Home","item":"https:\/\/kentis.com\/de\/"},{"@type":"ListItem","position":2,"name":"Gesch\u00e4ft","item":"https:\/\/kentis.com\/de\/shop\/"},{"@type":"ListItem","position":3,"name":"Pflanzen","item":"https:\/\/kentis.com\/de\/produkt-kategorie\/pflanzen\/"},{"@type":"ListItem","position":4,"name":"Pflanzen im Freien","item":"https:\/\/kentis.com\/de\/produkt-kategorie\/pflanzen\/pflanzen-im-freien\/"},{"@type":"ListItem","position":5,"name":"Obstpflanzen","item":"https:\/\/kentis.com\/de\/produkt-kategorie\/pflanzen\/pflanzen-im-freien\/obstpflanzen\/"},{"@type":"ListItem","position":6,"name":"Kaki-Apfel Hana Fuyu"}]},{"@type":"WebSite","@id":"https:\/\/kentis.com\/de\/#website","url":"https:\/\/kentis.com\/de\/","name":"Kentis","description":"Atelier del verde","publisher":{"@id":"https:\/\/kentis.com\/de\/#organization"},"potentialAction":[{"@type":"SearchAction","target":{"@type":"EntryPoint","urlTemplate":"https:\/\/kentis.com\/de\/?s={search_term_string}"},"query-input":{"@type":"PropertyValueSpecification","valueRequired":true,"valueName":"search_term_string"}}],"inLanguage":"de"},{"@type":"Organization","@id":"https:\/\/kentis.com\/de\/#organization","name":"Kentis","url":"https:\/\/kentis.com\/de\/","logo":{"@type":"ImageObject","inLanguage":"de","@id":"https:\/\/kentis.com\/de\/#\/schema\/logo\/image\/","url":"https:\/\/kentis.com\/wp-content\/uploads\/2021\/08\/logo-main.png","contentUrl":"https:\/\/kentis.com\/wp-content\/uploads\/2021\/08\/logo-main.png","width":800,"height":204,"caption":"Kentis"},"image":{"@id":"https:\/\/kentis.com\/de\/#\/schema\/logo\/image\/"},"sameAs":["https:\/\/www.facebook.com\/kentisgarden","https:\/\/www.instagram.com\/kentisgarden\/","https:\/\/it.pinterest.com\/kentisgarden","https:\/\/www.tiktok.com\/@kentis.com"]}]}},"_links":{"self":[{"href":"https:\/\/kentis.com\/de\/wp-json\/wp\/v2\/product\/24407","targetHints":{"allow":["GET"]}}],"collection":[{"href":"https:\/\/kentis.com\/de\/wp-json\/wp\/v2\/product"}],"about":[{"href":"https:\/\/kentis.com\/de\/wp-json\/wp\/v2\/types\/product"}],"wp:featuredmedia":[{"embeddable":true,"href":"https:\/\/kentis.com\/de\/wp-json\/wp\/v2\/media\/13839"}],"wp:attachment":[{"href":"https:\/\/kentis.com\/de\/wp-json\/wp\/v2\/media?parent=24407"}],"wp:term":[{"taxonomy":"product_cat","embeddable":true,"href":"https:\/\/kentis.com\/de\/wp-json\/wp\/v2\/product_cat?post=24407"},{"taxonomy":"product_tag","embeddable":true,"href":"https:\/\/kentis.com\/de\/wp-json\/wp\/v2\/product_tag?post=24407"}],"curies":[{"name":"wp","href":"https:\/\/api.w.org\/{rel}","templated":true}]}}