{"id":24291,"date":"2022-10-19T17:49:50","date_gmt":"2022-10-19T15:49:50","guid":{"rendered":"https:\/\/kentis.com\/negozio\/camelia-japonica-black-magic\/"},"modified":"2024-05-13T17:31:19","modified_gmt":"2024-05-13T15:31:19","slug":"camelia-japonica-black-magic","status":"publish","type":"product","link":"https:\/\/kentis.com\/de\/shop\/camelia-japonica-black-magic\/","title":{"rendered":"Camelia Japonica &#8216;Black Magic&#8217;"},"content":{"rendered":"<p>Genannt Black Magic oder Heimofa, zeichnet sich diese Camellia-Variante, die aus den Vereinigten Staaten stammt, durch ihre gl\u00e4nzenden roten Bl\u00fcten aus, die denen von Rosen sehr \u00e4hnlich sind. Au\u00dferdem hat sie ein Laub, das dem von Stechpalmen \u00e4hnelt.<\/p>\n","protected":false},"excerpt":{"rendered":"<p>Genannt Black Magic oder Heimofa, zeichnet sich diese Camellia-Variante, die [&hellip;]<\/p>\n","protected":false},"featured_media":13002,"template":"","meta":{"_acf_changed":false},"product_cat":[531,577],"product_tag":[],"class_list":{"0":"post-24291","1":"product","2":"type-product","3":"status-publish","4":"has-post-thumbnail","6":"product_cat-pflanzen-im-freien","7":"product_cat-straeucher","8":"product_shipping_class-flora-de","10":"first","11":"instock","12":"taxable","13":"shipping-taxable","14":"purchasable","15":"product-type-variable","16":"has-default-attributes"},"acf":[],"yoast_head":"<!-- This site is optimized with the Yoast SEO plugin v23.4 - https:\/\/yoast.com\/wordpress\/plugins\/seo\/ -->\n<title>Camelia Japonica Black Magic - Piante vere da esterno | Kentis<\/title>\n<meta name=\"description\" content=\"La Camelia Japonica Black Magic \u00e8 la pianta perfetta per decorare i tuoi spazi esterni, balconi o terrazze.\" \/>\n<meta name=\"robots\" content=\"index, follow, max-snippet:-1, max-image-preview:large, max-video-preview:-1\" \/>\n<link rel=\"canonical\" href=\"https:\/\/kentis.com\/de\/shop\/camelia-japonica-black-magic\/\" \/>\n<meta property=\"og:locale\" content=\"de_DE\" \/>\n<meta property=\"og:type\" content=\"article\" \/>\n<meta property=\"og:title\" content=\"Camelia Japonica Black Magic - Piante vere da esterno | Kentis\" \/>\n<meta property=\"og:description\" content=\"La Camelia Japonica Black Magic \u00e8 la pianta perfetta per decorare i tuoi spazi esterni, balconi o terrazze.\" \/>\n<meta property=\"og:url\" content=\"https:\/\/kentis.com\/de\/shop\/camelia-japonica-black-magic\/\" \/>\n<meta property=\"og:site_name\" content=\"Kentis\" \/>\n<meta property=\"article:publisher\" content=\"https:\/\/www.facebook.com\/kentisgarden\" \/>\n<meta property=\"article:modified_time\" content=\"2024-05-13T15:31:19+00:00\" \/>\n<meta property=\"og:image\" content=\"https:\/\/kentis.com\/wp-content\/uploads\/2022\/10\/PTG-Camelia-BlackMagic-v17-h70-90_elho-vibes-18delicatepink-scaled.jpg\" \/>\n\t<meta property=\"og:image:width\" content=\"2560\" \/>\n\t<meta property=\"og:image:height\" content=\"2560\" \/>\n\t<meta property=\"og:image:type\" content=\"image\/jpeg\" \/>\n<meta name=\"twitter:card\" content=\"summary_large_image\" \/>\n<script type=\"application\/ld+json\" class=\"yoast-schema-graph\">{\"@context\":\"https:\/\/schema.org\",\"@graph\":[{\"@type\":\"WebPage\",\"@id\":\"https:\/\/kentis.com\/de\/shop\/camelia-japonica-black-magic\/\",\"url\":\"https:\/\/kentis.com\/de\/shop\/camelia-japonica-black-magic\/\",\"name\":\"Camelia Japonica Black Magic - Piante vere da esterno | Kentis\",\"isPartOf\":{\"@id\":\"https:\/\/kentis.com\/de\/#website\"},\"primaryImageOfPage\":{\"@id\":\"https:\/\/kentis.com\/de\/shop\/camelia-japonica-black-magic\/#primaryimage\"},\"image\":{\"@id\":\"https:\/\/kentis.com\/de\/shop\/camelia-japonica-black-magic\/#primaryimage\"},\"thumbnailUrl\":\"https:\/\/kentis.com\/wp-content\/uploads\/2022\/10\/PTG-Camelia-BlackMagic-v17-h70-90_elho-vibes-18delicatepink-scaled.jpg\",\"datePublished\":\"2022-10-19T15:49:50+00:00\",\"dateModified\":\"2024-05-13T15:31:19+00:00\",\"description\":\"La Camelia Japonica Black Magic \u00e8 la pianta perfetta per decorare i tuoi spazi esterni, balconi o terrazze.\",\"breadcrumb\":{\"@id\":\"https:\/\/kentis.com\/de\/shop\/camelia-japonica-black-magic\/#breadcrumb\"},\"inLanguage\":\"de\",\"potentialAction\":[{\"@type\":\"ReadAction\",\"target\":[\"https:\/\/kentis.com\/de\/shop\/camelia-japonica-black-magic\/\"]}]},{\"@type\":\"ImageObject\",\"inLanguage\":\"de\",\"@id\":\"https:\/\/kentis.com\/de\/shop\/camelia-japonica-black-magic\/#primaryimage\",\"url\":\"https:\/\/kentis.com\/wp-content\/uploads\/2022\/10\/PTG-Camelia-BlackMagic-v17-h70-90_elho-vibes-18delicatepink-scaled.jpg\",\"contentUrl\":\"https:\/\/kentis.com\/wp-content\/uploads\/2022\/10\/PTG-Camelia-BlackMagic-v17-h70-90_elho-vibes-18delicatepink-scaled.jpg\",\"width\":2560,\"height\":2560},{\"@type\":\"BreadcrumbList\",\"@id\":\"https:\/\/kentis.com\/de\/shop\/camelia-japonica-black-magic\/#breadcrumb\",\"itemListElement\":[{\"@type\":\"ListItem\",\"position\":1,\"name\":\"Home\",\"item\":\"https:\/\/kentis.com\/de\/\"},{\"@type\":\"ListItem\",\"position\":2,\"name\":\"Gesch\u00e4ft\",\"item\":\"https:\/\/kentis.com\/de\/shop\/\"},{\"@type\":\"ListItem\",\"position\":3,\"name\":\"Pflanzen\",\"item\":\"https:\/\/kentis.com\/de\/produkt-kategorie\/pflanzen\/\"},{\"@type\":\"ListItem\",\"position\":4,\"name\":\"Pflanzen im Freien\",\"item\":\"https:\/\/kentis.com\/de\/produkt-kategorie\/pflanzen\/pflanzen-im-freien\/\"},{\"@type\":\"ListItem\",\"position\":5,\"name\":\"Str\u00e4ucher\",\"item\":\"https:\/\/kentis.com\/de\/produkt-kategorie\/pflanzen\/pflanzen-im-freien\/straeucher\/\"},{\"@type\":\"ListItem\",\"position\":6,\"name\":\"Camelia Japonica &#8216;Black Magic&#8217;\"}]},{\"@type\":\"WebSite\",\"@id\":\"https:\/\/kentis.com\/de\/#website\",\"url\":\"https:\/\/kentis.com\/de\/\",\"name\":\"Kentis\",\"description\":\"Atelier del verde\",\"publisher\":{\"@id\":\"https:\/\/kentis.com\/de\/#organization\"},\"potentialAction\":[{\"@type\":\"SearchAction\",\"target\":{\"@type\":\"EntryPoint\",\"urlTemplate\":\"https:\/\/kentis.com\/de\/?s={search_term_string}\"},\"query-input\":{\"@type\":\"PropertyValueSpecification\",\"valueRequired\":true,\"valueName\":\"search_term_string\"}}],\"inLanguage\":\"de\"},{\"@type\":\"Organization\",\"@id\":\"https:\/\/kentis.com\/de\/#organization\",\"name\":\"Kentis\",\"url\":\"https:\/\/kentis.com\/de\/\",\"logo\":{\"@type\":\"ImageObject\",\"inLanguage\":\"de\",\"@id\":\"https:\/\/kentis.com\/de\/#\/schema\/logo\/image\/\",\"url\":\"https:\/\/kentis.com\/wp-content\/uploads\/2021\/08\/logo-main.png\",\"contentUrl\":\"https:\/\/kentis.com\/wp-content\/uploads\/2021\/08\/logo-main.png\",\"width\":800,\"height\":204,\"caption\":\"Kentis\"},\"image\":{\"@id\":\"https:\/\/kentis.com\/de\/#\/schema\/logo\/image\/\"},\"sameAs\":[\"https:\/\/www.facebook.com\/kentisgarden\",\"https:\/\/www.instagram.com\/kentisgarden\/\",\"https:\/\/it.pinterest.com\/kentisgarden\",\"https:\/\/www.tiktok.com\/@kentis.com\"]}]}<\/script>\n<!-- \/ Yoast SEO plugin. -->","yoast_head_json":{"title":"Camelia Japonica Black Magic - Piante vere da esterno | Kentis","description":"La Camelia Japonica Black Magic \u00e8 la pianta perfetta per decorare i tuoi spazi esterni, balconi o terrazze.","robots":{"index":"index","follow":"follow","max-snippet":"max-snippet:-1","max-image-preview":"max-image-preview:large","max-video-preview":"max-video-preview:-1"},"canonical":"https:\/\/kentis.com\/de\/shop\/camelia-japonica-black-magic\/","og_locale":"de_DE","og_type":"article","og_title":"Camelia Japonica Black Magic - Piante vere da esterno | Kentis","og_description":"La Camelia Japonica Black Magic \u00e8 la pianta perfetta per decorare i tuoi spazi esterni, balconi o terrazze.","og_url":"https:\/\/kentis.com\/de\/shop\/camelia-japonica-black-magic\/","og_site_name":"Kentis","article_publisher":"https:\/\/www.facebook.com\/kentisgarden","article_modified_time":"2024-05-13T15:31:19+00:00","og_image":[{"width":2560,"height":2560,"url":"https:\/\/kentis.com\/wp-content\/uploads\/2022\/10\/PTG-Camelia-BlackMagic-v17-h70-90_elho-vibes-18delicatepink-scaled.jpg","type":"image\/jpeg"}],"twitter_card":"summary_large_image","schema":{"@context":"https:\/\/schema.org","@graph":[{"@type":"WebPage","@id":"https:\/\/kentis.com\/de\/shop\/camelia-japonica-black-magic\/","url":"https:\/\/kentis.com\/de\/shop\/camelia-japonica-black-magic\/","name":"Camelia Japonica Black Magic - Piante vere da esterno | Kentis","isPartOf":{"@id":"https:\/\/kentis.com\/de\/#website"},"primaryImageOfPage":{"@id":"https:\/\/kentis.com\/de\/shop\/camelia-japonica-black-magic\/#primaryimage"},"image":{"@id":"https:\/\/kentis.com\/de\/shop\/camelia-japonica-black-magic\/#primaryimage"},"thumbnailUrl":"https:\/\/kentis.com\/wp-content\/uploads\/2022\/10\/PTG-Camelia-BlackMagic-v17-h70-90_elho-vibes-18delicatepink-scaled.jpg","datePublished":"2022-10-19T15:49:50+00:00","dateModified":"2024-05-13T15:31:19+00:00","description":"La Camelia Japonica Black Magic \u00e8 la pianta perfetta per decorare i tuoi spazi esterni, balconi o terrazze.","breadcrumb":{"@id":"https:\/\/kentis.com\/de\/shop\/camelia-japonica-black-magic\/#breadcrumb"},"inLanguage":"de","potentialAction":[{"@type":"ReadAction","target":["https:\/\/kentis.com\/de\/shop\/camelia-japonica-black-magic\/"]}]},{"@type":"ImageObject","inLanguage":"de","@id":"https:\/\/kentis.com\/de\/shop\/camelia-japonica-black-magic\/#primaryimage","url":"https:\/\/kentis.com\/wp-content\/uploads\/2022\/10\/PTG-Camelia-BlackMagic-v17-h70-90_elho-vibes-18delicatepink-scaled.jpg","contentUrl":"https:\/\/kentis.com\/wp-content\/uploads\/2022\/10\/PTG-Camelia-BlackMagic-v17-h70-90_elho-vibes-18delicatepink-scaled.jpg","width":2560,"height":2560},{"@type":"BreadcrumbList","@id":"https:\/\/kentis.com\/de\/shop\/camelia-japonica-black-magic\/#breadcrumb","itemListElement":[{"@type":"ListItem","position":1,"name":"Home","item":"https:\/\/kentis.com\/de\/"},{"@type":"ListItem","position":2,"name":"Gesch\u00e4ft","item":"https:\/\/kentis.com\/de\/shop\/"},{"@type":"ListItem","position":3,"name":"Pflanzen","item":"https:\/\/kentis.com\/de\/produkt-kategorie\/pflanzen\/"},{"@type":"ListItem","position":4,"name":"Pflanzen im Freien","item":"https:\/\/kentis.com\/de\/produkt-kategorie\/pflanzen\/pflanzen-im-freien\/"},{"@type":"ListItem","position":5,"name":"Str\u00e4ucher","item":"https:\/\/kentis.com\/de\/produkt-kategorie\/pflanzen\/pflanzen-im-freien\/straeucher\/"},{"@type":"ListItem","position":6,"name":"Camelia Japonica &#8216;Black Magic&#8217;"}]},{"@type":"WebSite","@id":"https:\/\/kentis.com\/de\/#website","url":"https:\/\/kentis.com\/de\/","name":"Kentis","description":"Atelier del verde","publisher":{"@id":"https:\/\/kentis.com\/de\/#organization"},"potentialAction":[{"@type":"SearchAction","target":{"@type":"EntryPoint","urlTemplate":"https:\/\/kentis.com\/de\/?s={search_term_string}"},"query-input":{"@type":"PropertyValueSpecification","valueRequired":true,"valueName":"search_term_string"}}],"inLanguage":"de"},{"@type":"Organization","@id":"https:\/\/kentis.com\/de\/#organization","name":"Kentis","url":"https:\/\/kentis.com\/de\/","logo":{"@type":"ImageObject","inLanguage":"de","@id":"https:\/\/kentis.com\/de\/#\/schema\/logo\/image\/","url":"https:\/\/kentis.com\/wp-content\/uploads\/2021\/08\/logo-main.png","contentUrl":"https:\/\/kentis.com\/wp-content\/uploads\/2021\/08\/logo-main.png","width":800,"height":204,"caption":"Kentis"},"image":{"@id":"https:\/\/kentis.com\/de\/#\/schema\/logo\/image\/"},"sameAs":["https:\/\/www.facebook.com\/kentisgarden","https:\/\/www.instagram.com\/kentisgarden\/","https:\/\/it.pinterest.com\/kentisgarden","https:\/\/www.tiktok.com\/@kentis.com"]}]}},"_links":{"self":[{"href":"https:\/\/kentis.com\/de\/wp-json\/wp\/v2\/product\/24291","targetHints":{"allow":["GET"]}}],"collection":[{"href":"https:\/\/kentis.com\/de\/wp-json\/wp\/v2\/product"}],"about":[{"href":"https:\/\/kentis.com\/de\/wp-json\/wp\/v2\/types\/product"}],"wp:featuredmedia":[{"embeddable":true,"href":"https:\/\/kentis.com\/de\/wp-json\/wp\/v2\/media\/13002"}],"wp:attachment":[{"href":"https:\/\/kentis.com\/de\/wp-json\/wp\/v2\/media?parent=24291"}],"wp:term":[{"taxonomy":"product_cat","embeddable":true,"href":"https:\/\/kentis.com\/de\/wp-json\/wp\/v2\/product_cat?post=24291"},{"taxonomy":"product_tag","embeddable":true,"href":"https:\/\/kentis.com\/de\/wp-json\/wp\/v2\/product_tag?post=24291"}],"curies":[{"name":"wp","href":"https:\/\/api.w.org\/{rel}","templated":true}]}}