{"id":24230,"date":"2022-11-02T12:47:05","date_gmt":"2022-11-02T11:47:05","guid":{"rendered":"https:\/\/kentis.com\/negozio\/rose-rosse-stabilizzate-in-confezione-regalo\/"},"modified":"2024-12-06T14:27:11","modified_gmt":"2024-12-06T13:27:11","slug":"stabilisierte-rote-rosen-in-geschenkverpackung","status":"publish","type":"product","link":"https:\/\/kentis.com\/de\/shop\/stabilisierte-rote-rosen-in-geschenkverpackung\/","title":{"rendered":"Stabilisierte Rote Rosen in Geschenkverpackung"},"content":{"rendered":"<div class=\"fusion-fullwidth fullwidth-box fusion-builder-row-1 fusion-flex-container nonhundred-percent-fullwidth non-hundred-percent-height-scrolling\" style=\"--awb-border-radius-top-left:0px;--awb-border-radius-top-right:0px;--awb-border-radius-bottom-right:0px;--awb-border-radius-bottom-left:0px;--awb-flex-wrap:wrap;\" ><div class=\"fusion-builder-row fusion-row fusion-flex-align-items-flex-start fusion-flex-content-wrap\" style=\"max-width:1248px;margin-left: calc(-4% \/ 2 );margin-right: calc(-4% \/ 2 );\"><div class=\"fusion-layout-column fusion_builder_column fusion-builder-column-0 fusion_builder_column_1_1 1_1 fusion-flex-column\" style=\"--awb-bg-size:cover;--awb-width-large:100%;--awb-margin-top-large:0px;--awb-spacing-right-large:1.92%;--awb-margin-bottom-large:0px;--awb-spacing-left-large:1.92%;--awb-width-medium:100%;--awb-spacing-right-medium:1.92%;--awb-spacing-left-medium:1.92%;--awb-width-small:100%;--awb-spacing-right-small:1.92%;--awb-spacing-left-small:1.92%;\"><div class=\"fusion-column-wrapper fusion-flex-justify-content-flex-start fusion-content-layout-column\"><div class=\"fusion-text fusion-text-1\"><p>Le rose rosse all&#8217;interno della confezione regalo sono rose stabilizzate, ovvero rose vere di alta qualit\u00e0 che sono state sottoposte ad un processo di conservazione del fiore che gli permette di durare molto a lungo.<\/p>\n<\/div><\/div><\/div><\/div><\/div>\n","protected":false},"excerpt":{"rendered":"","protected":false},"featured_media":26185,"template":"","meta":{"_acf_changed":false},"product_cat":[516,515,513,510,663],"product_tag":[],"class_list":{"0":"post-24230","1":"product","2":"type-product","3":"status-publish","4":"has-post-thumbnail","6":"product_cat-fuer-ihn","7":"product_cat-fuer-sie","8":"product_cat-geburtstag","9":"product_cat-jubilaeum","10":"product_cat-hutablagen","11":"product_shipping_class-evergreen-de","13":"first","14":"instock","15":"sale","16":"taxable","17":"shipping-taxable","18":"purchasable","19":"product-type-variable","20":"has-default-attributes"},"acf":[],"yoast_head":"<!-- This site is optimized with the Yoast SEO plugin v23.4 - https:\/\/yoast.com\/wordpress\/plugins\/seo\/ -->\n<title>Stabilisierte Rote Rosen in Geschenkverpackung | Kentis<\/title>\n<meta name=\"description\" content=\"Stabilisierte rote Rosen im Geschenkkarton sind ein ideales Geschenk f\u00fcr jeden Anlass, f\u00fcr ein Jubil\u00e4um oder einen Geburtstag!\" \/>\n<meta name=\"robots\" content=\"index, follow, max-snippet:-1, max-image-preview:large, max-video-preview:-1\" \/>\n<link rel=\"canonical\" href=\"https:\/\/kentis.com\/de\/shop\/stabilisierte-rote-rosen-in-geschenkverpackung\/\" \/>\n<meta property=\"og:locale\" content=\"de_DE\" \/>\n<meta property=\"og:type\" content=\"article\" \/>\n<meta property=\"og:title\" content=\"Stabilisierte Rote Rosen in Geschenkverpackung | Kentis\" \/>\n<meta property=\"og:description\" content=\"Stabilisierte rote Rosen im Geschenkkarton sind ein ideales Geschenk f\u00fcr jeden Anlass, f\u00fcr ein Jubil\u00e4um oder einen Geburtstag!\" \/>\n<meta property=\"og:url\" content=\"https:\/\/kentis.com\/de\/shop\/stabilisierte-rote-rosen-in-geschenkverpackung\/\" \/>\n<meta property=\"og:site_name\" content=\"Kentis\" \/>\n<meta property=\"article:publisher\" content=\"https:\/\/www.facebook.com\/kentisgarden\" \/>\n<meta property=\"article:modified_time\" content=\"2024-12-06T13:27:11+00:00\" \/>\n<meta property=\"og:image\" content=\"https:\/\/kentis.com\/wp-content\/uploads\/2022\/11\/Rose_grandi.jpg\" \/>\n\t<meta property=\"og:image:width\" content=\"2000\" \/>\n\t<meta property=\"og:image:height\" content=\"2000\" \/>\n\t<meta property=\"og:image:type\" content=\"image\/jpeg\" \/>\n<meta name=\"twitter:card\" content=\"summary_large_image\" \/>\n<meta name=\"twitter:label1\" content=\"Gesch\u00e4tzte Lesezeit\" \/>\n\t<meta name=\"twitter:data1\" content=\"1\u00a0Minute\" \/>\n<script type=\"application\/ld+json\" class=\"yoast-schema-graph\">{\"@context\":\"https:\/\/schema.org\",\"@graph\":[{\"@type\":\"WebPage\",\"@id\":\"https:\/\/kentis.com\/de\/shop\/stabilisierte-rote-rosen-in-geschenkverpackung\/\",\"url\":\"https:\/\/kentis.com\/de\/shop\/stabilisierte-rote-rosen-in-geschenkverpackung\/\",\"name\":\"Stabilisierte Rote Rosen in Geschenkverpackung | Kentis\",\"isPartOf\":{\"@id\":\"https:\/\/kentis.com\/de\/#website\"},\"primaryImageOfPage\":{\"@id\":\"https:\/\/kentis.com\/de\/shop\/stabilisierte-rote-rosen-in-geschenkverpackung\/#primaryimage\"},\"image\":{\"@id\":\"https:\/\/kentis.com\/de\/shop\/stabilisierte-rote-rosen-in-geschenkverpackung\/#primaryimage\"},\"thumbnailUrl\":\"https:\/\/kentis.com\/wp-content\/uploads\/2022\/11\/Rose_grandi.jpg\",\"datePublished\":\"2022-11-02T11:47:05+00:00\",\"dateModified\":\"2024-12-06T13:27:11+00:00\",\"description\":\"Stabilisierte rote Rosen im Geschenkkarton sind ein ideales Geschenk f\u00fcr jeden Anlass, f\u00fcr ein Jubil\u00e4um oder einen Geburtstag!\",\"breadcrumb\":{\"@id\":\"https:\/\/kentis.com\/de\/shop\/stabilisierte-rote-rosen-in-geschenkverpackung\/#breadcrumb\"},\"inLanguage\":\"de\",\"potentialAction\":[{\"@type\":\"ReadAction\",\"target\":[\"https:\/\/kentis.com\/de\/shop\/stabilisierte-rote-rosen-in-geschenkverpackung\/\"]}]},{\"@type\":\"ImageObject\",\"inLanguage\":\"de\",\"@id\":\"https:\/\/kentis.com\/de\/shop\/stabilisierte-rote-rosen-in-geschenkverpackung\/#primaryimage\",\"url\":\"https:\/\/kentis.com\/wp-content\/uploads\/2022\/11\/Rose_grandi.jpg\",\"contentUrl\":\"https:\/\/kentis.com\/wp-content\/uploads\/2022\/11\/Rose_grandi.jpg\",\"width\":2000,\"height\":2000},{\"@type\":\"BreadcrumbList\",\"@id\":\"https:\/\/kentis.com\/de\/shop\/stabilisierte-rote-rosen-in-geschenkverpackung\/#breadcrumb\",\"itemListElement\":[{\"@type\":\"ListItem\",\"position\":1,\"name\":\"Home\",\"item\":\"https:\/\/kentis.com\/de\/\"},{\"@type\":\"ListItem\",\"position\":2,\"name\":\"Gesch\u00e4ft\",\"item\":\"https:\/\/kentis.com\/de\/shop\/\"},{\"@type\":\"ListItem\",\"position\":3,\"name\":\"Blumenstr\u00e4u\u00dfe\",\"item\":\"https:\/\/kentis.com\/de\/produkt-kategorie\/blumenstraeusse\/\"},{\"@type\":\"ListItem\",\"position\":4,\"name\":\"Packungen mit Rosen\",\"item\":\"https:\/\/kentis.com\/de\/produkt-kategorie\/blumenstraeusse\/hutablagen\/\"},{\"@type\":\"ListItem\",\"position\":5,\"name\":\"Stabilisierte Rote Rosen in Geschenkverpackung\"}]},{\"@type\":\"WebSite\",\"@id\":\"https:\/\/kentis.com\/de\/#website\",\"url\":\"https:\/\/kentis.com\/de\/\",\"name\":\"Kentis\",\"description\":\"Atelier del verde\",\"publisher\":{\"@id\":\"https:\/\/kentis.com\/de\/#organization\"},\"potentialAction\":[{\"@type\":\"SearchAction\",\"target\":{\"@type\":\"EntryPoint\",\"urlTemplate\":\"https:\/\/kentis.com\/de\/?s={search_term_string}\"},\"query-input\":{\"@type\":\"PropertyValueSpecification\",\"valueRequired\":true,\"valueName\":\"search_term_string\"}}],\"inLanguage\":\"de\"},{\"@type\":\"Organization\",\"@id\":\"https:\/\/kentis.com\/de\/#organization\",\"name\":\"Kentis\",\"url\":\"https:\/\/kentis.com\/de\/\",\"logo\":{\"@type\":\"ImageObject\",\"inLanguage\":\"de\",\"@id\":\"https:\/\/kentis.com\/de\/#\/schema\/logo\/image\/\",\"url\":\"https:\/\/kentis.com\/wp-content\/uploads\/2021\/08\/logo-main.png\",\"contentUrl\":\"https:\/\/kentis.com\/wp-content\/uploads\/2021\/08\/logo-main.png\",\"width\":800,\"height\":204,\"caption\":\"Kentis\"},\"image\":{\"@id\":\"https:\/\/kentis.com\/de\/#\/schema\/logo\/image\/\"},\"sameAs\":[\"https:\/\/www.facebook.com\/kentisgarden\",\"https:\/\/www.instagram.com\/kentisgarden\/\",\"https:\/\/it.pinterest.com\/kentisgarden\",\"https:\/\/www.tiktok.com\/@kentis.com\"]}]}<\/script>\n<!-- \/ Yoast SEO plugin. -->","yoast_head_json":{"title":"Stabilisierte Rote Rosen in Geschenkverpackung | Kentis","description":"Stabilisierte rote Rosen im Geschenkkarton sind ein ideales Geschenk f\u00fcr jeden Anlass, f\u00fcr ein Jubil\u00e4um oder einen Geburtstag!","robots":{"index":"index","follow":"follow","max-snippet":"max-snippet:-1","max-image-preview":"max-image-preview:large","max-video-preview":"max-video-preview:-1"},"canonical":"https:\/\/kentis.com\/de\/shop\/stabilisierte-rote-rosen-in-geschenkverpackung\/","og_locale":"de_DE","og_type":"article","og_title":"Stabilisierte Rote Rosen in Geschenkverpackung | Kentis","og_description":"Stabilisierte rote Rosen im Geschenkkarton sind ein ideales Geschenk f\u00fcr jeden Anlass, f\u00fcr ein Jubil\u00e4um oder einen Geburtstag!","og_url":"https:\/\/kentis.com\/de\/shop\/stabilisierte-rote-rosen-in-geschenkverpackung\/","og_site_name":"Kentis","article_publisher":"https:\/\/www.facebook.com\/kentisgarden","article_modified_time":"2024-12-06T13:27:11+00:00","og_image":[{"width":2000,"height":2000,"url":"https:\/\/kentis.com\/wp-content\/uploads\/2022\/11\/Rose_grandi.jpg","type":"image\/jpeg"}],"twitter_card":"summary_large_image","twitter_misc":{"Gesch\u00e4tzte Lesezeit":"1\u00a0Minute"},"schema":{"@context":"https:\/\/schema.org","@graph":[{"@type":"WebPage","@id":"https:\/\/kentis.com\/de\/shop\/stabilisierte-rote-rosen-in-geschenkverpackung\/","url":"https:\/\/kentis.com\/de\/shop\/stabilisierte-rote-rosen-in-geschenkverpackung\/","name":"Stabilisierte Rote Rosen in Geschenkverpackung | Kentis","isPartOf":{"@id":"https:\/\/kentis.com\/de\/#website"},"primaryImageOfPage":{"@id":"https:\/\/kentis.com\/de\/shop\/stabilisierte-rote-rosen-in-geschenkverpackung\/#primaryimage"},"image":{"@id":"https:\/\/kentis.com\/de\/shop\/stabilisierte-rote-rosen-in-geschenkverpackung\/#primaryimage"},"thumbnailUrl":"https:\/\/kentis.com\/wp-content\/uploads\/2022\/11\/Rose_grandi.jpg","datePublished":"2022-11-02T11:47:05+00:00","dateModified":"2024-12-06T13:27:11+00:00","description":"Stabilisierte rote Rosen im Geschenkkarton sind ein ideales Geschenk f\u00fcr jeden Anlass, f\u00fcr ein Jubil\u00e4um oder einen Geburtstag!","breadcrumb":{"@id":"https:\/\/kentis.com\/de\/shop\/stabilisierte-rote-rosen-in-geschenkverpackung\/#breadcrumb"},"inLanguage":"de","potentialAction":[{"@type":"ReadAction","target":["https:\/\/kentis.com\/de\/shop\/stabilisierte-rote-rosen-in-geschenkverpackung\/"]}]},{"@type":"ImageObject","inLanguage":"de","@id":"https:\/\/kentis.com\/de\/shop\/stabilisierte-rote-rosen-in-geschenkverpackung\/#primaryimage","url":"https:\/\/kentis.com\/wp-content\/uploads\/2022\/11\/Rose_grandi.jpg","contentUrl":"https:\/\/kentis.com\/wp-content\/uploads\/2022\/11\/Rose_grandi.jpg","width":2000,"height":2000},{"@type":"BreadcrumbList","@id":"https:\/\/kentis.com\/de\/shop\/stabilisierte-rote-rosen-in-geschenkverpackung\/#breadcrumb","itemListElement":[{"@type":"ListItem","position":1,"name":"Home","item":"https:\/\/kentis.com\/de\/"},{"@type":"ListItem","position":2,"name":"Gesch\u00e4ft","item":"https:\/\/kentis.com\/de\/shop\/"},{"@type":"ListItem","position":3,"name":"Blumenstr\u00e4u\u00dfe","item":"https:\/\/kentis.com\/de\/produkt-kategorie\/blumenstraeusse\/"},{"@type":"ListItem","position":4,"name":"Packungen mit Rosen","item":"https:\/\/kentis.com\/de\/produkt-kategorie\/blumenstraeusse\/hutablagen\/"},{"@type":"ListItem","position":5,"name":"Stabilisierte Rote Rosen in Geschenkverpackung"}]},{"@type":"WebSite","@id":"https:\/\/kentis.com\/de\/#website","url":"https:\/\/kentis.com\/de\/","name":"Kentis","description":"Atelier del verde","publisher":{"@id":"https:\/\/kentis.com\/de\/#organization"},"potentialAction":[{"@type":"SearchAction","target":{"@type":"EntryPoint","urlTemplate":"https:\/\/kentis.com\/de\/?s={search_term_string}"},"query-input":{"@type":"PropertyValueSpecification","valueRequired":true,"valueName":"search_term_string"}}],"inLanguage":"de"},{"@type":"Organization","@id":"https:\/\/kentis.com\/de\/#organization","name":"Kentis","url":"https:\/\/kentis.com\/de\/","logo":{"@type":"ImageObject","inLanguage":"de","@id":"https:\/\/kentis.com\/de\/#\/schema\/logo\/image\/","url":"https:\/\/kentis.com\/wp-content\/uploads\/2021\/08\/logo-main.png","contentUrl":"https:\/\/kentis.com\/wp-content\/uploads\/2021\/08\/logo-main.png","width":800,"height":204,"caption":"Kentis"},"image":{"@id":"https:\/\/kentis.com\/de\/#\/schema\/logo\/image\/"},"sameAs":["https:\/\/www.facebook.com\/kentisgarden","https:\/\/www.instagram.com\/kentisgarden\/","https:\/\/it.pinterest.com\/kentisgarden","https:\/\/www.tiktok.com\/@kentis.com"]}]}},"_links":{"self":[{"href":"https:\/\/kentis.com\/de\/wp-json\/wp\/v2\/product\/24230","targetHints":{"allow":["GET"]}}],"collection":[{"href":"https:\/\/kentis.com\/de\/wp-json\/wp\/v2\/product"}],"about":[{"href":"https:\/\/kentis.com\/de\/wp-json\/wp\/v2\/types\/product"}],"wp:featuredmedia":[{"embeddable":true,"href":"https:\/\/kentis.com\/de\/wp-json\/wp\/v2\/media\/26185"}],"wp:attachment":[{"href":"https:\/\/kentis.com\/de\/wp-json\/wp\/v2\/media?parent=24230"}],"wp:term":[{"taxonomy":"product_cat","embeddable":true,"href":"https:\/\/kentis.com\/de\/wp-json\/wp\/v2\/product_cat?post=24230"},{"taxonomy":"product_tag","embeddable":true,"href":"https:\/\/kentis.com\/de\/wp-json\/wp\/v2\/product_tag?post=24230"}],"curies":[{"name":"wp","href":"https:\/\/api.w.org\/{rel}","templated":true}]}}