{"id":23995,"date":"2023-02-07T16:29:41","date_gmt":"2023-02-07T15:29:41","guid":{"rendered":"https:\/\/kentis.com\/negozio\/orchidea-kokedama-con-filo-rosso\/"},"modified":"2023-02-07T16:29:41","modified_gmt":"2023-02-07T15:29:41","slug":"orchidea-kokedama-con-filo-rosso","status":"publish","type":"product","link":"https:\/\/kentis.com\/de\/shop\/orchidea-kokedama-con-filo-rosso\/","title":{"rendered":"Orchidea Kokedama con Filo Rosso"},"content":{"rendered":"<p>Questa variet\u00e0 di Orchidea Phalaenopsis \u00e8 di una rara qualit\u00e0, infatti a differenza delle normali orchidee si presenta di dimensioni pi\u00f9 contenute con una ben pi\u00f9 grande quantit\u00e0 di fiori.<\/p>\n","protected":false},"excerpt":{"rendered":"<p>Questa variet\u00e0 di Orchidea Phalaenopsis \u00e8 di una rara qualit\u00e0, [&hellip;]<\/p>\n","protected":false},"featured_media":12385,"template":"","meta":{"_acf_changed":false},"product_cat":[465],"product_tag":[],"class_list":{"0":"post-23995","1":"product","2":"type-product","3":"status-publish","4":"has-post-thumbnail","6":"product_cat-zimmerpflanzen","7":"product_shipping_class-flora-de","9":"first","10":"outofstock","11":"taxable","12":"shipping-taxable","13":"purchasable","14":"product-type-simple"},"acf":[],"yoast_head":"<!-- This site is optimized with the Yoast SEO plugin v23.4 - https:\/\/yoast.com\/wordpress\/plugins\/seo\/ -->\n<title>Orchidea Kokedama con Filo Rosso - Regali San Valentino | Kentis<\/title>\n<meta name=\"description\" content=\"L&#039;Orchidea Kokedama con Filo Rosso \u00e8 perfetta come regalo di San Valentino per la persona che si ama, soprattutto per lasciarla senza parole!\" \/>\n<meta name=\"robots\" content=\"index, follow, max-snippet:-1, max-image-preview:large, max-video-preview:-1\" \/>\n<link rel=\"canonical\" href=\"https:\/\/kentis.com\/de\/shop\/orchidea-kokedama-con-filo-rosso\/\" \/>\n<meta property=\"og:locale\" content=\"de_DE\" \/>\n<meta property=\"og:type\" content=\"article\" \/>\n<meta property=\"og:title\" content=\"Orchidea Kokedama con Filo Rosso - Regali San Valentino | Kentis\" \/>\n<meta property=\"og:description\" content=\"L&#039;Orchidea Kokedama con Filo Rosso \u00e8 perfetta come regalo di San Valentino per la persona che si ama, soprattutto per lasciarla senza parole!\" \/>\n<meta property=\"og:url\" content=\"https:\/\/kentis.com\/de\/shop\/orchidea-kokedama-con-filo-rosso\/\" \/>\n<meta property=\"og:site_name\" content=\"Kentis\" \/>\n<meta property=\"article:publisher\" content=\"https:\/\/www.facebook.com\/kentisgarden\" \/>\n<meta property=\"og:image\" content=\"https:\/\/kentis.com\/wp-content\/uploads\/2023\/01\/IMG-1177-scaled.jpg\" \/>\n\t<meta property=\"og:image:width\" content=\"2560\" \/>\n\t<meta property=\"og:image:height\" content=\"2560\" \/>\n\t<meta property=\"og:image:type\" content=\"image\/jpeg\" \/>\n<meta name=\"twitter:card\" content=\"summary_large_image\" \/>\n<script type=\"application\/ld+json\" class=\"yoast-schema-graph\">{\"@context\":\"https:\/\/schema.org\",\"@graph\":[{\"@type\":\"WebPage\",\"@id\":\"https:\/\/kentis.com\/de\/shop\/orchidea-kokedama-con-filo-rosso\/\",\"url\":\"https:\/\/kentis.com\/de\/shop\/orchidea-kokedama-con-filo-rosso\/\",\"name\":\"Orchidea Kokedama con Filo Rosso - Regali San Valentino | Kentis\",\"isPartOf\":{\"@id\":\"https:\/\/kentis.com\/de\/#website\"},\"primaryImageOfPage\":{\"@id\":\"https:\/\/kentis.com\/de\/shop\/orchidea-kokedama-con-filo-rosso\/#primaryimage\"},\"image\":{\"@id\":\"https:\/\/kentis.com\/de\/shop\/orchidea-kokedama-con-filo-rosso\/#primaryimage\"},\"thumbnailUrl\":\"https:\/\/kentis.com\/wp-content\/uploads\/2023\/01\/IMG-1177-scaled.jpg\",\"datePublished\":\"2023-02-07T15:29:41+00:00\",\"dateModified\":\"2023-02-07T15:29:41+00:00\",\"description\":\"L'Orchidea Kokedama con Filo Rosso \u00e8 perfetta come regalo di San Valentino per la persona che si ama, soprattutto per lasciarla senza parole!\",\"breadcrumb\":{\"@id\":\"https:\/\/kentis.com\/de\/shop\/orchidea-kokedama-con-filo-rosso\/#breadcrumb\"},\"inLanguage\":\"de\",\"potentialAction\":[{\"@type\":\"ReadAction\",\"target\":[\"https:\/\/kentis.com\/de\/shop\/orchidea-kokedama-con-filo-rosso\/\"]}]},{\"@type\":\"ImageObject\",\"inLanguage\":\"de\",\"@id\":\"https:\/\/kentis.com\/de\/shop\/orchidea-kokedama-con-filo-rosso\/#primaryimage\",\"url\":\"https:\/\/kentis.com\/wp-content\/uploads\/2023\/01\/IMG-1177-scaled.jpg\",\"contentUrl\":\"https:\/\/kentis.com\/wp-content\/uploads\/2023\/01\/IMG-1177-scaled.jpg\",\"width\":2560,\"height\":2560},{\"@type\":\"BreadcrumbList\",\"@id\":\"https:\/\/kentis.com\/de\/shop\/orchidea-kokedama-con-filo-rosso\/#breadcrumb\",\"itemListElement\":[{\"@type\":\"ListItem\",\"position\":1,\"name\":\"Home\",\"item\":\"https:\/\/kentis.com\/de\/\"},{\"@type\":\"ListItem\",\"position\":2,\"name\":\"Gesch\u00e4ft\",\"item\":\"https:\/\/kentis.com\/de\/shop\/\"},{\"@type\":\"ListItem\",\"position\":3,\"name\":\"Pflanzen\",\"item\":\"https:\/\/kentis.com\/de\/produkt-kategorie\/pflanzen\/\"},{\"@type\":\"ListItem\",\"position\":4,\"name\":\"Zimmerpflanzen\",\"item\":\"https:\/\/kentis.com\/de\/produkt-kategorie\/pflanzen\/zimmerpflanzen\/\"},{\"@type\":\"ListItem\",\"position\":5,\"name\":\"Orchidea Kokedama con Filo Rosso\"}]},{\"@type\":\"WebSite\",\"@id\":\"https:\/\/kentis.com\/de\/#website\",\"url\":\"https:\/\/kentis.com\/de\/\",\"name\":\"Kentis\",\"description\":\"Atelier del verde\",\"publisher\":{\"@id\":\"https:\/\/kentis.com\/de\/#organization\"},\"potentialAction\":[{\"@type\":\"SearchAction\",\"target\":{\"@type\":\"EntryPoint\",\"urlTemplate\":\"https:\/\/kentis.com\/de\/?s={search_term_string}\"},\"query-input\":{\"@type\":\"PropertyValueSpecification\",\"valueRequired\":true,\"valueName\":\"search_term_string\"}}],\"inLanguage\":\"de\"},{\"@type\":\"Organization\",\"@id\":\"https:\/\/kentis.com\/de\/#organization\",\"name\":\"Kentis\",\"url\":\"https:\/\/kentis.com\/de\/\",\"logo\":{\"@type\":\"ImageObject\",\"inLanguage\":\"de\",\"@id\":\"https:\/\/kentis.com\/de\/#\/schema\/logo\/image\/\",\"url\":\"https:\/\/kentis.com\/wp-content\/uploads\/2021\/08\/logo-main.png\",\"contentUrl\":\"https:\/\/kentis.com\/wp-content\/uploads\/2021\/08\/logo-main.png\",\"width\":800,\"height\":204,\"caption\":\"Kentis\"},\"image\":{\"@id\":\"https:\/\/kentis.com\/de\/#\/schema\/logo\/image\/\"},\"sameAs\":[\"https:\/\/www.facebook.com\/kentisgarden\",\"https:\/\/www.instagram.com\/kentisgarden\/\",\"https:\/\/it.pinterest.com\/kentisgarden\",\"https:\/\/www.tiktok.com\/@kentis.com\"]}]}<\/script>\n<!-- \/ Yoast SEO plugin. -->","yoast_head_json":{"title":"Orchidea Kokedama con Filo Rosso - Regali San Valentino | Kentis","description":"L'Orchidea Kokedama con Filo Rosso \u00e8 perfetta come regalo di San Valentino per la persona che si ama, soprattutto per lasciarla senza parole!","robots":{"index":"index","follow":"follow","max-snippet":"max-snippet:-1","max-image-preview":"max-image-preview:large","max-video-preview":"max-video-preview:-1"},"canonical":"https:\/\/kentis.com\/de\/shop\/orchidea-kokedama-con-filo-rosso\/","og_locale":"de_DE","og_type":"article","og_title":"Orchidea Kokedama con Filo Rosso - Regali San Valentino | Kentis","og_description":"L'Orchidea Kokedama con Filo Rosso \u00e8 perfetta come regalo di San Valentino per la persona che si ama, soprattutto per lasciarla senza parole!","og_url":"https:\/\/kentis.com\/de\/shop\/orchidea-kokedama-con-filo-rosso\/","og_site_name":"Kentis","article_publisher":"https:\/\/www.facebook.com\/kentisgarden","og_image":[{"width":2560,"height":2560,"url":"https:\/\/kentis.com\/wp-content\/uploads\/2023\/01\/IMG-1177-scaled.jpg","type":"image\/jpeg"}],"twitter_card":"summary_large_image","schema":{"@context":"https:\/\/schema.org","@graph":[{"@type":"WebPage","@id":"https:\/\/kentis.com\/de\/shop\/orchidea-kokedama-con-filo-rosso\/","url":"https:\/\/kentis.com\/de\/shop\/orchidea-kokedama-con-filo-rosso\/","name":"Orchidea Kokedama con Filo Rosso - Regali San Valentino | Kentis","isPartOf":{"@id":"https:\/\/kentis.com\/de\/#website"},"primaryImageOfPage":{"@id":"https:\/\/kentis.com\/de\/shop\/orchidea-kokedama-con-filo-rosso\/#primaryimage"},"image":{"@id":"https:\/\/kentis.com\/de\/shop\/orchidea-kokedama-con-filo-rosso\/#primaryimage"},"thumbnailUrl":"https:\/\/kentis.com\/wp-content\/uploads\/2023\/01\/IMG-1177-scaled.jpg","datePublished":"2023-02-07T15:29:41+00:00","dateModified":"2023-02-07T15:29:41+00:00","description":"L'Orchidea Kokedama con Filo Rosso \u00e8 perfetta come regalo di San Valentino per la persona che si ama, soprattutto per lasciarla senza parole!","breadcrumb":{"@id":"https:\/\/kentis.com\/de\/shop\/orchidea-kokedama-con-filo-rosso\/#breadcrumb"},"inLanguage":"de","potentialAction":[{"@type":"ReadAction","target":["https:\/\/kentis.com\/de\/shop\/orchidea-kokedama-con-filo-rosso\/"]}]},{"@type":"ImageObject","inLanguage":"de","@id":"https:\/\/kentis.com\/de\/shop\/orchidea-kokedama-con-filo-rosso\/#primaryimage","url":"https:\/\/kentis.com\/wp-content\/uploads\/2023\/01\/IMG-1177-scaled.jpg","contentUrl":"https:\/\/kentis.com\/wp-content\/uploads\/2023\/01\/IMG-1177-scaled.jpg","width":2560,"height":2560},{"@type":"BreadcrumbList","@id":"https:\/\/kentis.com\/de\/shop\/orchidea-kokedama-con-filo-rosso\/#breadcrumb","itemListElement":[{"@type":"ListItem","position":1,"name":"Home","item":"https:\/\/kentis.com\/de\/"},{"@type":"ListItem","position":2,"name":"Gesch\u00e4ft","item":"https:\/\/kentis.com\/de\/shop\/"},{"@type":"ListItem","position":3,"name":"Pflanzen","item":"https:\/\/kentis.com\/de\/produkt-kategorie\/pflanzen\/"},{"@type":"ListItem","position":4,"name":"Zimmerpflanzen","item":"https:\/\/kentis.com\/de\/produkt-kategorie\/pflanzen\/zimmerpflanzen\/"},{"@type":"ListItem","position":5,"name":"Orchidea Kokedama con Filo Rosso"}]},{"@type":"WebSite","@id":"https:\/\/kentis.com\/de\/#website","url":"https:\/\/kentis.com\/de\/","name":"Kentis","description":"Atelier del verde","publisher":{"@id":"https:\/\/kentis.com\/de\/#organization"},"potentialAction":[{"@type":"SearchAction","target":{"@type":"EntryPoint","urlTemplate":"https:\/\/kentis.com\/de\/?s={search_term_string}"},"query-input":{"@type":"PropertyValueSpecification","valueRequired":true,"valueName":"search_term_string"}}],"inLanguage":"de"},{"@type":"Organization","@id":"https:\/\/kentis.com\/de\/#organization","name":"Kentis","url":"https:\/\/kentis.com\/de\/","logo":{"@type":"ImageObject","inLanguage":"de","@id":"https:\/\/kentis.com\/de\/#\/schema\/logo\/image\/","url":"https:\/\/kentis.com\/wp-content\/uploads\/2021\/08\/logo-main.png","contentUrl":"https:\/\/kentis.com\/wp-content\/uploads\/2021\/08\/logo-main.png","width":800,"height":204,"caption":"Kentis"},"image":{"@id":"https:\/\/kentis.com\/de\/#\/schema\/logo\/image\/"},"sameAs":["https:\/\/www.facebook.com\/kentisgarden","https:\/\/www.instagram.com\/kentisgarden\/","https:\/\/it.pinterest.com\/kentisgarden","https:\/\/www.tiktok.com\/@kentis.com"]}]}},"_links":{"self":[{"href":"https:\/\/kentis.com\/de\/wp-json\/wp\/v2\/product\/23995","targetHints":{"allow":["GET"]}}],"collection":[{"href":"https:\/\/kentis.com\/de\/wp-json\/wp\/v2\/product"}],"about":[{"href":"https:\/\/kentis.com\/de\/wp-json\/wp\/v2\/types\/product"}],"wp:featuredmedia":[{"embeddable":true,"href":"https:\/\/kentis.com\/de\/wp-json\/wp\/v2\/media\/12385"}],"wp:attachment":[{"href":"https:\/\/kentis.com\/de\/wp-json\/wp\/v2\/media?parent=23995"}],"wp:term":[{"taxonomy":"product_cat","embeddable":true,"href":"https:\/\/kentis.com\/de\/wp-json\/wp\/v2\/product_cat?post=23995"},{"taxonomy":"product_tag","embeddable":true,"href":"https:\/\/kentis.com\/de\/wp-json\/wp\/v2\/product_tag?post=23995"}],"curies":[{"name":"wp","href":"https:\/\/api.w.org\/{rel}","templated":true}]}}