{"id":23601,"date":"2021-10-28T14:46:43","date_gmt":"2021-10-28T12:46:43","guid":{"rendered":"https:\/\/kentis.com\/negozio\/vaso-mosaic-curve-high-55\/"},"modified":"2024-11-22T17:49:17","modified_gmt":"2024-11-22T16:49:17","slug":"vase-mosaik-kurve-hoch-55","status":"publish","type":"product","link":"https:\/\/kentis.com\/de\/shop\/vase-mosaik-kurve-hoch-55\/","title":{"rendered":"Vase Mosaik Kurve Hoch 55"},"content":{"rendered":"<div class=\"fusion-fullwidth fullwidth-box fusion-builder-row-1 fusion-flex-container nonhundred-percent-fullwidth non-hundred-percent-height-scrolling\" style=\"--awb-border-radius-top-left:0px;--awb-border-radius-top-right:0px;--awb-border-radius-bottom-right:0px;--awb-border-radius-bottom-left:0px;--awb-flex-wrap:wrap;\" ><div class=\"fusion-builder-row fusion-row fusion-flex-align-items-flex-start fusion-flex-content-wrap\" style=\"max-width:1248px;margin-left: calc(-4% \/ 2 );margin-right: calc(-4% \/ 2 );\"><div class=\"fusion-layout-column fusion_builder_column fusion-builder-column-0 fusion_builder_column_1_1 1_1 fusion-flex-column\" style=\"--awb-bg-size:cover;--awb-width-large:100%;--awb-margin-top-large:0px;--awb-spacing-right-large:1.92%;--awb-margin-bottom-large:0px;--awb-spacing-left-large:1.92%;--awb-width-medium:100%;--awb-spacing-right-medium:1.92%;--awb-spacing-left-medium:1.92%;--awb-width-small:100%;--awb-spacing-right-small:1.92%;--awb-spacing-left-small:1.92%;\"><div class=\"fusion-column-wrapper fusion-flex-justify-content-flex-start fusion-content-layout-column\"><div class=\"fusion-text fusion-text-1\"><ul>\n<li>DESIGN &#8211; Dieser vom Designer Marco Saporiti entwickelte und bearbeitete Topf zeichnet sich durch seine modernen und originellen Linien aus. Dieses Modell ist mit einem zus\u00e4tzlichen Innentopf mit einziehbaren Griffen ausgestattet, der sich perfekt f\u00fcr den Transport und das einfache Eingraben der Pflanze eignet oder als Unterlage dient, falls Sie den Topf als echte Topfabdeckung verwenden m\u00f6chten.<\/li>\n<li>WASSERSPEICHER &#8211; Der zweite mitgelieferte Topf kann als Wasserspeicher verwendet werden, der die Wurzeln feucht h\u00e4lt und so die Anzahl der Wassergaben reduziert.<\/li>\n<li>VERWENDUNG IM AUSSENBEREICH &#8211; Es besteht auch die M\u00f6glichkeit, L\u00f6cher in den Boden zu bohren (empfohlen f\u00fcr die Verwendung im Freien), um \u00fcbersch\u00fcssiges Wasser abflie\u00dfen zu lassen; der Schriftzug \u201eDrill here\u201c erscheint auf der zu bohrenden Stelle.<\/li>\n<li>ABMESSUNGEN &#8211; Durchmesser \u00d8 32 cm, H\u00f6he 55 cm.<\/li>\n<li>QUALIT\u00c4T &#8211; Alle unsere T\u00f6pfe sind nicht nur Made in Italy, sondern werden auch aus ausgew\u00e4hlten Materialien hergestellt, um die bestm\u00f6gliche Qualit\u00e4t zu garantieren.<\/li>\n<li>PERSONALISIERUNG &#8211; Ben\u00f6tigen Sie andere Gr\u00f6\u00dfen, Farben oder Mengen als die abgebildeten? Keine Sorge, wir von Kentis helfen Ihnen gerne bei allen Fragen oder Anpassungen vor Ihrem Kauf.<\/li>\n<\/ul>\n<\/div><\/div><\/div><\/div><\/div>\n","protected":false},"excerpt":{"rendered":"","protected":false},"featured_media":15955,"template":"","meta":{"_acf_changed":false},"product_cat":[595,727],"product_tag":[],"class_list":{"0":"post-23601","1":"product","2":"type-product","3":"status-publish","4":"has-post-thumbnail","6":"product_cat-topfs","7":"product_cat-zubehoer","8":"product_shipping_class-evergreen-de","10":"first","11":"instock","12":"taxable","13":"shipping-taxable","14":"purchasable","15":"product-type-variable","16":"has-default-attributes"},"acf":[],"yoast_head":"<!-- This site is optimized with the Yoast SEO plugin v23.4 - https:\/\/yoast.com\/wordpress\/plugins\/seo\/ -->\n<title>Vase Mosaik Kurve Hoch 55 | Kentis<\/title>\n<meta name=\"description\" content=\"Die Mosaic Curve Hight 55 Vase mit ihren eleganten Linien kann jeden Ihrer Innen- oder Au\u00dfenr\u00e4ume schm\u00fccken und Ihre Pflanzen in Szene setzen!\" \/>\n<meta name=\"robots\" content=\"index, follow, max-snippet:-1, max-image-preview:large, max-video-preview:-1\" \/>\n<link rel=\"canonical\" href=\"https:\/\/kentis.com\/de\/shop\/vase-mosaik-kurve-hoch-55\/\" \/>\n<meta property=\"og:locale\" content=\"de_DE\" \/>\n<meta property=\"og:type\" content=\"article\" \/>\n<meta property=\"og:title\" content=\"Vase Mosaik Kurve Hoch 55 | Kentis\" \/>\n<meta property=\"og:description\" content=\"Die Mosaic Curve Hight 55 Vase mit ihren eleganten Linien kann jeden Ihrer Innen- oder Au\u00dfenr\u00e4ume schm\u00fccken und Ihre Pflanzen in Szene setzen!\" \/>\n<meta property=\"og:url\" content=\"https:\/\/kentis.com\/de\/shop\/vase-mosaik-kurve-hoch-55\/\" \/>\n<meta property=\"og:site_name\" content=\"Kentis\" \/>\n<meta property=\"article:publisher\" content=\"https:\/\/www.facebook.com\/kentisgarden\" \/>\n<meta property=\"article:modified_time\" content=\"2024-11-22T16:49:17+00:00\" \/>\n<meta property=\"og:image\" content=\"https:\/\/kentis.com\/wp-content\/uploads\/2021\/10\/Mosaic-Curve-High-55-inner_603-2.png\" \/>\n\t<meta property=\"og:image:width\" content=\"1500\" \/>\n\t<meta property=\"og:image:height\" content=\"1500\" \/>\n\t<meta property=\"og:image:type\" content=\"image\/png\" \/>\n<meta name=\"twitter:card\" content=\"summary_large_image\" \/>\n<meta name=\"twitter:label1\" content=\"Gesch\u00e4tzte Lesezeit\" \/>\n\t<meta name=\"twitter:data1\" content=\"2\u00a0Minuten\" \/>\n<script type=\"application\/ld+json\" class=\"yoast-schema-graph\">{\"@context\":\"https:\/\/schema.org\",\"@graph\":[{\"@type\":\"WebPage\",\"@id\":\"https:\/\/kentis.com\/de\/shop\/vase-mosaik-kurve-hoch-55\/\",\"url\":\"https:\/\/kentis.com\/de\/shop\/vase-mosaik-kurve-hoch-55\/\",\"name\":\"Vase Mosaik Kurve Hoch 55 | Kentis\",\"isPartOf\":{\"@id\":\"https:\/\/kentis.com\/de\/#website\"},\"primaryImageOfPage\":{\"@id\":\"https:\/\/kentis.com\/de\/shop\/vase-mosaik-kurve-hoch-55\/#primaryimage\"},\"image\":{\"@id\":\"https:\/\/kentis.com\/de\/shop\/vase-mosaik-kurve-hoch-55\/#primaryimage\"},\"thumbnailUrl\":\"https:\/\/kentis.com\/wp-content\/uploads\/2021\/10\/Mosaic-Curve-High-55-inner_603-2.png\",\"datePublished\":\"2021-10-28T12:46:43+00:00\",\"dateModified\":\"2024-11-22T16:49:17+00:00\",\"description\":\"Die Mosaic Curve Hight 55 Vase mit ihren eleganten Linien kann jeden Ihrer Innen- oder Au\u00dfenr\u00e4ume schm\u00fccken und Ihre Pflanzen in Szene setzen!\",\"breadcrumb\":{\"@id\":\"https:\/\/kentis.com\/de\/shop\/vase-mosaik-kurve-hoch-55\/#breadcrumb\"},\"inLanguage\":\"de\",\"potentialAction\":[{\"@type\":\"ReadAction\",\"target\":[\"https:\/\/kentis.com\/de\/shop\/vase-mosaik-kurve-hoch-55\/\"]}]},{\"@type\":\"ImageObject\",\"inLanguage\":\"de\",\"@id\":\"https:\/\/kentis.com\/de\/shop\/vase-mosaik-kurve-hoch-55\/#primaryimage\",\"url\":\"https:\/\/kentis.com\/wp-content\/uploads\/2021\/10\/Mosaic-Curve-High-55-inner_603-2.png\",\"contentUrl\":\"https:\/\/kentis.com\/wp-content\/uploads\/2021\/10\/Mosaic-Curve-High-55-inner_603-2.png\",\"width\":1500,\"height\":1500},{\"@type\":\"BreadcrumbList\",\"@id\":\"https:\/\/kentis.com\/de\/shop\/vase-mosaik-kurve-hoch-55\/#breadcrumb\",\"itemListElement\":[{\"@type\":\"ListItem\",\"position\":1,\"name\":\"Home\",\"item\":\"https:\/\/kentis.com\/de\/\"},{\"@type\":\"ListItem\",\"position\":2,\"name\":\"Gesch\u00e4ft\",\"item\":\"https:\/\/kentis.com\/de\/shop\/\"},{\"@type\":\"ListItem\",\"position\":3,\"name\":\"Zubeh\u00f6r\",\"item\":\"https:\/\/kentis.com\/de\/produkt-kategorie\/zubehoer\/\"},{\"@type\":\"ListItem\",\"position\":4,\"name\":\"Topfs\",\"item\":\"https:\/\/kentis.com\/de\/produkt-kategorie\/zubehoer\/topfs\/\"},{\"@type\":\"ListItem\",\"position\":5,\"name\":\"Vase Mosaik Kurve Hoch 55\"}]},{\"@type\":\"WebSite\",\"@id\":\"https:\/\/kentis.com\/de\/#website\",\"url\":\"https:\/\/kentis.com\/de\/\",\"name\":\"Kentis\",\"description\":\"Atelier del verde\",\"publisher\":{\"@id\":\"https:\/\/kentis.com\/de\/#organization\"},\"potentialAction\":[{\"@type\":\"SearchAction\",\"target\":{\"@type\":\"EntryPoint\",\"urlTemplate\":\"https:\/\/kentis.com\/de\/?s={search_term_string}\"},\"query-input\":{\"@type\":\"PropertyValueSpecification\",\"valueRequired\":true,\"valueName\":\"search_term_string\"}}],\"inLanguage\":\"de\"},{\"@type\":\"Organization\",\"@id\":\"https:\/\/kentis.com\/de\/#organization\",\"name\":\"Kentis\",\"url\":\"https:\/\/kentis.com\/de\/\",\"logo\":{\"@type\":\"ImageObject\",\"inLanguage\":\"de\",\"@id\":\"https:\/\/kentis.com\/de\/#\/schema\/logo\/image\/\",\"url\":\"https:\/\/kentis.com\/wp-content\/uploads\/2021\/08\/logo-main.png\",\"contentUrl\":\"https:\/\/kentis.com\/wp-content\/uploads\/2021\/08\/logo-main.png\",\"width\":800,\"height\":204,\"caption\":\"Kentis\"},\"image\":{\"@id\":\"https:\/\/kentis.com\/de\/#\/schema\/logo\/image\/\"},\"sameAs\":[\"https:\/\/www.facebook.com\/kentisgarden\",\"https:\/\/www.instagram.com\/kentisgarden\/\",\"https:\/\/it.pinterest.com\/kentisgarden\",\"https:\/\/www.tiktok.com\/@kentis.com\"]}]}<\/script>\n<!-- \/ Yoast SEO plugin. -->","yoast_head_json":{"title":"Vase Mosaik Kurve Hoch 55 | Kentis","description":"Die Mosaic Curve Hight 55 Vase mit ihren eleganten Linien kann jeden Ihrer Innen- oder Au\u00dfenr\u00e4ume schm\u00fccken und Ihre Pflanzen in Szene setzen!","robots":{"index":"index","follow":"follow","max-snippet":"max-snippet:-1","max-image-preview":"max-image-preview:large","max-video-preview":"max-video-preview:-1"},"canonical":"https:\/\/kentis.com\/de\/shop\/vase-mosaik-kurve-hoch-55\/","og_locale":"de_DE","og_type":"article","og_title":"Vase Mosaik Kurve Hoch 55 | Kentis","og_description":"Die Mosaic Curve Hight 55 Vase mit ihren eleganten Linien kann jeden Ihrer Innen- oder Au\u00dfenr\u00e4ume schm\u00fccken und Ihre Pflanzen in Szene setzen!","og_url":"https:\/\/kentis.com\/de\/shop\/vase-mosaik-kurve-hoch-55\/","og_site_name":"Kentis","article_publisher":"https:\/\/www.facebook.com\/kentisgarden","article_modified_time":"2024-11-22T16:49:17+00:00","og_image":[{"width":1500,"height":1500,"url":"https:\/\/kentis.com\/wp-content\/uploads\/2021\/10\/Mosaic-Curve-High-55-inner_603-2.png","type":"image\/png"}],"twitter_card":"summary_large_image","twitter_misc":{"Gesch\u00e4tzte Lesezeit":"2\u00a0Minuten"},"schema":{"@context":"https:\/\/schema.org","@graph":[{"@type":"WebPage","@id":"https:\/\/kentis.com\/de\/shop\/vase-mosaik-kurve-hoch-55\/","url":"https:\/\/kentis.com\/de\/shop\/vase-mosaik-kurve-hoch-55\/","name":"Vase Mosaik Kurve Hoch 55 | Kentis","isPartOf":{"@id":"https:\/\/kentis.com\/de\/#website"},"primaryImageOfPage":{"@id":"https:\/\/kentis.com\/de\/shop\/vase-mosaik-kurve-hoch-55\/#primaryimage"},"image":{"@id":"https:\/\/kentis.com\/de\/shop\/vase-mosaik-kurve-hoch-55\/#primaryimage"},"thumbnailUrl":"https:\/\/kentis.com\/wp-content\/uploads\/2021\/10\/Mosaic-Curve-High-55-inner_603-2.png","datePublished":"2021-10-28T12:46:43+00:00","dateModified":"2024-11-22T16:49:17+00:00","description":"Die Mosaic Curve Hight 55 Vase mit ihren eleganten Linien kann jeden Ihrer Innen- oder Au\u00dfenr\u00e4ume schm\u00fccken und Ihre Pflanzen in Szene setzen!","breadcrumb":{"@id":"https:\/\/kentis.com\/de\/shop\/vase-mosaik-kurve-hoch-55\/#breadcrumb"},"inLanguage":"de","potentialAction":[{"@type":"ReadAction","target":["https:\/\/kentis.com\/de\/shop\/vase-mosaik-kurve-hoch-55\/"]}]},{"@type":"ImageObject","inLanguage":"de","@id":"https:\/\/kentis.com\/de\/shop\/vase-mosaik-kurve-hoch-55\/#primaryimage","url":"https:\/\/kentis.com\/wp-content\/uploads\/2021\/10\/Mosaic-Curve-High-55-inner_603-2.png","contentUrl":"https:\/\/kentis.com\/wp-content\/uploads\/2021\/10\/Mosaic-Curve-High-55-inner_603-2.png","width":1500,"height":1500},{"@type":"BreadcrumbList","@id":"https:\/\/kentis.com\/de\/shop\/vase-mosaik-kurve-hoch-55\/#breadcrumb","itemListElement":[{"@type":"ListItem","position":1,"name":"Home","item":"https:\/\/kentis.com\/de\/"},{"@type":"ListItem","position":2,"name":"Gesch\u00e4ft","item":"https:\/\/kentis.com\/de\/shop\/"},{"@type":"ListItem","position":3,"name":"Zubeh\u00f6r","item":"https:\/\/kentis.com\/de\/produkt-kategorie\/zubehoer\/"},{"@type":"ListItem","position":4,"name":"Topfs","item":"https:\/\/kentis.com\/de\/produkt-kategorie\/zubehoer\/topfs\/"},{"@type":"ListItem","position":5,"name":"Vase Mosaik Kurve Hoch 55"}]},{"@type":"WebSite","@id":"https:\/\/kentis.com\/de\/#website","url":"https:\/\/kentis.com\/de\/","name":"Kentis","description":"Atelier del verde","publisher":{"@id":"https:\/\/kentis.com\/de\/#organization"},"potentialAction":[{"@type":"SearchAction","target":{"@type":"EntryPoint","urlTemplate":"https:\/\/kentis.com\/de\/?s={search_term_string}"},"query-input":{"@type":"PropertyValueSpecification","valueRequired":true,"valueName":"search_term_string"}}],"inLanguage":"de"},{"@type":"Organization","@id":"https:\/\/kentis.com\/de\/#organization","name":"Kentis","url":"https:\/\/kentis.com\/de\/","logo":{"@type":"ImageObject","inLanguage":"de","@id":"https:\/\/kentis.com\/de\/#\/schema\/logo\/image\/","url":"https:\/\/kentis.com\/wp-content\/uploads\/2021\/08\/logo-main.png","contentUrl":"https:\/\/kentis.com\/wp-content\/uploads\/2021\/08\/logo-main.png","width":800,"height":204,"caption":"Kentis"},"image":{"@id":"https:\/\/kentis.com\/de\/#\/schema\/logo\/image\/"},"sameAs":["https:\/\/www.facebook.com\/kentisgarden","https:\/\/www.instagram.com\/kentisgarden\/","https:\/\/it.pinterest.com\/kentisgarden","https:\/\/www.tiktok.com\/@kentis.com"]}]}},"_links":{"self":[{"href":"https:\/\/kentis.com\/de\/wp-json\/wp\/v2\/product\/23601","targetHints":{"allow":["GET"]}}],"collection":[{"href":"https:\/\/kentis.com\/de\/wp-json\/wp\/v2\/product"}],"about":[{"href":"https:\/\/kentis.com\/de\/wp-json\/wp\/v2\/types\/product"}],"wp:featuredmedia":[{"embeddable":true,"href":"https:\/\/kentis.com\/de\/wp-json\/wp\/v2\/media\/15955"}],"wp:attachment":[{"href":"https:\/\/kentis.com\/de\/wp-json\/wp\/v2\/media?parent=23601"}],"wp:term":[{"taxonomy":"product_cat","embeddable":true,"href":"https:\/\/kentis.com\/de\/wp-json\/wp\/v2\/product_cat?post=23601"},{"taxonomy":"product_tag","embeddable":true,"href":"https:\/\/kentis.com\/de\/wp-json\/wp\/v2\/product_tag?post=23601"}],"curies":[{"name":"wp","href":"https:\/\/api.w.org\/{rel}","templated":true}]}}