{"id":23370,"date":"2022-03-09T16:20:00","date_gmt":"2022-03-09T15:20:00","guid":{"rendered":"https:\/\/kentis.com\/negozio\/pouf-per-piante-da-esterno-3\/"},"modified":"2024-11-27T17:29:30","modified_gmt":"2024-11-27T16:29:30","slug":"pouf-set-mit-pflanzen-fuer-draussen-3","status":"publish","type":"product","link":"https:\/\/kentis.com\/de\/shop\/pouf-set-mit-pflanzen-fuer-draussen-3\/","title":{"rendered":"Pouf-Set Mit Pflanzen F\u00fcr Drau\u00dfen"},"content":{"rendered":"<div class=\"fusion-fullwidth fullwidth-box fusion-builder-row-1 fusion-flex-container nonhundred-percent-fullwidth non-hundred-percent-height-scrolling\" style=\"--awb-border-radius-top-left:0px;--awb-border-radius-top-right:0px;--awb-border-radius-bottom-right:0px;--awb-border-radius-bottom-left:0px;--awb-flex-wrap:wrap;\" ><div class=\"fusion-builder-row fusion-row fusion-flex-align-items-flex-start fusion-flex-content-wrap\" style=\"max-width:1248px;margin-left: calc(-4% \/ 2 );margin-right: calc(-4% \/ 2 );\"><div class=\"fusion-layout-column fusion_builder_column fusion-builder-column-0 fusion_builder_column_1_1 1_1 fusion-flex-column\" style=\"--awb-bg-size:cover;--awb-width-large:100%;--awb-margin-top-large:0px;--awb-spacing-right-large:1.92%;--awb-margin-bottom-large:0px;--awb-spacing-left-large:1.92%;--awb-width-medium:100%;--awb-spacing-right-medium:1.92%;--awb-spacing-left-medium:1.92%;--awb-width-small:100%;--awb-spacing-right-small:1.92%;--awb-spacing-left-small:1.92%;\"><div class=\"fusion-column-wrapper fusion-flex-justify-content-flex-start fusion-content-layout-column\"><div class=\"fusion-text fusion-text-1\"><p>Dieses Hocker-Set mit Pflanzen f\u00fcr den Au\u00dfenbereich wird dazu beitragen, Ihre Au\u00dfenbereiche auf einfache, aber stilvolle und originelle Weise komfortabler und gem\u00fctlicher zu gestalten. Das Set enth\u00e4lt einen Topf aus dem gleichen Material und in der gleichen Farbe wie der gew\u00e4hlte Hocker, der perfekt zu drei Bambusa Phyllostachys Bissetii-Pflanzen mit einer H\u00f6he von jeweils 145\/175 cm passt.<\/p>\n<\/div><\/div><\/div><\/div><\/div>\n","protected":false},"excerpt":{"rendered":"","protected":false},"featured_media":14641,"template":"","meta":{"_acf_changed":false},"product_cat":[547],"product_tag":[],"class_list":{"0":"post-23370","1":"product","2":"type-product","3":"status-publish","4":"has-post-thumbnail","6":"product_cat-draussen","8":"first","9":"instock","10":"taxable","11":"shipping-taxable","12":"purchasable","13":"product-type-variable","14":"has-default-attributes"},"acf":[],"yoast_head":"<!-- This site is optimized with the Yoast SEO plugin v23.4 - https:\/\/yoast.com\/wordpress\/plugins\/seo\/ -->\n<title>Pouf-Set Mit Pflanzen F\u00fcr Drau\u00dfen - M\u00f6bel | Kentis<\/title>\n<meta name=\"description\" content=\"Der Pouf mit Pflanzen f\u00fcr den Au\u00dfenbereich tr\u00e4gt dazu bei, Ihre Au\u00dfenbereiche mit Stil und Originalit\u00e4t komfortabler und gem\u00fctlicher zu gestalten.\" \/>\n<meta name=\"robots\" content=\"index, follow, max-snippet:-1, max-image-preview:large, max-video-preview:-1\" \/>\n<link rel=\"canonical\" href=\"https:\/\/kentis.com\/de\/shop\/pouf-set-mit-pflanzen-fuer-draussen-3\/\" \/>\n<meta property=\"og:locale\" content=\"de_DE\" \/>\n<meta property=\"og:type\" content=\"article\" \/>\n<meta property=\"og:title\" content=\"Pouf-Set Mit Pflanzen F\u00fcr Drau\u00dfen - M\u00f6bel | Kentis\" \/>\n<meta property=\"og:description\" content=\"Der Pouf mit Pflanzen f\u00fcr den Au\u00dfenbereich tr\u00e4gt dazu bei, Ihre Au\u00dfenbereiche mit Stil und Originalit\u00e4t komfortabler und gem\u00fctlicher zu gestalten.\" \/>\n<meta property=\"og:url\" content=\"https:\/\/kentis.com\/de\/shop\/pouf-set-mit-pflanzen-fuer-draussen-3\/\" \/>\n<meta property=\"og:site_name\" content=\"Kentis\" \/>\n<meta property=\"article:publisher\" content=\"https:\/\/www.facebook.com\/kentisgarden\" \/>\n<meta property=\"article:modified_time\" content=\"2024-11-27T16:29:30+00:00\" \/>\n<meta property=\"og:image\" content=\"https:\/\/kentis.com\/wp-content\/uploads\/2022\/03\/IMG_4632_1-scaled.jpg\" \/>\n\t<meta property=\"og:image:width\" content=\"2560\" \/>\n\t<meta property=\"og:image:height\" content=\"2560\" \/>\n\t<meta property=\"og:image:type\" content=\"image\/jpeg\" \/>\n<meta name=\"twitter:card\" content=\"summary_large_image\" \/>\n<meta name=\"twitter:label1\" content=\"Gesch\u00e4tzte Lesezeit\" \/>\n\t<meta name=\"twitter:data1\" content=\"1\u00a0Minute\" \/>\n<script type=\"application\/ld+json\" class=\"yoast-schema-graph\">{\"@context\":\"https:\/\/schema.org\",\"@graph\":[{\"@type\":\"WebPage\",\"@id\":\"https:\/\/kentis.com\/de\/shop\/pouf-set-mit-pflanzen-fuer-draussen-3\/\",\"url\":\"https:\/\/kentis.com\/de\/shop\/pouf-set-mit-pflanzen-fuer-draussen-3\/\",\"name\":\"Pouf-Set Mit Pflanzen F\u00fcr Drau\u00dfen - M\u00f6bel | Kentis\",\"isPartOf\":{\"@id\":\"https:\/\/kentis.com\/de\/#website\"},\"primaryImageOfPage\":{\"@id\":\"https:\/\/kentis.com\/de\/shop\/pouf-set-mit-pflanzen-fuer-draussen-3\/#primaryimage\"},\"image\":{\"@id\":\"https:\/\/kentis.com\/de\/shop\/pouf-set-mit-pflanzen-fuer-draussen-3\/#primaryimage\"},\"thumbnailUrl\":\"https:\/\/kentis.com\/wp-content\/uploads\/2022\/03\/IMG_4632_1-scaled.jpg\",\"datePublished\":\"2022-03-09T15:20:00+00:00\",\"dateModified\":\"2024-11-27T16:29:30+00:00\",\"description\":\"Der Pouf mit Pflanzen f\u00fcr den Au\u00dfenbereich tr\u00e4gt dazu bei, Ihre Au\u00dfenbereiche mit Stil und Originalit\u00e4t komfortabler und gem\u00fctlicher zu gestalten.\",\"breadcrumb\":{\"@id\":\"https:\/\/kentis.com\/de\/shop\/pouf-set-mit-pflanzen-fuer-draussen-3\/#breadcrumb\"},\"inLanguage\":\"de\",\"potentialAction\":[{\"@type\":\"ReadAction\",\"target\":[\"https:\/\/kentis.com\/de\/shop\/pouf-set-mit-pflanzen-fuer-draussen-3\/\"]}]},{\"@type\":\"ImageObject\",\"inLanguage\":\"de\",\"@id\":\"https:\/\/kentis.com\/de\/shop\/pouf-set-mit-pflanzen-fuer-draussen-3\/#primaryimage\",\"url\":\"https:\/\/kentis.com\/wp-content\/uploads\/2022\/03\/IMG_4632_1-scaled.jpg\",\"contentUrl\":\"https:\/\/kentis.com\/wp-content\/uploads\/2022\/03\/IMG_4632_1-scaled.jpg\",\"width\":2560,\"height\":2560},{\"@type\":\"BreadcrumbList\",\"@id\":\"https:\/\/kentis.com\/de\/shop\/pouf-set-mit-pflanzen-fuer-draussen-3\/#breadcrumb\",\"itemListElement\":[{\"@type\":\"ListItem\",\"position\":1,\"name\":\"Home\",\"item\":\"https:\/\/kentis.com\/de\/\"},{\"@type\":\"ListItem\",\"position\":2,\"name\":\"Gesch\u00e4ft\",\"item\":\"https:\/\/kentis.com\/de\/shop\/\"},{\"@type\":\"ListItem\",\"position\":3,\"name\":\"Drau\u00dfen\",\"item\":\"https:\/\/kentis.com\/de\/produkt-kategorie\/draussen\/\"},{\"@type\":\"ListItem\",\"position\":4,\"name\":\"Pouf-Set Mit Pflanzen F\u00fcr Drau\u00dfen\"}]},{\"@type\":\"WebSite\",\"@id\":\"https:\/\/kentis.com\/de\/#website\",\"url\":\"https:\/\/kentis.com\/de\/\",\"name\":\"Kentis\",\"description\":\"Atelier del verde\",\"publisher\":{\"@id\":\"https:\/\/kentis.com\/de\/#organization\"},\"potentialAction\":[{\"@type\":\"SearchAction\",\"target\":{\"@type\":\"EntryPoint\",\"urlTemplate\":\"https:\/\/kentis.com\/de\/?s={search_term_string}\"},\"query-input\":{\"@type\":\"PropertyValueSpecification\",\"valueRequired\":true,\"valueName\":\"search_term_string\"}}],\"inLanguage\":\"de\"},{\"@type\":\"Organization\",\"@id\":\"https:\/\/kentis.com\/de\/#organization\",\"name\":\"Kentis\",\"url\":\"https:\/\/kentis.com\/de\/\",\"logo\":{\"@type\":\"ImageObject\",\"inLanguage\":\"de\",\"@id\":\"https:\/\/kentis.com\/de\/#\/schema\/logo\/image\/\",\"url\":\"https:\/\/kentis.com\/wp-content\/uploads\/2021\/08\/logo-main.png\",\"contentUrl\":\"https:\/\/kentis.com\/wp-content\/uploads\/2021\/08\/logo-main.png\",\"width\":800,\"height\":204,\"caption\":\"Kentis\"},\"image\":{\"@id\":\"https:\/\/kentis.com\/de\/#\/schema\/logo\/image\/\"},\"sameAs\":[\"https:\/\/www.facebook.com\/kentisgarden\",\"https:\/\/www.instagram.com\/kentisgarden\/\",\"https:\/\/it.pinterest.com\/kentisgarden\",\"https:\/\/www.tiktok.com\/@kentis.com\"]}]}<\/script>\n<!-- \/ Yoast SEO plugin. -->","yoast_head_json":{"title":"Pouf-Set Mit Pflanzen F\u00fcr Drau\u00dfen - M\u00f6bel | Kentis","description":"Der Pouf mit Pflanzen f\u00fcr den Au\u00dfenbereich tr\u00e4gt dazu bei, Ihre Au\u00dfenbereiche mit Stil und Originalit\u00e4t komfortabler und gem\u00fctlicher zu gestalten.","robots":{"index":"index","follow":"follow","max-snippet":"max-snippet:-1","max-image-preview":"max-image-preview:large","max-video-preview":"max-video-preview:-1"},"canonical":"https:\/\/kentis.com\/de\/shop\/pouf-set-mit-pflanzen-fuer-draussen-3\/","og_locale":"de_DE","og_type":"article","og_title":"Pouf-Set Mit Pflanzen F\u00fcr Drau\u00dfen - M\u00f6bel | Kentis","og_description":"Der Pouf mit Pflanzen f\u00fcr den Au\u00dfenbereich tr\u00e4gt dazu bei, Ihre Au\u00dfenbereiche mit Stil und Originalit\u00e4t komfortabler und gem\u00fctlicher zu gestalten.","og_url":"https:\/\/kentis.com\/de\/shop\/pouf-set-mit-pflanzen-fuer-draussen-3\/","og_site_name":"Kentis","article_publisher":"https:\/\/www.facebook.com\/kentisgarden","article_modified_time":"2024-11-27T16:29:30+00:00","og_image":[{"width":2560,"height":2560,"url":"https:\/\/kentis.com\/wp-content\/uploads\/2022\/03\/IMG_4632_1-scaled.jpg","type":"image\/jpeg"}],"twitter_card":"summary_large_image","twitter_misc":{"Gesch\u00e4tzte Lesezeit":"1\u00a0Minute"},"schema":{"@context":"https:\/\/schema.org","@graph":[{"@type":"WebPage","@id":"https:\/\/kentis.com\/de\/shop\/pouf-set-mit-pflanzen-fuer-draussen-3\/","url":"https:\/\/kentis.com\/de\/shop\/pouf-set-mit-pflanzen-fuer-draussen-3\/","name":"Pouf-Set Mit Pflanzen F\u00fcr Drau\u00dfen - M\u00f6bel | Kentis","isPartOf":{"@id":"https:\/\/kentis.com\/de\/#website"},"primaryImageOfPage":{"@id":"https:\/\/kentis.com\/de\/shop\/pouf-set-mit-pflanzen-fuer-draussen-3\/#primaryimage"},"image":{"@id":"https:\/\/kentis.com\/de\/shop\/pouf-set-mit-pflanzen-fuer-draussen-3\/#primaryimage"},"thumbnailUrl":"https:\/\/kentis.com\/wp-content\/uploads\/2022\/03\/IMG_4632_1-scaled.jpg","datePublished":"2022-03-09T15:20:00+00:00","dateModified":"2024-11-27T16:29:30+00:00","description":"Der Pouf mit Pflanzen f\u00fcr den Au\u00dfenbereich tr\u00e4gt dazu bei, Ihre Au\u00dfenbereiche mit Stil und Originalit\u00e4t komfortabler und gem\u00fctlicher zu gestalten.","breadcrumb":{"@id":"https:\/\/kentis.com\/de\/shop\/pouf-set-mit-pflanzen-fuer-draussen-3\/#breadcrumb"},"inLanguage":"de","potentialAction":[{"@type":"ReadAction","target":["https:\/\/kentis.com\/de\/shop\/pouf-set-mit-pflanzen-fuer-draussen-3\/"]}]},{"@type":"ImageObject","inLanguage":"de","@id":"https:\/\/kentis.com\/de\/shop\/pouf-set-mit-pflanzen-fuer-draussen-3\/#primaryimage","url":"https:\/\/kentis.com\/wp-content\/uploads\/2022\/03\/IMG_4632_1-scaled.jpg","contentUrl":"https:\/\/kentis.com\/wp-content\/uploads\/2022\/03\/IMG_4632_1-scaled.jpg","width":2560,"height":2560},{"@type":"BreadcrumbList","@id":"https:\/\/kentis.com\/de\/shop\/pouf-set-mit-pflanzen-fuer-draussen-3\/#breadcrumb","itemListElement":[{"@type":"ListItem","position":1,"name":"Home","item":"https:\/\/kentis.com\/de\/"},{"@type":"ListItem","position":2,"name":"Gesch\u00e4ft","item":"https:\/\/kentis.com\/de\/shop\/"},{"@type":"ListItem","position":3,"name":"Drau\u00dfen","item":"https:\/\/kentis.com\/de\/produkt-kategorie\/draussen\/"},{"@type":"ListItem","position":4,"name":"Pouf-Set Mit Pflanzen F\u00fcr Drau\u00dfen"}]},{"@type":"WebSite","@id":"https:\/\/kentis.com\/de\/#website","url":"https:\/\/kentis.com\/de\/","name":"Kentis","description":"Atelier del verde","publisher":{"@id":"https:\/\/kentis.com\/de\/#organization"},"potentialAction":[{"@type":"SearchAction","target":{"@type":"EntryPoint","urlTemplate":"https:\/\/kentis.com\/de\/?s={search_term_string}"},"query-input":{"@type":"PropertyValueSpecification","valueRequired":true,"valueName":"search_term_string"}}],"inLanguage":"de"},{"@type":"Organization","@id":"https:\/\/kentis.com\/de\/#organization","name":"Kentis","url":"https:\/\/kentis.com\/de\/","logo":{"@type":"ImageObject","inLanguage":"de","@id":"https:\/\/kentis.com\/de\/#\/schema\/logo\/image\/","url":"https:\/\/kentis.com\/wp-content\/uploads\/2021\/08\/logo-main.png","contentUrl":"https:\/\/kentis.com\/wp-content\/uploads\/2021\/08\/logo-main.png","width":800,"height":204,"caption":"Kentis"},"image":{"@id":"https:\/\/kentis.com\/de\/#\/schema\/logo\/image\/"},"sameAs":["https:\/\/www.facebook.com\/kentisgarden","https:\/\/www.instagram.com\/kentisgarden\/","https:\/\/it.pinterest.com\/kentisgarden","https:\/\/www.tiktok.com\/@kentis.com"]}]}},"_links":{"self":[{"href":"https:\/\/kentis.com\/de\/wp-json\/wp\/v2\/product\/23370","targetHints":{"allow":["GET"]}}],"collection":[{"href":"https:\/\/kentis.com\/de\/wp-json\/wp\/v2\/product"}],"about":[{"href":"https:\/\/kentis.com\/de\/wp-json\/wp\/v2\/types\/product"}],"wp:featuredmedia":[{"embeddable":true,"href":"https:\/\/kentis.com\/de\/wp-json\/wp\/v2\/media\/14641"}],"wp:attachment":[{"href":"https:\/\/kentis.com\/de\/wp-json\/wp\/v2\/media?parent=23370"}],"wp:term":[{"taxonomy":"product_cat","embeddable":true,"href":"https:\/\/kentis.com\/de\/wp-json\/wp\/v2\/product_cat?post=23370"},{"taxonomy":"product_tag","embeddable":true,"href":"https:\/\/kentis.com\/de\/wp-json\/wp\/v2\/product_tag?post=23370"}],"curies":[{"name":"wp","href":"https:\/\/api.w.org\/{rel}","templated":true}]}}