{"id":23275,"date":"2022-04-14T16:26:29","date_gmt":"2022-04-14T14:26:29","guid":{"rendered":"https:\/\/kentis.com\/negozio\/nandina-domestica-lemon-lime\/"},"modified":"2024-11-28T15:37:48","modified_gmt":"2024-11-28T14:37:48","slug":"himmelsbambus-inlaendische-nandina-lemon-lime","status":"publish","type":"product","link":"https:\/\/kentis.com\/de\/shop\/himmelsbambus-inlaendische-nandina-lemon-lime\/","title":{"rendered":"Himmelsbambus &#8211; inl\u00e4ndische Nandina &#8211; Lemon Lime"},"content":{"rendered":"<div class=\"fusion-fullwidth fullwidth-box fusion-builder-row-1 fusion-flex-container nonhundred-percent-fullwidth non-hundred-percent-height-scrolling\" style=\"--awb-border-radius-top-left:0px;--awb-border-radius-top-right:0px;--awb-border-radius-bottom-right:0px;--awb-border-radius-bottom-left:0px;--awb-flex-wrap:wrap;\" ><div class=\"fusion-builder-row fusion-row fusion-flex-align-items-flex-start fusion-flex-content-wrap\" style=\"max-width:1248px;margin-left: calc(-4% \/ 2 );margin-right: calc(-4% \/ 2 );\"><div class=\"fusion-layout-column fusion_builder_column fusion-builder-column-0 fusion_builder_column_1_1 1_1 fusion-flex-column\" style=\"--awb-bg-size:cover;--awb-width-large:100%;--awb-margin-top-large:0px;--awb-spacing-right-large:1.92%;--awb-margin-bottom-large:0px;--awb-spacing-left-large:1.92%;--awb-width-medium:100%;--awb-spacing-right-medium:1.92%;--awb-spacing-left-medium:1.92%;--awb-width-small:100%;--awb-spacing-right-small:1.92%;--awb-spacing-left-small:1.92%;\"><div class=\"fusion-column-wrapper fusion-flex-justify-content-flex-start fusion-content-layout-column\"><div class=\"fusion-text fusion-text-1\"><p>Der Begriff stammt aus dem Japanischen und bedeutet &#8216;langlebig&#8217;. &#8216;Domestica&#8217; bezieht sich darauf, dass sie domestiziert wurde, da sie seit Jahrhunderten in den G\u00e4rten Chinas und Japans angebaut wird. In Japan wird die Nandina oft in der N\u00e4he des Hauseingangs platziert, um die schlechten Tr\u00e4ume der Bewohner zu vertreiben.<\/p>\n<\/div><\/div><\/div><\/div><\/div>\n","protected":false},"excerpt":{"rendered":"","protected":false},"featured_media":14171,"template":"","meta":{"_acf_changed":false},"product_cat":[532,531,577],"product_tag":[],"class_list":{"0":"post-23275","1":"product","2":"type-product","3":"status-publish","4":"has-post-thumbnail","6":"product_cat-heckenpflanzen","7":"product_cat-pflanzen-im-freien","8":"product_cat-straeucher","9":"product_shipping_class-evergreen-de","11":"first","12":"instock","13":"taxable","14":"shipping-taxable","15":"purchasable","16":"product-type-simple"},"acf":[],"yoast_head":"<!-- This site is optimized with the Yoast SEO plugin v23.4 - https:\/\/yoast.com\/wordpress\/plugins\/seo\/ -->\n<title>Nandina Domestica Lemon Lime - Pflanzen f\u00fcr drau\u00dfen | Kentis<\/title>\n<meta name=\"description\" content=\"Die Nandina Domestica Lemon Lime mit ihren sch\u00f6nen Blattfarben eignet sich hervorragend zur Dekoration Ihrer Hecken!\" \/>\n<meta name=\"robots\" content=\"index, follow, max-snippet:-1, max-image-preview:large, max-video-preview:-1\" \/>\n<link rel=\"canonical\" href=\"https:\/\/kentis.com\/de\/shop\/himmelsbambus-inlaendische-nandina-lemon-lime\/\" \/>\n<meta property=\"og:locale\" content=\"de_DE\" \/>\n<meta property=\"og:type\" content=\"article\" \/>\n<meta property=\"og:title\" content=\"Nandina Domestica Lemon Lime - Pflanzen f\u00fcr drau\u00dfen | Kentis\" \/>\n<meta property=\"og:description\" content=\"Die Nandina Domestica Lemon Lime mit ihren sch\u00f6nen Blattfarben eignet sich hervorragend zur Dekoration Ihrer Hecken!\" \/>\n<meta property=\"og:url\" content=\"https:\/\/kentis.com\/de\/shop\/himmelsbambus-inlaendische-nandina-lemon-lime\/\" \/>\n<meta property=\"og:site_name\" content=\"Kentis\" \/>\n<meta property=\"article:publisher\" content=\"https:\/\/www.facebook.com\/kentisgarden\" \/>\n<meta property=\"article:modified_time\" content=\"2024-11-28T14:37:48+00:00\" \/>\n<meta property=\"og:image\" content=\"https:\/\/kentis.com\/wp-content\/uploads\/2022\/04\/Nandina-domestica-magical-lemon-lime-vaso-24-2.JPG.jpg\" \/>\n\t<meta property=\"og:image:width\" content=\"1500\" \/>\n\t<meta property=\"og:image:height\" content=\"1500\" \/>\n\t<meta property=\"og:image:type\" content=\"image\/jpeg\" \/>\n<meta name=\"twitter:card\" content=\"summary_large_image\" \/>\n<meta name=\"twitter:label1\" content=\"Gesch\u00e4tzte Lesezeit\" \/>\n\t<meta name=\"twitter:data1\" content=\"1\u00a0Minute\" \/>\n<script type=\"application\/ld+json\" class=\"yoast-schema-graph\">{\"@context\":\"https:\/\/schema.org\",\"@graph\":[{\"@type\":\"WebPage\",\"@id\":\"https:\/\/kentis.com\/de\/shop\/himmelsbambus-inlaendische-nandina-lemon-lime\/\",\"url\":\"https:\/\/kentis.com\/de\/shop\/himmelsbambus-inlaendische-nandina-lemon-lime\/\",\"name\":\"Nandina Domestica Lemon Lime - Pflanzen f\u00fcr drau\u00dfen | Kentis\",\"isPartOf\":{\"@id\":\"https:\/\/kentis.com\/de\/#website\"},\"primaryImageOfPage\":{\"@id\":\"https:\/\/kentis.com\/de\/shop\/himmelsbambus-inlaendische-nandina-lemon-lime\/#primaryimage\"},\"image\":{\"@id\":\"https:\/\/kentis.com\/de\/shop\/himmelsbambus-inlaendische-nandina-lemon-lime\/#primaryimage\"},\"thumbnailUrl\":\"https:\/\/kentis.com\/wp-content\/uploads\/2022\/04\/Nandina-domestica-magical-lemon-lime-vaso-24-2.JPG.jpg\",\"datePublished\":\"2022-04-14T14:26:29+00:00\",\"dateModified\":\"2024-11-28T14:37:48+00:00\",\"description\":\"Die Nandina Domestica Lemon Lime mit ihren sch\u00f6nen Blattfarben eignet sich hervorragend zur Dekoration Ihrer Hecken!\",\"breadcrumb\":{\"@id\":\"https:\/\/kentis.com\/de\/shop\/himmelsbambus-inlaendische-nandina-lemon-lime\/#breadcrumb\"},\"inLanguage\":\"de\",\"potentialAction\":[{\"@type\":\"ReadAction\",\"target\":[\"https:\/\/kentis.com\/de\/shop\/himmelsbambus-inlaendische-nandina-lemon-lime\/\"]}]},{\"@type\":\"ImageObject\",\"inLanguage\":\"de\",\"@id\":\"https:\/\/kentis.com\/de\/shop\/himmelsbambus-inlaendische-nandina-lemon-lime\/#primaryimage\",\"url\":\"https:\/\/kentis.com\/wp-content\/uploads\/2022\/04\/Nandina-domestica-magical-lemon-lime-vaso-24-2.JPG.jpg\",\"contentUrl\":\"https:\/\/kentis.com\/wp-content\/uploads\/2022\/04\/Nandina-domestica-magical-lemon-lime-vaso-24-2.JPG.jpg\",\"width\":1500,\"height\":1500},{\"@type\":\"BreadcrumbList\",\"@id\":\"https:\/\/kentis.com\/de\/shop\/himmelsbambus-inlaendische-nandina-lemon-lime\/#breadcrumb\",\"itemListElement\":[{\"@type\":\"ListItem\",\"position\":1,\"name\":\"Home\",\"item\":\"https:\/\/kentis.com\/de\/\"},{\"@type\":\"ListItem\",\"position\":2,\"name\":\"Gesch\u00e4ft\",\"item\":\"https:\/\/kentis.com\/de\/shop\/\"},{\"@type\":\"ListItem\",\"position\":3,\"name\":\"Pflanzen\",\"item\":\"https:\/\/kentis.com\/de\/produkt-kategorie\/pflanzen\/\"},{\"@type\":\"ListItem\",\"position\":4,\"name\":\"Pflanzen im Freien\",\"item\":\"https:\/\/kentis.com\/de\/produkt-kategorie\/pflanzen\/pflanzen-im-freien\/\"},{\"@type\":\"ListItem\",\"position\":5,\"name\":\"Heckenpflanzen\",\"item\":\"https:\/\/kentis.com\/de\/produkt-kategorie\/pflanzen\/pflanzen-im-freien\/heckenpflanzen\/\"},{\"@type\":\"ListItem\",\"position\":6,\"name\":\"Himmelsbambus &#8211; inl\u00e4ndische Nandina &#8211; Lemon Lime\"}]},{\"@type\":\"WebSite\",\"@id\":\"https:\/\/kentis.com\/de\/#website\",\"url\":\"https:\/\/kentis.com\/de\/\",\"name\":\"Kentis\",\"description\":\"Atelier del verde\",\"publisher\":{\"@id\":\"https:\/\/kentis.com\/de\/#organization\"},\"potentialAction\":[{\"@type\":\"SearchAction\",\"target\":{\"@type\":\"EntryPoint\",\"urlTemplate\":\"https:\/\/kentis.com\/de\/?s={search_term_string}\"},\"query-input\":{\"@type\":\"PropertyValueSpecification\",\"valueRequired\":true,\"valueName\":\"search_term_string\"}}],\"inLanguage\":\"de\"},{\"@type\":\"Organization\",\"@id\":\"https:\/\/kentis.com\/de\/#organization\",\"name\":\"Kentis\",\"url\":\"https:\/\/kentis.com\/de\/\",\"logo\":{\"@type\":\"ImageObject\",\"inLanguage\":\"de\",\"@id\":\"https:\/\/kentis.com\/de\/#\/schema\/logo\/image\/\",\"url\":\"https:\/\/kentis.com\/wp-content\/uploads\/2021\/08\/logo-main.png\",\"contentUrl\":\"https:\/\/kentis.com\/wp-content\/uploads\/2021\/08\/logo-main.png\",\"width\":800,\"height\":204,\"caption\":\"Kentis\"},\"image\":{\"@id\":\"https:\/\/kentis.com\/de\/#\/schema\/logo\/image\/\"},\"sameAs\":[\"https:\/\/www.facebook.com\/kentisgarden\",\"https:\/\/www.instagram.com\/kentisgarden\/\",\"https:\/\/it.pinterest.com\/kentisgarden\",\"https:\/\/www.tiktok.com\/@kentis.com\"]}]}<\/script>\n<!-- \/ Yoast SEO plugin. -->","yoast_head_json":{"title":"Nandina Domestica Lemon Lime - Pflanzen f\u00fcr drau\u00dfen | Kentis","description":"Die Nandina Domestica Lemon Lime mit ihren sch\u00f6nen Blattfarben eignet sich hervorragend zur Dekoration Ihrer Hecken!","robots":{"index":"index","follow":"follow","max-snippet":"max-snippet:-1","max-image-preview":"max-image-preview:large","max-video-preview":"max-video-preview:-1"},"canonical":"https:\/\/kentis.com\/de\/shop\/himmelsbambus-inlaendische-nandina-lemon-lime\/","og_locale":"de_DE","og_type":"article","og_title":"Nandina Domestica Lemon Lime - Pflanzen f\u00fcr drau\u00dfen | Kentis","og_description":"Die Nandina Domestica Lemon Lime mit ihren sch\u00f6nen Blattfarben eignet sich hervorragend zur Dekoration Ihrer Hecken!","og_url":"https:\/\/kentis.com\/de\/shop\/himmelsbambus-inlaendische-nandina-lemon-lime\/","og_site_name":"Kentis","article_publisher":"https:\/\/www.facebook.com\/kentisgarden","article_modified_time":"2024-11-28T14:37:48+00:00","og_image":[{"width":1500,"height":1500,"url":"https:\/\/kentis.com\/wp-content\/uploads\/2022\/04\/Nandina-domestica-magical-lemon-lime-vaso-24-2.JPG.jpg","type":"image\/jpeg"}],"twitter_card":"summary_large_image","twitter_misc":{"Gesch\u00e4tzte Lesezeit":"1\u00a0Minute"},"schema":{"@context":"https:\/\/schema.org","@graph":[{"@type":"WebPage","@id":"https:\/\/kentis.com\/de\/shop\/himmelsbambus-inlaendische-nandina-lemon-lime\/","url":"https:\/\/kentis.com\/de\/shop\/himmelsbambus-inlaendische-nandina-lemon-lime\/","name":"Nandina Domestica Lemon Lime - Pflanzen f\u00fcr drau\u00dfen | Kentis","isPartOf":{"@id":"https:\/\/kentis.com\/de\/#website"},"primaryImageOfPage":{"@id":"https:\/\/kentis.com\/de\/shop\/himmelsbambus-inlaendische-nandina-lemon-lime\/#primaryimage"},"image":{"@id":"https:\/\/kentis.com\/de\/shop\/himmelsbambus-inlaendische-nandina-lemon-lime\/#primaryimage"},"thumbnailUrl":"https:\/\/kentis.com\/wp-content\/uploads\/2022\/04\/Nandina-domestica-magical-lemon-lime-vaso-24-2.JPG.jpg","datePublished":"2022-04-14T14:26:29+00:00","dateModified":"2024-11-28T14:37:48+00:00","description":"Die Nandina Domestica Lemon Lime mit ihren sch\u00f6nen Blattfarben eignet sich hervorragend zur Dekoration Ihrer Hecken!","breadcrumb":{"@id":"https:\/\/kentis.com\/de\/shop\/himmelsbambus-inlaendische-nandina-lemon-lime\/#breadcrumb"},"inLanguage":"de","potentialAction":[{"@type":"ReadAction","target":["https:\/\/kentis.com\/de\/shop\/himmelsbambus-inlaendische-nandina-lemon-lime\/"]}]},{"@type":"ImageObject","inLanguage":"de","@id":"https:\/\/kentis.com\/de\/shop\/himmelsbambus-inlaendische-nandina-lemon-lime\/#primaryimage","url":"https:\/\/kentis.com\/wp-content\/uploads\/2022\/04\/Nandina-domestica-magical-lemon-lime-vaso-24-2.JPG.jpg","contentUrl":"https:\/\/kentis.com\/wp-content\/uploads\/2022\/04\/Nandina-domestica-magical-lemon-lime-vaso-24-2.JPG.jpg","width":1500,"height":1500},{"@type":"BreadcrumbList","@id":"https:\/\/kentis.com\/de\/shop\/himmelsbambus-inlaendische-nandina-lemon-lime\/#breadcrumb","itemListElement":[{"@type":"ListItem","position":1,"name":"Home","item":"https:\/\/kentis.com\/de\/"},{"@type":"ListItem","position":2,"name":"Gesch\u00e4ft","item":"https:\/\/kentis.com\/de\/shop\/"},{"@type":"ListItem","position":3,"name":"Pflanzen","item":"https:\/\/kentis.com\/de\/produkt-kategorie\/pflanzen\/"},{"@type":"ListItem","position":4,"name":"Pflanzen im Freien","item":"https:\/\/kentis.com\/de\/produkt-kategorie\/pflanzen\/pflanzen-im-freien\/"},{"@type":"ListItem","position":5,"name":"Heckenpflanzen","item":"https:\/\/kentis.com\/de\/produkt-kategorie\/pflanzen\/pflanzen-im-freien\/heckenpflanzen\/"},{"@type":"ListItem","position":6,"name":"Himmelsbambus &#8211; inl\u00e4ndische Nandina &#8211; Lemon Lime"}]},{"@type":"WebSite","@id":"https:\/\/kentis.com\/de\/#website","url":"https:\/\/kentis.com\/de\/","name":"Kentis","description":"Atelier del verde","publisher":{"@id":"https:\/\/kentis.com\/de\/#organization"},"potentialAction":[{"@type":"SearchAction","target":{"@type":"EntryPoint","urlTemplate":"https:\/\/kentis.com\/de\/?s={search_term_string}"},"query-input":{"@type":"PropertyValueSpecification","valueRequired":true,"valueName":"search_term_string"}}],"inLanguage":"de"},{"@type":"Organization","@id":"https:\/\/kentis.com\/de\/#organization","name":"Kentis","url":"https:\/\/kentis.com\/de\/","logo":{"@type":"ImageObject","inLanguage":"de","@id":"https:\/\/kentis.com\/de\/#\/schema\/logo\/image\/","url":"https:\/\/kentis.com\/wp-content\/uploads\/2021\/08\/logo-main.png","contentUrl":"https:\/\/kentis.com\/wp-content\/uploads\/2021\/08\/logo-main.png","width":800,"height":204,"caption":"Kentis"},"image":{"@id":"https:\/\/kentis.com\/de\/#\/schema\/logo\/image\/"},"sameAs":["https:\/\/www.facebook.com\/kentisgarden","https:\/\/www.instagram.com\/kentisgarden\/","https:\/\/it.pinterest.com\/kentisgarden","https:\/\/www.tiktok.com\/@kentis.com"]}]}},"_links":{"self":[{"href":"https:\/\/kentis.com\/de\/wp-json\/wp\/v2\/product\/23275","targetHints":{"allow":["GET"]}}],"collection":[{"href":"https:\/\/kentis.com\/de\/wp-json\/wp\/v2\/product"}],"about":[{"href":"https:\/\/kentis.com\/de\/wp-json\/wp\/v2\/types\/product"}],"wp:featuredmedia":[{"embeddable":true,"href":"https:\/\/kentis.com\/de\/wp-json\/wp\/v2\/media\/14171"}],"wp:attachment":[{"href":"https:\/\/kentis.com\/de\/wp-json\/wp\/v2\/media?parent=23275"}],"wp:term":[{"taxonomy":"product_cat","embeddable":true,"href":"https:\/\/kentis.com\/de\/wp-json\/wp\/v2\/product_cat?post=23275"},{"taxonomy":"product_tag","embeddable":true,"href":"https:\/\/kentis.com\/de\/wp-json\/wp\/v2\/product_tag?post=23275"}],"curies":[{"name":"wp","href":"https:\/\/api.w.org\/{rel}","templated":true}]}}