{"id":23188,"date":"2022-08-10T10:24:31","date_gmt":"2022-08-10T08:24:31","guid":{"rendered":"https:\/\/kentis.com\/negozio\/lagerstroemia-indica-rosa\/"},"modified":"2025-02-14T16:48:39","modified_gmt":"2025-02-14T15:48:39","slug":"lagerstroemia-indicarr-rose","status":"publish","type":"product","link":"https:\/\/kentis.com\/de\/shop\/lagerstroemia-indicarr-rose\/","title":{"rendered":"Lagerstroemia Indica Rose"},"content":{"rendered":"<div class=\"fusion-fullwidth fullwidth-box fusion-builder-row-1 fusion-flex-container nonhundred-percent-fullwidth non-hundred-percent-height-scrolling\" style=\"--awb-border-radius-top-left:0px;--awb-border-radius-top-right:0px;--awb-border-radius-bottom-right:0px;--awb-border-radius-bottom-left:0px;--awb-flex-wrap:wrap;\" ><div class=\"fusion-builder-row fusion-row fusion-flex-align-items-flex-start fusion-flex-content-wrap\" style=\"max-width:1248px;margin-left: calc(-4% \/ 2 );margin-right: calc(-4% \/ 2 );\"><div class=\"fusion-layout-column fusion_builder_column fusion-builder-column-0 fusion_builder_column_1_1 1_1 fusion-flex-column\" style=\"--awb-bg-size:cover;--awb-width-large:100%;--awb-margin-top-large:0px;--awb-spacing-right-large:1.92%;--awb-margin-bottom-large:0px;--awb-spacing-left-large:1.92%;--awb-width-medium:100%;--awb-spacing-right-medium:1.92%;--awb-spacing-left-medium:1.92%;--awb-width-small:100%;--awb-spacing-right-small:1.92%;--awb-spacing-left-small:1.92%;\"><div class=\"fusion-column-wrapper fusion-flex-justify-content-flex-start fusion-content-layout-column\"><div class=\"fusion-text fusion-text-1\"><p>Urspr\u00fcnglich aus Asien und in vielen G\u00e4rten verbreitet, ist es ein Strauch mit schlankem, aufrechtem Stamm und ovalen, dunkelgr\u00fcnen Bl\u00e4ttern, die im Herbst orange werden und dann abfallen. Im Sommer bildet es kleine Bl\u00fcten in Form von Rispen, die rosa sind.<\/p>\n<p><em>Die H\u00f6he der Pflanze vom Topfboden aus variiert zwischen 60 und 80 cm.<\/em><\/p>\n<\/div><\/div><\/div><\/div><\/div>\n","protected":false},"excerpt":{"rendered":"","protected":false},"featured_media":13861,"template":"","meta":{"_acf_changed":false},"product_cat":[584,1262,577],"product_tag":[],"class_list":{"0":"post-23188","1":"product","2":"type-product","3":"status-publish","4":"has-post-thumbnail","6":"product_cat-baeume","7":"product_cat-piante-da-fiore-de","8":"product_cat-straeucher","9":"product_shipping_class-evergreen-de","11":"first","12":"instock","13":"taxable","14":"shipping-taxable","15":"purchasable","16":"product-type-simple"},"acf":[],"yoast_head":"<!-- This site is optimized with the Yoast SEO plugin v23.4 - https:\/\/yoast.com\/wordpress\/plugins\/seo\/ -->\n<title>Lagerstroemia Indica Rose - Outdoor-Pflanzen - Kentis<\/title>\n<meta name=\"description\" content=\"Lagerstroemia Indica Rosa ist eine sommerbl\u00fchende Pflanze, die sich hervorragend eignet, um Ihren Garten oder Ihre Terrasse mit Farbe zu schm\u00fccken.\" \/>\n<meta name=\"robots\" content=\"index, follow, max-snippet:-1, max-image-preview:large, max-video-preview:-1\" \/>\n<link rel=\"canonical\" href=\"https:\/\/kentis.com\/de\/shop\/lagerstroemia-indicarr-rose\/\" \/>\n<meta property=\"og:locale\" content=\"de_DE\" \/>\n<meta property=\"og:type\" content=\"article\" \/>\n<meta property=\"og:title\" content=\"Lagerstroemia Indica Rose - Outdoor-Pflanzen - Kentis\" \/>\n<meta property=\"og:description\" content=\"Lagerstroemia Indica Rosa ist eine sommerbl\u00fchende Pflanze, die sich hervorragend eignet, um Ihren Garten oder Ihre Terrasse mit Farbe zu schm\u00fccken.\" \/>\n<meta property=\"og:url\" content=\"https:\/\/kentis.com\/de\/shop\/lagerstroemia-indicarr-rose\/\" \/>\n<meta property=\"og:site_name\" content=\"Kentis\" \/>\n<meta property=\"article:publisher\" content=\"https:\/\/www.facebook.com\/kentisgarden\" \/>\n<meta property=\"article:modified_time\" content=\"2025-02-14T15:48:39+00:00\" \/>\n<meta property=\"og:image\" content=\"https:\/\/kentis.com\/wp-content\/uploads\/2022\/08\/IMG_1541-1024x1024.jpg\" \/>\n\t<meta property=\"og:image:width\" content=\"1024\" \/>\n\t<meta property=\"og:image:height\" content=\"1024\" \/>\n\t<meta property=\"og:image:type\" content=\"image\/jpeg\" \/>\n<meta name=\"twitter:card\" content=\"summary_large_image\" \/>\n<meta name=\"twitter:label1\" content=\"Gesch\u00e4tzte Lesezeit\" \/>\n\t<meta name=\"twitter:data1\" content=\"1\u00a0Minute\" \/>\n<script type=\"application\/ld+json\" class=\"yoast-schema-graph\">{\"@context\":\"https:\/\/schema.org\",\"@graph\":[{\"@type\":\"WebPage\",\"@id\":\"https:\/\/kentis.com\/de\/shop\/lagerstroemia-indicarr-rose\/\",\"url\":\"https:\/\/kentis.com\/de\/shop\/lagerstroemia-indicarr-rose\/\",\"name\":\"Lagerstroemia Indica Rose - Outdoor-Pflanzen - Kentis\",\"isPartOf\":{\"@id\":\"https:\/\/kentis.com\/de\/#website\"},\"primaryImageOfPage\":{\"@id\":\"https:\/\/kentis.com\/de\/shop\/lagerstroemia-indicarr-rose\/#primaryimage\"},\"image\":{\"@id\":\"https:\/\/kentis.com\/de\/shop\/lagerstroemia-indicarr-rose\/#primaryimage\"},\"thumbnailUrl\":\"https:\/\/kentis.com\/wp-content\/uploads\/2022\/08\/IMG_1541.jpg\",\"datePublished\":\"2022-08-10T08:24:31+00:00\",\"dateModified\":\"2025-02-14T15:48:39+00:00\",\"description\":\"Lagerstroemia Indica Rosa ist eine sommerbl\u00fchende Pflanze, die sich hervorragend eignet, um Ihren Garten oder Ihre Terrasse mit Farbe zu schm\u00fccken.\",\"breadcrumb\":{\"@id\":\"https:\/\/kentis.com\/de\/shop\/lagerstroemia-indicarr-rose\/#breadcrumb\"},\"inLanguage\":\"de\",\"potentialAction\":[{\"@type\":\"ReadAction\",\"target\":[\"https:\/\/kentis.com\/de\/shop\/lagerstroemia-indicarr-rose\/\"]}]},{\"@type\":\"ImageObject\",\"inLanguage\":\"de\",\"@id\":\"https:\/\/kentis.com\/de\/shop\/lagerstroemia-indicarr-rose\/#primaryimage\",\"url\":\"https:\/\/kentis.com\/wp-content\/uploads\/2022\/08\/IMG_1541.jpg\",\"contentUrl\":\"https:\/\/kentis.com\/wp-content\/uploads\/2022\/08\/IMG_1541.jpg\",\"width\":1500,\"height\":1500},{\"@type\":\"BreadcrumbList\",\"@id\":\"https:\/\/kentis.com\/de\/shop\/lagerstroemia-indicarr-rose\/#breadcrumb\",\"itemListElement\":[{\"@type\":\"ListItem\",\"position\":1,\"name\":\"Home\",\"item\":\"https:\/\/kentis.com\/de\/\"},{\"@type\":\"ListItem\",\"position\":2,\"name\":\"Gesch\u00e4ft\",\"item\":\"https:\/\/kentis.com\/de\/shop\/\"},{\"@type\":\"ListItem\",\"position\":3,\"name\":\"Pflanzen\",\"item\":\"https:\/\/kentis.com\/de\/produkt-kategorie\/pflanzen\/\"},{\"@type\":\"ListItem\",\"position\":4,\"name\":\"Pflanzen im Freien\",\"item\":\"https:\/\/kentis.com\/de\/produkt-kategorie\/pflanzen\/pflanzen-im-freien\/\"},{\"@type\":\"ListItem\",\"position\":5,\"name\":\"Str\u00e4ucher\",\"item\":\"https:\/\/kentis.com\/de\/produkt-kategorie\/pflanzen\/pflanzen-im-freien\/straeucher\/\"},{\"@type\":\"ListItem\",\"position\":6,\"name\":\"Lagerstroemia Indica Rose\"}]},{\"@type\":\"WebSite\",\"@id\":\"https:\/\/kentis.com\/de\/#website\",\"url\":\"https:\/\/kentis.com\/de\/\",\"name\":\"Kentis\",\"description\":\"Atelier del verde\",\"publisher\":{\"@id\":\"https:\/\/kentis.com\/de\/#organization\"},\"potentialAction\":[{\"@type\":\"SearchAction\",\"target\":{\"@type\":\"EntryPoint\",\"urlTemplate\":\"https:\/\/kentis.com\/de\/?s={search_term_string}\"},\"query-input\":{\"@type\":\"PropertyValueSpecification\",\"valueRequired\":true,\"valueName\":\"search_term_string\"}}],\"inLanguage\":\"de\"},{\"@type\":\"Organization\",\"@id\":\"https:\/\/kentis.com\/de\/#organization\",\"name\":\"Kentis\",\"url\":\"https:\/\/kentis.com\/de\/\",\"logo\":{\"@type\":\"ImageObject\",\"inLanguage\":\"de\",\"@id\":\"https:\/\/kentis.com\/de\/#\/schema\/logo\/image\/\",\"url\":\"https:\/\/kentis.com\/wp-content\/uploads\/2021\/08\/logo-main.png\",\"contentUrl\":\"https:\/\/kentis.com\/wp-content\/uploads\/2021\/08\/logo-main.png\",\"width\":800,\"height\":204,\"caption\":\"Kentis\"},\"image\":{\"@id\":\"https:\/\/kentis.com\/de\/#\/schema\/logo\/image\/\"},\"sameAs\":[\"https:\/\/www.facebook.com\/kentisgarden\",\"https:\/\/www.instagram.com\/kentisgarden\/\",\"https:\/\/it.pinterest.com\/kentisgarden\",\"https:\/\/www.tiktok.com\/@kentis.com\"]}]}<\/script>\n<!-- \/ Yoast SEO plugin. -->","yoast_head_json":{"title":"Lagerstroemia Indica Rose - Outdoor-Pflanzen - Kentis","description":"Lagerstroemia Indica Rosa ist eine sommerbl\u00fchende Pflanze, die sich hervorragend eignet, um Ihren Garten oder Ihre Terrasse mit Farbe zu schm\u00fccken.","robots":{"index":"index","follow":"follow","max-snippet":"max-snippet:-1","max-image-preview":"max-image-preview:large","max-video-preview":"max-video-preview:-1"},"canonical":"https:\/\/kentis.com\/de\/shop\/lagerstroemia-indicarr-rose\/","og_locale":"de_DE","og_type":"article","og_title":"Lagerstroemia Indica Rose - Outdoor-Pflanzen - Kentis","og_description":"Lagerstroemia Indica Rosa ist eine sommerbl\u00fchende Pflanze, die sich hervorragend eignet, um Ihren Garten oder Ihre Terrasse mit Farbe zu schm\u00fccken.","og_url":"https:\/\/kentis.com\/de\/shop\/lagerstroemia-indicarr-rose\/","og_site_name":"Kentis","article_publisher":"https:\/\/www.facebook.com\/kentisgarden","article_modified_time":"2025-02-14T15:48:39+00:00","og_image":[{"width":1024,"height":1024,"url":"https:\/\/kentis.com\/wp-content\/uploads\/2022\/08\/IMG_1541-1024x1024.jpg","type":"image\/jpeg"}],"twitter_card":"summary_large_image","twitter_misc":{"Gesch\u00e4tzte Lesezeit":"1\u00a0Minute"},"schema":{"@context":"https:\/\/schema.org","@graph":[{"@type":"WebPage","@id":"https:\/\/kentis.com\/de\/shop\/lagerstroemia-indicarr-rose\/","url":"https:\/\/kentis.com\/de\/shop\/lagerstroemia-indicarr-rose\/","name":"Lagerstroemia Indica Rose - Outdoor-Pflanzen - Kentis","isPartOf":{"@id":"https:\/\/kentis.com\/de\/#website"},"primaryImageOfPage":{"@id":"https:\/\/kentis.com\/de\/shop\/lagerstroemia-indicarr-rose\/#primaryimage"},"image":{"@id":"https:\/\/kentis.com\/de\/shop\/lagerstroemia-indicarr-rose\/#primaryimage"},"thumbnailUrl":"https:\/\/kentis.com\/wp-content\/uploads\/2022\/08\/IMG_1541.jpg","datePublished":"2022-08-10T08:24:31+00:00","dateModified":"2025-02-14T15:48:39+00:00","description":"Lagerstroemia Indica Rosa ist eine sommerbl\u00fchende Pflanze, die sich hervorragend eignet, um Ihren Garten oder Ihre Terrasse mit Farbe zu schm\u00fccken.","breadcrumb":{"@id":"https:\/\/kentis.com\/de\/shop\/lagerstroemia-indicarr-rose\/#breadcrumb"},"inLanguage":"de","potentialAction":[{"@type":"ReadAction","target":["https:\/\/kentis.com\/de\/shop\/lagerstroemia-indicarr-rose\/"]}]},{"@type":"ImageObject","inLanguage":"de","@id":"https:\/\/kentis.com\/de\/shop\/lagerstroemia-indicarr-rose\/#primaryimage","url":"https:\/\/kentis.com\/wp-content\/uploads\/2022\/08\/IMG_1541.jpg","contentUrl":"https:\/\/kentis.com\/wp-content\/uploads\/2022\/08\/IMG_1541.jpg","width":1500,"height":1500},{"@type":"BreadcrumbList","@id":"https:\/\/kentis.com\/de\/shop\/lagerstroemia-indicarr-rose\/#breadcrumb","itemListElement":[{"@type":"ListItem","position":1,"name":"Home","item":"https:\/\/kentis.com\/de\/"},{"@type":"ListItem","position":2,"name":"Gesch\u00e4ft","item":"https:\/\/kentis.com\/de\/shop\/"},{"@type":"ListItem","position":3,"name":"Pflanzen","item":"https:\/\/kentis.com\/de\/produkt-kategorie\/pflanzen\/"},{"@type":"ListItem","position":4,"name":"Pflanzen im Freien","item":"https:\/\/kentis.com\/de\/produkt-kategorie\/pflanzen\/pflanzen-im-freien\/"},{"@type":"ListItem","position":5,"name":"Str\u00e4ucher","item":"https:\/\/kentis.com\/de\/produkt-kategorie\/pflanzen\/pflanzen-im-freien\/straeucher\/"},{"@type":"ListItem","position":6,"name":"Lagerstroemia Indica Rose"}]},{"@type":"WebSite","@id":"https:\/\/kentis.com\/de\/#website","url":"https:\/\/kentis.com\/de\/","name":"Kentis","description":"Atelier del verde","publisher":{"@id":"https:\/\/kentis.com\/de\/#organization"},"potentialAction":[{"@type":"SearchAction","target":{"@type":"EntryPoint","urlTemplate":"https:\/\/kentis.com\/de\/?s={search_term_string}"},"query-input":{"@type":"PropertyValueSpecification","valueRequired":true,"valueName":"search_term_string"}}],"inLanguage":"de"},{"@type":"Organization","@id":"https:\/\/kentis.com\/de\/#organization","name":"Kentis","url":"https:\/\/kentis.com\/de\/","logo":{"@type":"ImageObject","inLanguage":"de","@id":"https:\/\/kentis.com\/de\/#\/schema\/logo\/image\/","url":"https:\/\/kentis.com\/wp-content\/uploads\/2021\/08\/logo-main.png","contentUrl":"https:\/\/kentis.com\/wp-content\/uploads\/2021\/08\/logo-main.png","width":800,"height":204,"caption":"Kentis"},"image":{"@id":"https:\/\/kentis.com\/de\/#\/schema\/logo\/image\/"},"sameAs":["https:\/\/www.facebook.com\/kentisgarden","https:\/\/www.instagram.com\/kentisgarden\/","https:\/\/it.pinterest.com\/kentisgarden","https:\/\/www.tiktok.com\/@kentis.com"]}]}},"_links":{"self":[{"href":"https:\/\/kentis.com\/de\/wp-json\/wp\/v2\/product\/23188","targetHints":{"allow":["GET"]}}],"collection":[{"href":"https:\/\/kentis.com\/de\/wp-json\/wp\/v2\/product"}],"about":[{"href":"https:\/\/kentis.com\/de\/wp-json\/wp\/v2\/types\/product"}],"wp:featuredmedia":[{"embeddable":true,"href":"https:\/\/kentis.com\/de\/wp-json\/wp\/v2\/media\/13861"}],"wp:attachment":[{"href":"https:\/\/kentis.com\/de\/wp-json\/wp\/v2\/media?parent=23188"}],"wp:term":[{"taxonomy":"product_cat","embeddable":true,"href":"https:\/\/kentis.com\/de\/wp-json\/wp\/v2\/product_cat?post=23188"},{"taxonomy":"product_tag","embeddable":true,"href":"https:\/\/kentis.com\/de\/wp-json\/wp\/v2\/product_tag?post=23188"}],"curies":[{"name":"wp","href":"https:\/\/api.w.org\/{rel}","templated":true}]}}