{"id":23032,"date":"2022-12-28T12:06:46","date_gmt":"2022-12-28T11:06:46","guid":{"rendered":"https:\/\/kentis.com\/negozio\/anthurium-terrarium\/"},"modified":"2022-12-28T12:06:46","modified_gmt":"2022-12-28T11:06:46","slug":"anthurium-terrarium","status":"publish","type":"product","link":"https:\/\/kentis.com\/de\/shop\/anthurium-terrarium\/","title":{"rendered":"Anthurium Terrarium"},"content":{"rendered":"<p>Pianta sempreverde tropicale, famosa per essere tra le pi\u00f9 diffuse nelle case, l&#8217;Anthurium \u00e8 conosciuta come fiore dell&#8217;amore. Oltre ad essere bella e simboleggiare un legame sincero di amore ed amicizia, \u00e8 in grado di migliorare notevolmente la qualit\u00e0 dell\u2019aria, diminuendo significativamente l\u2019inquinamento degli interni.<\/p>\n","protected":false},"excerpt":{"rendered":"<p>Pianta sempreverde tropicale, famosa per essere tra le pi\u00f9 diffuse [&hellip;]<\/p>\n","protected":false},"featured_media":12657,"template":"","meta":{"_acf_changed":false},"product_cat":[588,486,465],"product_tag":[],"class_list":{"0":"post-23032","1":"product","2":"type-product","3":"status-publish","4":"has-post-thumbnail","6":"product_cat-bonsai-und-extras","7":"product_cat-reinigt-die-luft","8":"product_cat-zimmerpflanzen","10":"first","11":"outofstock","12":"taxable","13":"shipping-taxable","14":"purchasable","15":"product-type-simple"},"acf":[],"yoast_head":"<!-- This site is optimized with the Yoast SEO plugin v23.4 - https:\/\/yoast.com\/wordpress\/plugins\/seo\/ -->\n<title>Anthurium Terrarium - Piante vere da appartamento | Kentis<\/title>\n<meta name=\"description\" content=\"L&#039;Anthurium Terrarium oltre a simboleggiare un legame sincero di amore ed amicizia, pu\u00f2 migliorare notevolmente la qualit\u00e0 dell\u2019aria\" \/>\n<meta name=\"robots\" content=\"index, follow, max-snippet:-1, max-image-preview:large, max-video-preview:-1\" \/>\n<link rel=\"canonical\" href=\"https:\/\/kentis.com\/de\/shop\/anthurium-terrarium\/\" \/>\n<meta property=\"og:locale\" content=\"de_DE\" \/>\n<meta property=\"og:type\" content=\"article\" \/>\n<meta property=\"og:title\" content=\"Anthurium Terrarium - Piante vere da appartamento | Kentis\" \/>\n<meta property=\"og:description\" content=\"L&#039;Anthurium Terrarium oltre a simboleggiare un legame sincero di amore ed amicizia, pu\u00f2 migliorare notevolmente la qualit\u00e0 dell\u2019aria\" \/>\n<meta property=\"og:url\" content=\"https:\/\/kentis.com\/de\/shop\/anthurium-terrarium\/\" \/>\n<meta property=\"og:site_name\" content=\"Kentis\" \/>\n<meta property=\"article:publisher\" content=\"https:\/\/www.facebook.com\/kentisgarden\" \/>\n<meta property=\"og:image\" content=\"https:\/\/kentis.com\/wp-content\/uploads\/2022\/12\/PTG-Anthurium-vetro-v14-h30_frontale-scaled.jpg\" \/>\n\t<meta property=\"og:image:width\" content=\"2560\" \/>\n\t<meta property=\"og:image:height\" content=\"2560\" \/>\n\t<meta property=\"og:image:type\" content=\"image\/jpeg\" \/>\n<meta name=\"twitter:card\" content=\"summary_large_image\" \/>\n<script type=\"application\/ld+json\" class=\"yoast-schema-graph\">{\"@context\":\"https:\/\/schema.org\",\"@graph\":[{\"@type\":\"WebPage\",\"@id\":\"https:\/\/kentis.com\/de\/shop\/anthurium-terrarium\/\",\"url\":\"https:\/\/kentis.com\/de\/shop\/anthurium-terrarium\/\",\"name\":\"Anthurium Terrarium - Piante vere da appartamento | Kentis\",\"isPartOf\":{\"@id\":\"https:\/\/kentis.com\/de\/#website\"},\"primaryImageOfPage\":{\"@id\":\"https:\/\/kentis.com\/de\/shop\/anthurium-terrarium\/#primaryimage\"},\"image\":{\"@id\":\"https:\/\/kentis.com\/de\/shop\/anthurium-terrarium\/#primaryimage\"},\"thumbnailUrl\":\"https:\/\/kentis.com\/wp-content\/uploads\/2022\/12\/PTG-Anthurium-vetro-v14-h30_frontale-scaled.jpg\",\"datePublished\":\"2022-12-28T11:06:46+00:00\",\"dateModified\":\"2022-12-28T11:06:46+00:00\",\"description\":\"L'Anthurium Terrarium oltre a simboleggiare un legame sincero di amore ed amicizia, pu\u00f2 migliorare notevolmente la qualit\u00e0 dell\u2019aria\",\"breadcrumb\":{\"@id\":\"https:\/\/kentis.com\/de\/shop\/anthurium-terrarium\/#breadcrumb\"},\"inLanguage\":\"de\",\"potentialAction\":[{\"@type\":\"ReadAction\",\"target\":[\"https:\/\/kentis.com\/de\/shop\/anthurium-terrarium\/\"]}]},{\"@type\":\"ImageObject\",\"inLanguage\":\"de\",\"@id\":\"https:\/\/kentis.com\/de\/shop\/anthurium-terrarium\/#primaryimage\",\"url\":\"https:\/\/kentis.com\/wp-content\/uploads\/2022\/12\/PTG-Anthurium-vetro-v14-h30_frontale-scaled.jpg\",\"contentUrl\":\"https:\/\/kentis.com\/wp-content\/uploads\/2022\/12\/PTG-Anthurium-vetro-v14-h30_frontale-scaled.jpg\",\"width\":2560,\"height\":2560},{\"@type\":\"BreadcrumbList\",\"@id\":\"https:\/\/kentis.com\/de\/shop\/anthurium-terrarium\/#breadcrumb\",\"itemListElement\":[{\"@type\":\"ListItem\",\"position\":1,\"name\":\"Home\",\"item\":\"https:\/\/kentis.com\/de\/\"},{\"@type\":\"ListItem\",\"position\":2,\"name\":\"Gesch\u00e4ft\",\"item\":\"https:\/\/kentis.com\/de\/shop\/\"},{\"@type\":\"ListItem\",\"position\":3,\"name\":\"Pflanzen\",\"item\":\"https:\/\/kentis.com\/de\/produkt-kategorie\/pflanzen\/\"},{\"@type\":\"ListItem\",\"position\":4,\"name\":\"Zimmerpflanzen\",\"item\":\"https:\/\/kentis.com\/de\/produkt-kategorie\/pflanzen\/zimmerpflanzen\/\"},{\"@type\":\"ListItem\",\"position\":5,\"name\":\"Reinigt die Luft\",\"item\":\"https:\/\/kentis.com\/de\/produkt-kategorie\/pflanzen\/zimmerpflanzen\/reinigt-die-luft\/\"},{\"@type\":\"ListItem\",\"position\":6,\"name\":\"Anthurium Terrarium\"}]},{\"@type\":\"WebSite\",\"@id\":\"https:\/\/kentis.com\/de\/#website\",\"url\":\"https:\/\/kentis.com\/de\/\",\"name\":\"Kentis\",\"description\":\"Atelier del verde\",\"publisher\":{\"@id\":\"https:\/\/kentis.com\/de\/#organization\"},\"potentialAction\":[{\"@type\":\"SearchAction\",\"target\":{\"@type\":\"EntryPoint\",\"urlTemplate\":\"https:\/\/kentis.com\/de\/?s={search_term_string}\"},\"query-input\":{\"@type\":\"PropertyValueSpecification\",\"valueRequired\":true,\"valueName\":\"search_term_string\"}}],\"inLanguage\":\"de\"},{\"@type\":\"Organization\",\"@id\":\"https:\/\/kentis.com\/de\/#organization\",\"name\":\"Kentis\",\"url\":\"https:\/\/kentis.com\/de\/\",\"logo\":{\"@type\":\"ImageObject\",\"inLanguage\":\"de\",\"@id\":\"https:\/\/kentis.com\/de\/#\/schema\/logo\/image\/\",\"url\":\"https:\/\/kentis.com\/wp-content\/uploads\/2021\/08\/logo-main.png\",\"contentUrl\":\"https:\/\/kentis.com\/wp-content\/uploads\/2021\/08\/logo-main.png\",\"width\":800,\"height\":204,\"caption\":\"Kentis\"},\"image\":{\"@id\":\"https:\/\/kentis.com\/de\/#\/schema\/logo\/image\/\"},\"sameAs\":[\"https:\/\/www.facebook.com\/kentisgarden\",\"https:\/\/www.instagram.com\/kentisgarden\/\",\"https:\/\/it.pinterest.com\/kentisgarden\",\"https:\/\/www.tiktok.com\/@kentis.com\"]}]}<\/script>\n<!-- \/ Yoast SEO plugin. -->","yoast_head_json":{"title":"Anthurium Terrarium - Piante vere da appartamento | Kentis","description":"L'Anthurium Terrarium oltre a simboleggiare un legame sincero di amore ed amicizia, pu\u00f2 migliorare notevolmente la qualit\u00e0 dell\u2019aria","robots":{"index":"index","follow":"follow","max-snippet":"max-snippet:-1","max-image-preview":"max-image-preview:large","max-video-preview":"max-video-preview:-1"},"canonical":"https:\/\/kentis.com\/de\/shop\/anthurium-terrarium\/","og_locale":"de_DE","og_type":"article","og_title":"Anthurium Terrarium - Piante vere da appartamento | Kentis","og_description":"L'Anthurium Terrarium oltre a simboleggiare un legame sincero di amore ed amicizia, pu\u00f2 migliorare notevolmente la qualit\u00e0 dell\u2019aria","og_url":"https:\/\/kentis.com\/de\/shop\/anthurium-terrarium\/","og_site_name":"Kentis","article_publisher":"https:\/\/www.facebook.com\/kentisgarden","og_image":[{"width":2560,"height":2560,"url":"https:\/\/kentis.com\/wp-content\/uploads\/2022\/12\/PTG-Anthurium-vetro-v14-h30_frontale-scaled.jpg","type":"image\/jpeg"}],"twitter_card":"summary_large_image","schema":{"@context":"https:\/\/schema.org","@graph":[{"@type":"WebPage","@id":"https:\/\/kentis.com\/de\/shop\/anthurium-terrarium\/","url":"https:\/\/kentis.com\/de\/shop\/anthurium-terrarium\/","name":"Anthurium Terrarium - Piante vere da appartamento | Kentis","isPartOf":{"@id":"https:\/\/kentis.com\/de\/#website"},"primaryImageOfPage":{"@id":"https:\/\/kentis.com\/de\/shop\/anthurium-terrarium\/#primaryimage"},"image":{"@id":"https:\/\/kentis.com\/de\/shop\/anthurium-terrarium\/#primaryimage"},"thumbnailUrl":"https:\/\/kentis.com\/wp-content\/uploads\/2022\/12\/PTG-Anthurium-vetro-v14-h30_frontale-scaled.jpg","datePublished":"2022-12-28T11:06:46+00:00","dateModified":"2022-12-28T11:06:46+00:00","description":"L'Anthurium Terrarium oltre a simboleggiare un legame sincero di amore ed amicizia, pu\u00f2 migliorare notevolmente la qualit\u00e0 dell\u2019aria","breadcrumb":{"@id":"https:\/\/kentis.com\/de\/shop\/anthurium-terrarium\/#breadcrumb"},"inLanguage":"de","potentialAction":[{"@type":"ReadAction","target":["https:\/\/kentis.com\/de\/shop\/anthurium-terrarium\/"]}]},{"@type":"ImageObject","inLanguage":"de","@id":"https:\/\/kentis.com\/de\/shop\/anthurium-terrarium\/#primaryimage","url":"https:\/\/kentis.com\/wp-content\/uploads\/2022\/12\/PTG-Anthurium-vetro-v14-h30_frontale-scaled.jpg","contentUrl":"https:\/\/kentis.com\/wp-content\/uploads\/2022\/12\/PTG-Anthurium-vetro-v14-h30_frontale-scaled.jpg","width":2560,"height":2560},{"@type":"BreadcrumbList","@id":"https:\/\/kentis.com\/de\/shop\/anthurium-terrarium\/#breadcrumb","itemListElement":[{"@type":"ListItem","position":1,"name":"Home","item":"https:\/\/kentis.com\/de\/"},{"@type":"ListItem","position":2,"name":"Gesch\u00e4ft","item":"https:\/\/kentis.com\/de\/shop\/"},{"@type":"ListItem","position":3,"name":"Pflanzen","item":"https:\/\/kentis.com\/de\/produkt-kategorie\/pflanzen\/"},{"@type":"ListItem","position":4,"name":"Zimmerpflanzen","item":"https:\/\/kentis.com\/de\/produkt-kategorie\/pflanzen\/zimmerpflanzen\/"},{"@type":"ListItem","position":5,"name":"Reinigt die Luft","item":"https:\/\/kentis.com\/de\/produkt-kategorie\/pflanzen\/zimmerpflanzen\/reinigt-die-luft\/"},{"@type":"ListItem","position":6,"name":"Anthurium Terrarium"}]},{"@type":"WebSite","@id":"https:\/\/kentis.com\/de\/#website","url":"https:\/\/kentis.com\/de\/","name":"Kentis","description":"Atelier del verde","publisher":{"@id":"https:\/\/kentis.com\/de\/#organization"},"potentialAction":[{"@type":"SearchAction","target":{"@type":"EntryPoint","urlTemplate":"https:\/\/kentis.com\/de\/?s={search_term_string}"},"query-input":{"@type":"PropertyValueSpecification","valueRequired":true,"valueName":"search_term_string"}}],"inLanguage":"de"},{"@type":"Organization","@id":"https:\/\/kentis.com\/de\/#organization","name":"Kentis","url":"https:\/\/kentis.com\/de\/","logo":{"@type":"ImageObject","inLanguage":"de","@id":"https:\/\/kentis.com\/de\/#\/schema\/logo\/image\/","url":"https:\/\/kentis.com\/wp-content\/uploads\/2021\/08\/logo-main.png","contentUrl":"https:\/\/kentis.com\/wp-content\/uploads\/2021\/08\/logo-main.png","width":800,"height":204,"caption":"Kentis"},"image":{"@id":"https:\/\/kentis.com\/de\/#\/schema\/logo\/image\/"},"sameAs":["https:\/\/www.facebook.com\/kentisgarden","https:\/\/www.instagram.com\/kentisgarden\/","https:\/\/it.pinterest.com\/kentisgarden","https:\/\/www.tiktok.com\/@kentis.com"]}]}},"_links":{"self":[{"href":"https:\/\/kentis.com\/de\/wp-json\/wp\/v2\/product\/23032","targetHints":{"allow":["GET"]}}],"collection":[{"href":"https:\/\/kentis.com\/de\/wp-json\/wp\/v2\/product"}],"about":[{"href":"https:\/\/kentis.com\/de\/wp-json\/wp\/v2\/types\/product"}],"wp:featuredmedia":[{"embeddable":true,"href":"https:\/\/kentis.com\/de\/wp-json\/wp\/v2\/media\/12657"}],"wp:attachment":[{"href":"https:\/\/kentis.com\/de\/wp-json\/wp\/v2\/media?parent=23032"}],"wp:term":[{"taxonomy":"product_cat","embeddable":true,"href":"https:\/\/kentis.com\/de\/wp-json\/wp\/v2\/product_cat?post=23032"},{"taxonomy":"product_tag","embeddable":true,"href":"https:\/\/kentis.com\/de\/wp-json\/wp\/v2\/product_tag?post=23032"}],"curies":[{"name":"wp","href":"https:\/\/api.w.org\/{rel}","templated":true}]}}