{"id":27470,"date":"2021-09-22T16:14:24","date_gmt":"2021-09-22T14:14:24","guid":{"rendered":"https:\/\/kentis.com\/wahlen-sie-ihre-pflanze\/"},"modified":"2021-09-22T16:14:24","modified_gmt":"2021-09-22T14:14:24","slug":"wahlen-sie-ihre-pflanze","status":"publish","type":"page","link":"https:\/\/kentis.com\/de\/wahlen-sie-ihre-pflanze\/","title":{"rendered":"W\u00e4hlen Sie Ihre Pflanze"},"content":{"rendered":"<section class=\"wcsf\" data-component=\"wcsf\" data-id=\"4185\" data-arguments=\"{&quot;id&quot;:&quot;4185&quot;,&quot;ajaxUrl&quot;:&quot;https:\\\/\\\/kentis.com\\\/wp-admin\\\/admin-ajax.php&quot;,&quot;categoryId&quot;:&quot;&quot;,&quot;tagId&quot;:&quot;&quot;,&quot;settings&quot;:{&quot;scrolling_top_on_update&quot;:true,&quot;scrolling_up_gap&quot;:0}}\"><form class=\"wcsf-form\" id=\"wcsf-form-4185\" action=\"?paged=1#\" method=\"POST\" data-component=\"wcsf-form\" data-step-id=\"description\"> <button type=\"submit\" class=\"sr-only\" name=\"stepId\" value=\"219\" data-component=\"wcsf-submit-and-go-next\" data-id=\"description\">Avanti<\/button> <input type=\"hidden\" name=\"id\" value=\"4185\"> <input type=\"hidden\" name=\"wcsf\" value=\"4185\"> <input type=\"hidden\" name=\"stepId\" value=\"description\"> <nav class=\"wcsf-nav is-pills\"> <ul class=\"wcsf-nav-list is-pills nav nav-pills\" role=\"tablist\"> <li role=\"presentation\" class=\"wcsf-nav-list-item nav-item active\"> <button class=\"wcsf-nav-list-item-button nav-link active\" type=\"button\" name=\"stepId\" value=\"description\" data-component=\"wcsf-none\" data-id=\"description\"><span class=\"wcsf-nav-list-item-button-inner\">Iniziamo!<\/span><\/button> <\/li> <li role=\"presentation\" class=\"wcsf-nav-list-item nav-item default\"> <button class=\"wcsf-nav-list-item-button nav-link default\" type=\"submit\" name=\"stepId\" value=\"219\" data-component=\"wcsf-submit-and-go-to\" data-id=\"219\"><span class=\"wcsf-nav-list-item-button-inner\">Ambienti<\/span><\/button> <\/li> <li role=\"presentation\" class=\"wcsf-nav-list-item nav-item default\"> <button class=\"wcsf-nav-list-item-button nav-link default\" type=\"submit\" name=\"stepId\" value=\"221\" data-component=\"wcsf-submit-and-go-to\" data-id=\"221\"><span class=\"wcsf-nav-list-item-button-inner\">Cure<\/span><\/button> <\/li> <li role=\"presentation\" class=\"wcsf-nav-list-item nav-item default\"> <button class=\"wcsf-nav-list-item-button nav-link default\" type=\"submit\" name=\"stepId\" value=\"227\" data-component=\"wcsf-submit-and-go-to\" data-id=\"227\"><span class=\"wcsf-nav-list-item-button-inner\">Luminosit\u00e0<\/span><\/button> <\/li> <li role=\"presentation\" class=\"wcsf-nav-list-item nav-item default\"> <button class=\"wcsf-nav-list-item-button nav-link default\" type=\"submit\" name=\"stepId\" value=\"220\" data-component=\"wcsf-submit-and-go-to\" data-id=\"220\"><span class=\"wcsf-nav-list-item-button-inner\">Dimensioni<\/span><\/button> <\/li> <li role=\"presentation\" class=\"wcsf-nav-list-item nav-item default\"> <button class=\"wcsf-nav-list-item-button nav-link default\" type=\"submit\" name=\"stepId\" value=\"272\" data-component=\"wcsf-submit-and-go-to\" data-id=\"272\"><span class=\"wcsf-nav-list-item-button-inner\">Animali<\/span><\/button> <\/li> <li role=\"presentation\" class=\"wcsf-nav-list-item nav-item default\"> <button class=\"wcsf-nav-list-item-button nav-link default\" type=\"submit\" name=\"stepId\" value=\"273\" data-component=\"wcsf-submit-and-go-to\" data-id=\"273\"><span class=\"wcsf-nav-list-item-button-inner\">Purifica Aria<\/span><\/button> <\/li> <li role=\"presentation\" class=\"wcsf-nav-list-item nav-item default\"> <button class=\"wcsf-nav-list-item-button nav-link default\" type=\"submit\" name=\"stepId\" value=\"results\" data-component=\"wcsf-submit-and-go-to\" data-id=\"results\"><span class=\"wcsf-nav-list-item-button-inner\">Risultati<\/span><\/button> <\/li> <\/ul><\/nav><button role=\"tab\" class=\"wcsf-nav-button btn btn-default btn-light btn-block active\" type=\"button\" name=\"stepId\" value=\"description\" data-component=\"wcsf-none\" data-id=\"description\"><span class=\"wcsf-nav-button-inner\">Iniziamo!<\/span><\/button><article class=\"wcsf-step is-step-description\"> <div class=\"wcsf-description\"><p>Qual \u00e8 la pianta che pi\u00f9 si adatta alle tue esigenze?<br \/>Rispondi alle domande, al resto penseremo noi!<\/p><p><img decoding=\"async\" class=\"lazyload alignnone size-full wp-image-3519\" src=\"https:\/\/kentis.com\/wp-content\/uploads\/2021\/08\/Piante.jpg\" data-orig-src=\"https:\/\/kentis.com\/wp-content\/uploads\/2021\/08\/Piante.jpg\" alt=\"Piante-kentis\" width=\"1200\" height=\"650\" srcset=\"data:image\/svg+xml,%3Csvg%20xmlns%3D%27http%3A%2F%2Fwww.w3.org%2F2000%2Fsvg%27%20width%3D%271200%27%20height%3D%27650%27%20viewBox%3D%270%200%201200%20650%27%3E%3Crect%20width%3D%271200%27%20height%3D%27650%27%20fill-opacity%3D%220%22%2F%3E%3C%2Fsvg%3E\" data-srcset=\"https:\/\/kentis.com\/wp-content\/uploads\/2021\/08\/Piante-200x108.jpg 200w, https:\/\/kentis.com\/wp-content\/uploads\/2021\/08\/Piante-300x163.jpg 300w, https:\/\/kentis.com\/wp-content\/uploads\/2021\/08\/Piante-400x217.jpg 400w, https:\/\/kentis.com\/wp-content\/uploads\/2021\/08\/Piante-500x271.jpg 500w, https:\/\/kentis.com\/wp-content\/uploads\/2021\/08\/Piante-600x325.jpg 600w, https:\/\/kentis.com\/wp-content\/uploads\/2021\/08\/Piante-700x379.jpg 700w, https:\/\/kentis.com\/wp-content\/uploads\/2021\/08\/Piante-768x416.jpg 768w, https:\/\/kentis.com\/wp-content\/uploads\/2021\/08\/Piante-800x433.jpg 800w, https:\/\/kentis.com\/wp-content\/uploads\/2021\/08\/Piante-1024x555.jpg 1024w, https:\/\/kentis.com\/wp-content\/uploads\/2021\/08\/Piante.jpg 1200w\" data-sizes=\"auto\" data-orig-sizes=\"(max-width: 1200px) 100vw, 1200px\" \/><\/p><\/div><\/article><button role=\"tab\" class=\"wcsf-nav-button btn btn-default btn-light btn-block default\" type=\"submit\" name=\"stepId\" value=\"219\" data-component=\"wcsf-submit-and-go-to\" data-id=\"219\"><span class=\"wcsf-nav-button-inner\">Ambienti<\/span><\/button><button role=\"tab\" class=\"wcsf-nav-button btn btn-default btn-light btn-block default\" type=\"submit\" name=\"stepId\" value=\"221\" data-component=\"wcsf-submit-and-go-to\" data-id=\"221\"><span class=\"wcsf-nav-button-inner\">Cure<\/span><\/button><button role=\"tab\" class=\"wcsf-nav-button btn btn-default btn-light btn-block default\" type=\"submit\" name=\"stepId\" value=\"227\" data-component=\"wcsf-submit-and-go-to\" data-id=\"227\"><span class=\"wcsf-nav-button-inner\">Luminosit\u00e0<\/span><\/button><button role=\"tab\" class=\"wcsf-nav-button btn btn-default btn-light btn-block default\" type=\"submit\" name=\"stepId\" value=\"220\" data-component=\"wcsf-submit-and-go-to\" data-id=\"220\"><span class=\"wcsf-nav-button-inner\">Dimensioni<\/span><\/button><button role=\"tab\" class=\"wcsf-nav-button btn btn-default btn-light btn-block default\" type=\"submit\" name=\"stepId\" value=\"272\" data-component=\"wcsf-submit-and-go-to\" data-id=\"272\"><span class=\"wcsf-nav-button-inner\">Animali<\/span><\/button><button role=\"tab\" class=\"wcsf-nav-button btn btn-default btn-light btn-block default\" type=\"submit\" name=\"stepId\" value=\"273\" data-component=\"wcsf-submit-and-go-to\" data-id=\"273\"><span class=\"wcsf-nav-button-inner\">Purifica Aria<\/span><\/button><button role=\"tab\" class=\"wcsf-nav-button btn btn-default btn-light btn-block default\" type=\"submit\" name=\"stepId\" value=\"results\" data-component=\"wcsf-submit-and-go-to\" data-id=\"results\"><span class=\"wcsf-nav-button-inner\">Risultati<\/span><\/button><footer class=\"wcsf-footer\"><nav class=\"wcsf-controls\"><button class=\"btn wcsf-control is-next wcsf-next btn-primary show-icon-on-mobile icon-right hide-text-on-mobile\" type=\"submit\" name=\"stepId\" value=\"219\" data-component=\"wcsf-submit-and-go-next\" data-id=\"description\"><span class=\"wcsf-control-inner\"> Avanti <\/span><\/button> <\/nav><\/footer><\/form><\/section>\n","protected":false},"excerpt":{"rendered":"","protected":false},"author":1,"featured_media":16617,"parent":0,"menu_order":0,"comment_status":"closed","ping_status":"closed","template":"","meta":{"_acf_changed":false,"footnotes":""},"class_list":["post-27470","page","type-page","status-publish","has-post-thumbnail","hentry"],"acf":[],"yoast_head":"<!-- This site is optimized with the Yoast SEO plugin v23.4 - https:\/\/yoast.com\/wordpress\/plugins\/seo\/ -->\n<title>W\u00e4hlen Sie Ihre Pflanze - Innen- und Au\u00dfenpflanzen | Kentis<\/title>\n<meta name=\"description\" content=\"Wenn Sie nicht wissen, welche Pflanze die richtige f\u00fcr Sie ist, oder Hilfe bei der Auswahl der Pflanze zum Verschenken ben\u00f6tigen, helfen wir Ihnen Schritt f\u00fcr Schritt.\" \/>\n<meta name=\"robots\" content=\"index, follow, max-snippet:-1, max-image-preview:large, max-video-preview:-1\" \/>\n<link rel=\"canonical\" href=\"https:\/\/kentis.com\/de\/wahlen-sie-ihre-pflanze\/\" \/>\n<meta property=\"og:locale\" content=\"de_DE\" \/>\n<meta property=\"og:type\" content=\"article\" \/>\n<meta property=\"og:title\" content=\"W\u00e4hlen Sie Ihre Pflanze - Innen- und Au\u00dfenpflanzen | Kentis\" \/>\n<meta property=\"og:description\" content=\"Wenn Sie nicht wissen, welche Pflanze die richtige f\u00fcr Sie ist, oder Hilfe bei der Auswahl der Pflanze zum Verschenken ben\u00f6tigen, helfen wir Ihnen Schritt f\u00fcr Schritt.\" \/>\n<meta property=\"og:url\" content=\"https:\/\/kentis.com\/de\/wahlen-sie-ihre-pflanze\/\" \/>\n<meta property=\"og:site_name\" content=\"Kentis\" \/>\n<meta property=\"article:publisher\" content=\"https:\/\/www.facebook.com\/kentisgarden\" \/>\n<meta property=\"og:image\" content=\"https:\/\/kentis.com\/wp-content\/uploads\/2021\/08\/Piante.jpg\" \/>\n\t<meta property=\"og:image:width\" content=\"1200\" \/>\n\t<meta property=\"og:image:height\" content=\"650\" \/>\n\t<meta property=\"og:image:type\" content=\"image\/jpeg\" \/>\n<meta name=\"twitter:card\" content=\"summary_large_image\" \/>\n<script type=\"application\/ld+json\" class=\"yoast-schema-graph\">{\"@context\":\"https:\/\/schema.org\",\"@graph\":[{\"@type\":\"WebPage\",\"@id\":\"https:\/\/kentis.com\/de\/wahlen-sie-ihre-pflanze\/\",\"url\":\"https:\/\/kentis.com\/de\/wahlen-sie-ihre-pflanze\/\",\"name\":\"W\u00e4hlen Sie Ihre Pflanze - Innen- und Au\u00dfenpflanzen | Kentis\",\"isPartOf\":{\"@id\":\"https:\/\/kentis.com\/de\/#website\"},\"primaryImageOfPage\":{\"@id\":\"https:\/\/kentis.com\/de\/wahlen-sie-ihre-pflanze\/#primaryimage\"},\"image\":{\"@id\":\"https:\/\/kentis.com\/de\/wahlen-sie-ihre-pflanze\/#primaryimage\"},\"thumbnailUrl\":\"https:\/\/kentis.com\/wp-content\/uploads\/2021\/08\/Piante.jpg\",\"datePublished\":\"2021-09-22T14:14:24+00:00\",\"dateModified\":\"2021-09-22T14:14:24+00:00\",\"description\":\"Wenn Sie nicht wissen, welche Pflanze die richtige f\u00fcr Sie ist, oder Hilfe bei der Auswahl der Pflanze zum Verschenken ben\u00f6tigen, helfen wir Ihnen Schritt f\u00fcr Schritt.\",\"breadcrumb\":{\"@id\":\"https:\/\/kentis.com\/de\/wahlen-sie-ihre-pflanze\/#breadcrumb\"},\"inLanguage\":\"de\",\"potentialAction\":[{\"@type\":\"ReadAction\",\"target\":[\"https:\/\/kentis.com\/de\/wahlen-sie-ihre-pflanze\/\"]}]},{\"@type\":\"ImageObject\",\"inLanguage\":\"de\",\"@id\":\"https:\/\/kentis.com\/de\/wahlen-sie-ihre-pflanze\/#primaryimage\",\"url\":\"https:\/\/kentis.com\/wp-content\/uploads\/2021\/08\/Piante.jpg\",\"contentUrl\":\"https:\/\/kentis.com\/wp-content\/uploads\/2021\/08\/Piante.jpg\",\"width\":1200,\"height\":650},{\"@type\":\"BreadcrumbList\",\"@id\":\"https:\/\/kentis.com\/de\/wahlen-sie-ihre-pflanze\/#breadcrumb\",\"itemListElement\":[{\"@type\":\"ListItem\",\"position\":1,\"name\":\"Home\",\"item\":\"https:\/\/kentis.com\/de\/\"},{\"@type\":\"ListItem\",\"position\":2,\"name\":\"W\u00e4hlen Sie Ihre Pflanze\"}]},{\"@type\":\"WebSite\",\"@id\":\"https:\/\/kentis.com\/de\/#website\",\"url\":\"https:\/\/kentis.com\/de\/\",\"name\":\"Kentis\",\"description\":\"Atelier del verde\",\"publisher\":{\"@id\":\"https:\/\/kentis.com\/de\/#organization\"},\"potentialAction\":[{\"@type\":\"SearchAction\",\"target\":{\"@type\":\"EntryPoint\",\"urlTemplate\":\"https:\/\/kentis.com\/de\/?s={search_term_string}\"},\"query-input\":{\"@type\":\"PropertyValueSpecification\",\"valueRequired\":true,\"valueName\":\"search_term_string\"}}],\"inLanguage\":\"de\"},{\"@type\":\"Organization\",\"@id\":\"https:\/\/kentis.com\/de\/#organization\",\"name\":\"Kentis\",\"url\":\"https:\/\/kentis.com\/de\/\",\"logo\":{\"@type\":\"ImageObject\",\"inLanguage\":\"de\",\"@id\":\"https:\/\/kentis.com\/de\/#\/schema\/logo\/image\/\",\"url\":\"https:\/\/kentis.com\/wp-content\/uploads\/2021\/08\/logo-main.png\",\"contentUrl\":\"https:\/\/kentis.com\/wp-content\/uploads\/2021\/08\/logo-main.png\",\"width\":800,\"height\":204,\"caption\":\"Kentis\"},\"image\":{\"@id\":\"https:\/\/kentis.com\/de\/#\/schema\/logo\/image\/\"},\"sameAs\":[\"https:\/\/www.facebook.com\/kentisgarden\",\"https:\/\/www.instagram.com\/kentisgarden\/\",\"https:\/\/it.pinterest.com\/kentisgarden\",\"https:\/\/www.tiktok.com\/@kentis.com\"]}]}<\/script>\n<!-- \/ Yoast SEO plugin. -->","yoast_head_json":{"title":"W\u00e4hlen Sie Ihre Pflanze - Innen- und Au\u00dfenpflanzen | Kentis","description":"Wenn Sie nicht wissen, welche Pflanze die richtige f\u00fcr Sie ist, oder Hilfe bei der Auswahl der Pflanze zum Verschenken ben\u00f6tigen, helfen wir Ihnen Schritt f\u00fcr Schritt.","robots":{"index":"index","follow":"follow","max-snippet":"max-snippet:-1","max-image-preview":"max-image-preview:large","max-video-preview":"max-video-preview:-1"},"canonical":"https:\/\/kentis.com\/de\/wahlen-sie-ihre-pflanze\/","og_locale":"de_DE","og_type":"article","og_title":"W\u00e4hlen Sie Ihre Pflanze - Innen- und Au\u00dfenpflanzen | Kentis","og_description":"Wenn Sie nicht wissen, welche Pflanze die richtige f\u00fcr Sie ist, oder Hilfe bei der Auswahl der Pflanze zum Verschenken ben\u00f6tigen, helfen wir Ihnen Schritt f\u00fcr Schritt.","og_url":"https:\/\/kentis.com\/de\/wahlen-sie-ihre-pflanze\/","og_site_name":"Kentis","article_publisher":"https:\/\/www.facebook.com\/kentisgarden","og_image":[{"width":1200,"height":650,"url":"https:\/\/kentis.com\/wp-content\/uploads\/2021\/08\/Piante.jpg","type":"image\/jpeg"}],"twitter_card":"summary_large_image","schema":{"@context":"https:\/\/schema.org","@graph":[{"@type":"WebPage","@id":"https:\/\/kentis.com\/de\/wahlen-sie-ihre-pflanze\/","url":"https:\/\/kentis.com\/de\/wahlen-sie-ihre-pflanze\/","name":"W\u00e4hlen Sie Ihre Pflanze - Innen- und Au\u00dfenpflanzen | Kentis","isPartOf":{"@id":"https:\/\/kentis.com\/de\/#website"},"primaryImageOfPage":{"@id":"https:\/\/kentis.com\/de\/wahlen-sie-ihre-pflanze\/#primaryimage"},"image":{"@id":"https:\/\/kentis.com\/de\/wahlen-sie-ihre-pflanze\/#primaryimage"},"thumbnailUrl":"https:\/\/kentis.com\/wp-content\/uploads\/2021\/08\/Piante.jpg","datePublished":"2021-09-22T14:14:24+00:00","dateModified":"2021-09-22T14:14:24+00:00","description":"Wenn Sie nicht wissen, welche Pflanze die richtige f\u00fcr Sie ist, oder Hilfe bei der Auswahl der Pflanze zum Verschenken ben\u00f6tigen, helfen wir Ihnen Schritt f\u00fcr Schritt.","breadcrumb":{"@id":"https:\/\/kentis.com\/de\/wahlen-sie-ihre-pflanze\/#breadcrumb"},"inLanguage":"de","potentialAction":[{"@type":"ReadAction","target":["https:\/\/kentis.com\/de\/wahlen-sie-ihre-pflanze\/"]}]},{"@type":"ImageObject","inLanguage":"de","@id":"https:\/\/kentis.com\/de\/wahlen-sie-ihre-pflanze\/#primaryimage","url":"https:\/\/kentis.com\/wp-content\/uploads\/2021\/08\/Piante.jpg","contentUrl":"https:\/\/kentis.com\/wp-content\/uploads\/2021\/08\/Piante.jpg","width":1200,"height":650},{"@type":"BreadcrumbList","@id":"https:\/\/kentis.com\/de\/wahlen-sie-ihre-pflanze\/#breadcrumb","itemListElement":[{"@type":"ListItem","position":1,"name":"Home","item":"https:\/\/kentis.com\/de\/"},{"@type":"ListItem","position":2,"name":"W\u00e4hlen Sie Ihre Pflanze"}]},{"@type":"WebSite","@id":"https:\/\/kentis.com\/de\/#website","url":"https:\/\/kentis.com\/de\/","name":"Kentis","description":"Atelier del verde","publisher":{"@id":"https:\/\/kentis.com\/de\/#organization"},"potentialAction":[{"@type":"SearchAction","target":{"@type":"EntryPoint","urlTemplate":"https:\/\/kentis.com\/de\/?s={search_term_string}"},"query-input":{"@type":"PropertyValueSpecification","valueRequired":true,"valueName":"search_term_string"}}],"inLanguage":"de"},{"@type":"Organization","@id":"https:\/\/kentis.com\/de\/#organization","name":"Kentis","url":"https:\/\/kentis.com\/de\/","logo":{"@type":"ImageObject","inLanguage":"de","@id":"https:\/\/kentis.com\/de\/#\/schema\/logo\/image\/","url":"https:\/\/kentis.com\/wp-content\/uploads\/2021\/08\/logo-main.png","contentUrl":"https:\/\/kentis.com\/wp-content\/uploads\/2021\/08\/logo-main.png","width":800,"height":204,"caption":"Kentis"},"image":{"@id":"https:\/\/kentis.com\/de\/#\/schema\/logo\/image\/"},"sameAs":["https:\/\/www.facebook.com\/kentisgarden","https:\/\/www.instagram.com\/kentisgarden\/","https:\/\/it.pinterest.com\/kentisgarden","https:\/\/www.tiktok.com\/@kentis.com"]}]}},"_links":{"self":[{"href":"https:\/\/kentis.com\/de\/wp-json\/wp\/v2\/pages\/27470","targetHints":{"allow":["GET"]}}],"collection":[{"href":"https:\/\/kentis.com\/de\/wp-json\/wp\/v2\/pages"}],"about":[{"href":"https:\/\/kentis.com\/de\/wp-json\/wp\/v2\/types\/page"}],"author":[{"embeddable":true,"href":"https:\/\/kentis.com\/de\/wp-json\/wp\/v2\/users\/1"}],"replies":[{"embeddable":true,"href":"https:\/\/kentis.com\/de\/wp-json\/wp\/v2\/comments?post=27470"}],"version-history":[{"count":0,"href":"https:\/\/kentis.com\/de\/wp-json\/wp\/v2\/pages\/27470\/revisions"}],"wp:featuredmedia":[{"embeddable":true,"href":"https:\/\/kentis.com\/de\/wp-json\/wp\/v2\/media\/16617"}],"wp:attachment":[{"href":"https:\/\/kentis.com\/de\/wp-json\/wp\/v2\/media?parent=27470"}],"curies":[{"name":"wp","href":"https:\/\/api.w.org\/{rel}","templated":true}]}}