{"id":27468,"date":"2021-08-23T10:29:50","date_gmt":"2021-08-23T08:29:50","guid":{"rendered":"https:\/\/kentis.com\/fur-dein-geschaft\/"},"modified":"2021-08-23T10:29:50","modified_gmt":"2021-08-23T08:29:50","slug":"fur-dein-geschaft","status":"publish","type":"page","link":"https:\/\/kentis.com\/de\/fur-dein-geschaft\/","title":{"rendered":"F\u00fcr dein Gesch\u00e4ft"},"content":{"rendered":"<p>Die Entscheidung, in einem B\u00fcro mit Pflanzen zu arbeiten, kann viele Vorteile mit sich bringen:<\/p>\n<ul>\n<li>reduziert Stress<\/li>\n<li>verbessert die Produktivit\u00e4t<\/li>\n<li>verbessert die Luftqualit\u00e4t<\/li>\n<li>es macht den Raum einladender und komfortabler<\/li>\n<\/ul>\n<p>W\u00e4hlen Sie unsere Beratung und verwandeln Sie Ihr B\u00fcro in eine herrliche gr\u00fcne Ecke.<\/p>\n","protected":false},"excerpt":{"rendered":"<p>Die Entscheidung, in einem B\u00fcro mit Pflanzen zu arbeiten, kann [&hellip;]<\/p>\n","protected":false},"author":1,"featured_media":16613,"parent":0,"menu_order":0,"comment_status":"closed","ping_status":"closed","template":"","meta":{"_acf_changed":false,"footnotes":""},"class_list":["post-27468","page","type-page","status-publish","has-post-thumbnail","hentry"],"acf":[],"yoast_head":"<!-- This site is optimized with the Yoast SEO plugin v23.4 - https:\/\/yoast.com\/wordpress\/plugins\/seo\/ -->\n<title>F\u00fcr Ihr Unternehmen - B\u00fcroeinrichtungspflanzen - Zimmerpflanzen | Kentis<\/title>\n<meta name=\"description\" content=\"Wir helfen Ihnen bei der Auswahl der besten Zimmerpflanzen f\u00fcr Ihr Unternehmen, um Ihren Gesch\u00e4ftsraum gr\u00fcner zu gestalten.\" \/>\n<meta name=\"robots\" content=\"index, follow, max-snippet:-1, max-image-preview:large, max-video-preview:-1\" \/>\n<link rel=\"canonical\" href=\"https:\/\/kentis.com\/de\/fur-dein-geschaft\/\" \/>\n<meta property=\"og:locale\" content=\"de_DE\" \/>\n<meta property=\"og:type\" content=\"article\" \/>\n<meta property=\"og:title\" content=\"F\u00fcr Ihr Unternehmen - B\u00fcroeinrichtungspflanzen - Zimmerpflanzen | Kentis\" \/>\n<meta property=\"og:description\" content=\"Wir helfen Ihnen bei der Auswahl der besten Zimmerpflanzen f\u00fcr Ihr Unternehmen, um Ihren Gesch\u00e4ftsraum gr\u00fcner zu gestalten.\" \/>\n<meta property=\"og:url\" content=\"https:\/\/kentis.com\/de\/fur-dein-geschaft\/\" \/>\n<meta property=\"og:site_name\" content=\"Kentis\" \/>\n<meta property=\"article:publisher\" content=\"https:\/\/www.facebook.com\/kentisgarden\" \/>\n<meta property=\"og:image\" content=\"https:\/\/kentis.com\/wp-content\/uploads\/2021\/08\/business.jpg\" \/>\n\t<meta property=\"og:image:width\" content=\"1200\" \/>\n\t<meta property=\"og:image:height\" content=\"650\" \/>\n\t<meta property=\"og:image:type\" content=\"image\/jpeg\" \/>\n<meta name=\"twitter:card\" content=\"summary_large_image\" \/>\n<script type=\"application\/ld+json\" class=\"yoast-schema-graph\">{\"@context\":\"https:\/\/schema.org\",\"@graph\":[{\"@type\":\"WebPage\",\"@id\":\"https:\/\/kentis.com\/de\/fur-dein-geschaft\/\",\"url\":\"https:\/\/kentis.com\/de\/fur-dein-geschaft\/\",\"name\":\"F\u00fcr Ihr Unternehmen - B\u00fcroeinrichtungspflanzen - Zimmerpflanzen | Kentis\",\"isPartOf\":{\"@id\":\"https:\/\/kentis.com\/de\/#website\"},\"primaryImageOfPage\":{\"@id\":\"https:\/\/kentis.com\/de\/fur-dein-geschaft\/#primaryimage\"},\"image\":{\"@id\":\"https:\/\/kentis.com\/de\/fur-dein-geschaft\/#primaryimage\"},\"thumbnailUrl\":\"https:\/\/kentis.com\/wp-content\/uploads\/2021\/08\/business.jpg\",\"datePublished\":\"2021-08-23T08:29:50+00:00\",\"dateModified\":\"2021-08-23T08:29:50+00:00\",\"description\":\"Wir helfen Ihnen bei der Auswahl der besten Zimmerpflanzen f\u00fcr Ihr Unternehmen, um Ihren Gesch\u00e4ftsraum gr\u00fcner zu gestalten.\",\"breadcrumb\":{\"@id\":\"https:\/\/kentis.com\/de\/fur-dein-geschaft\/#breadcrumb\"},\"inLanguage\":\"de\",\"potentialAction\":[{\"@type\":\"ReadAction\",\"target\":[\"https:\/\/kentis.com\/de\/fur-dein-geschaft\/\"]}]},{\"@type\":\"ImageObject\",\"inLanguage\":\"de\",\"@id\":\"https:\/\/kentis.com\/de\/fur-dein-geschaft\/#primaryimage\",\"url\":\"https:\/\/kentis.com\/wp-content\/uploads\/2021\/08\/business.jpg\",\"contentUrl\":\"https:\/\/kentis.com\/wp-content\/uploads\/2021\/08\/business.jpg\",\"width\":1200,\"height\":650},{\"@type\":\"BreadcrumbList\",\"@id\":\"https:\/\/kentis.com\/de\/fur-dein-geschaft\/#breadcrumb\",\"itemListElement\":[{\"@type\":\"ListItem\",\"position\":1,\"name\":\"Home\",\"item\":\"https:\/\/kentis.com\/de\/\"},{\"@type\":\"ListItem\",\"position\":2,\"name\":\"F\u00fcr dein Gesch\u00e4ft\"}]},{\"@type\":\"WebSite\",\"@id\":\"https:\/\/kentis.com\/de\/#website\",\"url\":\"https:\/\/kentis.com\/de\/\",\"name\":\"Kentis\",\"description\":\"Atelier del verde\",\"publisher\":{\"@id\":\"https:\/\/kentis.com\/de\/#organization\"},\"potentialAction\":[{\"@type\":\"SearchAction\",\"target\":{\"@type\":\"EntryPoint\",\"urlTemplate\":\"https:\/\/kentis.com\/de\/?s={search_term_string}\"},\"query-input\":{\"@type\":\"PropertyValueSpecification\",\"valueRequired\":true,\"valueName\":\"search_term_string\"}}],\"inLanguage\":\"de\"},{\"@type\":\"Organization\",\"@id\":\"https:\/\/kentis.com\/de\/#organization\",\"name\":\"Kentis\",\"url\":\"https:\/\/kentis.com\/de\/\",\"logo\":{\"@type\":\"ImageObject\",\"inLanguage\":\"de\",\"@id\":\"https:\/\/kentis.com\/de\/#\/schema\/logo\/image\/\",\"url\":\"https:\/\/kentis.com\/wp-content\/uploads\/2021\/08\/logo-main.png\",\"contentUrl\":\"https:\/\/kentis.com\/wp-content\/uploads\/2021\/08\/logo-main.png\",\"width\":800,\"height\":204,\"caption\":\"Kentis\"},\"image\":{\"@id\":\"https:\/\/kentis.com\/de\/#\/schema\/logo\/image\/\"},\"sameAs\":[\"https:\/\/www.facebook.com\/kentisgarden\",\"https:\/\/www.instagram.com\/kentisgarden\/\",\"https:\/\/it.pinterest.com\/kentisgarden\",\"https:\/\/www.tiktok.com\/@kentis.com\"]}]}<\/script>\n<!-- \/ Yoast SEO plugin. -->","yoast_head_json":{"title":"F\u00fcr Ihr Unternehmen - B\u00fcroeinrichtungspflanzen - Zimmerpflanzen | Kentis","description":"Wir helfen Ihnen bei der Auswahl der besten Zimmerpflanzen f\u00fcr Ihr Unternehmen, um Ihren Gesch\u00e4ftsraum gr\u00fcner zu gestalten.","robots":{"index":"index","follow":"follow","max-snippet":"max-snippet:-1","max-image-preview":"max-image-preview:large","max-video-preview":"max-video-preview:-1"},"canonical":"https:\/\/kentis.com\/de\/fur-dein-geschaft\/","og_locale":"de_DE","og_type":"article","og_title":"F\u00fcr Ihr Unternehmen - B\u00fcroeinrichtungspflanzen - Zimmerpflanzen | Kentis","og_description":"Wir helfen Ihnen bei der Auswahl der besten Zimmerpflanzen f\u00fcr Ihr Unternehmen, um Ihren Gesch\u00e4ftsraum gr\u00fcner zu gestalten.","og_url":"https:\/\/kentis.com\/de\/fur-dein-geschaft\/","og_site_name":"Kentis","article_publisher":"https:\/\/www.facebook.com\/kentisgarden","og_image":[{"width":1200,"height":650,"url":"https:\/\/kentis.com\/wp-content\/uploads\/2021\/08\/business.jpg","type":"image\/jpeg"}],"twitter_card":"summary_large_image","schema":{"@context":"https:\/\/schema.org","@graph":[{"@type":"WebPage","@id":"https:\/\/kentis.com\/de\/fur-dein-geschaft\/","url":"https:\/\/kentis.com\/de\/fur-dein-geschaft\/","name":"F\u00fcr Ihr Unternehmen - B\u00fcroeinrichtungspflanzen - Zimmerpflanzen | Kentis","isPartOf":{"@id":"https:\/\/kentis.com\/de\/#website"},"primaryImageOfPage":{"@id":"https:\/\/kentis.com\/de\/fur-dein-geschaft\/#primaryimage"},"image":{"@id":"https:\/\/kentis.com\/de\/fur-dein-geschaft\/#primaryimage"},"thumbnailUrl":"https:\/\/kentis.com\/wp-content\/uploads\/2021\/08\/business.jpg","datePublished":"2021-08-23T08:29:50+00:00","dateModified":"2021-08-23T08:29:50+00:00","description":"Wir helfen Ihnen bei der Auswahl der besten Zimmerpflanzen f\u00fcr Ihr Unternehmen, um Ihren Gesch\u00e4ftsraum gr\u00fcner zu gestalten.","breadcrumb":{"@id":"https:\/\/kentis.com\/de\/fur-dein-geschaft\/#breadcrumb"},"inLanguage":"de","potentialAction":[{"@type":"ReadAction","target":["https:\/\/kentis.com\/de\/fur-dein-geschaft\/"]}]},{"@type":"ImageObject","inLanguage":"de","@id":"https:\/\/kentis.com\/de\/fur-dein-geschaft\/#primaryimage","url":"https:\/\/kentis.com\/wp-content\/uploads\/2021\/08\/business.jpg","contentUrl":"https:\/\/kentis.com\/wp-content\/uploads\/2021\/08\/business.jpg","width":1200,"height":650},{"@type":"BreadcrumbList","@id":"https:\/\/kentis.com\/de\/fur-dein-geschaft\/#breadcrumb","itemListElement":[{"@type":"ListItem","position":1,"name":"Home","item":"https:\/\/kentis.com\/de\/"},{"@type":"ListItem","position":2,"name":"F\u00fcr dein Gesch\u00e4ft"}]},{"@type":"WebSite","@id":"https:\/\/kentis.com\/de\/#website","url":"https:\/\/kentis.com\/de\/","name":"Kentis","description":"Atelier del verde","publisher":{"@id":"https:\/\/kentis.com\/de\/#organization"},"potentialAction":[{"@type":"SearchAction","target":{"@type":"EntryPoint","urlTemplate":"https:\/\/kentis.com\/de\/?s={search_term_string}"},"query-input":{"@type":"PropertyValueSpecification","valueRequired":true,"valueName":"search_term_string"}}],"inLanguage":"de"},{"@type":"Organization","@id":"https:\/\/kentis.com\/de\/#organization","name":"Kentis","url":"https:\/\/kentis.com\/de\/","logo":{"@type":"ImageObject","inLanguage":"de","@id":"https:\/\/kentis.com\/de\/#\/schema\/logo\/image\/","url":"https:\/\/kentis.com\/wp-content\/uploads\/2021\/08\/logo-main.png","contentUrl":"https:\/\/kentis.com\/wp-content\/uploads\/2021\/08\/logo-main.png","width":800,"height":204,"caption":"Kentis"},"image":{"@id":"https:\/\/kentis.com\/de\/#\/schema\/logo\/image\/"},"sameAs":["https:\/\/www.facebook.com\/kentisgarden","https:\/\/www.instagram.com\/kentisgarden\/","https:\/\/it.pinterest.com\/kentisgarden","https:\/\/www.tiktok.com\/@kentis.com"]}]}},"_links":{"self":[{"href":"https:\/\/kentis.com\/de\/wp-json\/wp\/v2\/pages\/27468","targetHints":{"allow":["GET"]}}],"collection":[{"href":"https:\/\/kentis.com\/de\/wp-json\/wp\/v2\/pages"}],"about":[{"href":"https:\/\/kentis.com\/de\/wp-json\/wp\/v2\/types\/page"}],"author":[{"embeddable":true,"href":"https:\/\/kentis.com\/de\/wp-json\/wp\/v2\/users\/1"}],"replies":[{"embeddable":true,"href":"https:\/\/kentis.com\/de\/wp-json\/wp\/v2\/comments?post=27468"}],"version-history":[{"count":0,"href":"https:\/\/kentis.com\/de\/wp-json\/wp\/v2\/pages\/27468\/revisions"}],"wp:featuredmedia":[{"embeddable":true,"href":"https:\/\/kentis.com\/de\/wp-json\/wp\/v2\/media\/16613"}],"wp:attachment":[{"href":"https:\/\/kentis.com\/de\/wp-json\/wp\/v2\/media?parent=27468"}],"curies":[{"name":"wp","href":"https:\/\/api.w.org\/{rel}","templated":true}]}}