{"id":22939,"date":"2022-12-29T10:20:27","date_gmt":"2022-12-29T09:20:27","guid":{"rendered":"https:\/\/kentis.com\/etichettatura\/"},"modified":"2024-05-06T15:34:39","modified_gmt":"2024-05-06T13:34:39","slug":"etichettatura","status":"publish","type":"page","link":"https:\/\/kentis.com\/de\/etichettatura\/","title":{"rendered":"Beschriftung"},"content":{"rendered":"<div class=\"fusion-fullwidth fullwidth-box fusion-builder-row-1 fusion-flex-container nonhundred-percent-fullwidth non-hundred-percent-height-scrolling\" style=\"--awb-border-radius-top-left:0px;--awb-border-radius-top-right:0px;--awb-border-radius-bottom-right:0px;--awb-border-radius-bottom-left:0px;--awb-flex-wrap:wrap;\" ><div class=\"fusion-builder-row fusion-row fusion-flex-align-items-flex-start fusion-flex-content-wrap\" style=\"max-width:1248px;margin-left: calc(-4% \/ 2 );margin-right: calc(-4% \/ 2 );\"><div class=\"fusion-layout-column fusion_builder_column fusion-builder-column-0 fusion_builder_column_1_1 1_1 fusion-flex-column\" style=\"--awb-bg-size:cover;--awb-width-large:100%;--awb-margin-top-large:0px;--awb-spacing-right-large:1.92%;--awb-margin-bottom-large:20px;--awb-spacing-left-large:1.92%;--awb-width-medium:100%;--awb-order-medium:0;--awb-spacing-right-medium:1.92%;--awb-spacing-left-medium:1.92%;--awb-width-small:100%;--awb-order-small:0;--awb-spacing-right-small:1.92%;--awb-spacing-left-small:1.92%;\"><div class=\"fusion-column-wrapper fusion-column-has-shadow fusion-flex-justify-content-flex-start fusion-content-layout-column\"><div class=\"fusion-title title fusion-title-1 fusion-sep-none fusion-title-text fusion-title-size-one\"><h1 class=\"fusion-title-heading title-heading-left\" style=\"margin:0;\">Verpackungsmaterial<\/h1><\/div>\n<div class=\"table-2\">\n<table width=\"100%\">\n<thead>\n<tr>\n<th align=\"left\"><strong>Verpackung\/Verpackung<\/strong><\/th>\n<th align=\"left\"><strong>Material<\/strong><\/th>\n<th align=\"left\"><strong>Code<\/strong><\/th>\n<th align=\"left\"><strong>Wohin gehen Sie?<\/strong><\/th>\n<\/tr>\n<\/thead>\n<tbody>\n<tr>\n<td align=\"left\">Topfpflanzen-Etikettenhalter<\/td>\n<td align=\"left\">Holz<\/td>\n<td align=\"left\">FOR 50<\/td>\n<td align=\"left\">Nass oder undifferenziert (wenn keine Beh\u00e4lter f\u00fcr Nassabf\u00e4lle vorhanden sind)<\/td>\n<\/tr>\n<tr>\n<td align=\"left\">Topfpflanzen-Etikettenhalter<\/td>\n<td align=\"left\">Plastik<\/td>\n<td align=\"left\">PP5<\/td>\n<td align=\"left\">Plastik<\/td>\n<\/tr>\n<tr>\n<td align=\"left\">Phalaenopsis-St\u00fctzstab<\/td>\n<td align=\"left\">plastik<\/td>\n<td align=\"left\">PP5<\/td>\n<td align=\"left\">plastik<\/td>\n<\/tr>\n<tr>\n<td align=\"left\">Umschlag-Schnittblumen<\/td>\n<td align=\"left\">plastik<\/td>\n<td align=\"left\">PP5<\/td>\n<td align=\"left\">plastik<\/td>\n<\/tr>\n<tr>\n<td align=\"left\">Papierumschlag f\u00fcr Schnittblumen<\/td>\n<td align=\"left\">papier<\/td>\n<td align=\"left\">PAP22<\/td>\n<td align=\"left\">papier<\/td>\n<\/tr>\n<tr>\n<td align=\"left\">Umschlag f\u00fcr Topfpflanzen<\/td>\n<td align=\"left\">plastik<\/td>\n<td align=\"left\">PP5<\/td>\n<td align=\"left\">plastik<\/td>\n<\/tr>\n<tr>\n<td align=\"left\">Transparenter Umschlag<\/td>\n<td align=\"left\">polypropylen<\/td>\n<td align=\"left\">PP5<\/td>\n<td align=\"left\">plastik<\/td>\n<\/tr>\n<tr>\n<td align=\"left\">Hutst\u00e4nder<\/td>\n<td align=\"left\">karton<\/td>\n<td align=\"left\">PAP21<\/td>\n<td align=\"left\">nicht gewellter Karton<\/td>\n<\/tr>\n<tr>\n<td align=\"left\">Kraftpapier zum Verpacken von Blumenstr\u00e4u\u00dfen und Pflanzen<\/td>\n<td align=\"left\">papier<\/td>\n<td align=\"left\">PAP22<\/td>\n<td align=\"left\">papier<\/td>\n<\/tr>\n<tr>\n<td align=\"left\">Topfpflanzen-Tag<\/td>\n<td align=\"left\">Plastik<\/td>\n<td align=\"left\">PP5<\/td>\n<td align=\"left\">Plastik<\/td>\n<\/tr>\n<tr>\n<td align=\"left\">Topfpflanzen-Tag<\/td>\n<td align=\"left\">papier<\/td>\n<td align=\"left\">PAP22<\/td>\n<td align=\"left\">papier<\/td>\n<\/tr>\n<tr>\n<td align=\"left\">Versandkarton<\/td>\n<td align=\"left\">papier<\/td>\n<td align=\"left\">PAP21<\/td>\n<td align=\"left\">papier<\/td>\n<\/tr>\n<tr>\n<td align=\"left\">Topfpflanzenhalsband<\/td>\n<td align=\"left\">plastik<\/td>\n<td align=\"left\">PP5<\/td>\n<td align=\"left\">plastik <\/td>\n<\/tr>\n<tr>\n<td align=\"left\">Topfpflanzenhalsband<\/td>\n<td align=\"left\">papier<\/td>\n<td align=\"left\">PAP22<\/td>\n<td align=\"left\">papier<\/td>\n<\/tr>\n<tr>\n<td align=\"left\">Gummiband f\u00fcr Schnittblumen<\/td>\n<td align=\"left\">para<\/td>\n<td align=\"left\">&nbsp;<\/td>\n<td align=\"left\">undifferenziert<\/td>\n<\/tr>\n<tr>\n<td align=\"left\">Etikett auf Kartonversand ONLINE<\/td>\n<td align=\"left\">papier<\/td>\n<td align=\"left\">PAP22<\/td>\n<td align=\"left\">papier<\/td>\n<\/tr>\n<tr>\n<td align=\"left\">Abnehmbares Schnittblumen-Etikett<\/td>\n<td align=\"left\">papier<\/td>\n<td align=\"left\">PAP22<\/td>\n<td align=\"left\">papier<\/td>\n<\/tr>\n<tr>\n<td align=\"left\">Etikett auf Karton<\/td>\n<td align=\"left\">papier<\/td>\n<td align=\"left\">PAP22<\/td>\n<td align=\"left\">papier<\/td>\n<\/tr>\n<tr>\n<td align=\"left\">Flower Food Flora Toscana<\/td>\n<td align=\"left\">plastik<\/td>\n<td align=\"left\">PP5<\/td>\n<td align=\"left\">plastik<\/td>\n<\/tr>\n<tr>\n<td align=\"left\">Tesafilm<\/td>\n<td align=\"left\">plastik<\/td>\n<td align=\"left\">PP5<\/td>\n<td align=\"left\">plastik<\/td>\n<\/tr>\n<tr>\n<td align=\"left\">Polyrafia<\/td>\n<td align=\"left\">Polypropylen<\/td>\n<td align=\"left\">PP5<\/td>\n<td align=\"left\">Plastik<\/td>\n<\/tr>\n<tr>\n<td align=\"left\">Nat\u00fcrlicher Bast<\/td>\n<td align=\"left\">&nbsp;<\/td>\n<td align=\"left\">&nbsp;<\/td>\n<td align=\"left\">organisch<\/td>\n<\/tr>\n<tr>\n<td align=\"left\">Tasche mit Baumwolle f\u00fcr online FRESH BAG<\/td>\n<td align=\"left\">Multimaterial: Kunststoff \u2013 unbehandelter Holzzellstoff<\/td>\n<td align=\"left\">PP5 e HDPE2 \u2013 FOR 50<\/td>\n<td align=\"left\">Kunststoff \u2013 organisch oder undifferenziert<\/td>\n<\/tr>\n<tr>\n<td align=\"left\">Topfpflanzen in T\u00f6pfen<\/td>\n<td align=\"left\">Plastik<\/td>\n<td align=\"left\">PP5<\/td>\n<td align=\"left\">Plastik<\/td>\n<\/tr>\n<tr>\n<td align=\"left\">Topf Topfpflanzen<\/td>\n<td align=\"left\">plastik<\/td>\n<td align=\"left\">HDPE2<\/td>\n<td align=\"left\">plastik <\/td>\n<\/tr>\n<\/tbody>\n<\/table>\n<\/div>\n<\/div><\/div><\/div><\/div>\n","protected":false},"excerpt":{"rendered":"","protected":false},"author":109,"featured_media":0,"parent":0,"menu_order":0,"comment_status":"closed","ping_status":"closed","template":"","meta":{"_acf_changed":false,"footnotes":""},"class_list":["post-22939","page","type-page","status-publish","hentry"],"acf":[],"yoast_head":"<!-- This site is optimized with the Yoast SEO plugin v23.4 - https:\/\/yoast.com\/wordpress\/plugins\/seo\/ -->\n<title>Beschriftung - Kentis<\/title>\n<meta name=\"robots\" content=\"index, follow, max-snippet:-1, max-image-preview:large, max-video-preview:-1\" \/>\n<link rel=\"canonical\" href=\"https:\/\/kentis.com\/de\/etichettatura\/\" \/>\n<meta property=\"og:locale\" content=\"de_DE\" \/>\n<meta property=\"og:type\" content=\"article\" \/>\n<meta property=\"og:title\" content=\"Beschriftung - Kentis\" \/>\n<meta property=\"og:url\" content=\"https:\/\/kentis.com\/de\/etichettatura\/\" \/>\n<meta property=\"og:site_name\" content=\"Kentis\" \/>\n<meta property=\"article:publisher\" content=\"https:\/\/www.facebook.com\/kentisgarden\" \/>\n<meta property=\"article:modified_time\" content=\"2024-05-06T13:34:39+00:00\" \/>\n<meta name=\"twitter:card\" content=\"summary_large_image\" \/>\n<meta name=\"twitter:label1\" content=\"Gesch\u00e4tzte Lesezeit\" \/>\n\t<meta name=\"twitter:data1\" content=\"3\u00a0Minuten\" \/>\n<script type=\"application\/ld+json\" class=\"yoast-schema-graph\">{\"@context\":\"https:\/\/schema.org\",\"@graph\":[{\"@type\":\"WebPage\",\"@id\":\"https:\/\/kentis.com\/de\/etichettatura\/\",\"url\":\"https:\/\/kentis.com\/de\/etichettatura\/\",\"name\":\"Beschriftung - Kentis\",\"isPartOf\":{\"@id\":\"https:\/\/kentis.com\/de\/#website\"},\"datePublished\":\"2022-12-29T09:20:27+00:00\",\"dateModified\":\"2024-05-06T13:34:39+00:00\",\"breadcrumb\":{\"@id\":\"https:\/\/kentis.com\/de\/etichettatura\/#breadcrumb\"},\"inLanguage\":\"de\",\"potentialAction\":[{\"@type\":\"ReadAction\",\"target\":[\"https:\/\/kentis.com\/de\/etichettatura\/\"]}]},{\"@type\":\"BreadcrumbList\",\"@id\":\"https:\/\/kentis.com\/de\/etichettatura\/#breadcrumb\",\"itemListElement\":[{\"@type\":\"ListItem\",\"position\":1,\"name\":\"Home\",\"item\":\"https:\/\/kentis.com\/de\/\"},{\"@type\":\"ListItem\",\"position\":2,\"name\":\"Beschriftung\"}]},{\"@type\":\"WebSite\",\"@id\":\"https:\/\/kentis.com\/de\/#website\",\"url\":\"https:\/\/kentis.com\/de\/\",\"name\":\"Kentis\",\"description\":\"Atelier del verde\",\"publisher\":{\"@id\":\"https:\/\/kentis.com\/de\/#organization\"},\"potentialAction\":[{\"@type\":\"SearchAction\",\"target\":{\"@type\":\"EntryPoint\",\"urlTemplate\":\"https:\/\/kentis.com\/de\/?s={search_term_string}\"},\"query-input\":{\"@type\":\"PropertyValueSpecification\",\"valueRequired\":true,\"valueName\":\"search_term_string\"}}],\"inLanguage\":\"de\"},{\"@type\":\"Organization\",\"@id\":\"https:\/\/kentis.com\/de\/#organization\",\"name\":\"Kentis\",\"url\":\"https:\/\/kentis.com\/de\/\",\"logo\":{\"@type\":\"ImageObject\",\"inLanguage\":\"de\",\"@id\":\"https:\/\/kentis.com\/de\/#\/schema\/logo\/image\/\",\"url\":\"https:\/\/kentis.com\/wp-content\/uploads\/2021\/08\/logo-main.png\",\"contentUrl\":\"https:\/\/kentis.com\/wp-content\/uploads\/2021\/08\/logo-main.png\",\"width\":800,\"height\":204,\"caption\":\"Kentis\"},\"image\":{\"@id\":\"https:\/\/kentis.com\/de\/#\/schema\/logo\/image\/\"},\"sameAs\":[\"https:\/\/www.facebook.com\/kentisgarden\",\"https:\/\/www.instagram.com\/kentisgarden\/\",\"https:\/\/it.pinterest.com\/kentisgarden\",\"https:\/\/www.tiktok.com\/@kentis.com\"]}]}<\/script>\n<!-- \/ Yoast SEO plugin. -->","yoast_head_json":{"title":"Beschriftung - Kentis","robots":{"index":"index","follow":"follow","max-snippet":"max-snippet:-1","max-image-preview":"max-image-preview:large","max-video-preview":"max-video-preview:-1"},"canonical":"https:\/\/kentis.com\/de\/etichettatura\/","og_locale":"de_DE","og_type":"article","og_title":"Beschriftung - Kentis","og_url":"https:\/\/kentis.com\/de\/etichettatura\/","og_site_name":"Kentis","article_publisher":"https:\/\/www.facebook.com\/kentisgarden","article_modified_time":"2024-05-06T13:34:39+00:00","twitter_card":"summary_large_image","twitter_misc":{"Gesch\u00e4tzte Lesezeit":"3\u00a0Minuten"},"schema":{"@context":"https:\/\/schema.org","@graph":[{"@type":"WebPage","@id":"https:\/\/kentis.com\/de\/etichettatura\/","url":"https:\/\/kentis.com\/de\/etichettatura\/","name":"Beschriftung - Kentis","isPartOf":{"@id":"https:\/\/kentis.com\/de\/#website"},"datePublished":"2022-12-29T09:20:27+00:00","dateModified":"2024-05-06T13:34:39+00:00","breadcrumb":{"@id":"https:\/\/kentis.com\/de\/etichettatura\/#breadcrumb"},"inLanguage":"de","potentialAction":[{"@type":"ReadAction","target":["https:\/\/kentis.com\/de\/etichettatura\/"]}]},{"@type":"BreadcrumbList","@id":"https:\/\/kentis.com\/de\/etichettatura\/#breadcrumb","itemListElement":[{"@type":"ListItem","position":1,"name":"Home","item":"https:\/\/kentis.com\/de\/"},{"@type":"ListItem","position":2,"name":"Beschriftung"}]},{"@type":"WebSite","@id":"https:\/\/kentis.com\/de\/#website","url":"https:\/\/kentis.com\/de\/","name":"Kentis","description":"Atelier del verde","publisher":{"@id":"https:\/\/kentis.com\/de\/#organization"},"potentialAction":[{"@type":"SearchAction","target":{"@type":"EntryPoint","urlTemplate":"https:\/\/kentis.com\/de\/?s={search_term_string}"},"query-input":{"@type":"PropertyValueSpecification","valueRequired":true,"valueName":"search_term_string"}}],"inLanguage":"de"},{"@type":"Organization","@id":"https:\/\/kentis.com\/de\/#organization","name":"Kentis","url":"https:\/\/kentis.com\/de\/","logo":{"@type":"ImageObject","inLanguage":"de","@id":"https:\/\/kentis.com\/de\/#\/schema\/logo\/image\/","url":"https:\/\/kentis.com\/wp-content\/uploads\/2021\/08\/logo-main.png","contentUrl":"https:\/\/kentis.com\/wp-content\/uploads\/2021\/08\/logo-main.png","width":800,"height":204,"caption":"Kentis"},"image":{"@id":"https:\/\/kentis.com\/de\/#\/schema\/logo\/image\/"},"sameAs":["https:\/\/www.facebook.com\/kentisgarden","https:\/\/www.instagram.com\/kentisgarden\/","https:\/\/it.pinterest.com\/kentisgarden","https:\/\/www.tiktok.com\/@kentis.com"]}]}},"_links":{"self":[{"href":"https:\/\/kentis.com\/de\/wp-json\/wp\/v2\/pages\/22939","targetHints":{"allow":["GET"]}}],"collection":[{"href":"https:\/\/kentis.com\/de\/wp-json\/wp\/v2\/pages"}],"about":[{"href":"https:\/\/kentis.com\/de\/wp-json\/wp\/v2\/types\/page"}],"author":[{"embeddable":true,"href":"https:\/\/kentis.com\/de\/wp-json\/wp\/v2\/users\/109"}],"replies":[{"embeddable":true,"href":"https:\/\/kentis.com\/de\/wp-json\/wp\/v2\/comments?post=22939"}],"version-history":[{"count":6,"href":"https:\/\/kentis.com\/de\/wp-json\/wp\/v2\/pages\/22939\/revisions"}],"predecessor-version":[{"id":27490,"href":"https:\/\/kentis.com\/de\/wp-json\/wp\/v2\/pages\/22939\/revisions\/27490"}],"wp:attachment":[{"href":"https:\/\/kentis.com\/de\/wp-json\/wp\/v2\/media?parent=22939"}],"curies":[{"name":"wp","href":"https:\/\/api.w.org\/{rel}","templated":true}]}}